{"id":39296,"date":"2023-02-02T15:12:51","date_gmt":"2023-02-02T14:12:51","guid":{"rendered":"https:\/\/theessentialclinic.com\/produit\/tarjeta-de-regalo\/"},"modified":"2023-10-13T11:39:56","modified_gmt":"2023-10-13T09:39:56","slug":"tarjeta-de-regalo","status":"publish","type":"product","link":"https:\/\/theessentialclinic.com\/fr\/produit\/tarjeta-de-regalo\/","title":{"rendered":"Carte cadeau"},"content":{"rendered":"<p style=\"text-align: center;\">\ud83d\udc8c EXP\u00c9DITION<\/p>\n<p style=\"text-align: center;\">La CARTE CADEAU \u00e9lectronique est envoy\u00e9e par email, sans frais : au moment de l&rsquo;achat, un email de confirmation sera envoy\u00e9 au client indiquant le montant et les conditions g\u00e9n\u00e9rales de la carte cadeau \u00e9lectronique.<\/p>\n<hr \/>\n<p style=\"text-align: center;\">\u21a9\ufe0f\ufe0f RETOUR<\/p>\n<p style=\"text-align: center;\">Vous disposez d&rsquo;un d\u00e9lai de 14 jours pour retourner votre carte-cadeau \u00e9lectronique et obtenir un remboursement int\u00e9gral. Le remboursement n&rsquo;est valable que si la carte cadeau \u00e9lectronique n&rsquo;a pas encore \u00e9t\u00e9 utilis\u00e9e.<\/p>\n<hr \/>\n<p style=\"text-align: center;\">VOIR LES CONDITIONS D&rsquo;UTILISATION COMPL\u00c8TES<br \/>\nPour plus d&rsquo;informations, veuillez consulter notre POLITIQUE DE CONFIDENTIALIT\u00c9.<\/p>\n","protected":false},"excerpt":{"rendered":"<p>Chez THE ESSENTIAL CLINIC nous vous facilitons la t\u00e2che avec nos cartes-cadeaux pour les occasions sp\u00e9ciales telles que : mariages, bapt\u00eames, communions, anniversaires, Saint-Valentin, f\u00eate des m\u00e8res, f\u00eate des p\u00e8res, SANT JORDI, NO\u00cbL, F\u00caTE DES ROIS et autres \u00e9v\u00e9nements sp\u00e9ciaux. Surprenez cette personne sp\u00e9ciale.<\/p>\n<p>Faites la diff\u00e9rence avec un CADEAU original ou offrez-vous un cadeau et prenez soin de vous.<\/p>\n","protected":false},"featured_media":39592,"template":"","meta":{"site-sidebar-layout":"default","site-content-layout":"default","ast-site-content-layout":"default","site-content-style":"default","site-sidebar-style":"default","ast-global-header-display":"","ast-banner-title-visibility":"","ast-main-header-display":"","ast-hfb-above-header-display":"","ast-hfb-below-header-display":"","ast-hfb-mobile-header-display":"","site-post-title":"","ast-breadcrumbs-content":"","ast-featured-img":"","footer-sml-layout":"","theme-transparent-header-meta":"default","adv-header-id-meta":"","stick-header-meta":"","header-above-stick-meta":"","header-main-stick-meta":"","header-below-stick-meta":"","astra-migrate-meta-layouts":"set","ast-page-background-enabled":"default","ast-page-background-meta":{"desktop":{"background-color":"","background-image":"","background-repeat":"repeat","background-position":"center center","background-size":"auto","background-attachment":"scroll","background-type":"","background-media":"","overlay-type":"","overlay-color":"","overlay-gradient":""},"tablet":{"background-color":"","background-image":"","background-repeat":"repeat","background-position":"center center","background-size":"auto","background-attachment":"scroll","background-type":"","background-media":"","overlay-type":"","overlay-color":"","overlay-gradient":""},"mobile":{"background-color":"","background-image":"","background-repeat":"repeat","background-position":"center center","background-size":"auto","background-attachment":"scroll","background-type":"","background-media":"","overlay-type":"","overlay-color":"","overlay-gradient":""}},"ast-content-background-meta":{"desktop":{"background-color":"var(--ast-global-color-5)","background-image":"","background-repeat":"repeat","background-position":"center center","background-size":"auto","background-attachment":"scroll","background-type":"","background-media":"","overlay-type":"","overlay-color":"","overlay-gradient":""},"tablet":{"background-color":"var(--ast-global-color-5)","background-image":"","background-repeat":"repeat","background-position":"center center","background-size":"auto","background-attachment":"scroll","background-type":"","background-media":"","overlay-type":"","overlay-color":"","overlay-gradient":""},"mobile":{"background-color":"var(--ast-global-color-5)","background-image":"","background-repeat":"repeat","background-position":"center center","background-size":"auto","background-attachment":"scroll","background-type":"","background-media":"","overlay-type":"","overlay-color":"","overlay-gradient":""}}},"product_cat":[108],"product_tag":[],"giftcard-category":[85,87,91,86,92,93],"class_list":["post-39296","product","type-product","status-publish","has-post-thumbnail","hentry","product_cat-tarjeta-de-regalo-fr","giftcard-category-birthday","giftcard-category-christmass","giftcard-category-dad","giftcard-category-love","giftcard-category-mom","giftcard-category-xmas","desktop-align-left","tablet-align-left","mobile-align-left"],"yoast_head":"<!-- This site is optimized with the Yoast SEO plugin v21.6 - https:\/\/yoast.com\/wordpress\/plugins\/seo\/ -->\n<title>Carte cadeau - The Essential Clinic<\/title>\n<meta name=\"robots\" content=\"index, follow, max-snippet:-1, max-image-preview:large, max-video-preview:-1\" \/>\n<link rel=\"canonical\" href=\"https:\/\/theessentialclinic.com\/fr\/produit\/tarjeta-de-regalo\/\" \/>\n<meta property=\"og:locale\" content=\"fr_FR\" \/>\n<meta property=\"og:type\" content=\"article\" \/>\n<meta property=\"og:title\" content=\"Carte cadeau - The Essential Clinic\" \/>\n<meta property=\"og:description\" content=\"Chez THE ESSENTIAL CLINIC nous vous facilitons la t\u00e2che avec nos cartes-cadeaux pour les occasions sp\u00e9ciales telles que : mariages, bapt\u00eames, communions, anniversaires, Saint-Valentin, f\u00eate des m\u00e8res, f\u00eate des p\u00e8res, SANT JORDI, NO\u00cbL, F\u00caTE DES ROIS et autres \u00e9v\u00e9nements sp\u00e9ciaux. Surprenez cette personne sp\u00e9ciale.  Faites la diff\u00e9rence avec un CADEAU original ou offrez-vous un cadeau et prenez soin de vous.\" \/>\n<meta property=\"og:url\" content=\"https:\/\/theessentialclinic.com\/fr\/produit\/tarjeta-de-regalo\/\" \/>\n<meta property=\"og:site_name\" content=\"The Essential Clinic\" \/>\n<meta property=\"article:modified_time\" content=\"2023-10-13T09:39:56+00:00\" \/>\n<meta property=\"og:image\" content=\"https:\/\/theessentialclinic.com\/wp-content\/uploads\/2023\/02\/TheEssentialClinic_CarteCadeau_Tarjeta_1600x1200px-2.jpg\" \/>\n\t<meta property=\"og:image:width\" content=\"1600\" \/>\n\t<meta property=\"og:image:height\" content=\"1201\" \/>\n\t<meta property=\"og:image:type\" content=\"image\/jpeg\" \/>\n<meta name=\"twitter:card\" content=\"summary_large_image\" \/>\n<meta name=\"twitter:label1\" content=\"Dur\u00e9e de lecture estim\u00e9e\" \/>\n\t<meta name=\"twitter:data1\" content=\"1 minute\" \/>\n<script type=\"application\/ld+json\" class=\"yoast-schema-graph\">{\"@context\":\"https:\/\/schema.org\",\"@graph\":[{\"@type\":\"WebPage\",\"@id\":\"https:\/\/theessentialclinic.com\/fr\/produit\/tarjeta-de-regalo\/\",\"url\":\"https:\/\/theessentialclinic.com\/fr\/produit\/tarjeta-de-regalo\/\",\"name\":\"Carte cadeau - The Essential Clinic\",\"isPartOf\":{\"@id\":\"https:\/\/theessentialclinic.com\/fr\/#website\"},\"datePublished\":\"2023-02-02T14:12:51+00:00\",\"dateModified\":\"2023-10-13T09:39:56+00:00\",\"breadcrumb\":{\"@id\":\"https:\/\/theessentialclinic.com\/fr\/produit\/tarjeta-de-regalo\/#breadcrumb\"},\"inLanguage\":\"fr-FR\",\"potentialAction\":[{\"@type\":\"ReadAction\",\"target\":[\"https:\/\/theessentialclinic.com\/fr\/produit\/tarjeta-de-regalo\/\"]}]},{\"@type\":\"BreadcrumbList\",\"@id\":\"https:\/\/theessentialclinic.com\/fr\/produit\/tarjeta-de-regalo\/#breadcrumb\",\"itemListElement\":[{\"@type\":\"ListItem\",\"position\":1,\"name\":\"Accueil\",\"item\":\"https:\/\/theessentialclinic.com\/fr\/acceuil\/\"},{\"@type\":\"ListItem\",\"position\":2,\"name\":\"Boutique\",\"item\":\"https:\/\/theessentialclinic.com\/fr\/boutique\/\"},{\"@type\":\"ListItem\",\"position\":3,\"name\":\"Carte cadeau\"}]},{\"@type\":\"WebSite\",\"@id\":\"https:\/\/theessentialclinic.com\/fr\/#website\",\"url\":\"https:\/\/theessentialclinic.com\/fr\/\",\"name\":\"The Essential Clinic\",\"description\":\"Just another WordPress site\",\"publisher\":{\"@id\":\"https:\/\/theessentialclinic.com\/fr\/#organization\"},\"potentialAction\":[{\"@type\":\"SearchAction\",\"target\":{\"@type\":\"EntryPoint\",\"urlTemplate\":\"https:\/\/theessentialclinic.com\/fr\/?s={search_term_string}\"},\"query-input\":\"required name=search_term_string\"}],\"inLanguage\":\"fr-FR\"},{\"@type\":\"Organization\",\"@id\":\"https:\/\/theessentialclinic.com\/fr\/#organization\",\"name\":\"The Essential Clinic\",\"url\":\"https:\/\/theessentialclinic.com\/fr\/\",\"logo\":{\"@type\":\"ImageObject\",\"inLanguage\":\"fr-FR\",\"@id\":\"https:\/\/theessentialclinic.com\/fr\/#\/schema\/logo\/image\/\",\"url\":\"https:\/\/theessentialclinic.com\/wp-content\/uploads\/2022\/01\/logo_white.svg\",\"contentUrl\":\"https:\/\/theessentialclinic.com\/wp-content\/uploads\/2022\/01\/logo_white.svg\",\"width\":1080,\"height\":1080,\"caption\":\"The Essential Clinic\"},\"image\":{\"@id\":\"https:\/\/theessentialclinic.com\/fr\/#\/schema\/logo\/image\/\"}}]}<\/script>\n<!-- \/ Yoast SEO plugin. -->","yoast_head_json":{"title":"Carte cadeau - The Essential Clinic","robots":{"index":"index","follow":"follow","max-snippet":"max-snippet:-1","max-image-preview":"max-image-preview:large","max-video-preview":"max-video-preview:-1"},"canonical":"https:\/\/theessentialclinic.com\/fr\/produit\/tarjeta-de-regalo\/","og_locale":"fr_FR","og_type":"article","og_title":"Carte cadeau - The Essential Clinic","og_description":"Chez THE ESSENTIAL CLINIC nous vous facilitons la t\u00e2che avec nos cartes-cadeaux pour les occasions sp\u00e9ciales telles que : mariages, bapt\u00eames, communions, anniversaires, Saint-Valentin, f\u00eate des m\u00e8res, f\u00eate des p\u00e8res, SANT JORDI, NO\u00cbL, F\u00caTE DES ROIS et autres \u00e9v\u00e9nements sp\u00e9ciaux. Surprenez cette personne sp\u00e9ciale.  Faites la diff\u00e9rence avec un CADEAU original ou offrez-vous un cadeau et prenez soin de vous.","og_url":"https:\/\/theessentialclinic.com\/fr\/produit\/tarjeta-de-regalo\/","og_site_name":"The Essential Clinic","article_modified_time":"2023-10-13T09:39:56+00:00","og_image":[{"width":1600,"height":1201,"url":"https:\/\/theessentialclinic.com\/wp-content\/uploads\/2023\/02\/TheEssentialClinic_CarteCadeau_Tarjeta_1600x1200px-2.jpg","type":"image\/jpeg"}],"twitter_card":"summary_large_image","twitter_misc":{"Dur\u00e9e de lecture estim\u00e9e":"1 minute"},"schema":{"@context":"https:\/\/schema.org","@graph":[{"@type":"WebPage","@id":"https:\/\/theessentialclinic.com\/fr\/produit\/tarjeta-de-regalo\/","url":"https:\/\/theessentialclinic.com\/fr\/produit\/tarjeta-de-regalo\/","name":"Carte cadeau - The Essential Clinic","isPartOf":{"@id":"https:\/\/theessentialclinic.com\/fr\/#website"},"datePublished":"2023-02-02T14:12:51+00:00","dateModified":"2023-10-13T09:39:56+00:00","breadcrumb":{"@id":"https:\/\/theessentialclinic.com\/fr\/produit\/tarjeta-de-regalo\/#breadcrumb"},"inLanguage":"fr-FR","potentialAction":[{"@type":"ReadAction","target":["https:\/\/theessentialclinic.com\/fr\/produit\/tarjeta-de-regalo\/"]}]},{"@type":"BreadcrumbList","@id":"https:\/\/theessentialclinic.com\/fr\/produit\/tarjeta-de-regalo\/#breadcrumb","itemListElement":[{"@type":"ListItem","position":1,"name":"Accueil","item":"https:\/\/theessentialclinic.com\/fr\/acceuil\/"},{"@type":"ListItem","position":2,"name":"Boutique","item":"https:\/\/theessentialclinic.com\/fr\/boutique\/"},{"@type":"ListItem","position":3,"name":"Carte cadeau"}]},{"@type":"WebSite","@id":"https:\/\/theessentialclinic.com\/fr\/#website","url":"https:\/\/theessentialclinic.com\/fr\/","name":"The Essential Clinic","description":"Just another WordPress site","publisher":{"@id":"https:\/\/theessentialclinic.com\/fr\/#organization"},"potentialAction":[{"@type":"SearchAction","target":{"@type":"EntryPoint","urlTemplate":"https:\/\/theessentialclinic.com\/fr\/?s={search_term_string}"},"query-input":"required name=search_term_string"}],"inLanguage":"fr-FR"},{"@type":"Organization","@id":"https:\/\/theessentialclinic.com\/fr\/#organization","name":"The Essential Clinic","url":"https:\/\/theessentialclinic.com\/fr\/","logo":{"@type":"ImageObject","inLanguage":"fr-FR","@id":"https:\/\/theessentialclinic.com\/fr\/#\/schema\/logo\/image\/","url":"https:\/\/theessentialclinic.com\/wp-content\/uploads\/2022\/01\/logo_white.svg","contentUrl":"https:\/\/theessentialclinic.com\/wp-content\/uploads\/2022\/01\/logo_white.svg","width":1080,"height":1080,"caption":"The Essential Clinic"},"image":{"@id":"https:\/\/theessentialclinic.com\/fr\/#\/schema\/logo\/image\/"}}]}},"_links":{"self":[{"href":"https:\/\/theessentialclinic.com\/fr\/wp-json\/wp\/v2\/product\/39296","targetHints":{"allow":["GET"]}}],"collection":[{"href":"https:\/\/theessentialclinic.com\/fr\/wp-json\/wp\/v2\/product"}],"about":[{"href":"https:\/\/theessentialclinic.com\/fr\/wp-json\/wp\/v2\/types\/product"}],"wp:featuredmedia":[{"embeddable":true,"href":"https:\/\/theessentialclinic.com\/fr\/wp-json\/wp\/v2\/media\/39592"}],"wp:attachment":[{"href":"https:\/\/theessentialclinic.com\/fr\/wp-json\/wp\/v2\/media?parent=39296"}],"wp:term":[{"taxonomy":"product_cat","embeddable":true,"href":"https:\/\/theessentialclinic.com\/fr\/wp-json\/wp\/v2\/product_cat?post=39296"},{"taxonomy":"product_tag","embeddable":true,"href":"https:\/\/theessentialclinic.com\/fr\/wp-json\/wp\/v2\/product_tag?post=39296"},{"taxonomy":"giftcard-category","embeddable":true,"href":"https:\/\/theessentialclinic.com\/fr\/wp-json\/wp\/v2\/giftcard-category?post=39296"}],"curies":[{"name":"wp","href":"https:\/\/api.w.org\/{rel}","templated":true}]}}