{"id":39293,"date":"2023-02-06T12:15:05","date_gmt":"2023-02-06T11:15:05","guid":{"rendered":"https:\/\/theessentialclinic.com\/produit\/hydrafacial-deluxe\/"},"modified":"2023-12-01T10:18:35","modified_gmt":"2023-12-01T09:18:35","slug":"hydrafacial-deluxe","status":"publish","type":"product","link":"https:\/\/theessentialclinic.com\/fr\/produit\/hydrafacial-deluxe\/","title":{"rendered":"Hydrafacial Deluxe"},"content":{"rendered":"<p>L&rsquo;Hydrafacial est une proc\u00e9dure de rajeunissement de la peau non invasive qui combine le nettoyage, l&rsquo;exfoliation, l&rsquo;extraction et l&rsquo;hydratation de la peau en une seule s\u00e9ance. Il utilise une machine sp\u00e9cialis\u00e9e dot\u00e9e d&rsquo;une technologie brevet\u00e9e qui applique des solutions nettoyantes et adoucit la peau tout en \u00e9liminant les cellules mortes et les d\u00e9bris cutan\u00e9s.<\/p>\n<p>Le processus Hydrafacial comprend les \u00e9tapes suivantes :<\/p>\n<p>1. Nettoyage et exfoliation : un s\u00e9rum doux est utilis\u00e9 pour \u00e9liminer les cellules mortes et ouvrir les pores.<\/p>\n<p>2. Extraction : La machine Hydrafacial utilise une aspiration douce pour \u00e9liminer les impuret\u00e9s et d\u00e9boucher les pores.<\/p>\n<p>3. Hydratation : la peau est infus\u00e9e d&rsquo;antioxydants et d&rsquo;acide hyaluronique pour l&rsquo;hydrater et la nourrir.<\/p>\n<p>4. Protection : un \u00e9cran solaire ou des produits sp\u00e9cifiques sont appliqu\u00e9s pour prot\u00e9ger la peau nouvellement trait\u00e9e.<\/p>\n<p>Le r\u00e9sultat est une peau plus lisse, plus propre et plus hydrat\u00e9e. L&rsquo;Hydrafacial est reconnu comme un traitement efficace pour traiter les probl\u00e8mes de peau courants tels que le vieillissement pr\u00e9matur\u00e9, l&rsquo;hyperpigmentation, les rides fines, la congestion et la peau terne.<\/p>\n<hr \/>\n<p style=\"text-align: center;\">\ud83d\udc8c EXP\u00c9DITION<\/p>\n<p style=\"text-align: center;\">La CARTE CADEAU \u00e9lectronique est envoy\u00e9e par email, sans frais : au moment de l&rsquo;achat, un email de confirmation sera envoy\u00e9 au client indiquant le montant et les conditions g\u00e9n\u00e9rales de la carte cadeau \u00e9lectronique.<\/p>\n<hr \/>\n<p style=\"text-align: center;\">\u21a9\ufe0f\ufe0f RETOUR<\/p>\n<p style=\"text-align: center;\">Vous disposez d&rsquo;un d\u00e9lai de 14 jours pour retourner votre carte-cadeau \u00e9lectronique et obtenir un remboursement int\u00e9gral. Le remboursement n&rsquo;est valable que si la carte cadeau \u00e9lectronique n&rsquo;a pas encore \u00e9t\u00e9 utilis\u00e9e.<\/p>\n<hr \/>\n<p style=\"text-align: center;\">VOIR LES CONDITIONS D&rsquo;UTILISATION COMPL\u00c8TES<br \/>\nPour plus d&rsquo;informations, veuillez consulter notre POLITIQUE DE CONFIDENTIALIT\u00c9.<\/p>\n","protected":false},"excerpt":{"rendered":"<p>L&rsquo;Hydrafacial est une proc\u00e9dure de rajeunissement de la peau non invasive qui combine le nettoyage, l&rsquo;exfoliation, l&rsquo;extraction et l&rsquo;hydratation de la peau en une seule s\u00e9ance. Il utilise une machine sp\u00e9cialis\u00e9e dot\u00e9e d&rsquo;une technologie brevet\u00e9e qui applique des solutions nettoyantes et adoucit la peau tout en \u00e9liminant les cellules mortes et les d\u00e9bris cutan\u00e9s<\/p>\n","protected":false},"featured_media":39254,"template":"","meta":{"site-sidebar-layout":"default","site-content-layout":"default","ast-site-content-layout":"default","site-content-style":"default","site-sidebar-style":"default","ast-global-header-display":"","ast-banner-title-visibility":"","ast-main-header-display":"","ast-hfb-above-header-display":"","ast-hfb-below-header-display":"","ast-hfb-mobile-header-display":"","site-post-title":"","ast-breadcrumbs-content":"","ast-featured-img":"","footer-sml-layout":"","theme-transparent-header-meta":"default","adv-header-id-meta":"","stick-header-meta":"","header-above-stick-meta":"","header-main-stick-meta":"","header-below-stick-meta":"","astra-migrate-meta-layouts":"set","ast-page-background-enabled":"default","ast-page-background-meta":{"desktop":{"background-color":"","background-image":"","background-repeat":"repeat","background-position":"center center","background-size":"auto","background-attachment":"scroll","background-type":"","background-media":"","overlay-type":"","overlay-color":"","overlay-gradient":""},"tablet":{"background-color":"","background-image":"","background-repeat":"repeat","background-position":"center center","background-size":"auto","background-attachment":"scroll","background-type":"","background-media":"","overlay-type":"","overlay-color":"","overlay-gradient":""},"mobile":{"background-color":"","background-image":"","background-repeat":"repeat","background-position":"center center","background-size":"auto","background-attachment":"scroll","background-type":"","background-media":"","overlay-type":"","overlay-color":"","overlay-gradient":""}},"ast-content-background-meta":{"desktop":{"background-color":"var(--ast-global-color-5)","background-image":"","background-repeat":"repeat","background-position":"center center","background-size":"auto","background-attachment":"scroll","background-type":"","background-media":"","overlay-type":"","overlay-color":"","overlay-gradient":""},"tablet":{"background-color":"var(--ast-global-color-5)","background-image":"","background-repeat":"repeat","background-position":"center center","background-size":"auto","background-attachment":"scroll","background-type":"","background-media":"","overlay-type":"","overlay-color":"","overlay-gradient":""},"mobile":{"background-color":"var(--ast-global-color-5)","background-image":"","background-repeat":"repeat","background-position":"center center","background-size":"auto","background-attachment":"scroll","background-type":"","background-media":"","overlay-type":"","overlay-color":"","overlay-gradient":""}}},"product_cat":[108],"product_tag":[],"giftcard-category":[97],"class_list":["post-39293","product","type-product","status-publish","has-post-thumbnail","hentry","product_cat-tarjeta-de-regalo-fr","giftcard-category-deluxe","desktop-align-left","tablet-align-left","mobile-align-left"],"yoast_head":"<!-- This site is optimized with the Yoast SEO plugin v21.6 - https:\/\/yoast.com\/wordpress\/plugins\/seo\/ -->\n<title>Hydrafacial Deluxe - The Essential Clinic<\/title>\n<meta name=\"robots\" content=\"index, follow, max-snippet:-1, max-image-preview:large, max-video-preview:-1\" \/>\n<link rel=\"canonical\" href=\"https:\/\/theessentialclinic.com\/fr\/produit\/hydrafacial-deluxe\/\" \/>\n<meta property=\"og:locale\" content=\"fr_FR\" \/>\n<meta property=\"og:type\" content=\"article\" \/>\n<meta property=\"og:title\" content=\"Hydrafacial Deluxe - The Essential Clinic\" \/>\n<meta property=\"og:description\" content=\"L&#039;Hydrafacial est une proc\u00e9dure de rajeunissement de la peau non invasive qui combine le nettoyage, l&#039;exfoliation, l&#039;extraction et l&#039;hydratation de la peau en une seule s\u00e9ance. Il utilise une machine sp\u00e9cialis\u00e9e dot\u00e9e d&#039;une technologie brevet\u00e9e qui applique des solutions nettoyantes et adoucit la peau tout en \u00e9liminant les cellules mortes et les d\u00e9bris cutan\u00e9s\" \/>\n<meta property=\"og:url\" content=\"https:\/\/theessentialclinic.com\/fr\/produit\/hydrafacial-deluxe\/\" \/>\n<meta property=\"og:site_name\" content=\"The Essential Clinic\" \/>\n<meta property=\"article:modified_time\" content=\"2023-12-01T09:18:35+00:00\" \/>\n<meta property=\"og:image\" content=\"https:\/\/theessentialclinic.com\/wp-content\/uploads\/2023\/02\/TheEssentialClinic_CarteCadeau_DeluxeH_1600x1200px-2-scaled.jpg\" \/>\n\t<meta property=\"og:image:width\" content=\"2560\" \/>\n\t<meta property=\"og:image:height\" content=\"1920\" \/>\n\t<meta property=\"og:image:type\" content=\"image\/jpeg\" \/>\n<meta name=\"twitter:card\" content=\"summary_large_image\" \/>\n<meta name=\"twitter:label1\" content=\"Dur\u00e9e de lecture estim\u00e9e\" \/>\n\t<meta name=\"twitter:data1\" content=\"2 minutes\" \/>\n<script type=\"application\/ld+json\" class=\"yoast-schema-graph\">{\"@context\":\"https:\/\/schema.org\",\"@graph\":[{\"@type\":\"WebPage\",\"@id\":\"https:\/\/theessentialclinic.com\/fr\/produit\/hydrafacial-deluxe\/\",\"url\":\"https:\/\/theessentialclinic.com\/fr\/produit\/hydrafacial-deluxe\/\",\"name\":\"Hydrafacial Deluxe - The Essential Clinic\",\"isPartOf\":{\"@id\":\"https:\/\/theessentialclinic.com\/fr\/#website\"},\"datePublished\":\"2023-02-06T11:15:05+00:00\",\"dateModified\":\"2023-12-01T09:18:35+00:00\",\"breadcrumb\":{\"@id\":\"https:\/\/theessentialclinic.com\/fr\/produit\/hydrafacial-deluxe\/#breadcrumb\"},\"inLanguage\":\"fr-FR\",\"potentialAction\":[{\"@type\":\"ReadAction\",\"target\":[\"https:\/\/theessentialclinic.com\/fr\/produit\/hydrafacial-deluxe\/\"]}]},{\"@type\":\"BreadcrumbList\",\"@id\":\"https:\/\/theessentialclinic.com\/fr\/produit\/hydrafacial-deluxe\/#breadcrumb\",\"itemListElement\":[{\"@type\":\"ListItem\",\"position\":1,\"name\":\"Accueil\",\"item\":\"https:\/\/theessentialclinic.com\/fr\/acceuil\/\"},{\"@type\":\"ListItem\",\"position\":2,\"name\":\"Boutique\",\"item\":\"https:\/\/theessentialclinic.com\/fr\/boutique\/\"},{\"@type\":\"ListItem\",\"position\":3,\"name\":\"Hydrafacial Deluxe\"}]},{\"@type\":\"WebSite\",\"@id\":\"https:\/\/theessentialclinic.com\/fr\/#website\",\"url\":\"https:\/\/theessentialclinic.com\/fr\/\",\"name\":\"The Essential Clinic\",\"description\":\"Just another WordPress site\",\"publisher\":{\"@id\":\"https:\/\/theessentialclinic.com\/fr\/#organization\"},\"potentialAction\":[{\"@type\":\"SearchAction\",\"target\":{\"@type\":\"EntryPoint\",\"urlTemplate\":\"https:\/\/theessentialclinic.com\/fr\/?s={search_term_string}\"},\"query-input\":\"required name=search_term_string\"}],\"inLanguage\":\"fr-FR\"},{\"@type\":\"Organization\",\"@id\":\"https:\/\/theessentialclinic.com\/fr\/#organization\",\"name\":\"The Essential Clinic\",\"url\":\"https:\/\/theessentialclinic.com\/fr\/\",\"logo\":{\"@type\":\"ImageObject\",\"inLanguage\":\"fr-FR\",\"@id\":\"https:\/\/theessentialclinic.com\/fr\/#\/schema\/logo\/image\/\",\"url\":\"https:\/\/theessentialclinic.com\/wp-content\/uploads\/2022\/01\/logo_white.svg\",\"contentUrl\":\"https:\/\/theessentialclinic.com\/wp-content\/uploads\/2022\/01\/logo_white.svg\",\"width\":1080,\"height\":1080,\"caption\":\"The Essential Clinic\"},\"image\":{\"@id\":\"https:\/\/theessentialclinic.com\/fr\/#\/schema\/logo\/image\/\"}}]}<\/script>\n<!-- \/ Yoast SEO plugin. -->","yoast_head_json":{"title":"Hydrafacial Deluxe - The Essential Clinic","robots":{"index":"index","follow":"follow","max-snippet":"max-snippet:-1","max-image-preview":"max-image-preview:large","max-video-preview":"max-video-preview:-1"},"canonical":"https:\/\/theessentialclinic.com\/fr\/produit\/hydrafacial-deluxe\/","og_locale":"fr_FR","og_type":"article","og_title":"Hydrafacial Deluxe - The Essential Clinic","og_description":"L'Hydrafacial est une proc\u00e9dure de rajeunissement de la peau non invasive qui combine le nettoyage, l'exfoliation, l'extraction et l'hydratation de la peau en une seule s\u00e9ance. Il utilise une machine sp\u00e9cialis\u00e9e dot\u00e9e d'une technologie brevet\u00e9e qui applique des solutions nettoyantes et adoucit la peau tout en \u00e9liminant les cellules mortes et les d\u00e9bris cutan\u00e9s","og_url":"https:\/\/theessentialclinic.com\/fr\/produit\/hydrafacial-deluxe\/","og_site_name":"The Essential Clinic","article_modified_time":"2023-12-01T09:18:35+00:00","og_image":[{"width":2560,"height":1920,"url":"https:\/\/theessentialclinic.com\/wp-content\/uploads\/2023\/02\/TheEssentialClinic_CarteCadeau_DeluxeH_1600x1200px-2-scaled.jpg","type":"image\/jpeg"}],"twitter_card":"summary_large_image","twitter_misc":{"Dur\u00e9e de lecture estim\u00e9e":"2 minutes"},"schema":{"@context":"https:\/\/schema.org","@graph":[{"@type":"WebPage","@id":"https:\/\/theessentialclinic.com\/fr\/produit\/hydrafacial-deluxe\/","url":"https:\/\/theessentialclinic.com\/fr\/produit\/hydrafacial-deluxe\/","name":"Hydrafacial Deluxe - The Essential Clinic","isPartOf":{"@id":"https:\/\/theessentialclinic.com\/fr\/#website"},"datePublished":"2023-02-06T11:15:05+00:00","dateModified":"2023-12-01T09:18:35+00:00","breadcrumb":{"@id":"https:\/\/theessentialclinic.com\/fr\/produit\/hydrafacial-deluxe\/#breadcrumb"},"inLanguage":"fr-FR","potentialAction":[{"@type":"ReadAction","target":["https:\/\/theessentialclinic.com\/fr\/produit\/hydrafacial-deluxe\/"]}]},{"@type":"BreadcrumbList","@id":"https:\/\/theessentialclinic.com\/fr\/produit\/hydrafacial-deluxe\/#breadcrumb","itemListElement":[{"@type":"ListItem","position":1,"name":"Accueil","item":"https:\/\/theessentialclinic.com\/fr\/acceuil\/"},{"@type":"ListItem","position":2,"name":"Boutique","item":"https:\/\/theessentialclinic.com\/fr\/boutique\/"},{"@type":"ListItem","position":3,"name":"Hydrafacial Deluxe"}]},{"@type":"WebSite","@id":"https:\/\/theessentialclinic.com\/fr\/#website","url":"https:\/\/theessentialclinic.com\/fr\/","name":"The Essential Clinic","description":"Just another WordPress site","publisher":{"@id":"https:\/\/theessentialclinic.com\/fr\/#organization"},"potentialAction":[{"@type":"SearchAction","target":{"@type":"EntryPoint","urlTemplate":"https:\/\/theessentialclinic.com\/fr\/?s={search_term_string}"},"query-input":"required name=search_term_string"}],"inLanguage":"fr-FR"},{"@type":"Organization","@id":"https:\/\/theessentialclinic.com\/fr\/#organization","name":"The Essential Clinic","url":"https:\/\/theessentialclinic.com\/fr\/","logo":{"@type":"ImageObject","inLanguage":"fr-FR","@id":"https:\/\/theessentialclinic.com\/fr\/#\/schema\/logo\/image\/","url":"https:\/\/theessentialclinic.com\/wp-content\/uploads\/2022\/01\/logo_white.svg","contentUrl":"https:\/\/theessentialclinic.com\/wp-content\/uploads\/2022\/01\/logo_white.svg","width":1080,"height":1080,"caption":"The Essential Clinic"},"image":{"@id":"https:\/\/theessentialclinic.com\/fr\/#\/schema\/logo\/image\/"}}]}},"_links":{"self":[{"href":"https:\/\/theessentialclinic.com\/fr\/wp-json\/wp\/v2\/product\/39293","targetHints":{"allow":["GET"]}}],"collection":[{"href":"https:\/\/theessentialclinic.com\/fr\/wp-json\/wp\/v2\/product"}],"about":[{"href":"https:\/\/theessentialclinic.com\/fr\/wp-json\/wp\/v2\/types\/product"}],"wp:featuredmedia":[{"embeddable":true,"href":"https:\/\/theessentialclinic.com\/fr\/wp-json\/wp\/v2\/media\/39254"}],"wp:attachment":[{"href":"https:\/\/theessentialclinic.com\/fr\/wp-json\/wp\/v2\/media?parent=39293"}],"wp:term":[{"taxonomy":"product_cat","embeddable":true,"href":"https:\/\/theessentialclinic.com\/fr\/wp-json\/wp\/v2\/product_cat?post=39293"},{"taxonomy":"product_tag","embeddable":true,"href":"https:\/\/theessentialclinic.com\/fr\/wp-json\/wp\/v2\/product_tag?post=39293"},{"taxonomy":"giftcard-category","embeddable":true,"href":"https:\/\/theessentialclinic.com\/fr\/wp-json\/wp\/v2\/giftcard-category?post=39293"}],"curies":[{"name":"wp","href":"https:\/\/api.w.org\/{rel}","templated":true}]}}