{"id":39290,"date":"2023-02-06T14:06:15","date_gmt":"2023-02-06T13:06:15","guid":{"rendered":"https:\/\/theessentialclinic.com\/produit\/hydrafacial-platinium\/"},"modified":"2023-10-30T12:19:23","modified_gmt":"2023-10-30T11:19:23","slug":"hydrafacial-platinium","status":"publish","type":"product","link":"https:\/\/theessentialclinic.com\/fr\/produit\/hydrafacial-platinium\/","title":{"rendered":"Hydrafacial Platinum"},"content":{"rendered":"<p>Les avantages du traitement Hydrafacial sont multiples. Il permet notamment de rendre la peau plus lisse, plus propre et plus \u00e9clatante. Il am\u00e9liore \u00e9galement l&rsquo;apparence des pores, des rides fines et de la texture irr\u00e9guli\u00e8re. Enfin, il permet d&rsquo;hydrater la peau en profondeur et de lui donner une apparence globalement plus saine.<\/p>\n<p>En plus des 3 \u00e9tapes essentielles (nettoyage + extraction + hydratation), nous avons 3 \u00e9tapes suppl\u00e9mentaires qui alternent avec les bases, compl\u00e9tant et maximisant le plein potentiel de l&rsquo;Hydrafacial, c&rsquo;est sa version Platinum et les 6 \u00e9tapes sont :<\/p>\n<p>\u00c9tape 1 &#8211; D\u00e9toxification : Cette technique de drainage lymphatique sp\u00e9cialement formul\u00e9e permet d&rsquo;augmenter la circulation et d&rsquo;\u00e9liminer les toxines.<\/p>\n<p>\u00c9tape 2 &#8211; Nettoyage et exfoliation : Les cellules mortes et les impuret\u00e9s sont \u00e9limin\u00e9es en douceur pour un nettoyage en profondeur.<\/p>\n<p>\u00c9tape 3 &#8211; Extraction : Les points noirs et les impuret\u00e9s des zones congestionn\u00e9es sont extraits gr\u00e2ce \u00e0 l&rsquo;acide salicylique et \u00e0 l&rsquo;exfoliation m\u00e9canique des pointes Hydropeel.<\/p>\n<p>\u00c9tape 4 &#8211; \u00c9claircissement : une solution douce \u00e0 base d&rsquo;acide glycolique et d&rsquo;acide salicylique aide \u00e0 d\u00e9loger la salet\u00e9 des pores et \u00e0 \u00e9claircir la peau.<\/p>\n<p>\u00c9tape 5 &#8211; Hydratation : une combinaison de s\u00e9rums et de boosters est appliqu\u00e9e, adapt\u00e9e aux besoins de chaque type de peau. Il s&rsquo;agit notamment d&rsquo;acide hyaluronique, d&rsquo;antioxydants et de peptides.<\/p>\n<p>\u00c9tape 6 &#8211; Rajeunissement : la lumi\u00e8re LED stimule le collag\u00e8ne et r\u00e9duit les rougeurs, laissant la peau \u00e9clatante.<\/p>\n<hr \/>\n<p style=\"text-align: center;\">\ud83d\udc8c EXP\u00c9DITION<\/p>\n<p style=\"text-align: center;\">La CARTE CADEAU \u00e9lectronique est envoy\u00e9e par email, sans frais : au moment de l&rsquo;achat, un email de confirmation sera envoy\u00e9 au client indiquant le montant et les conditions g\u00e9n\u00e9rales de la carte cadeau \u00e9lectronique.<\/p>\n<hr \/>\n<p style=\"text-align: center;\">\u21a9\ufe0f\ufe0f RETOUR<\/p>\n<p style=\"text-align: center;\">Vous disposez d&rsquo;un d\u00e9lai de 14 jours pour retourner votre carte-cadeau \u00e9lectronique et obtenir un remboursement int\u00e9gral. Le remboursement n&rsquo;est valable que si la carte cadeau \u00e9lectronique n&rsquo;a pas encore \u00e9t\u00e9 utilis\u00e9e.<\/p>\n<hr \/>\n<p style=\"text-align: center;\">VOIR LES CONDITIONS D&rsquo;UTILISATION COMPL\u00c8TES<br \/>\nPour plus d&rsquo;informations, veuillez consulter notre POLITIQUE DE CONFIDENTIALIT\u00c9.<\/p>\n","protected":false},"excerpt":{"rendered":"<p>L&rsquo;Hydrafacial Platinum est une version avanc\u00e9e et compl\u00e8te du traitement Hydrafacial. Il s&rsquo;agit d&rsquo;une proc\u00e9dure non invasive qui suit une s\u00e9rie d&rsquo;\u00e9tapes visant \u00e0 am\u00e9liorer l&rsquo;apparence et la sant\u00e9 de la peau.<\/p>\n<p>En plus des 3 \u00e9tapes essentielles (nettoyage + extraction + hydratation), nous avons 3 \u00e9tapes suppl\u00e9mentaires qui alternent avec les \u00e9tapes de base, compl\u00e9tant et maximisant le plein potentiel de l&rsquo;Hydrafacial.<\/p>\n","protected":false},"featured_media":39572,"template":"","meta":{"site-sidebar-layout":"default","site-content-layout":"default","ast-site-content-layout":"default","site-content-style":"default","site-sidebar-style":"default","ast-global-header-display":"","ast-banner-title-visibility":"","ast-main-header-display":"","ast-hfb-above-header-display":"","ast-hfb-below-header-display":"","ast-hfb-mobile-header-display":"","site-post-title":"","ast-breadcrumbs-content":"","ast-featured-img":"","footer-sml-layout":"","theme-transparent-header-meta":"default","adv-header-id-meta":"","stick-header-meta":"","header-above-stick-meta":"","header-main-stick-meta":"","header-below-stick-meta":"","astra-migrate-meta-layouts":"set","ast-page-background-enabled":"default","ast-page-background-meta":{"desktop":{"background-color":"","background-image":"","background-repeat":"repeat","background-position":"center center","background-size":"auto","background-attachment":"scroll","background-type":"","background-media":"","overlay-type":"","overlay-color":"","overlay-gradient":""},"tablet":{"background-color":"","background-image":"","background-repeat":"repeat","background-position":"center center","background-size":"auto","background-attachment":"scroll","background-type":"","background-media":"","overlay-type":"","overlay-color":"","overlay-gradient":""},"mobile":{"background-color":"","background-image":"","background-repeat":"repeat","background-position":"center center","background-size":"auto","background-attachment":"scroll","background-type":"","background-media":"","overlay-type":"","overlay-color":"","overlay-gradient":""}},"ast-content-background-meta":{"desktop":{"background-color":"var(--ast-global-color-5)","background-image":"","background-repeat":"repeat","background-position":"center center","background-size":"auto","background-attachment":"scroll","background-type":"","background-media":"","overlay-type":"","overlay-color":"","overlay-gradient":""},"tablet":{"background-color":"var(--ast-global-color-5)","background-image":"","background-repeat":"repeat","background-position":"center center","background-size":"auto","background-attachment":"scroll","background-type":"","background-media":"","overlay-type":"","overlay-color":"","overlay-gradient":""},"mobile":{"background-color":"var(--ast-global-color-5)","background-image":"","background-repeat":"repeat","background-position":"center center","background-size":"auto","background-attachment":"scroll","background-type":"","background-media":"","overlay-type":"","overlay-color":"","overlay-gradient":""}}},"product_cat":[108],"product_tag":[],"giftcard-category":[98],"class_list":["post-39290","product","type-product","status-publish","has-post-thumbnail","hentry","product_cat-tarjeta-de-regalo-fr","giftcard-category-platinium","desktop-align-left","tablet-align-left","mobile-align-left"],"yoast_head":"<!-- This site is optimized with the Yoast SEO plugin v21.6 - https:\/\/yoast.com\/wordpress\/plugins\/seo\/ -->\n<title>Hydrafacial Platinum - The Essential Clinic<\/title>\n<meta name=\"robots\" content=\"index, follow, max-snippet:-1, max-image-preview:large, max-video-preview:-1\" \/>\n<link rel=\"canonical\" href=\"https:\/\/theessentialclinic.com\/fr\/produit\/hydrafacial-platinium\/\" \/>\n<meta property=\"og:locale\" content=\"fr_FR\" \/>\n<meta property=\"og:type\" content=\"article\" \/>\n<meta property=\"og:title\" content=\"Hydrafacial Platinum - The Essential Clinic\" \/>\n<meta property=\"og:description\" content=\"L&#039;Hydrafacial Platinum est une version avanc\u00e9e et compl\u00e8te du traitement Hydrafacial. Il s&#039;agit d&#039;une proc\u00e9dure non invasive qui suit une s\u00e9rie d&#039;\u00e9tapes visant \u00e0 am\u00e9liorer l&#039;apparence et la sant\u00e9 de la peau.  En plus des 3 \u00e9tapes essentielles (nettoyage + extraction + hydratation), nous avons 3 \u00e9tapes suppl\u00e9mentaires qui alternent avec les \u00e9tapes de base, compl\u00e9tant et maximisant le plein potentiel de l&#039;Hydrafacial.\" \/>\n<meta property=\"og:url\" content=\"https:\/\/theessentialclinic.com\/fr\/produit\/hydrafacial-platinium\/\" \/>\n<meta property=\"og:site_name\" content=\"The Essential Clinic\" \/>\n<meta property=\"article:modified_time\" content=\"2023-10-30T11:19:23+00:00\" \/>\n<meta name=\"twitter:card\" content=\"summary_large_image\" \/>\n<meta name=\"twitter:label1\" content=\"Dur\u00e9e de lecture estim\u00e9e\" \/>\n\t<meta name=\"twitter:data1\" content=\"2 minutes\" \/>\n<script type=\"application\/ld+json\" class=\"yoast-schema-graph\">{\"@context\":\"https:\/\/schema.org\",\"@graph\":[{\"@type\":\"WebPage\",\"@id\":\"https:\/\/theessentialclinic.com\/fr\/produit\/hydrafacial-platinium\/\",\"url\":\"https:\/\/theessentialclinic.com\/fr\/produit\/hydrafacial-platinium\/\",\"name\":\"Hydrafacial Platinum - The Essential Clinic\",\"isPartOf\":{\"@id\":\"https:\/\/theessentialclinic.com\/fr\/#website\"},\"datePublished\":\"2023-02-06T13:06:15+00:00\",\"dateModified\":\"2023-10-30T11:19:23+00:00\",\"breadcrumb\":{\"@id\":\"https:\/\/theessentialclinic.com\/fr\/produit\/hydrafacial-platinium\/#breadcrumb\"},\"inLanguage\":\"fr-FR\",\"potentialAction\":[{\"@type\":\"ReadAction\",\"target\":[\"https:\/\/theessentialclinic.com\/fr\/produit\/hydrafacial-platinium\/\"]}]},{\"@type\":\"BreadcrumbList\",\"@id\":\"https:\/\/theessentialclinic.com\/fr\/produit\/hydrafacial-platinium\/#breadcrumb\",\"itemListElement\":[{\"@type\":\"ListItem\",\"position\":1,\"name\":\"Accueil\",\"item\":\"https:\/\/theessentialclinic.com\/fr\/acceuil\/\"},{\"@type\":\"ListItem\",\"position\":2,\"name\":\"Boutique\",\"item\":\"https:\/\/theessentialclinic.com\/fr\/boutique\/\"},{\"@type\":\"ListItem\",\"position\":3,\"name\":\"Hydrafacial Platinum\"}]},{\"@type\":\"WebSite\",\"@id\":\"https:\/\/theessentialclinic.com\/fr\/#website\",\"url\":\"https:\/\/theessentialclinic.com\/fr\/\",\"name\":\"The Essential Clinic\",\"description\":\"Just another WordPress site\",\"publisher\":{\"@id\":\"https:\/\/theessentialclinic.com\/fr\/#organization\"},\"potentialAction\":[{\"@type\":\"SearchAction\",\"target\":{\"@type\":\"EntryPoint\",\"urlTemplate\":\"https:\/\/theessentialclinic.com\/fr\/?s={search_term_string}\"},\"query-input\":\"required name=search_term_string\"}],\"inLanguage\":\"fr-FR\"},{\"@type\":\"Organization\",\"@id\":\"https:\/\/theessentialclinic.com\/fr\/#organization\",\"name\":\"The Essential Clinic\",\"url\":\"https:\/\/theessentialclinic.com\/fr\/\",\"logo\":{\"@type\":\"ImageObject\",\"inLanguage\":\"fr-FR\",\"@id\":\"https:\/\/theessentialclinic.com\/fr\/#\/schema\/logo\/image\/\",\"url\":\"https:\/\/theessentialclinic.com\/wp-content\/uploads\/2022\/01\/logo_white.svg\",\"contentUrl\":\"https:\/\/theessentialclinic.com\/wp-content\/uploads\/2022\/01\/logo_white.svg\",\"width\":1080,\"height\":1080,\"caption\":\"The Essential Clinic\"},\"image\":{\"@id\":\"https:\/\/theessentialclinic.com\/fr\/#\/schema\/logo\/image\/\"}}]}<\/script>\n<!-- \/ Yoast SEO plugin. -->","yoast_head_json":{"title":"Hydrafacial Platinum - The Essential Clinic","robots":{"index":"index","follow":"follow","max-snippet":"max-snippet:-1","max-image-preview":"max-image-preview:large","max-video-preview":"max-video-preview:-1"},"canonical":"https:\/\/theessentialclinic.com\/fr\/produit\/hydrafacial-platinium\/","og_locale":"fr_FR","og_type":"article","og_title":"Hydrafacial Platinum - The Essential Clinic","og_description":"L'Hydrafacial Platinum est une version avanc\u00e9e et compl\u00e8te du traitement Hydrafacial. Il s'agit d'une proc\u00e9dure non invasive qui suit une s\u00e9rie d'\u00e9tapes visant \u00e0 am\u00e9liorer l'apparence et la sant\u00e9 de la peau.  En plus des 3 \u00e9tapes essentielles (nettoyage + extraction + hydratation), nous avons 3 \u00e9tapes suppl\u00e9mentaires qui alternent avec les \u00e9tapes de base, compl\u00e9tant et maximisant le plein potentiel de l'Hydrafacial.","og_url":"https:\/\/theessentialclinic.com\/fr\/produit\/hydrafacial-platinium\/","og_site_name":"The Essential Clinic","article_modified_time":"2023-10-30T11:19:23+00:00","twitter_card":"summary_large_image","twitter_misc":{"Dur\u00e9e de lecture estim\u00e9e":"2 minutes"},"schema":{"@context":"https:\/\/schema.org","@graph":[{"@type":"WebPage","@id":"https:\/\/theessentialclinic.com\/fr\/produit\/hydrafacial-platinium\/","url":"https:\/\/theessentialclinic.com\/fr\/produit\/hydrafacial-platinium\/","name":"Hydrafacial Platinum - The Essential Clinic","isPartOf":{"@id":"https:\/\/theessentialclinic.com\/fr\/#website"},"datePublished":"2023-02-06T13:06:15+00:00","dateModified":"2023-10-30T11:19:23+00:00","breadcrumb":{"@id":"https:\/\/theessentialclinic.com\/fr\/produit\/hydrafacial-platinium\/#breadcrumb"},"inLanguage":"fr-FR","potentialAction":[{"@type":"ReadAction","target":["https:\/\/theessentialclinic.com\/fr\/produit\/hydrafacial-platinium\/"]}]},{"@type":"BreadcrumbList","@id":"https:\/\/theessentialclinic.com\/fr\/produit\/hydrafacial-platinium\/#breadcrumb","itemListElement":[{"@type":"ListItem","position":1,"name":"Accueil","item":"https:\/\/theessentialclinic.com\/fr\/acceuil\/"},{"@type":"ListItem","position":2,"name":"Boutique","item":"https:\/\/theessentialclinic.com\/fr\/boutique\/"},{"@type":"ListItem","position":3,"name":"Hydrafacial Platinum"}]},{"@type":"WebSite","@id":"https:\/\/theessentialclinic.com\/fr\/#website","url":"https:\/\/theessentialclinic.com\/fr\/","name":"The Essential Clinic","description":"Just another WordPress site","publisher":{"@id":"https:\/\/theessentialclinic.com\/fr\/#organization"},"potentialAction":[{"@type":"SearchAction","target":{"@type":"EntryPoint","urlTemplate":"https:\/\/theessentialclinic.com\/fr\/?s={search_term_string}"},"query-input":"required name=search_term_string"}],"inLanguage":"fr-FR"},{"@type":"Organization","@id":"https:\/\/theessentialclinic.com\/fr\/#organization","name":"The Essential Clinic","url":"https:\/\/theessentialclinic.com\/fr\/","logo":{"@type":"ImageObject","inLanguage":"fr-FR","@id":"https:\/\/theessentialclinic.com\/fr\/#\/schema\/logo\/image\/","url":"https:\/\/theessentialclinic.com\/wp-content\/uploads\/2022\/01\/logo_white.svg","contentUrl":"https:\/\/theessentialclinic.com\/wp-content\/uploads\/2022\/01\/logo_white.svg","width":1080,"height":1080,"caption":"The Essential Clinic"},"image":{"@id":"https:\/\/theessentialclinic.com\/fr\/#\/schema\/logo\/image\/"}}]}},"_links":{"self":[{"href":"https:\/\/theessentialclinic.com\/fr\/wp-json\/wp\/v2\/product\/39290","targetHints":{"allow":["GET"]}}],"collection":[{"href":"https:\/\/theessentialclinic.com\/fr\/wp-json\/wp\/v2\/product"}],"about":[{"href":"https:\/\/theessentialclinic.com\/fr\/wp-json\/wp\/v2\/types\/product"}],"wp:featuredmedia":[{"embeddable":true,"href":"https:\/\/theessentialclinic.com\/fr\/wp-json\/wp\/v2\/media\/39572"}],"wp:attachment":[{"href":"https:\/\/theessentialclinic.com\/fr\/wp-json\/wp\/v2\/media?parent=39290"}],"wp:term":[{"taxonomy":"product_cat","embeddable":true,"href":"https:\/\/theessentialclinic.com\/fr\/wp-json\/wp\/v2\/product_cat?post=39290"},{"taxonomy":"product_tag","embeddable":true,"href":"https:\/\/theessentialclinic.com\/fr\/wp-json\/wp\/v2\/product_tag?post=39290"},{"taxonomy":"giftcard-category","embeddable":true,"href":"https:\/\/theessentialclinic.com\/fr\/wp-json\/wp\/v2\/giftcard-category?post=39290"}],"curies":[{"name":"wp","href":"https:\/\/api.w.org\/{rel}","templated":true}]}}