{"id":39287,"date":"2023-02-06T14:08:11","date_gmt":"2023-02-06T13:08:11","guid":{"rendered":"https:\/\/theessentialclinic.com\/produit\/hydrafacial-keravive\/"},"modified":"2023-11-24T15:36:43","modified_gmt":"2023-11-24T14:36:43","slug":"hydrafacial-keravive","status":"publish","type":"product","link":"https:\/\/theessentialclinic.com\/fr\/produit\/hydrafacial-keravive\/","title":{"rendered":"Hydrafacial Keravive"},"content":{"rendered":"<p>HydraFacial Keravive est un traitement con\u00e7u pour am\u00e9liorer la sant\u00e9 et l&rsquo;apparence du cuir chevelu et des cheveux. Voici quelques-uns des avantages associ\u00e9s \u00e0 ce traitement :<\/p>\n<p>1. Am\u00e9lioration de la sant\u00e9 du cuir chevelu &#8211; HydraFacial Keravive aide \u00e0 nettoyer et \u00e0 exfolier le cuir chevelu, en \u00e9liminant les cellules mortes, les d\u00e9bris et les blocages qui peuvent contribuer \u00e0 des probl\u00e8mes tels que la s\u00e9cheresse, les d\u00e9mangeaisons et les pellicules.<\/p>\n<p>2. Stimule la croissance des cheveux : La solution sp\u00e9cialis\u00e9e utilis\u00e9e dans le traitement contient des ingr\u00e9dients tels que des peptides et des nutriments qui peuvent aider \u00e0 renforcer les follicules pileux et \u00e0 favoriser une croissance saine des cheveux.<\/p>\n<p>3. Hydratation : Le traitement consiste \u00e0 infuser une solution hydratante dans le cuir chevelu, ce qui peut aider \u00e0 combattre la s\u00e9cheresse et \u00e0 am\u00e9liorer l&rsquo;apparence des cheveux.<\/p>\n<p>4. Am\u00e9lioration de l&rsquo;apparence des cheveux : HydraFacial Keravive peut rendre les cheveux plus brillants, plus lisses et plus sains en traitant les probl\u00e8mes sous-jacents du cuir chevelu.<\/p>\n<p>5. Traitement non invasif : HydraFacial Keravive est un traitement non invasif qui ne n\u00e9cessite g\u00e9n\u00e9ralement pas de temps de r\u00e9cup\u00e9ration.<\/p>\n<p>6. Personnalisation : Le traitement peut \u00eatre adapt\u00e9 aux besoins individuels du cuir chevelu et des cheveux, ce qui permet aux praticiens de l&rsquo;esth\u00e9tique de le personnaliser pour chaque patient.<\/p>\n<p>7. Relaxation : comme pour les soins du visage HydraFacial, de nombreux patients trouvent le processus relaxant et appr\u00e9cient l&rsquo;exp\u00e9rience elle-m\u00eame.<\/p>\n<hr \/>\n<p style=\"text-align: center;\">\ud83d\udc8c EXP\u00c9DITION<\/p>\n<p style=\"text-align: center;\">La CARTE CADEAU \u00e9lectronique est envoy\u00e9e par email, sans frais : au moment de l&rsquo;achat, un email de confirmation sera envoy\u00e9 au client indiquant le montant et les conditions g\u00e9n\u00e9rales de la carte cadeau \u00e9lectronique.<\/p>\n<hr \/>\n<p style=\"text-align: center;\">\u21a9\ufe0f\ufe0f RETOUR<\/p>\n<p style=\"text-align: center;\">Vous disposez d&rsquo;un d\u00e9lai de 14 jours pour retourner votre carte-cadeau \u00e9lectronique et obtenir un remboursement int\u00e9gral. Le remboursement n&rsquo;est valable que si la carte cadeau \u00e9lectronique n&rsquo;a pas encore \u00e9t\u00e9 utilis\u00e9e.<\/p>\n<hr \/>\n<p style=\"text-align: center;\">VOIR LES CONDITIONS D&rsquo;UTILISATION COMPL\u00c8TES<br \/>\nPour plus d&rsquo;informations, veuillez consulter notre POLITIQUE DE CONFIDENTIALIT\u00c9.<\/p>\n","protected":false},"excerpt":{"rendered":"<p>HydraFacial Keravive est un traitement Hydrafacial sp\u00e9cifique con\u00e7u pour traiter les probl\u00e8mes li\u00e9s au cuir chevelu et aux cheveux. Il vise \u00e0 am\u00e9liorer la sant\u00e9 et l&rsquo;apparence du cuir chevelu et \u00e0 avoir un impact positif sur la qualit\u00e9 des cheveux.<\/p>\n<p>Il utilise la technologie de la machine Hydrafacial pour exfolier en douceur le cuir chevelu, \u00e9liminer les impuret\u00e9s et appliquer un s\u00e9rum sp\u00e9cialis\u00e9 contenant des ingr\u00e9dients b\u00e9n\u00e9fiques pour les cheveux et le cuir chevelu.<\/p>\n","protected":false},"featured_media":39600,"template":"","meta":{"site-sidebar-layout":"default","site-content-layout":"default","ast-site-content-layout":"default","site-content-style":"default","site-sidebar-style":"default","ast-global-header-display":"","ast-banner-title-visibility":"","ast-main-header-display":"","ast-hfb-above-header-display":"","ast-hfb-below-header-display":"","ast-hfb-mobile-header-display":"","site-post-title":"","ast-breadcrumbs-content":"","ast-featured-img":"","footer-sml-layout":"","theme-transparent-header-meta":"default","adv-header-id-meta":"","stick-header-meta":"","header-above-stick-meta":"","header-main-stick-meta":"","header-below-stick-meta":"","astra-migrate-meta-layouts":"set","ast-page-background-enabled":"default","ast-page-background-meta":{"desktop":{"background-color":"","background-image":"","background-repeat":"repeat","background-position":"center center","background-size":"auto","background-attachment":"scroll","background-type":"","background-media":"","overlay-type":"","overlay-color":"","overlay-gradient":""},"tablet":{"background-color":"","background-image":"","background-repeat":"repeat","background-position":"center center","background-size":"auto","background-attachment":"scroll","background-type":"","background-media":"","overlay-type":"","overlay-color":"","overlay-gradient":""},"mobile":{"background-color":"","background-image":"","background-repeat":"repeat","background-position":"center center","background-size":"auto","background-attachment":"scroll","background-type":"","background-media":"","overlay-type":"","overlay-color":"","overlay-gradient":""}},"ast-content-background-meta":{"desktop":{"background-color":"var(--ast-global-color-5)","background-image":"","background-repeat":"repeat","background-position":"center center","background-size":"auto","background-attachment":"scroll","background-type":"","background-media":"","overlay-type":"","overlay-color":"","overlay-gradient":""},"tablet":{"background-color":"var(--ast-global-color-5)","background-image":"","background-repeat":"repeat","background-position":"center center","background-size":"auto","background-attachment":"scroll","background-type":"","background-media":"","overlay-type":"","overlay-color":"","overlay-gradient":""},"mobile":{"background-color":"var(--ast-global-color-5)","background-image":"","background-repeat":"repeat","background-position":"center center","background-size":"auto","background-attachment":"scroll","background-type":"","background-media":"","overlay-type":"","overlay-color":"","overlay-gradient":""}}},"product_cat":[108],"product_tag":[],"giftcard-category":[96],"class_list":["post-39287","product","type-product","status-publish","has-post-thumbnail","hentry","product_cat-tarjeta-de-regalo-fr","giftcard-category-keravive","desktop-align-left","tablet-align-left","mobile-align-left"],"yoast_head":"<!-- This site is optimized with the Yoast SEO plugin v21.6 - https:\/\/yoast.com\/wordpress\/plugins\/seo\/ -->\n<title>Hydrafacial Keravive - The Essential Clinic<\/title>\n<meta name=\"robots\" content=\"index, follow, max-snippet:-1, max-image-preview:large, max-video-preview:-1\" \/>\n<link rel=\"canonical\" href=\"https:\/\/theessentialclinic.com\/fr\/produit\/hydrafacial-keravive\/\" \/>\n<meta property=\"og:locale\" content=\"fr_FR\" \/>\n<meta property=\"og:type\" content=\"article\" \/>\n<meta property=\"og:title\" content=\"Hydrafacial Keravive - The Essential Clinic\" \/>\n<meta property=\"og:description\" content=\"HydraFacial Keravive est un traitement Hydrafacial sp\u00e9cifique con\u00e7u pour traiter les probl\u00e8mes li\u00e9s au cuir chevelu et aux cheveux. Il vise \u00e0 am\u00e9liorer la sant\u00e9 et l&#039;apparence du cuir chevelu et \u00e0 avoir un impact positif sur la qualit\u00e9 des cheveux.  Il utilise la technologie de la machine Hydrafacial pour exfolier en douceur le cuir chevelu, \u00e9liminer les impuret\u00e9s et appliquer un s\u00e9rum sp\u00e9cialis\u00e9 contenant des ingr\u00e9dients b\u00e9n\u00e9fiques pour les cheveux et le cuir chevelu.\" \/>\n<meta property=\"og:url\" content=\"https:\/\/theessentialclinic.com\/fr\/produit\/hydrafacial-keravive\/\" \/>\n<meta property=\"og:site_name\" content=\"The Essential Clinic\" \/>\n<meta property=\"article:modified_time\" content=\"2023-11-24T14:36:43+00:00\" \/>\n<meta property=\"og:image\" content=\"https:\/\/theessentialclinic.com\/wp-content\/uploads\/2023\/11\/TheEssentialClinic_CarteCadeau_KeraviveH_1600x1200px.jpg\" \/>\n\t<meta property=\"og:image:width\" content=\"1601\" \/>\n\t<meta property=\"og:image:height\" content=\"1201\" \/>\n\t<meta property=\"og:image:type\" content=\"image\/jpeg\" \/>\n<meta name=\"twitter:card\" content=\"summary_large_image\" \/>\n<meta name=\"twitter:label1\" content=\"Dur\u00e9e de lecture estim\u00e9e\" \/>\n\t<meta name=\"twitter:data1\" content=\"2 minutes\" \/>\n<script type=\"application\/ld+json\" class=\"yoast-schema-graph\">{\"@context\":\"https:\/\/schema.org\",\"@graph\":[{\"@type\":\"WebPage\",\"@id\":\"https:\/\/theessentialclinic.com\/fr\/produit\/hydrafacial-keravive\/\",\"url\":\"https:\/\/theessentialclinic.com\/fr\/produit\/hydrafacial-keravive\/\",\"name\":\"Hydrafacial Keravive - The Essential Clinic\",\"isPartOf\":{\"@id\":\"https:\/\/theessentialclinic.com\/fr\/#website\"},\"datePublished\":\"2023-02-06T13:08:11+00:00\",\"dateModified\":\"2023-11-24T14:36:43+00:00\",\"breadcrumb\":{\"@id\":\"https:\/\/theessentialclinic.com\/fr\/produit\/hydrafacial-keravive\/#breadcrumb\"},\"inLanguage\":\"fr-FR\",\"potentialAction\":[{\"@type\":\"ReadAction\",\"target\":[\"https:\/\/theessentialclinic.com\/fr\/produit\/hydrafacial-keravive\/\"]}]},{\"@type\":\"BreadcrumbList\",\"@id\":\"https:\/\/theessentialclinic.com\/fr\/produit\/hydrafacial-keravive\/#breadcrumb\",\"itemListElement\":[{\"@type\":\"ListItem\",\"position\":1,\"name\":\"Accueil\",\"item\":\"https:\/\/theessentialclinic.com\/fr\/acceuil\/\"},{\"@type\":\"ListItem\",\"position\":2,\"name\":\"Boutique\",\"item\":\"https:\/\/theessentialclinic.com\/fr\/boutique\/\"},{\"@type\":\"ListItem\",\"position\":3,\"name\":\"Hydrafacial Keravive\"}]},{\"@type\":\"WebSite\",\"@id\":\"https:\/\/theessentialclinic.com\/fr\/#website\",\"url\":\"https:\/\/theessentialclinic.com\/fr\/\",\"name\":\"The Essential Clinic\",\"description\":\"Just another WordPress site\",\"publisher\":{\"@id\":\"https:\/\/theessentialclinic.com\/fr\/#organization\"},\"potentialAction\":[{\"@type\":\"SearchAction\",\"target\":{\"@type\":\"EntryPoint\",\"urlTemplate\":\"https:\/\/theessentialclinic.com\/fr\/?s={search_term_string}\"},\"query-input\":\"required name=search_term_string\"}],\"inLanguage\":\"fr-FR\"},{\"@type\":\"Organization\",\"@id\":\"https:\/\/theessentialclinic.com\/fr\/#organization\",\"name\":\"The Essential Clinic\",\"url\":\"https:\/\/theessentialclinic.com\/fr\/\",\"logo\":{\"@type\":\"ImageObject\",\"inLanguage\":\"fr-FR\",\"@id\":\"https:\/\/theessentialclinic.com\/fr\/#\/schema\/logo\/image\/\",\"url\":\"https:\/\/theessentialclinic.com\/wp-content\/uploads\/2022\/01\/logo_white.svg\",\"contentUrl\":\"https:\/\/theessentialclinic.com\/wp-content\/uploads\/2022\/01\/logo_white.svg\",\"width\":1080,\"height\":1080,\"caption\":\"The Essential Clinic\"},\"image\":{\"@id\":\"https:\/\/theessentialclinic.com\/fr\/#\/schema\/logo\/image\/\"}}]}<\/script>\n<!-- \/ Yoast SEO plugin. -->","yoast_head_json":{"title":"Hydrafacial Keravive - The Essential Clinic","robots":{"index":"index","follow":"follow","max-snippet":"max-snippet:-1","max-image-preview":"max-image-preview:large","max-video-preview":"max-video-preview:-1"},"canonical":"https:\/\/theessentialclinic.com\/fr\/produit\/hydrafacial-keravive\/","og_locale":"fr_FR","og_type":"article","og_title":"Hydrafacial Keravive - The Essential Clinic","og_description":"HydraFacial Keravive est un traitement Hydrafacial sp\u00e9cifique con\u00e7u pour traiter les probl\u00e8mes li\u00e9s au cuir chevelu et aux cheveux. Il vise \u00e0 am\u00e9liorer la sant\u00e9 et l'apparence du cuir chevelu et \u00e0 avoir un impact positif sur la qualit\u00e9 des cheveux.  Il utilise la technologie de la machine Hydrafacial pour exfolier en douceur le cuir chevelu, \u00e9liminer les impuret\u00e9s et appliquer un s\u00e9rum sp\u00e9cialis\u00e9 contenant des ingr\u00e9dients b\u00e9n\u00e9fiques pour les cheveux et le cuir chevelu.","og_url":"https:\/\/theessentialclinic.com\/fr\/produit\/hydrafacial-keravive\/","og_site_name":"The Essential Clinic","article_modified_time":"2023-11-24T14:36:43+00:00","og_image":[{"width":1601,"height":1201,"url":"https:\/\/theessentialclinic.com\/wp-content\/uploads\/2023\/11\/TheEssentialClinic_CarteCadeau_KeraviveH_1600x1200px.jpg","type":"image\/jpeg"}],"twitter_card":"summary_large_image","twitter_misc":{"Dur\u00e9e de lecture estim\u00e9e":"2 minutes"},"schema":{"@context":"https:\/\/schema.org","@graph":[{"@type":"WebPage","@id":"https:\/\/theessentialclinic.com\/fr\/produit\/hydrafacial-keravive\/","url":"https:\/\/theessentialclinic.com\/fr\/produit\/hydrafacial-keravive\/","name":"Hydrafacial Keravive - The Essential Clinic","isPartOf":{"@id":"https:\/\/theessentialclinic.com\/fr\/#website"},"datePublished":"2023-02-06T13:08:11+00:00","dateModified":"2023-11-24T14:36:43+00:00","breadcrumb":{"@id":"https:\/\/theessentialclinic.com\/fr\/produit\/hydrafacial-keravive\/#breadcrumb"},"inLanguage":"fr-FR","potentialAction":[{"@type":"ReadAction","target":["https:\/\/theessentialclinic.com\/fr\/produit\/hydrafacial-keravive\/"]}]},{"@type":"BreadcrumbList","@id":"https:\/\/theessentialclinic.com\/fr\/produit\/hydrafacial-keravive\/#breadcrumb","itemListElement":[{"@type":"ListItem","position":1,"name":"Accueil","item":"https:\/\/theessentialclinic.com\/fr\/acceuil\/"},{"@type":"ListItem","position":2,"name":"Boutique","item":"https:\/\/theessentialclinic.com\/fr\/boutique\/"},{"@type":"ListItem","position":3,"name":"Hydrafacial Keravive"}]},{"@type":"WebSite","@id":"https:\/\/theessentialclinic.com\/fr\/#website","url":"https:\/\/theessentialclinic.com\/fr\/","name":"The Essential Clinic","description":"Just another WordPress site","publisher":{"@id":"https:\/\/theessentialclinic.com\/fr\/#organization"},"potentialAction":[{"@type":"SearchAction","target":{"@type":"EntryPoint","urlTemplate":"https:\/\/theessentialclinic.com\/fr\/?s={search_term_string}"},"query-input":"required name=search_term_string"}],"inLanguage":"fr-FR"},{"@type":"Organization","@id":"https:\/\/theessentialclinic.com\/fr\/#organization","name":"The Essential Clinic","url":"https:\/\/theessentialclinic.com\/fr\/","logo":{"@type":"ImageObject","inLanguage":"fr-FR","@id":"https:\/\/theessentialclinic.com\/fr\/#\/schema\/logo\/image\/","url":"https:\/\/theessentialclinic.com\/wp-content\/uploads\/2022\/01\/logo_white.svg","contentUrl":"https:\/\/theessentialclinic.com\/wp-content\/uploads\/2022\/01\/logo_white.svg","width":1080,"height":1080,"caption":"The Essential Clinic"},"image":{"@id":"https:\/\/theessentialclinic.com\/fr\/#\/schema\/logo\/image\/"}}]}},"_links":{"self":[{"href":"https:\/\/theessentialclinic.com\/fr\/wp-json\/wp\/v2\/product\/39287","targetHints":{"allow":["GET"]}}],"collection":[{"href":"https:\/\/theessentialclinic.com\/fr\/wp-json\/wp\/v2\/product"}],"about":[{"href":"https:\/\/theessentialclinic.com\/fr\/wp-json\/wp\/v2\/types\/product"}],"wp:featuredmedia":[{"embeddable":true,"href":"https:\/\/theessentialclinic.com\/fr\/wp-json\/wp\/v2\/media\/39600"}],"wp:attachment":[{"href":"https:\/\/theessentialclinic.com\/fr\/wp-json\/wp\/v2\/media?parent=39287"}],"wp:term":[{"taxonomy":"product_cat","embeddable":true,"href":"https:\/\/theessentialclinic.com\/fr\/wp-json\/wp\/v2\/product_cat?post=39287"},{"taxonomy":"product_tag","embeddable":true,"href":"https:\/\/theessentialclinic.com\/fr\/wp-json\/wp\/v2\/product_tag?post=39287"},{"taxonomy":"giftcard-category","embeddable":true,"href":"https:\/\/theessentialclinic.com\/fr\/wp-json\/wp\/v2\/giftcard-category?post=39287"}],"curies":[{"name":"wp","href":"https:\/\/api.w.org\/{rel}","templated":true}]}}