{"id":39284,"date":"2023-02-06T14:22:11","date_gmt":"2023-02-06T13:22:11","guid":{"rendered":"https:\/\/theessentialclinic.com\/produit\/consulta-medica\/"},"modified":"2023-10-13T12:04:53","modified_gmt":"2023-10-13T10:04:53","slug":"consulta-medica","status":"publish","type":"product","link":"https:\/\/theessentialclinic.com\/fr\/produit\/consulta-medica\/","title":{"rendered":"Consultation m\u00e9dicale"},"content":{"rendered":"<p>Une consultation m\u00e9dico-esth\u00e9tique est un rendez-vous avec un professionnel de la sant\u00e9 sp\u00e9cialis\u00e9 dans les traitements et proc\u00e9dures esth\u00e9tiques dans le but de r\u00e9pondre aux pr\u00e9occupations li\u00e9es \u00e0 l&rsquo;apparence physique et au bien-\u00eatre du patient. Ces consultations portent sur des traitements non chirurgicaux et des proc\u00e9dures m\u00e9dico-esth\u00e9tiques visant \u00e0 am\u00e9liorer l&rsquo;apparence, l&rsquo;estime de soi et la confiance du patient. Voici en quoi consiste g\u00e9n\u00e9ralement une consultation m\u00e9dico-esth\u00e9tique :<\/p>\n<p>1. \u00c9valuation initiale : lors de la consultation m\u00e9dico-esth\u00e9tique, une \u00e9valuation d\u00e9taill\u00e9e du patient sera effectu\u00e9e. Elle comprendra un examen des ant\u00e9c\u00e9dents m\u00e9dicaux du patient et une discussion sur ses pr\u00e9occupations et ses objectifs esth\u00e9tiques.<\/p>\n<p>2. Examen physique : le m\u00e9decin proc\u00e9dera \u00e0 un examen physique, en se concentrant sur les zones sp\u00e9cifiques qui pr\u00e9occupent le patient. Il peut s&rsquo;agir de la peau, de sa texture, de son \u00e9lasticit\u00e9, des rides, de la graisse localis\u00e9e et d&rsquo;autres probl\u00e8mes li\u00e9s \u00e0 l&rsquo;apparence.<\/p>\n<p>3. Diagnostic et recommandations : Apr\u00e8s l&rsquo;\u00e9valuation, le m\u00e9decin \u00e9tablira un diagnostic sur la base des r\u00e9sultats et des pr\u00e9occupations du patient. Il ou elle discutera ensuite des options de traitement sp\u00e9cifiques et des recommandations. Il peut s&rsquo;agir de traitements de comblement dermique, de toxine botulique, de proc\u00e9dures au laser, de proc\u00e9dures de rajeunissement du visage, de traitements de perte de graisse localis\u00e9e, entre autres.<\/p>\n<p>4. Plan de traitement : une fois que le patient et le m\u00e9decin ont discut\u00e9 des options disponibles, un plan de traitement personnalis\u00e9 est \u00e9tabli. Il comprendra des d\u00e9tails sur la proc\u00e9dure, les r\u00e9sultats escompt\u00e9s, les co\u00fbts et toute pr\u00e9paration n\u00e9cessaire.<\/p>\n<hr \/>\n<p style=\"text-align: center;\">\ud83d\udc8c EXP\u00c9DITION<\/p>\n<p style=\"text-align: center;\">La CARTE CADEAU \u00e9lectronique est envoy\u00e9e par email, sans frais : au moment de l&rsquo;achat, un email de confirmation sera envoy\u00e9 au client indiquant le montant et les conditions g\u00e9n\u00e9rales de la carte cadeau \u00e9lectronique.<\/p>\n<hr \/>\n<p style=\"text-align: center;\">\u21a9\ufe0f\ufe0f RETOUR<\/p>\n<p style=\"text-align: center;\">Vous disposez d&rsquo;un d\u00e9lai de 14 jours pour retourner votre carte-cadeau \u00e9lectronique et obtenir un remboursement int\u00e9gral. Le remboursement n&rsquo;est valable que si la carte cadeau \u00e9lectronique n&rsquo;a pas encore \u00e9t\u00e9 utilis\u00e9e.<\/p>\n<hr \/>\n<p style=\"text-align: center;\">VOIR LES CONDITIONS D&rsquo;UTILISATION COMPL\u00c8TES<br \/>\nPour plus d&rsquo;informations, veuillez consulter notre POLITIQUE DE CONFIDENTIALIT\u00c9.<\/p>\n","protected":false},"excerpt":{"rendered":"<p>Une consultation m\u00e9dico-esth\u00e9tique est un rendez-vous avec un professionnel de la sant\u00e9 sp\u00e9cialis\u00e9 dans les traitements et proc\u00e9dures esth\u00e9tiques dans le but de r\u00e9pondre aux pr\u00e9occupations li\u00e9es \u00e0 l&rsquo;apparence physique et au bien-\u00eatre du patient. Ces consultations portent sur des traitements non chirurgicaux visant \u00e0 am\u00e9liorer l&rsquo;apparence, l&rsquo;estime de soi et la confiance du patient.<\/p>\n<p>Avant de subir une intervention esth\u00e9tique, il est essentiel de prendre rendez-vous pour une consultation m\u00e9dicale afin de discuter de vos besoins et de vos attentes, ainsi que de comprendre les risques et les avantages potentiels des traitements.<\/p>\n","protected":false},"featured_media":38073,"template":"","meta":{"site-sidebar-layout":"default","site-content-layout":"default","ast-site-content-layout":"default","site-content-style":"default","site-sidebar-style":"default","ast-global-header-display":"","ast-banner-title-visibility":"","ast-main-header-display":"","ast-hfb-above-header-display":"","ast-hfb-below-header-display":"","ast-hfb-mobile-header-display":"","site-post-title":"","ast-breadcrumbs-content":"","ast-featured-img":"","footer-sml-layout":"","theme-transparent-header-meta":"default","adv-header-id-meta":"","stick-header-meta":"","header-above-stick-meta":"","header-main-stick-meta":"","header-below-stick-meta":"","astra-migrate-meta-layouts":"set","ast-page-background-enabled":"default","ast-page-background-meta":{"desktop":{"background-color":"","background-image":"","background-repeat":"repeat","background-position":"center center","background-size":"auto","background-attachment":"scroll","background-type":"","background-media":"","overlay-type":"","overlay-color":"","overlay-gradient":""},"tablet":{"background-color":"","background-image":"","background-repeat":"repeat","background-position":"center center","background-size":"auto","background-attachment":"scroll","background-type":"","background-media":"","overlay-type":"","overlay-color":"","overlay-gradient":""},"mobile":{"background-color":"","background-image":"","background-repeat":"repeat","background-position":"center center","background-size":"auto","background-attachment":"scroll","background-type":"","background-media":"","overlay-type":"","overlay-color":"","overlay-gradient":""}},"ast-content-background-meta":{"desktop":{"background-color":"var(--ast-global-color-5)","background-image":"","background-repeat":"repeat","background-position":"center center","background-size":"auto","background-attachment":"scroll","background-type":"","background-media":"","overlay-type":"","overlay-color":"","overlay-gradient":""},"tablet":{"background-color":"var(--ast-global-color-5)","background-image":"","background-repeat":"repeat","background-position":"center center","background-size":"auto","background-attachment":"scroll","background-type":"","background-media":"","overlay-type":"","overlay-color":"","overlay-gradient":""},"mobile":{"background-color":"var(--ast-global-color-5)","background-image":"","background-repeat":"repeat","background-position":"center center","background-size":"auto","background-attachment":"scroll","background-type":"","background-media":"","overlay-type":"","overlay-color":"","overlay-gradient":""}}},"product_cat":[108],"product_tag":[],"giftcard-category":[82],"class_list":["post-39284","product","type-product","status-publish","has-post-thumbnail","hentry","product_cat-tarjeta-de-regalo-fr","giftcard-category-none","desktop-align-left","tablet-align-left","mobile-align-left"],"yoast_head":"<!-- This site is optimized with the Yoast SEO plugin v21.6 - https:\/\/yoast.com\/wordpress\/plugins\/seo\/ -->\n<title>Consultation m\u00e9dicale - The Essential Clinic<\/title>\n<meta name=\"robots\" content=\"index, follow, max-snippet:-1, max-image-preview:large, max-video-preview:-1\" \/>\n<link rel=\"canonical\" href=\"https:\/\/theessentialclinic.com\/fr\/produit\/consulta-medica\/\" \/>\n<meta property=\"og:locale\" content=\"fr_FR\" \/>\n<meta property=\"og:type\" content=\"article\" \/>\n<meta property=\"og:title\" content=\"Consultation m\u00e9dicale - The Essential Clinic\" \/>\n<meta property=\"og:description\" content=\"Une consultation m\u00e9dico-esth\u00e9tique est un rendez-vous avec un professionnel de la sant\u00e9 sp\u00e9cialis\u00e9 dans les traitements et proc\u00e9dures esth\u00e9tiques dans le but de r\u00e9pondre aux pr\u00e9occupations li\u00e9es \u00e0 l&#039;apparence physique et au bien-\u00eatre du patient. Ces consultations portent sur des traitements non chirurgicaux visant \u00e0 am\u00e9liorer l&#039;apparence, l&#039;estime de soi et la confiance du patient.  Avant de subir une intervention esth\u00e9tique, il est essentiel de prendre rendez-vous pour une consultation m\u00e9dicale afin de discuter de vos besoins et de vos attentes, ainsi que de comprendre les risques et les avantages potentiels des traitements.\" \/>\n<meta property=\"og:url\" content=\"https:\/\/theessentialclinic.com\/fr\/produit\/consulta-medica\/\" \/>\n<meta property=\"og:site_name\" content=\"The Essential Clinic\" \/>\n<meta property=\"article:modified_time\" content=\"2023-10-13T10:04:53+00:00\" \/>\n<meta property=\"og:image\" content=\"https:\/\/theessentialclinic.com\/wp-content\/uploads\/2023\/10\/TheEssentialClinic_CarteCadeau_Consulta_1600x1200px_FR-1.jpg\" \/>\n\t<meta property=\"og:image:width\" content=\"1601\" \/>\n\t<meta property=\"og:image:height\" content=\"1200\" \/>\n\t<meta property=\"og:image:type\" content=\"image\/jpeg\" \/>\n<meta name=\"twitter:card\" content=\"summary_large_image\" \/>\n<meta name=\"twitter:label1\" content=\"Dur\u00e9e de lecture estim\u00e9e\" \/>\n\t<meta name=\"twitter:data1\" content=\"2 minutes\" \/>\n<script type=\"application\/ld+json\" class=\"yoast-schema-graph\">{\"@context\":\"https:\/\/schema.org\",\"@graph\":[{\"@type\":\"WebPage\",\"@id\":\"https:\/\/theessentialclinic.com\/fr\/produit\/consulta-medica\/\",\"url\":\"https:\/\/theessentialclinic.com\/fr\/produit\/consulta-medica\/\",\"name\":\"Consultation m\u00e9dicale - The Essential Clinic\",\"isPartOf\":{\"@id\":\"https:\/\/theessentialclinic.com\/fr\/#website\"},\"datePublished\":\"2023-02-06T13:22:11+00:00\",\"dateModified\":\"2023-10-13T10:04:53+00:00\",\"breadcrumb\":{\"@id\":\"https:\/\/theessentialclinic.com\/fr\/produit\/consulta-medica\/#breadcrumb\"},\"inLanguage\":\"fr-FR\",\"potentialAction\":[{\"@type\":\"ReadAction\",\"target\":[\"https:\/\/theessentialclinic.com\/fr\/produit\/consulta-medica\/\"]}]},{\"@type\":\"BreadcrumbList\",\"@id\":\"https:\/\/theessentialclinic.com\/fr\/produit\/consulta-medica\/#breadcrumb\",\"itemListElement\":[{\"@type\":\"ListItem\",\"position\":1,\"name\":\"Accueil\",\"item\":\"https:\/\/theessentialclinic.com\/fr\/acceuil\/\"},{\"@type\":\"ListItem\",\"position\":2,\"name\":\"Boutique\",\"item\":\"https:\/\/theessentialclinic.com\/fr\/boutique\/\"},{\"@type\":\"ListItem\",\"position\":3,\"name\":\"Consultation m\u00e9dicale\"}]},{\"@type\":\"WebSite\",\"@id\":\"https:\/\/theessentialclinic.com\/fr\/#website\",\"url\":\"https:\/\/theessentialclinic.com\/fr\/\",\"name\":\"The Essential Clinic\",\"description\":\"Just another WordPress site\",\"publisher\":{\"@id\":\"https:\/\/theessentialclinic.com\/fr\/#organization\"},\"potentialAction\":[{\"@type\":\"SearchAction\",\"target\":{\"@type\":\"EntryPoint\",\"urlTemplate\":\"https:\/\/theessentialclinic.com\/fr\/?s={search_term_string}\"},\"query-input\":\"required name=search_term_string\"}],\"inLanguage\":\"fr-FR\"},{\"@type\":\"Organization\",\"@id\":\"https:\/\/theessentialclinic.com\/fr\/#organization\",\"name\":\"The Essential Clinic\",\"url\":\"https:\/\/theessentialclinic.com\/fr\/\",\"logo\":{\"@type\":\"ImageObject\",\"inLanguage\":\"fr-FR\",\"@id\":\"https:\/\/theessentialclinic.com\/fr\/#\/schema\/logo\/image\/\",\"url\":\"https:\/\/theessentialclinic.com\/wp-content\/uploads\/2022\/01\/logo_white.svg\",\"contentUrl\":\"https:\/\/theessentialclinic.com\/wp-content\/uploads\/2022\/01\/logo_white.svg\",\"width\":1080,\"height\":1080,\"caption\":\"The Essential Clinic\"},\"image\":{\"@id\":\"https:\/\/theessentialclinic.com\/fr\/#\/schema\/logo\/image\/\"}}]}<\/script>\n<!-- \/ Yoast SEO plugin. -->","yoast_head_json":{"title":"Consultation m\u00e9dicale - The Essential Clinic","robots":{"index":"index","follow":"follow","max-snippet":"max-snippet:-1","max-image-preview":"max-image-preview:large","max-video-preview":"max-video-preview:-1"},"canonical":"https:\/\/theessentialclinic.com\/fr\/produit\/consulta-medica\/","og_locale":"fr_FR","og_type":"article","og_title":"Consultation m\u00e9dicale - The Essential Clinic","og_description":"Une consultation m\u00e9dico-esth\u00e9tique est un rendez-vous avec un professionnel de la sant\u00e9 sp\u00e9cialis\u00e9 dans les traitements et proc\u00e9dures esth\u00e9tiques dans le but de r\u00e9pondre aux pr\u00e9occupations li\u00e9es \u00e0 l'apparence physique et au bien-\u00eatre du patient. Ces consultations portent sur des traitements non chirurgicaux visant \u00e0 am\u00e9liorer l'apparence, l'estime de soi et la confiance du patient.  Avant de subir une intervention esth\u00e9tique, il est essentiel de prendre rendez-vous pour une consultation m\u00e9dicale afin de discuter de vos besoins et de vos attentes, ainsi que de comprendre les risques et les avantages potentiels des traitements.","og_url":"https:\/\/theessentialclinic.com\/fr\/produit\/consulta-medica\/","og_site_name":"The Essential Clinic","article_modified_time":"2023-10-13T10:04:53+00:00","og_image":[{"width":1601,"height":1200,"url":"https:\/\/theessentialclinic.com\/wp-content\/uploads\/2023\/10\/TheEssentialClinic_CarteCadeau_Consulta_1600x1200px_FR-1.jpg","type":"image\/jpeg"}],"twitter_card":"summary_large_image","twitter_misc":{"Dur\u00e9e de lecture estim\u00e9e":"2 minutes"},"schema":{"@context":"https:\/\/schema.org","@graph":[{"@type":"WebPage","@id":"https:\/\/theessentialclinic.com\/fr\/produit\/consulta-medica\/","url":"https:\/\/theessentialclinic.com\/fr\/produit\/consulta-medica\/","name":"Consultation m\u00e9dicale - The Essential Clinic","isPartOf":{"@id":"https:\/\/theessentialclinic.com\/fr\/#website"},"datePublished":"2023-02-06T13:22:11+00:00","dateModified":"2023-10-13T10:04:53+00:00","breadcrumb":{"@id":"https:\/\/theessentialclinic.com\/fr\/produit\/consulta-medica\/#breadcrumb"},"inLanguage":"fr-FR","potentialAction":[{"@type":"ReadAction","target":["https:\/\/theessentialclinic.com\/fr\/produit\/consulta-medica\/"]}]},{"@type":"BreadcrumbList","@id":"https:\/\/theessentialclinic.com\/fr\/produit\/consulta-medica\/#breadcrumb","itemListElement":[{"@type":"ListItem","position":1,"name":"Accueil","item":"https:\/\/theessentialclinic.com\/fr\/acceuil\/"},{"@type":"ListItem","position":2,"name":"Boutique","item":"https:\/\/theessentialclinic.com\/fr\/boutique\/"},{"@type":"ListItem","position":3,"name":"Consultation m\u00e9dicale"}]},{"@type":"WebSite","@id":"https:\/\/theessentialclinic.com\/fr\/#website","url":"https:\/\/theessentialclinic.com\/fr\/","name":"The Essential Clinic","description":"Just another WordPress site","publisher":{"@id":"https:\/\/theessentialclinic.com\/fr\/#organization"},"potentialAction":[{"@type":"SearchAction","target":{"@type":"EntryPoint","urlTemplate":"https:\/\/theessentialclinic.com\/fr\/?s={search_term_string}"},"query-input":"required name=search_term_string"}],"inLanguage":"fr-FR"},{"@type":"Organization","@id":"https:\/\/theessentialclinic.com\/fr\/#organization","name":"The Essential Clinic","url":"https:\/\/theessentialclinic.com\/fr\/","logo":{"@type":"ImageObject","inLanguage":"fr-FR","@id":"https:\/\/theessentialclinic.com\/fr\/#\/schema\/logo\/image\/","url":"https:\/\/theessentialclinic.com\/wp-content\/uploads\/2022\/01\/logo_white.svg","contentUrl":"https:\/\/theessentialclinic.com\/wp-content\/uploads\/2022\/01\/logo_white.svg","width":1080,"height":1080,"caption":"The Essential Clinic"},"image":{"@id":"https:\/\/theessentialclinic.com\/fr\/#\/schema\/logo\/image\/"}}]}},"_links":{"self":[{"href":"https:\/\/theessentialclinic.com\/fr\/wp-json\/wp\/v2\/product\/39284","targetHints":{"allow":["GET"]}}],"collection":[{"href":"https:\/\/theessentialclinic.com\/fr\/wp-json\/wp\/v2\/product"}],"about":[{"href":"https:\/\/theessentialclinic.com\/fr\/wp-json\/wp\/v2\/types\/product"}],"wp:featuredmedia":[{"embeddable":true,"href":"https:\/\/theessentialclinic.com\/fr\/wp-json\/wp\/v2\/media\/38073"}],"wp:attachment":[{"href":"https:\/\/theessentialclinic.com\/fr\/wp-json\/wp\/v2\/media?parent=39284"}],"wp:term":[{"taxonomy":"product_cat","embeddable":true,"href":"https:\/\/theessentialclinic.com\/fr\/wp-json\/wp\/v2\/product_cat?post=39284"},{"taxonomy":"product_tag","embeddable":true,"href":"https:\/\/theessentialclinic.com\/fr\/wp-json\/wp\/v2\/product_tag?post=39284"},{"taxonomy":"giftcard-category","embeddable":true,"href":"https:\/\/theessentialclinic.com\/fr\/wp-json\/wp\/v2\/giftcard-category?post=39284"}],"curies":[{"name":"wp","href":"https:\/\/api.w.org\/{rel}","templated":true}]}}