{"id":39281,"date":"2023-10-13T10:53:11","date_gmt":"2023-10-13T08:53:11","guid":{"rendered":"https:\/\/theessentialclinic.com\/produit\/zo-skin-health\/"},"modified":"2023-12-06T14:37:46","modified_gmt":"2023-12-06T13:37:46","slug":"zo-skin-health","status":"publish","type":"product","link":"https:\/\/theessentialclinic.com\/fr\/produit\/zo-skin-health\/","title":{"rendered":"Zo Skin Health"},"content":{"rendered":"<p>&nbsp;<\/p>\n<p>Les produits ZO Skin Health sont une ligne de soins de haute qualit\u00e9 con\u00e7ue pour am\u00e9liorer la sant\u00e9 et l&rsquo;apparence de la peau.<\/p>\n<p>Ces produits utilisent des ingr\u00e9dients scientifiquement prouv\u00e9s, tels que le r\u00e9tinol, les antioxydants et les peptides, pour rajeunir la peau et obtenir des r\u00e9sultats visibles. La gamme comprend des s\u00e9rums, des hydratants, des exfoliants et des \u00e9crans solaires, ce qui en fait une solution compl\u00e8te de soins de la peau.<\/p>\n<p>Choisir ZO Skin Health comme marque de soins de la peau peut s&rsquo;av\u00e9rer un choix judicieux pour un certain nombre de raisons :<\/p>\n<p>&#8211; Formulation avanc\u00e9e &#8211; ZO Skin Health est fi\u00e8re d&rsquo;utiliser des ingr\u00e9dients de haute qualit\u00e9 et des formules scientifiquement prouv\u00e9es dans ses produits. Cela signifie que vous pouvez faire confiance \u00e0 l&rsquo;efficacit\u00e9 et \u00e0 la s\u00e9curit\u00e9 de leurs produits pour r\u00e9pondre \u00e0 une grande vari\u00e9t\u00e9 de probl\u00e8mes de peau.<br \/>\n&#8211; Approche globale : ZO Skin Health propose une gamme compl\u00e8te de produits de soins de la peau, allant des nettoyants et exfoliants aux s\u00e9rums et \u00e9crans solaires. Cela vous permet de cr\u00e9er une routine de soins de la peau personnalis\u00e9e pour r\u00e9pondre \u00e0 vos besoins sp\u00e9cifiques.<br \/>\n&#8211; Des r\u00e9sultats visibles : de nombreux utilisateurs ont fait \u00e9tat de r\u00e9sultats visibles apr\u00e8s avoir utilis\u00e9 les produits ZO Skin Health, notamment une peau plus lisse, plus ferme et d&rsquo;apparence plus jeune. Ces produits sont con\u00e7us pour r\u00e9pondre \u00e0 des probl\u00e8mes courants tels que le vieillissement, la pigmentation in\u00e9gale et l&rsquo;acn\u00e9.<br \/>\n&#8211; Soutenue par un expert : la marque a \u00e9t\u00e9 fond\u00e9e par le Dr Zein Obagi, un dermatologue de renomm\u00e9e internationale qui poss\u00e8de une vaste exp\u00e9rience dans le domaine des soins de la peau. Son expertise et son engagement dans la recherche sont \u00e0 la base de la qualit\u00e9 des produits.<br \/>\n&#8211; Personnalisation : ZO Skin Health reconna\u00eet que toutes les peaux ne sont pas identiques, c&rsquo;est pourquoi elle propose des options pour diff\u00e9rents types de peau et diff\u00e9rents probl\u00e8mes. Cela vous permet de trouver des produits sp\u00e9cifiquement adapt\u00e9s \u00e0 vos besoins.<br \/>\n&#8211; Des progr\u00e8s constants en mati\u00e8re de recherche : La marque se consacre \u00e0 la recherche continue en dermatologie et en soins de la peau, ce qui lui permet de d\u00e9velopper et d&rsquo;am\u00e9liorer constamment ses produits.<\/p>\n<p>&nbsp;<\/p>\n<hr \/>\n<p style=\"text-align: center;\">\u00a0<strong>IMPORTANT<\/strong><\/p>\n<p style=\"text-align: center;\">Tous les produits dermatologiques de Zo Skin Health ne peuvent \u00eatre achet\u00e9s que sur prescription m\u00e9dicale. uniquement sur ordonnance.<\/p>\n<hr \/>\n<p style=\"text-align: center;\"><strong>INDICATIONS<\/strong><\/p>\n<p style=\"text-align: center;\">1. Il est n\u00e9cessaire de proc\u00e9der \u00e0 une \u00e9valuation m\u00e9dicale pr\u00e9alable en personne ou par vid\u00e9oconsultation avec l&rsquo;un de nos sp\u00e9cialistes.<br \/>\nUne vid\u00e9oconsultation avec l&rsquo;un de nos sp\u00e9cialistes est n\u00e9cessaire pour \u00e9valuer votre cas.<br \/>\n2) Apr\u00e8s l&rsquo;\u00e9valuation m\u00e9dicale, les produits peuvent \u00eatre obtenus de la mani\u00e8re suivante :<br \/>\n&#8211; PRESENT : Dans nos locaux situ\u00e9s \u00e0 Rambla Catalunya 16, 2-<br \/>\n2 Barcelone &#8211; Espagne. Mobile : +34 644 199 919.<br \/>\n&#8211; EN LIGNE : Vous recevrez un code de prescription que vous pourrez utiliser pour acc\u00e9der \u00e0 clinicstore.com.<br \/>\nUtilisez-le lorsque vous acc\u00e9dez \u00e0 clinicstore.es pour acheter les produits prescrits et vous les recevrez \u00e0 votre domicile.<br \/>\net vous les recevrez \u00e0 votre domicile en 24-48 heures.<\/p>\n<p style=\"text-align: center;\"><a class=\"button alt\" href=\"https:\/\/wa.link\/upsxuz\" target=\"_blank\" rel=\"nofollow noopener\">Prenez rendez-vous<\/a><\/p>\n<hr \/>\n<p style=\"text-align: center;\"><a href=\"https:\/\/theessentialclinic.com\/fr\/conditions-generales-de-vente\/\" target=\"_blank\" rel=\"noopener\">VOIR LES CONDITIONS D&rsquo;UTILISATION COMPL\u00c8TES<\/a><br \/>\nPour plus d&rsquo;informations, veuillez consulter notre <a href=\"https:\/\/theessentialclinic.com\/fr\/politique-de-confidentialite\/\" target=\"_blank\" rel=\"noopener\">POLITIQUE DE CONFIDENTIALIT\u00c9.<\/a><\/p>\n","protected":false},"excerpt":{"rendered":"<p>Les produits ZO Skin Health sont une ligne de soins de haute qualit\u00e9 con\u00e7ue pour am\u00e9liorer la sant\u00e9 et l&rsquo;apparence de la peau.<\/p>\n<p>Ces produits utilisent des ingr\u00e9dients scientifiquement prouv\u00e9s, tels que le r\u00e9tinol, les antioxydants et les peptides, pour rajeunir la peau et obtenir des r\u00e9sultats visibles. La gamme comprend des s\u00e9rums, des cr\u00e8mes hydratantes, des exfoliants et des \u00e9crans solaires, ce qui en fait une solution compl\u00e8te de soins de la peau.<\/p>\n","protected":false},"featured_media":39280,"template":"","meta":{"site-sidebar-layout":"default","site-content-layout":"","ast-site-content-layout":"default","site-content-style":"default","site-sidebar-style":"default","ast-global-header-display":"","ast-banner-title-visibility":"","ast-main-header-display":"","ast-hfb-above-header-display":"","ast-hfb-below-header-display":"","ast-hfb-mobile-header-display":"","site-post-title":"","ast-breadcrumbs-content":"","ast-featured-img":"","footer-sml-layout":"","theme-transparent-header-meta":"default","adv-header-id-meta":"","stick-header-meta":"","header-above-stick-meta":"","header-main-stick-meta":"","header-below-stick-meta":"","astra-migrate-meta-layouts":"","ast-page-background-enabled":"default","ast-page-background-meta":{"desktop":{"background-color":"","background-image":"","background-repeat":"repeat","background-position":"center center","background-size":"auto","background-attachment":"scroll","background-type":"","background-media":"","overlay-type":"","overlay-color":"","overlay-gradient":""},"tablet":{"background-color":"","background-image":"","background-repeat":"repeat","background-position":"center center","background-size":"auto","background-attachment":"scroll","background-type":"","background-media":"","overlay-type":"","overlay-color":"","overlay-gradient":""},"mobile":{"background-color":"","background-image":"","background-repeat":"repeat","background-position":"center center","background-size":"auto","background-attachment":"scroll","background-type":"","background-media":"","overlay-type":"","overlay-color":"","overlay-gradient":""}},"ast-content-background-meta":{"desktop":{"background-color":"var(--ast-global-color-5)","background-image":"","background-repeat":"repeat","background-position":"center center","background-size":"auto","background-attachment":"scroll","background-type":"","background-media":"","overlay-type":"","overlay-color":"","overlay-gradient":""},"tablet":{"background-color":"var(--ast-global-color-5)","background-image":"","background-repeat":"repeat","background-position":"center center","background-size":"auto","background-attachment":"scroll","background-type":"","background-media":"","overlay-type":"","overlay-color":"","overlay-gradient":""},"mobile":{"background-color":"var(--ast-global-color-5)","background-image":"","background-repeat":"repeat","background-position":"center center","background-size":"auto","background-attachment":"scroll","background-type":"","background-media":"","overlay-type":"","overlay-color":"","overlay-gradient":""}}},"product_cat":[105],"product_tag":[],"giftcard-category":[],"class_list":["post-39281","product","type-product","status-publish","has-post-thumbnail","hentry","product_cat-productos-fr","desktop-align-left","tablet-align-left","mobile-align-left"],"yoast_head":"<!-- This site is optimized with the Yoast SEO plugin v21.6 - https:\/\/yoast.com\/wordpress\/plugins\/seo\/ -->\n<title>Zo Skin Health - The Essential Clinic<\/title>\n<meta name=\"robots\" content=\"index, follow, max-snippet:-1, max-image-preview:large, max-video-preview:-1\" \/>\n<link rel=\"canonical\" href=\"https:\/\/theessentialclinic.com\/fr\/produit\/zo-skin-health\/\" \/>\n<meta property=\"og:locale\" content=\"fr_FR\" \/>\n<meta property=\"og:type\" content=\"article\" \/>\n<meta property=\"og:title\" content=\"Zo Skin Health - The Essential Clinic\" \/>\n<meta property=\"og:description\" content=\"Les produits ZO Skin Health sont une ligne de soins de haute qualit\u00e9 con\u00e7ue pour am\u00e9liorer la sant\u00e9 et l&#039;apparence de la peau.  Ces produits utilisent des ingr\u00e9dients scientifiquement prouv\u00e9s, tels que le r\u00e9tinol, les antioxydants et les peptides, pour rajeunir la peau et obtenir des r\u00e9sultats visibles. La gamme comprend des s\u00e9rums, des cr\u00e8mes hydratantes, des exfoliants et des \u00e9crans solaires, ce qui en fait une solution compl\u00e8te de soins de la peau.\" \/>\n<meta property=\"og:url\" content=\"https:\/\/theessentialclinic.com\/fr\/produit\/zo-skin-health\/\" \/>\n<meta property=\"og:site_name\" content=\"The Essential Clinic\" \/>\n<meta property=\"article:modified_time\" content=\"2023-12-06T13:37:46+00:00\" \/>\n<meta property=\"og:image\" content=\"https:\/\/theessentialclinic.com\/wp-content\/uploads\/2023\/10\/TheEssentialClinic_CarteCadeau_ZoSkin_1600x1200px-1.jpg\" \/>\n\t<meta property=\"og:image:width\" content=\"1601\" \/>\n\t<meta property=\"og:image:height\" content=\"1201\" \/>\n\t<meta property=\"og:image:type\" content=\"image\/jpeg\" \/>\n<meta name=\"twitter:card\" content=\"summary_large_image\" \/>\n<meta name=\"twitter:label1\" content=\"Dur\u00e9e de lecture estim\u00e9e\" \/>\n\t<meta name=\"twitter:data1\" content=\"3 minutes\" \/>\n<script type=\"application\/ld+json\" class=\"yoast-schema-graph\">{\"@context\":\"https:\/\/schema.org\",\"@graph\":[{\"@type\":\"WebPage\",\"@id\":\"https:\/\/theessentialclinic.com\/fr\/produit\/zo-skin-health\/\",\"url\":\"https:\/\/theessentialclinic.com\/fr\/produit\/zo-skin-health\/\",\"name\":\"Zo Skin Health - The Essential Clinic\",\"isPartOf\":{\"@id\":\"https:\/\/theessentialclinic.com\/fr\/#website\"},\"datePublished\":\"2023-10-13T08:53:11+00:00\",\"dateModified\":\"2023-12-06T13:37:46+00:00\",\"breadcrumb\":{\"@id\":\"https:\/\/theessentialclinic.com\/fr\/produit\/zo-skin-health\/#breadcrumb\"},\"inLanguage\":\"fr-FR\",\"potentialAction\":[{\"@type\":\"ReadAction\",\"target\":[\"https:\/\/theessentialclinic.com\/fr\/produit\/zo-skin-health\/\"]}]},{\"@type\":\"BreadcrumbList\",\"@id\":\"https:\/\/theessentialclinic.com\/fr\/produit\/zo-skin-health\/#breadcrumb\",\"itemListElement\":[{\"@type\":\"ListItem\",\"position\":1,\"name\":\"Accueil\",\"item\":\"https:\/\/theessentialclinic.com\/fr\/acceuil\/\"},{\"@type\":\"ListItem\",\"position\":2,\"name\":\"Boutique\",\"item\":\"https:\/\/theessentialclinic.com\/fr\/boutique\/\"},{\"@type\":\"ListItem\",\"position\":3,\"name\":\"Zo Skin Health\"}]},{\"@type\":\"WebSite\",\"@id\":\"https:\/\/theessentialclinic.com\/fr\/#website\",\"url\":\"https:\/\/theessentialclinic.com\/fr\/\",\"name\":\"The Essential Clinic\",\"description\":\"Just another WordPress site\",\"publisher\":{\"@id\":\"https:\/\/theessentialclinic.com\/fr\/#organization\"},\"potentialAction\":[{\"@type\":\"SearchAction\",\"target\":{\"@type\":\"EntryPoint\",\"urlTemplate\":\"https:\/\/theessentialclinic.com\/fr\/?s={search_term_string}\"},\"query-input\":\"required name=search_term_string\"}],\"inLanguage\":\"fr-FR\"},{\"@type\":\"Organization\",\"@id\":\"https:\/\/theessentialclinic.com\/fr\/#organization\",\"name\":\"The Essential Clinic\",\"url\":\"https:\/\/theessentialclinic.com\/fr\/\",\"logo\":{\"@type\":\"ImageObject\",\"inLanguage\":\"fr-FR\",\"@id\":\"https:\/\/theessentialclinic.com\/fr\/#\/schema\/logo\/image\/\",\"url\":\"https:\/\/theessentialclinic.com\/wp-content\/uploads\/2022\/01\/logo_white.svg\",\"contentUrl\":\"https:\/\/theessentialclinic.com\/wp-content\/uploads\/2022\/01\/logo_white.svg\",\"width\":1080,\"height\":1080,\"caption\":\"The Essential Clinic\"},\"image\":{\"@id\":\"https:\/\/theessentialclinic.com\/fr\/#\/schema\/logo\/image\/\"}}]}<\/script>\n<!-- \/ Yoast SEO plugin. -->","yoast_head_json":{"title":"Zo Skin Health - The Essential Clinic","robots":{"index":"index","follow":"follow","max-snippet":"max-snippet:-1","max-image-preview":"max-image-preview:large","max-video-preview":"max-video-preview:-1"},"canonical":"https:\/\/theessentialclinic.com\/fr\/produit\/zo-skin-health\/","og_locale":"fr_FR","og_type":"article","og_title":"Zo Skin Health - The Essential Clinic","og_description":"Les produits ZO Skin Health sont une ligne de soins de haute qualit\u00e9 con\u00e7ue pour am\u00e9liorer la sant\u00e9 et l'apparence de la peau.  Ces produits utilisent des ingr\u00e9dients scientifiquement prouv\u00e9s, tels que le r\u00e9tinol, les antioxydants et les peptides, pour rajeunir la peau et obtenir des r\u00e9sultats visibles. La gamme comprend des s\u00e9rums, des cr\u00e8mes hydratantes, des exfoliants et des \u00e9crans solaires, ce qui en fait une solution compl\u00e8te de soins de la peau.","og_url":"https:\/\/theessentialclinic.com\/fr\/produit\/zo-skin-health\/","og_site_name":"The Essential Clinic","article_modified_time":"2023-12-06T13:37:46+00:00","og_image":[{"width":1601,"height":1201,"url":"https:\/\/theessentialclinic.com\/wp-content\/uploads\/2023\/10\/TheEssentialClinic_CarteCadeau_ZoSkin_1600x1200px-1.jpg","type":"image\/jpeg"}],"twitter_card":"summary_large_image","twitter_misc":{"Dur\u00e9e de lecture estim\u00e9e":"3 minutes"},"schema":{"@context":"https:\/\/schema.org","@graph":[{"@type":"WebPage","@id":"https:\/\/theessentialclinic.com\/fr\/produit\/zo-skin-health\/","url":"https:\/\/theessentialclinic.com\/fr\/produit\/zo-skin-health\/","name":"Zo Skin Health - The Essential Clinic","isPartOf":{"@id":"https:\/\/theessentialclinic.com\/fr\/#website"},"datePublished":"2023-10-13T08:53:11+00:00","dateModified":"2023-12-06T13:37:46+00:00","breadcrumb":{"@id":"https:\/\/theessentialclinic.com\/fr\/produit\/zo-skin-health\/#breadcrumb"},"inLanguage":"fr-FR","potentialAction":[{"@type":"ReadAction","target":["https:\/\/theessentialclinic.com\/fr\/produit\/zo-skin-health\/"]}]},{"@type":"BreadcrumbList","@id":"https:\/\/theessentialclinic.com\/fr\/produit\/zo-skin-health\/#breadcrumb","itemListElement":[{"@type":"ListItem","position":1,"name":"Accueil","item":"https:\/\/theessentialclinic.com\/fr\/acceuil\/"},{"@type":"ListItem","position":2,"name":"Boutique","item":"https:\/\/theessentialclinic.com\/fr\/boutique\/"},{"@type":"ListItem","position":3,"name":"Zo Skin Health"}]},{"@type":"WebSite","@id":"https:\/\/theessentialclinic.com\/fr\/#website","url":"https:\/\/theessentialclinic.com\/fr\/","name":"The Essential Clinic","description":"Just another WordPress site","publisher":{"@id":"https:\/\/theessentialclinic.com\/fr\/#organization"},"potentialAction":[{"@type":"SearchAction","target":{"@type":"EntryPoint","urlTemplate":"https:\/\/theessentialclinic.com\/fr\/?s={search_term_string}"},"query-input":"required name=search_term_string"}],"inLanguage":"fr-FR"},{"@type":"Organization","@id":"https:\/\/theessentialclinic.com\/fr\/#organization","name":"The Essential Clinic","url":"https:\/\/theessentialclinic.com\/fr\/","logo":{"@type":"ImageObject","inLanguage":"fr-FR","@id":"https:\/\/theessentialclinic.com\/fr\/#\/schema\/logo\/image\/","url":"https:\/\/theessentialclinic.com\/wp-content\/uploads\/2022\/01\/logo_white.svg","contentUrl":"https:\/\/theessentialclinic.com\/wp-content\/uploads\/2022\/01\/logo_white.svg","width":1080,"height":1080,"caption":"The Essential Clinic"},"image":{"@id":"https:\/\/theessentialclinic.com\/fr\/#\/schema\/logo\/image\/"}}]}},"_links":{"self":[{"href":"https:\/\/theessentialclinic.com\/fr\/wp-json\/wp\/v2\/product\/39281","targetHints":{"allow":["GET"]}}],"collection":[{"href":"https:\/\/theessentialclinic.com\/fr\/wp-json\/wp\/v2\/product"}],"about":[{"href":"https:\/\/theessentialclinic.com\/fr\/wp-json\/wp\/v2\/types\/product"}],"wp:featuredmedia":[{"embeddable":true,"href":"https:\/\/theessentialclinic.com\/fr\/wp-json\/wp\/v2\/media\/39280"}],"wp:attachment":[{"href":"https:\/\/theessentialclinic.com\/fr\/wp-json\/wp\/v2\/media?parent=39281"}],"wp:term":[{"taxonomy":"product_cat","embeddable":true,"href":"https:\/\/theessentialclinic.com\/fr\/wp-json\/wp\/v2\/product_cat?post=39281"},{"taxonomy":"product_tag","embeddable":true,"href":"https:\/\/theessentialclinic.com\/fr\/wp-json\/wp\/v2\/product_tag?post=39281"},{"taxonomy":"giftcard-category","embeddable":true,"href":"https:\/\/theessentialclinic.com\/fr\/wp-json\/wp\/v2\/giftcard-category?post=39281"}],"curies":[{"name":"wp","href":"https:\/\/api.w.org\/{rel}","templated":true}]}}