{"id":39125,"date":"2023-08-28T12:17:41","date_gmt":"2023-08-28T10:17:41","guid":{"rendered":"https:\/\/theessentialclinic.com\/politique-de-confidentialite-reseaux-sociaux\/"},"modified":"2023-08-28T12:27:32","modified_gmt":"2023-08-28T10:27:32","slug":"politique-de-confidentialite-reseaux-sociaux","status":"publish","type":"page","link":"https:\/\/theessentialclinic.com\/fr\/politique-de-confidentialite-reseaux-sociaux\/","title":{"rendered":"Politique de confidentialit\u00e9 r\u00e9seaux sociaux"},"content":{"rendered":"\n<p>Conform\u00e9ment aux dispositions de la loi 34\/2002 du 11 juillet relative aux services de la soci\u00e9t\u00e9 de l&rsquo;information et du commerce \u00e9lectronique (LSSI-CE) et \u00e0 la r\u00e9glementation en vigueur et applicable en mati\u00e8re de protection des donn\u00e9es personnelles, la soci\u00e9t\u00e9 Responsable a indiqu\u00e9 dans la politique de confidentialit\u00e9 informe les utilisateurs qu&rsquo;elle a proc\u00e9d\u00e9 \u00e0 la cr\u00e9ation d&rsquo;un profil sur le r\u00e9seau social Instagram, afin de promouvoir ses installations, activit\u00e9s et \u00e9v\u00e9nements.<\/p>\n\n<p>L&rsquo;utilisateur qui dispose d&rsquo;un profil sur le m\u00eame r\u00e9seau social et a d\u00e9cid\u00e9 de rejoindre la page cr\u00e9\u00e9e par le responsable du traitement manifeste ainsi son int\u00e9r\u00eat pour les informations publi\u00e9es sur le r\u00e9seau. En rejoignant notre page, vous nous donnez votre consentement pour l&rsquo;affichage des donn\u00e9es personnelles publi\u00e9es dans votre profil. L&rsquo;utilisateur peut acc\u00e9der \u00e0 tout moment aux politiques de confidentialit\u00e9 du r\u00e9seau social lui-m\u00eame, ainsi que configurer son profil pour garantir sa confidentialit\u00e9.<\/p>\n\n<p>Dans le cas de WhatsApp, nous vous informons que nous utiliserons votre contact uniquement pour r\u00e9pondre \u00e0 votre demande d&rsquo;informations sp\u00e9cifiques, et exclusivement dans le cas o\u00f9 vous nous contactez d&rsquo;abord via le lien int\u00e9gr\u00e9 au Web, repr\u00e9sent\u00e9 par le logo WhatsApp. <\/p>\n\n<p>Pour faciliter la connaissance de l&rsquo;utilisateur, nous indiquons le lien vers la politique de confidentialit\u00e9 du R\u00e9seau Social :<\/p>\n\n<ul class=\"wp-block-list\">\n<li>Instagram: <a href=\"http:\/\/instagram.com\/about\/legal\/privacy\/\">http:\/\/instagram.com\/about\/legal\/privacy\/<\/a>\u00a0<\/li>\n\n\n\n<li>Facebook: <a href=\"https:\/\/www.facebook.com\/help\/323540651073243\/\">https:\/\/www.facebook.com\/help\/323540651073243\/<\/a>\u00a0<\/li>\n\n\n\n<li>TikTok: <a href=\"https:\/\/www.tiktok.com\/legal\/page\/eea\/privacy-policy\/es\">https:\/\/www.tiktok.com\/legal\/page\/eea\/privacy-policy\/es<\/a>\u00a0\u00a0<\/li>\n\n\n\n<li>WhatsApp: https:\/\/www.whatsapp.com\/legal\/privacy-policy?lang=ca\u00a0\u00a0<\/li>\n<\/ul>\n\n<p>De m\u00eame, toute personne dispose d&rsquo;un droit d&rsquo;acc\u00e8s, de rectification, de limitation, d&rsquo;opposition, de portage et de suppression de ses donn\u00e9es. Vous trouverez plus d\u2019informations sur ces droits et sur la mani\u00e8re de les exercer dans la politique de confidentialit\u00e9 de ce site Internet.<\/p>\n\n<p>Le Responsable, \u00e0 travers son profil sur le r\u00e9seau social susmentionn\u00e9, r\u00e9alisera les actions suivantes :<\/p>\n\n<ul class=\"wp-block-list\">\n<li>Envoyer des messages personnels et individuels via les canaux du r\u00e9seau social, notamment en cas de premier contact de l&rsquo;utilisateur.<\/li>\n\n\n\n<li>Acc\u00e8s aux informations publiques du profil de l&rsquo;utilisateur.<\/li>\n\n\n\n<li>Mises \u00e0 jour du statut et r\u00e9alisation de publications sur la page du Responsable, qui peuvent appara\u00eetre dans le profil de l&rsquo;utilisateur.<\/li>\n<\/ul>\n\n<p>Le Responsable du traitement a acc\u00e8s et traite les informations publiques de l&rsquo;utilisateur. Ces donn\u00e9es ne sont utilis\u00e9es qu&rsquo;au sein du R\u00e9seau Social lui-m\u00eame. Ils ne sont int\u00e9gr\u00e9s dans aucun syst\u00e8me de traitement.<\/p>\n\n<p>L&rsquo;utilisateur peut toujours contr\u00f4ler ses connexions, supprimer le contenu qui cesse de l&rsquo;int\u00e9resser et restreindre avec qui il partage ses connexions, pour cela il doit acc\u00e9der \u00e0 ses param\u00e8tres de confidentialit\u00e9.<\/p>\n","protected":false},"excerpt":{"rendered":"<p>Conform\u00e9ment aux dispositions de la loi 34\/2002 du 11 juillet relative aux services de la soci\u00e9t\u00e9 de l&rsquo;information et du commerce \u00e9lectronique (LSSI-CE) et \u00e0 la r\u00e9glementation en vigueur et applicable en mati\u00e8re de protection des donn\u00e9es personnelles, la soci\u00e9t\u00e9 Responsable a indiqu\u00e9 dans la politique de confidentialit\u00e9 informe les utilisateurs qu&rsquo;elle a proc\u00e9d\u00e9 \u00e0 &hellip;<\/p>\n<p class=\"read-more\"> <a class=\"\" href=\"https:\/\/theessentialclinic.com\/fr\/politique-de-confidentialite-reseaux-sociaux\/\"> <span class=\"screen-reader-text\">Politique de confidentialit\u00e9 r\u00e9seaux sociaux<\/span> Lire la suite\u00a0\u00bb<\/a><\/p>\n","protected":false},"author":1,"featured_media":0,"parent":0,"menu_order":0,"comment_status":"closed","ping_status":"closed","template":"","meta":{"site-sidebar-layout":"default","site-content-layout":"","ast-site-content-layout":"","site-content-style":"default","site-sidebar-style":"default","ast-global-header-display":"","ast-banner-title-visibility":"","ast-main-header-display":"","ast-hfb-above-header-display":"","ast-hfb-below-header-display":"","ast-hfb-mobile-header-display":"","site-post-title":"","ast-breadcrumbs-content":"","ast-featured-img":"","footer-sml-layout":"","theme-transparent-header-meta":"","adv-header-id-meta":"","stick-header-meta":"","header-above-stick-meta":"","header-main-stick-meta":"","header-below-stick-meta":"","astra-migrate-meta-layouts":"","ast-page-background-enabled":"default","ast-page-background-meta":{"desktop":{"background-color":"","background-image":"","background-repeat":"repeat","background-position":"center center","background-size":"auto","background-attachment":"scroll","background-type":"","background-media":"","overlay-type":"","overlay-color":"","overlay-gradient":""},"tablet":{"background-color":"","background-image":"","background-repeat":"repeat","background-position":"center center","background-size":"auto","background-attachment":"scroll","background-type":"","background-media":"","overlay-type":"","overlay-color":"","overlay-gradient":""},"mobile":{"background-color":"","background-image":"","background-repeat":"repeat","background-position":"center center","background-size":"auto","background-attachment":"scroll","background-type":"","background-media":"","overlay-type":"","overlay-color":"","overlay-gradient":""}},"ast-content-background-meta":{"desktop":{"background-color":"var(--ast-global-color-5)","background-image":"","background-repeat":"repeat","background-position":"center center","background-size":"auto","background-attachment":"scroll","background-type":"","background-media":"","overlay-type":"","overlay-color":"","overlay-gradient":""},"tablet":{"background-color":"var(--ast-global-color-5)","background-image":"","background-repeat":"repeat","background-position":"center center","background-size":"auto","background-attachment":"scroll","background-type":"","background-media":"","overlay-type":"","overlay-color":"","overlay-gradient":""},"mobile":{"background-color":"var(--ast-global-color-5)","background-image":"","background-repeat":"repeat","background-position":"center center","background-size":"auto","background-attachment":"scroll","background-type":"","background-media":"","overlay-type":"","overlay-color":"","overlay-gradient":""}},"footnotes":""},"class_list":["post-39125","page","type-page","status-publish","hentry"],"yoast_head":"<!-- This site is optimized with the Yoast SEO plugin v21.6 - https:\/\/yoast.com\/wordpress\/plugins\/seo\/ -->\n<title>Politique de confidentialit\u00e9 r\u00e9seaux sociaux - The Essential Clinic<\/title>\n<meta name=\"robots\" content=\"index, follow, max-snippet:-1, max-image-preview:large, max-video-preview:-1\" \/>\n<link rel=\"canonical\" href=\"https:\/\/theessentialclinic.com\/fr\/politique-de-confidentialite-reseaux-sociaux\/\" \/>\n<meta property=\"og:locale\" content=\"fr_FR\" \/>\n<meta property=\"og:type\" content=\"article\" \/>\n<meta property=\"og:title\" content=\"Politique de confidentialit\u00e9 r\u00e9seaux sociaux - The Essential Clinic\" \/>\n<meta property=\"og:description\" content=\"Conform\u00e9ment aux dispositions de la loi 34\/2002 du 11 juillet relative aux services de la soci\u00e9t\u00e9 de l&rsquo;information et du commerce \u00e9lectronique (LSSI-CE) et \u00e0 la r\u00e9glementation en vigueur et applicable en mati\u00e8re de protection des donn\u00e9es personnelles, la soci\u00e9t\u00e9 Responsable a indiqu\u00e9 dans la politique de confidentialit\u00e9 informe les utilisateurs qu&rsquo;elle a proc\u00e9d\u00e9 \u00e0 &hellip; Politique de confidentialit\u00e9 r\u00e9seaux sociaux Lire la suite\u00a0\u00bb\" \/>\n<meta property=\"og:url\" content=\"https:\/\/theessentialclinic.com\/fr\/politique-de-confidentialite-reseaux-sociaux\/\" \/>\n<meta property=\"og:site_name\" content=\"The Essential Clinic\" \/>\n<meta property=\"article:modified_time\" content=\"2023-08-28T10:27:32+00:00\" \/>\n<meta name=\"twitter:card\" content=\"summary_large_image\" \/>\n<meta name=\"twitter:label1\" content=\"Dur\u00e9e de lecture estim\u00e9e\" \/>\n\t<meta name=\"twitter:data1\" content=\"2 minutes\" \/>\n<script type=\"application\/ld+json\" class=\"yoast-schema-graph\">{\"@context\":\"https:\/\/schema.org\",\"@graph\":[{\"@type\":\"WebPage\",\"@id\":\"https:\/\/theessentialclinic.com\/fr\/politique-de-confidentialite-reseaux-sociaux\/\",\"url\":\"https:\/\/theessentialclinic.com\/fr\/politique-de-confidentialite-reseaux-sociaux\/\",\"name\":\"Politique de confidentialit\u00e9 r\u00e9seaux sociaux - The Essential Clinic\",\"isPartOf\":{\"@id\":\"https:\/\/theessentialclinic.com\/fr\/#website\"},\"datePublished\":\"2023-08-28T10:17:41+00:00\",\"dateModified\":\"2023-08-28T10:27:32+00:00\",\"breadcrumb\":{\"@id\":\"https:\/\/theessentialclinic.com\/fr\/politique-de-confidentialite-reseaux-sociaux\/#breadcrumb\"},\"inLanguage\":\"fr-FR\",\"potentialAction\":[{\"@type\":\"ReadAction\",\"target\":[\"https:\/\/theessentialclinic.com\/fr\/politique-de-confidentialite-reseaux-sociaux\/\"]}]},{\"@type\":\"BreadcrumbList\",\"@id\":\"https:\/\/theessentialclinic.com\/fr\/politique-de-confidentialite-reseaux-sociaux\/#breadcrumb\",\"itemListElement\":[{\"@type\":\"ListItem\",\"position\":1,\"name\":\"Accueil\",\"item\":\"https:\/\/theessentialclinic.com\/fr\/acceuil\/\"},{\"@type\":\"ListItem\",\"position\":2,\"name\":\"Politique de confidentialit\u00e9 r\u00e9seaux sociaux\"}]},{\"@type\":\"WebSite\",\"@id\":\"https:\/\/theessentialclinic.com\/fr\/#website\",\"url\":\"https:\/\/theessentialclinic.com\/fr\/\",\"name\":\"The Essential Clinic\",\"description\":\"Just another WordPress site\",\"publisher\":{\"@id\":\"https:\/\/theessentialclinic.com\/fr\/#organization\"},\"potentialAction\":[{\"@type\":\"SearchAction\",\"target\":{\"@type\":\"EntryPoint\",\"urlTemplate\":\"https:\/\/theessentialclinic.com\/fr\/?s={search_term_string}\"},\"query-input\":\"required name=search_term_string\"}],\"inLanguage\":\"fr-FR\"},{\"@type\":\"Organization\",\"@id\":\"https:\/\/theessentialclinic.com\/fr\/#organization\",\"name\":\"The Essential Clinic\",\"url\":\"https:\/\/theessentialclinic.com\/fr\/\",\"logo\":{\"@type\":\"ImageObject\",\"inLanguage\":\"fr-FR\",\"@id\":\"https:\/\/theessentialclinic.com\/fr\/#\/schema\/logo\/image\/\",\"url\":\"https:\/\/theessentialclinic.com\/wp-content\/uploads\/2022\/01\/logo_white.svg\",\"contentUrl\":\"https:\/\/theessentialclinic.com\/wp-content\/uploads\/2022\/01\/logo_white.svg\",\"width\":1080,\"height\":1080,\"caption\":\"The Essential Clinic\"},\"image\":{\"@id\":\"https:\/\/theessentialclinic.com\/fr\/#\/schema\/logo\/image\/\"}}]}<\/script>\n<!-- \/ Yoast SEO plugin. -->","yoast_head_json":{"title":"Politique de confidentialit\u00e9 r\u00e9seaux sociaux - The Essential Clinic","robots":{"index":"index","follow":"follow","max-snippet":"max-snippet:-1","max-image-preview":"max-image-preview:large","max-video-preview":"max-video-preview:-1"},"canonical":"https:\/\/theessentialclinic.com\/fr\/politique-de-confidentialite-reseaux-sociaux\/","og_locale":"fr_FR","og_type":"article","og_title":"Politique de confidentialit\u00e9 r\u00e9seaux sociaux - The Essential Clinic","og_description":"Conform\u00e9ment aux dispositions de la loi 34\/2002 du 11 juillet relative aux services de la soci\u00e9t\u00e9 de l&rsquo;information et du commerce \u00e9lectronique (LSSI-CE) et \u00e0 la r\u00e9glementation en vigueur et applicable en mati\u00e8re de protection des donn\u00e9es personnelles, la soci\u00e9t\u00e9 Responsable a indiqu\u00e9 dans la politique de confidentialit\u00e9 informe les utilisateurs qu&rsquo;elle a proc\u00e9d\u00e9 \u00e0 &hellip; Politique de confidentialit\u00e9 r\u00e9seaux sociaux Lire la suite\u00a0\u00bb","og_url":"https:\/\/theessentialclinic.com\/fr\/politique-de-confidentialite-reseaux-sociaux\/","og_site_name":"The Essential Clinic","article_modified_time":"2023-08-28T10:27:32+00:00","twitter_card":"summary_large_image","twitter_misc":{"Dur\u00e9e de lecture estim\u00e9e":"2 minutes"},"schema":{"@context":"https:\/\/schema.org","@graph":[{"@type":"WebPage","@id":"https:\/\/theessentialclinic.com\/fr\/politique-de-confidentialite-reseaux-sociaux\/","url":"https:\/\/theessentialclinic.com\/fr\/politique-de-confidentialite-reseaux-sociaux\/","name":"Politique de confidentialit\u00e9 r\u00e9seaux sociaux - The Essential Clinic","isPartOf":{"@id":"https:\/\/theessentialclinic.com\/fr\/#website"},"datePublished":"2023-08-28T10:17:41+00:00","dateModified":"2023-08-28T10:27:32+00:00","breadcrumb":{"@id":"https:\/\/theessentialclinic.com\/fr\/politique-de-confidentialite-reseaux-sociaux\/#breadcrumb"},"inLanguage":"fr-FR","potentialAction":[{"@type":"ReadAction","target":["https:\/\/theessentialclinic.com\/fr\/politique-de-confidentialite-reseaux-sociaux\/"]}]},{"@type":"BreadcrumbList","@id":"https:\/\/theessentialclinic.com\/fr\/politique-de-confidentialite-reseaux-sociaux\/#breadcrumb","itemListElement":[{"@type":"ListItem","position":1,"name":"Accueil","item":"https:\/\/theessentialclinic.com\/fr\/acceuil\/"},{"@type":"ListItem","position":2,"name":"Politique de confidentialit\u00e9 r\u00e9seaux sociaux"}]},{"@type":"WebSite","@id":"https:\/\/theessentialclinic.com\/fr\/#website","url":"https:\/\/theessentialclinic.com\/fr\/","name":"The Essential Clinic","description":"Just another WordPress site","publisher":{"@id":"https:\/\/theessentialclinic.com\/fr\/#organization"},"potentialAction":[{"@type":"SearchAction","target":{"@type":"EntryPoint","urlTemplate":"https:\/\/theessentialclinic.com\/fr\/?s={search_term_string}"},"query-input":"required name=search_term_string"}],"inLanguage":"fr-FR"},{"@type":"Organization","@id":"https:\/\/theessentialclinic.com\/fr\/#organization","name":"The Essential Clinic","url":"https:\/\/theessentialclinic.com\/fr\/","logo":{"@type":"ImageObject","inLanguage":"fr-FR","@id":"https:\/\/theessentialclinic.com\/fr\/#\/schema\/logo\/image\/","url":"https:\/\/theessentialclinic.com\/wp-content\/uploads\/2022\/01\/logo_white.svg","contentUrl":"https:\/\/theessentialclinic.com\/wp-content\/uploads\/2022\/01\/logo_white.svg","width":1080,"height":1080,"caption":"The Essential Clinic"},"image":{"@id":"https:\/\/theessentialclinic.com\/fr\/#\/schema\/logo\/image\/"}}]}},"_links":{"self":[{"href":"https:\/\/theessentialclinic.com\/fr\/wp-json\/wp\/v2\/pages\/39125","targetHints":{"allow":["GET"]}}],"collection":[{"href":"https:\/\/theessentialclinic.com\/fr\/wp-json\/wp\/v2\/pages"}],"about":[{"href":"https:\/\/theessentialclinic.com\/fr\/wp-json\/wp\/v2\/types\/page"}],"author":[{"embeddable":true,"href":"https:\/\/theessentialclinic.com\/fr\/wp-json\/wp\/v2\/users\/1"}],"replies":[{"embeddable":true,"href":"https:\/\/theessentialclinic.com\/fr\/wp-json\/wp\/v2\/comments?post=39125"}],"version-history":[{"count":3,"href":"https:\/\/theessentialclinic.com\/fr\/wp-json\/wp\/v2\/pages\/39125\/revisions"}],"predecessor-version":[{"id":39128,"href":"https:\/\/theessentialclinic.com\/fr\/wp-json\/wp\/v2\/pages\/39125\/revisions\/39128"}],"wp:attachment":[{"href":"https:\/\/theessentialclinic.com\/fr\/wp-json\/wp\/v2\/media?parent=39125"}],"curies":[{"name":"wp","href":"https:\/\/api.w.org\/{rel}","templated":true}]}}