{"id":38180,"date":"2023-02-09T11:20:44","date_gmt":"2023-02-09T10:20:44","guid":{"rendered":"https:\/\/theessentialclinic.com\/conditions-generales-de-vente\/"},"modified":"2023-02-20T11:42:38","modified_gmt":"2023-02-20T10:42:38","slug":"conditions-generales-de-vente","status":"publish","type":"page","link":"https:\/\/theessentialclinic.com\/fr\/conditions-generales-de-vente\/","title":{"rendered":"Conditions g\u00e9n\u00e9rales de vente"},"content":{"rendered":"\n<pre id=\"tw-target-text\" class=\"wp-block-preformatted\">Conditions g\u00e9n\u00e9rales de vente<\/pre>\n\n\n\n<p id=\"giftcardcgv\"><strong>R\u00e8glementation E-Carte Cadeau \u2013 The Essential Clinic<\/strong><\/p>\n\n\n\n<p><strong>Termes et conditions<\/strong><\/p>\n\n\n\n<p><strong>CONDITIONS G\u00c9N\u00c9RALES E-CARTE CADEAU THE ESSENTIAL CLINIC<\/strong><\/p>\n\n\n\n<p><strong>MISE \u00c0 JOUR F\u00c9VRIER 2023<\/strong><\/p>\n\n\n\n<p>1. L&rsquo;E-GIFT CARD peut \u00eatre achet\u00e9e sur la boutique en ligne www.theessentialclinic.com. Il s&rsquo;agit d&rsquo;une carte non personnelle \u00e9mise et activ\u00e9e sur le web, et qui peut \u00eatre utilis\u00e9e pour de futurs achats ou comme cadeau pour la famille ou les amis. Tous les articles achet\u00e9s avec une carte-cadeau ne seront pas rembours\u00e9s en esp\u00e8ces.<\/p>\n\n\n\n<p>2. L&rsquo;E-GIFT CARD sera envoy\u00e9e par courrier \u00e9lectronique au destinataire indiqu\u00e9 par l&rsquo;acheteur au moment de l&rsquo;achat, et pourra \u00eatre utilis\u00e9e imm\u00e9diatement pour acheter des produits dans la boutique en ligne www.theessentialclinic.com ou \u00e0 l&#8217;emplacement physique de The Essential Clinic situ\u00e9e \u00e0 Rambla Catalunya 16, 2-2, Barcelone &#8211; Espagne, conform\u00e9ment aux r\u00e8gles ci-dessous.<\/p>\n\n\n\n<p>3. EXPIRATION: L&rsquo;E-GIFT CARD a une date d&rsquo;expiration de 6 mois \u00e0 utiliser \u00e0 partir du moment de l&rsquo;achat.<\/p>\n\n\n\n<p>4. Le solde initial de l&rsquo;E-GIFT CARD ser\u00e1 variable \u00e0 la discr\u00e9tion du consommateur et doit \u00eatre au minimum de 100,00 \u20ac, et au maximum de 2 000 \u20ac. Le solde existant sur la E-GIFT CARD ne sera pas rembours\u00e9 ou \u00e9chang\u00e9 contre des esp\u00e8ces.<\/p>\n\n\n\n<p>5. L&rsquo;E-GIFT CARD est strictement r\u00e9serv\u00e9e \u00e0 un usage et \u00e0 des fins non li\u00e9es au commerce, aux affaires, \u00e0 l&rsquo;artisanat ou \u00e0 la profession.<\/p>\n\n\n\n<p>6. Pas de frais d&rsquo;activation et ne peut pas \u00eatre recharg\u00e9.<\/p>\n\n\n\n<p>7. Il s&rsquo;active en ligne, en payant le montant correspondant en utilisant l&rsquo;un des modes de paiement accept\u00e9s sur le site : (Carte de cr\u00e9dit\/d\u00e9bit).<\/p>\n\n\n\n<p>8. Au moment de l&rsquo;achat, le client recevra une confirmation de l&rsquo;achat par e-mail, indiquant le montant d\u00e9bit\u00e9 sur l&rsquo;E-GIFT CARD et avec les conditions d&rsquo;utilisation de la carte dont il a \u00e9t\u00e9 pr\u00e9alablement inform\u00e9 et qu&rsquo;il a accept\u00e9es.<\/p>\n\n\n\n<p>9. L&rsquo;E-GIFT CARD peut \u00eatre utilis\u00e9e (en tout ou en partie, en une ou plusieurs fois jusqu&rsquo;\u00e0 \u00e9puisement du solde disponible):<\/p>\n\n\n\n<p>&#8211; En ligne, sur le site www.theessentialclinic.com.<\/p>\n\n\n\n<p>&#8211; Dans les installations physiques de The Essential Clinic situ\u00e9e \u00e0 Rambla Catalunya 16,<\/p>\n\n\n\n<p>&nbsp;&nbsp; 2-2, Barcelone &#8211; Espagne.<\/p>\n\n\n\n<p>10. Pour chaque achat, le montant correspondant sera d\u00e9duit du cr\u00e9dit restant associ\u00e9 \u00e0 l&rsquo;E-GIFT CARD. Le solde disponible sur l&rsquo;E-GIFT CARD est la diff\u00e9rence entre le solde disponible imm\u00e9diatement avant d&rsquo;effectuer un achat et le montant utilis\u00e9 pour payer cet achat. Si le montant de l&rsquo;achat est sup\u00e9rieur au solde disponible sur l&rsquo;E-GIFT CARD, la diff\u00e9rence peut \u00eatre pay\u00e9e par tout forme de paiement accept\u00e9 \u00e0 la clinique physique de The Essential Clinic ou en ligne sur https:\/\/theessentialclinic.com\/.<\/p>\n\n\n\n<p>11. Le titulaire de l&rsquo;E-GIFT CARD peut consulter \u00e0 tout moment le solde et les transactions. Si le solde de la carte n&rsquo;est pas utilis\u00e9, le client n&rsquo;a pas droit \u00e0 un remboursement quelconque. Le solde de la E-Gift Card n&rsquo;est pas convertible en esp\u00e8ces.<\/p>\n\n\n\n<p>12. L&rsquo;E-GIFT CARD ne peut pas \u00eatre utilis\u00e9e pour acheter d&rsquo;autres E-GIFT CARDs. Le montant associ\u00e9 \u00e0 la E-GIFT CARD ne produit pas d&rsquo;int\u00e9r\u00eats et ne peut \u00eatre transf\u00e9r\u00e9 vers une autre E-GIFT CARD de quelque nature que ce soit.<\/p>\n\n\n\n<p>13. L&rsquo;E-GIFT CARD ne sera pas accept\u00e9e si elle n&rsquo;a pas \u00e9t\u00e9 activ\u00e9e ou si elle a \u00e9t\u00e9 modifi\u00e9e, alt\u00e9r\u00e9e ou contient plus que les indications pr\u00e9-imprim\u00e9es. Les ajouts manuscrits ne seront pas accept\u00e9s.<\/p>\n\n\n\n<p>14. L&rsquo;E-GIFT CARD est un moyen de paiement au profit du porteur. S&rsquo;il est mal utilis\u00e9, perdu ou vol\u00e9, il ne peut \u00eatre ni remplac\u00e9 ni restitu\u00e9. Nous vous recommandons de le conserver comme s&rsquo;il s&rsquo;agissait d&rsquo;argent liquide. L&rsquo;\u00e9metteur d\u00e9cline toute responsabilit\u00e9 en cas d&rsquo;utilisation inappropri\u00e9e ou frauduleuse des cartes cadeaux.<\/p>\n\n\n\n<p>15. En achetant et en utilisant l&rsquo;E-GIFT CARD, le consommateur accepte les pr\u00e9sentes conditions, qui peuvent \u00eatre consult\u00e9es sur le site https:\/\/theessentialclinic.com\/ .<\/p>\n\n\n\n<p>16. La soci\u00e9t\u00e9 se r\u00e9serve le droit de modifier les pr\u00e9sentes conditions d&rsquo;utilisation de l&rsquo;E-GIFT CARD sans effet r\u00e9troactif pour les consommateurs qui ont achet\u00e9 l&rsquo;E-GIFT CARD avant cette modification. Les conditions d&rsquo;utilisation de l&rsquo;E-GIFT CARD applicables sont celles en vigueur et pr\u00e9vues dans les informations pr\u00e9contractuelles au moment de l&rsquo;achat de l&rsquo;E-GIFT CARD. L&rsquo;achat commercial est r\u00e9put\u00e9 avoir lieu \u00e0 la date de r\u00e9ception de l&#8217;email E-GIFT CARD.<\/p>\n\n\n\n<p>17. L&rsquo;\u00e9metteur se r\u00e9serve le droit de v\u00e9rifier l&rsquo;utilisation correcte de l&rsquo;E-GIFT CARD, et en cas de violation des r\u00e8gles, peut demander sa restitution imm\u00e9diate. Les droits aux services li\u00e9s \u00e0 l&rsquo;E-GIFT CARD seront imm\u00e9diatement suspendus en cas d&rsquo;utilisation abusive de l&rsquo;E-GIFT CARD par le titulaire.<\/p>\n\n\n\n<p>18. Le consommateur ou l&rsquo;utilisateur peut exercer son droit de r\u00e9tractation dans les 14 jours civils suivant l&rsquo;achat d&rsquo;une carte-cadeau sans donner de raison. Le calcul de la p\u00e9riode susmentionn\u00e9e commence le jour de la r\u00e9ception de la carte dans l&rsquo;e-mail indiqu\u00e9 par le consommateur ou l&rsquo;utilisateur.<\/p>\n\n\n\n<p>La date d&rsquo;envoi de la d\u00e9claration de retrait est prise en compte pour d\u00e9terminer si le d\u00e9lai de retrait a \u00e9t\u00e9 respect\u00e9. Le droit de r\u00e9tractation peut \u00eatre exerc\u00e9 en envoyant la d\u00e9claration non \u00e9quivoque de r\u00e9tractation au moyen du formulaire de retour (voir formulaire de retour) lien formulaire de r\u00e9clamation ou conditions g\u00e9n\u00e9rales. Lien conditions d&rsquo;utilisation de l&rsquo;E-GIFT CARD www.theessentialclinic.com\/egift-card.<\/p>\n\n\n\n<p>L&rsquo;exercice du droit de r\u00e9tractation n&rsquo;entra\u00ecne aucun co\u00fbt pour le consommateur et l&rsquo;utilisateur. En cons\u00e9quence du droit de r\u00e9tractation, les parties se restituent mutuellement les prestations fournies. Le consommateur est rembours\u00e9 des sommes vers\u00e9es sans d\u00e9duction de frais dans un d\u00e9lai maximum de 14 jours calendaires \u00e0 compter de la date \u00e0 laquelle le consommateur et l&rsquo;utilisateur sont inform\u00e9s de la d\u00e9cision de r\u00e9tractation du contrat.<\/p>\n\n\n\n<p>Veuillez noter que The Essential Clinic n&rsquo;est pas tenue de vous &nbsp;rembourser le montant de votre remboursement en esp\u00e8ces, le remboursement sera effectu\u00e9 par le mode de paiement accept\u00e9 sur le site Web ou dans les installations physiques de The Essential Clinic (carte de cr\u00e9dit \/ d\u00e9bit).<\/p>\n\n\n\n<p>19. L&rsquo;exercice du droit de r\u00e9tractation pour les produits conformes achet\u00e9s par l&rsquo;E-GIFT CARD sur www.theessentialclinic.com signifiera que le montant de l&rsquo;achat ser\u00e1 rembours\u00e9 au moyen d&rsquo;une carte de cr\u00e9dit ou de remboursement qui pourra \u00eatre utilis\u00e9e par le consommateur pour payer ses futurs achats dans les \u00e9tablissements physiques ou en ligne de The Essential Clinic.<\/p>\n\n\n\n<p>20. Traitement des donn\u00e9es personnelles: L&rsquo;achat de l&rsquo;E-GIFT CARD implique la communication d&rsquo;informations personnelles de la personne effectuant l&rsquo;achat, qui seront trait\u00e9es par le propri\u00e9taire de l&rsquo;entreprise conform\u00e9ment \u00e0 la l\u00e9gislation en vigueur en la mati\u00e8re de protection des donn\u00e9es personnelles, comme sp\u00e9cifi\u00e9 dans les informations fournies dans la section \u00ab\u00a0Confidentialit\u00e9\u00a0\u00bb.<\/p>\n\n\n\n<p>21. Les notifications et\/ou r\u00e9clamations concernant l&rsquo;utilisation de l&rsquo;E-GIFT CARD peuvent \u00eatre envoy\u00e9es par e-mail \u00e0 info@theessentialcilnic.com.<\/p>\n\n\n\n<p>22. Tout litige d\u00e9coulant de l&rsquo;utilisation de l&rsquo;E-GIFT CARD sera r\u00e9gi par la l\u00e9gislation en vigueur de l&rsquo;\u00c9tat.<\/p>\n","protected":false},"excerpt":{"rendered":"<p>Conditions g\u00e9n\u00e9rales de vente R\u00e8glementation E-Carte Cadeau \u2013 The Essential Clinic Termes et conditions CONDITIONS G\u00c9N\u00c9RALES E-CARTE CADEAU THE ESSENTIAL CLINIC MISE \u00c0 JOUR F\u00c9VRIER 2023 1. L&rsquo;E-GIFT CARD peut \u00eatre achet\u00e9e sur la boutique en ligne www.theessentialclinic.com. Il s&rsquo;agit d&rsquo;une carte non personnelle \u00e9mise et activ\u00e9e sur le web, et qui peut \u00eatre utilis\u00e9e &hellip;<\/p>\n<p class=\"read-more\"> <a class=\"\" href=\"https:\/\/theessentialclinic.com\/fr\/conditions-generales-de-vente\/\"> <span class=\"screen-reader-text\">Conditions g\u00e9n\u00e9rales de vente<\/span> Lire la suite\u00a0\u00bb<\/a><\/p>\n","protected":false},"author":1,"featured_media":0,"parent":0,"menu_order":0,"comment_status":"closed","ping_status":"closed","template":"","meta":{"site-sidebar-layout":"default","site-content-layout":"","ast-site-content-layout":"","site-content-style":"default","site-sidebar-style":"default","ast-global-header-display":"","ast-banner-title-visibility":"","ast-main-header-display":"","ast-hfb-above-header-display":"","ast-hfb-below-header-display":"","ast-hfb-mobile-header-display":"","site-post-title":"","ast-breadcrumbs-content":"","ast-featured-img":"","footer-sml-layout":"","theme-transparent-header-meta":"","adv-header-id-meta":"","stick-header-meta":"","header-above-stick-meta":"","header-main-stick-meta":"","header-below-stick-meta":"","astra-migrate-meta-layouts":"","ast-page-background-enabled":"default","ast-page-background-meta":{"desktop":{"background-color":"","background-image":"","background-repeat":"repeat","background-position":"center center","background-size":"auto","background-attachment":"scroll","background-type":"","background-media":"","overlay-type":"","overlay-color":"","overlay-gradient":""},"tablet":{"background-color":"","background-image":"","background-repeat":"repeat","background-position":"center center","background-size":"auto","background-attachment":"scroll","background-type":"","background-media":"","overlay-type":"","overlay-color":"","overlay-gradient":""},"mobile":{"background-color":"","background-image":"","background-repeat":"repeat","background-position":"center center","background-size":"auto","background-attachment":"scroll","background-type":"","background-media":"","overlay-type":"","overlay-color":"","overlay-gradient":""}},"ast-content-background-meta":{"desktop":{"background-color":"var(--ast-global-color-5)","background-image":"","background-repeat":"repeat","background-position":"center center","background-size":"auto","background-attachment":"scroll","background-type":"","background-media":"","overlay-type":"","overlay-color":"","overlay-gradient":""},"tablet":{"background-color":"var(--ast-global-color-5)","background-image":"","background-repeat":"repeat","background-position":"center center","background-size":"auto","background-attachment":"scroll","background-type":"","background-media":"","overlay-type":"","overlay-color":"","overlay-gradient":""},"mobile":{"background-color":"var(--ast-global-color-5)","background-image":"","background-repeat":"repeat","background-position":"center center","background-size":"auto","background-attachment":"scroll","background-type":"","background-media":"","overlay-type":"","overlay-color":"","overlay-gradient":""}},"footnotes":""},"class_list":["post-38180","page","type-page","status-publish","hentry"],"yoast_head":"<!-- This site is optimized with the Yoast SEO plugin v21.6 - https:\/\/yoast.com\/wordpress\/plugins\/seo\/ -->\n<title>Conditions g\u00e9n\u00e9rales de vente - The Essential Clinic<\/title>\n<meta name=\"description\" content=\"Conditions g\u00e9n\u00e9rales de la carte cadeau \u00e9lectronique de la Clinique de l&#039;Essentiel, mises \u00e0 jour en f\u00e9vrier 2023.\" \/>\n<meta name=\"robots\" content=\"index, follow, max-snippet:-1, max-image-preview:large, max-video-preview:-1\" \/>\n<link rel=\"canonical\" href=\"https:\/\/theessentialclinic.com\/fr\/conditions-generales-de-vente\/\" \/>\n<meta property=\"og:locale\" content=\"fr_FR\" \/>\n<meta property=\"og:type\" content=\"article\" \/>\n<meta property=\"og:title\" content=\"Conditions g\u00e9n\u00e9rales de vente - The Essential Clinic\" \/>\n<meta property=\"og:description\" content=\"Conditions g\u00e9n\u00e9rales de la carte cadeau \u00e9lectronique de la Clinique de l&#039;Essentiel, mises \u00e0 jour en f\u00e9vrier 2023.\" \/>\n<meta property=\"og:url\" content=\"https:\/\/theessentialclinic.com\/fr\/conditions-generales-de-vente\/\" \/>\n<meta property=\"og:site_name\" content=\"The Essential Clinic\" \/>\n<meta property=\"article:modified_time\" content=\"2023-02-20T10:42:38+00:00\" \/>\n<meta name=\"twitter:card\" content=\"summary_large_image\" \/>\n<meta name=\"twitter:label1\" content=\"Dur\u00e9e de lecture estim\u00e9e\" \/>\n\t<meta name=\"twitter:data1\" content=\"6 minutes\" \/>\n<script type=\"application\/ld+json\" class=\"yoast-schema-graph\">{\"@context\":\"https:\/\/schema.org\",\"@graph\":[{\"@type\":\"WebPage\",\"@id\":\"https:\/\/theessentialclinic.com\/fr\/conditions-generales-de-vente\/\",\"url\":\"https:\/\/theessentialclinic.com\/fr\/conditions-generales-de-vente\/\",\"name\":\"Conditions g\u00e9n\u00e9rales de vente - The Essential Clinic\",\"isPartOf\":{\"@id\":\"https:\/\/theessentialclinic.com\/fr\/#website\"},\"datePublished\":\"2023-02-09T10:20:44+00:00\",\"dateModified\":\"2023-02-20T10:42:38+00:00\",\"description\":\"Conditions g\u00e9n\u00e9rales de la carte cadeau \u00e9lectronique de la Clinique de l'Essentiel, mises \u00e0 jour en f\u00e9vrier 2023.\",\"breadcrumb\":{\"@id\":\"https:\/\/theessentialclinic.com\/fr\/conditions-generales-de-vente\/#breadcrumb\"},\"inLanguage\":\"fr-FR\",\"potentialAction\":[{\"@type\":\"ReadAction\",\"target\":[\"https:\/\/theessentialclinic.com\/fr\/conditions-generales-de-vente\/\"]}]},{\"@type\":\"BreadcrumbList\",\"@id\":\"https:\/\/theessentialclinic.com\/fr\/conditions-generales-de-vente\/#breadcrumb\",\"itemListElement\":[{\"@type\":\"ListItem\",\"position\":1,\"name\":\"Accueil\",\"item\":\"https:\/\/theessentialclinic.com\/fr\/acceuil\/\"},{\"@type\":\"ListItem\",\"position\":2,\"name\":\"Conditions g\u00e9n\u00e9rales de vente\"}]},{\"@type\":\"WebSite\",\"@id\":\"https:\/\/theessentialclinic.com\/fr\/#website\",\"url\":\"https:\/\/theessentialclinic.com\/fr\/\",\"name\":\"The Essential Clinic\",\"description\":\"Just another WordPress site\",\"publisher\":{\"@id\":\"https:\/\/theessentialclinic.com\/fr\/#organization\"},\"potentialAction\":[{\"@type\":\"SearchAction\",\"target\":{\"@type\":\"EntryPoint\",\"urlTemplate\":\"https:\/\/theessentialclinic.com\/fr\/?s={search_term_string}\"},\"query-input\":\"required name=search_term_string\"}],\"inLanguage\":\"fr-FR\"},{\"@type\":\"Organization\",\"@id\":\"https:\/\/theessentialclinic.com\/fr\/#organization\",\"name\":\"The Essential Clinic\",\"url\":\"https:\/\/theessentialclinic.com\/fr\/\",\"logo\":{\"@type\":\"ImageObject\",\"inLanguage\":\"fr-FR\",\"@id\":\"https:\/\/theessentialclinic.com\/fr\/#\/schema\/logo\/image\/\",\"url\":\"https:\/\/theessentialclinic.com\/wp-content\/uploads\/2022\/01\/logo_white.svg\",\"contentUrl\":\"https:\/\/theessentialclinic.com\/wp-content\/uploads\/2022\/01\/logo_white.svg\",\"width\":1080,\"height\":1080,\"caption\":\"The Essential Clinic\"},\"image\":{\"@id\":\"https:\/\/theessentialclinic.com\/fr\/#\/schema\/logo\/image\/\"}}]}<\/script>\n<!-- \/ Yoast SEO plugin. -->","yoast_head_json":{"title":"Conditions g\u00e9n\u00e9rales de vente - The Essential Clinic","description":"Conditions g\u00e9n\u00e9rales de la carte cadeau \u00e9lectronique de la Clinique de l'Essentiel, mises \u00e0 jour en f\u00e9vrier 2023.","robots":{"index":"index","follow":"follow","max-snippet":"max-snippet:-1","max-image-preview":"max-image-preview:large","max-video-preview":"max-video-preview:-1"},"canonical":"https:\/\/theessentialclinic.com\/fr\/conditions-generales-de-vente\/","og_locale":"fr_FR","og_type":"article","og_title":"Conditions g\u00e9n\u00e9rales de vente - The Essential Clinic","og_description":"Conditions g\u00e9n\u00e9rales de la carte cadeau \u00e9lectronique de la Clinique de l'Essentiel, mises \u00e0 jour en f\u00e9vrier 2023.","og_url":"https:\/\/theessentialclinic.com\/fr\/conditions-generales-de-vente\/","og_site_name":"The Essential Clinic","article_modified_time":"2023-02-20T10:42:38+00:00","twitter_card":"summary_large_image","twitter_misc":{"Dur\u00e9e de lecture estim\u00e9e":"6 minutes"},"schema":{"@context":"https:\/\/schema.org","@graph":[{"@type":"WebPage","@id":"https:\/\/theessentialclinic.com\/fr\/conditions-generales-de-vente\/","url":"https:\/\/theessentialclinic.com\/fr\/conditions-generales-de-vente\/","name":"Conditions g\u00e9n\u00e9rales de vente - The Essential Clinic","isPartOf":{"@id":"https:\/\/theessentialclinic.com\/fr\/#website"},"datePublished":"2023-02-09T10:20:44+00:00","dateModified":"2023-02-20T10:42:38+00:00","description":"Conditions g\u00e9n\u00e9rales de la carte cadeau \u00e9lectronique de la Clinique de l'Essentiel, mises \u00e0 jour en f\u00e9vrier 2023.","breadcrumb":{"@id":"https:\/\/theessentialclinic.com\/fr\/conditions-generales-de-vente\/#breadcrumb"},"inLanguage":"fr-FR","potentialAction":[{"@type":"ReadAction","target":["https:\/\/theessentialclinic.com\/fr\/conditions-generales-de-vente\/"]}]},{"@type":"BreadcrumbList","@id":"https:\/\/theessentialclinic.com\/fr\/conditions-generales-de-vente\/#breadcrumb","itemListElement":[{"@type":"ListItem","position":1,"name":"Accueil","item":"https:\/\/theessentialclinic.com\/fr\/acceuil\/"},{"@type":"ListItem","position":2,"name":"Conditions g\u00e9n\u00e9rales de vente"}]},{"@type":"WebSite","@id":"https:\/\/theessentialclinic.com\/fr\/#website","url":"https:\/\/theessentialclinic.com\/fr\/","name":"The Essential Clinic","description":"Just another WordPress site","publisher":{"@id":"https:\/\/theessentialclinic.com\/fr\/#organization"},"potentialAction":[{"@type":"SearchAction","target":{"@type":"EntryPoint","urlTemplate":"https:\/\/theessentialclinic.com\/fr\/?s={search_term_string}"},"query-input":"required name=search_term_string"}],"inLanguage":"fr-FR"},{"@type":"Organization","@id":"https:\/\/theessentialclinic.com\/fr\/#organization","name":"The Essential Clinic","url":"https:\/\/theessentialclinic.com\/fr\/","logo":{"@type":"ImageObject","inLanguage":"fr-FR","@id":"https:\/\/theessentialclinic.com\/fr\/#\/schema\/logo\/image\/","url":"https:\/\/theessentialclinic.com\/wp-content\/uploads\/2022\/01\/logo_white.svg","contentUrl":"https:\/\/theessentialclinic.com\/wp-content\/uploads\/2022\/01\/logo_white.svg","width":1080,"height":1080,"caption":"The Essential Clinic"},"image":{"@id":"https:\/\/theessentialclinic.com\/fr\/#\/schema\/logo\/image\/"}}]}},"_links":{"self":[{"href":"https:\/\/theessentialclinic.com\/fr\/wp-json\/wp\/v2\/pages\/38180","targetHints":{"allow":["GET"]}}],"collection":[{"href":"https:\/\/theessentialclinic.com\/fr\/wp-json\/wp\/v2\/pages"}],"about":[{"href":"https:\/\/theessentialclinic.com\/fr\/wp-json\/wp\/v2\/types\/page"}],"author":[{"embeddable":true,"href":"https:\/\/theessentialclinic.com\/fr\/wp-json\/wp\/v2\/users\/1"}],"replies":[{"embeddable":true,"href":"https:\/\/theessentialclinic.com\/fr\/wp-json\/wp\/v2\/comments?post=38180"}],"version-history":[{"count":4,"href":"https:\/\/theessentialclinic.com\/fr\/wp-json\/wp\/v2\/pages\/38180\/revisions"}],"predecessor-version":[{"id":38557,"href":"https:\/\/theessentialclinic.com\/fr\/wp-json\/wp\/v2\/pages\/38180\/revisions\/38557"}],"wp:attachment":[{"href":"https:\/\/theessentialclinic.com\/fr\/wp-json\/wp\/v2\/media?parent=38180"}],"curies":[{"name":"wp","href":"https:\/\/api.w.org\/{rel}","templated":true}]}}