{"id":35486,"date":"2022-02-10T16:44:16","date_gmt":"2022-02-10T15:44:16","guid":{"rendered":"https:\/\/theessentialclinic.com\/traitements\/therapie-led-capillaire\/"},"modified":"2022-12-20T13:26:27","modified_gmt":"2022-12-20T12:26:27","slug":"therapie-led-capillaire","status":"publish","type":"page","link":"https:\/\/theessentialclinic.com\/fr\/traitements\/therapie-led-capillaire\/","title":{"rendered":"Th\u00e9rapie LED capillaire"},"content":{"rendered":"\t\t<div data-elementor-type=\"section\" data-elementor-id=\"35515\" class=\"elementor elementor-35515 elementor-31305\" data-elementor-post-type=\"elementor_library\">\n\t\t\t\t\t\t\t\t<section class=\"elementor-section elementor-top-section elementor-element elementor-element-ed2ca2e elementor-section-boxed elementor-section-height-default elementor-section-height-default\" data-id=\"ed2ca2e\" data-element_type=\"section\" id=\"mesoterapiacapilar\">\n\t\t\t\t\t\t<div class=\"elementor-container elementor-column-gap-default\">\n\t\t\t\t\t<div class=\"elementor-column elementor-col-100 elementor-top-column elementor-element elementor-element-199c7d56\" data-id=\"199c7d56\" data-element_type=\"column\">\n\t\t\t<div class=\"elementor-widget-wrap elementor-element-populated\">\n\t\t\t\t\t\t\t\t<div class=\"elementor-element elementor-element-ba48682 uael-img-grid__column-4 uael-img-grid-tablet__column-3 uael-img-grid-mobile__column-2 uael-ins-normal elementor-widget elementor-widget-uael-image-gallery\" data-id=\"ba48682\" data-element_type=\"widget\" data-settings=\"{&quot;gallery_columns&quot;:&quot;4&quot;,&quot;gallery_columns_tablet&quot;:&quot;3&quot;,&quot;gallery_columns_mobile&quot;:&quot;2&quot;,&quot;column_gap&quot;:{&quot;unit&quot;:&quot;px&quot;,&quot;size&quot;:20,&quot;sizes&quot;:[]},&quot;column_gap_tablet&quot;:{&quot;unit&quot;:&quot;px&quot;,&quot;size&quot;:&quot;&quot;,&quot;sizes&quot;:[]},&quot;column_gap_mobile&quot;:{&quot;unit&quot;:&quot;px&quot;,&quot;size&quot;:&quot;&quot;,&quot;sizes&quot;:[]},&quot;row_gap&quot;:{&quot;unit&quot;:&quot;px&quot;,&quot;size&quot;:20,&quot;sizes&quot;:[]},&quot;row_gap_tablet&quot;:{&quot;unit&quot;:&quot;px&quot;,&quot;size&quot;:&quot;&quot;,&quot;sizes&quot;:[]},&quot;row_gap_mobile&quot;:{&quot;unit&quot;:&quot;px&quot;,&quot;size&quot;:&quot;&quot;,&quot;sizes&quot;:[]},&quot;images_valign&quot;:&quot;flex-start&quot;}\" data-widget_type=\"uael-image-gallery.default\">\n\t\t\t\t<div class=\"elementor-widget-container\">\n\t\t\t<div class=\"uael-gallery-parent uael-caption- uael-gallery-unjustified\"><div class=\"uael-img-gallery-wrap uael-img-grid-wrap uael-img-grid-masonry-wrap\" data-filter-default=\"All\"><div class=\"uael-grid-item  uael-img-gallery-item-1\"><div class=\"uael-grid-item-content\"><a class=\"uael-grid-img uael-grid-gallery-img uael-ins-hover elementor-clickable\" target=\"_blank\" rel=\"dofollow\" href=\"https:\/\/theessentialclinic.com\/wp-content\/uploads\/2022\/09\/LED-CAPILAR--scaled.jpg\" data-elementor-open-lightbox=\"no\"><div class=\"uael-grid-img-thumbnail uael-ins-target\"><img decoding=\"async\" width=\"257\" height=\"300\" src=\"https:\/\/theessentialclinic.com\/wp-content\/uploads\/2022\/09\/LED-CAPILAR--257x300.jpg\" class=\"attachment-medium size-medium wp-image-36365\" alt=\"Terapia LED capilar\" srcset=\"https:\/\/theessentialclinic.com\/wp-content\/uploads\/2022\/09\/LED-CAPILAR--257x300.jpg 257w, https:\/\/theessentialclinic.com\/wp-content\/uploads\/2022\/09\/LED-CAPILAR--877x1024.jpg 877w, https:\/\/theessentialclinic.com\/wp-content\/uploads\/2022\/09\/LED-CAPILAR--768x897.jpg 768w, https:\/\/theessentialclinic.com\/wp-content\/uploads\/2022\/09\/LED-CAPILAR--1315x1536.jpg 1315w, https:\/\/theessentialclinic.com\/wp-content\/uploads\/2022\/09\/LED-CAPILAR--1754x2048.jpg 1754w, https:\/\/theessentialclinic.com\/wp-content\/uploads\/2022\/09\/LED-CAPILAR--600x701.jpg 600w\" sizes=\"(max-width: 257px) 100vw, 257px\" \/><\/div><div class=\"uael-grid-img-overlay\"><\/div><\/a><\/div><\/div><div class=\"uael-grid-item  uael-img-gallery-item-2\"><div class=\"uael-grid-item-content\"><a class=\"uael-grid-img uael-grid-gallery-img uael-ins-hover elementor-clickable\" target=\"_blank\" rel=\"dofollow\" href=\"https:\/\/theessentialclinic.com\/wp-content\/uploads\/2022\/09\/TERAPIA-LED-.png\" data-elementor-open-lightbox=\"no\"><div class=\"uael-grid-img-thumbnail uael-ins-target\"><img decoding=\"async\" width=\"300\" height=\"117\" src=\"https:\/\/theessentialclinic.com\/wp-content\/uploads\/2022\/09\/TERAPIA-LED--300x117.png\" class=\"attachment-medium size-medium wp-image-36369\" alt=\"Terapia LED\" srcset=\"https:\/\/theessentialclinic.com\/wp-content\/uploads\/2022\/09\/TERAPIA-LED--300x117.png 300w, https:\/\/theessentialclinic.com\/wp-content\/uploads\/2022\/09\/TERAPIA-LED--1024x400.png 1024w, https:\/\/theessentialclinic.com\/wp-content\/uploads\/2022\/09\/TERAPIA-LED--768x300.png 768w, https:\/\/theessentialclinic.com\/wp-content\/uploads\/2022\/09\/TERAPIA-LED--1536x599.png 1536w, https:\/\/theessentialclinic.com\/wp-content\/uploads\/2022\/09\/TERAPIA-LED--2048x799.png 2048w, https:\/\/theessentialclinic.com\/wp-content\/uploads\/2022\/09\/TERAPIA-LED--600x234.png 600w\" sizes=\"(max-width: 300px) 100vw, 300px\" \/><\/div><div class=\"uael-grid-img-overlay\"><\/div><\/a><\/div><\/div><\/div><\/div>\t\t<\/div>\n\t\t\t\t<\/div>\n\t\t\t\t<div class=\"elementor-element elementor-element-64b96c64 elementor-widget elementor-widget-text-editor\" data-id=\"64b96c64\" data-element_type=\"widget\" data-widget_type=\"text-editor.default\">\n\t\t\t\t<div class=\"elementor-widget-container\">\n\t\t\t\t\t\t\t<p>Cette nouvelle technique consiste \u00e0 appliquer une lumi\u00e8re LED pour stimuler la production d\u2019\u00e9nergie des cellules qui composent le cuir chevelu.<\/p>\n<p>La lumi\u00e8re est une \u00e9nergie qui peut fonctionner pour r\u00e9activer les cellules capillaires. C\u2019est une technologie qui utilise des impulsions \u00e9lectromagn\u00e9tiques qui proviennent de la m\u00eame lumi\u00e8re et qui d\u00e9contractent le cuir chevelu, permettant une irrigation sanguine beaucoup meilleure et g\u00e9n\u00e9rant ainsi la croissance de nouveaux cheveux de meilleure qualit\u00e9. La lumi\u00e8re transmet l\u2019oxyg\u00e8ne au sang et fournit de l\u2019\u00e9nergie \u00e0 chaque cellule du cheveu.<\/p>\n<p>Il s\u2019agit d\u2019un traitement avanc\u00e9 au sein de la th\u00e9rapie capillaire et il est con\u00e7u pour les hommes et les femmes qui ont perdu des cheveux pour une maladie, pour des m\u00e9dicaments ou pour des raisons h\u00e9r\u00e9ditaires. De plus, cette technique aide \u00e0 am\u00e9liorer les r\u00e9sultats apr\u00e8s une greffe capillaire. C\u2019est une proc\u00e9dure totalement indolore.<\/p>\n<p>Il est important de noter qu\u2019avant de se soumettre \u00e0 cette technique, nous ferons un diagnostic pr\u00e9alable.<\/p>\n\t\t\t\t\t\t<\/div>\n\t\t\t\t<\/div>\n\t\t\t\t\t<\/div>\n\t\t<\/div>\n\t\t\t\t\t\t\t<\/div>\n\t\t<\/section>\n\t\t\t\t\t\t<\/div>\n\t\t\n","protected":false},"excerpt":{"rendered":"","protected":false},"author":1,"featured_media":0,"parent":35015,"menu_order":0,"comment_status":"closed","ping_status":"closed","template":"","meta":{"site-sidebar-layout":"default","site-content-layout":"","ast-site-content-layout":"","site-content-style":"default","site-sidebar-style":"default","ast-global-header-display":"","ast-banner-title-visibility":"","ast-main-header-display":"","ast-hfb-above-header-display":"","ast-hfb-below-header-display":"","ast-hfb-mobile-header-display":"","site-post-title":"","ast-breadcrumbs-content":"","ast-featured-img":"","footer-sml-layout":"","theme-transparent-header-meta":"","adv-header-id-meta":"","stick-header-meta":"","header-above-stick-meta":"","header-main-stick-meta":"","header-below-stick-meta":"","astra-migrate-meta-layouts":"","ast-page-background-enabled":"default","ast-page-background-meta":{"desktop":{"background-color":"","background-image":"","background-repeat":"repeat","background-position":"center center","background-size":"auto","background-attachment":"scroll","background-type":"","background-media":"","overlay-type":"","overlay-color":"","overlay-gradient":""},"tablet":{"background-color":"","background-image":"","background-repeat":"repeat","background-position":"center center","background-size":"auto","background-attachment":"scroll","background-type":"","background-media":"","overlay-type":"","overlay-color":"","overlay-gradient":""},"mobile":{"background-color":"","background-image":"","background-repeat":"repeat","background-position":"center center","background-size":"auto","background-attachment":"scroll","background-type":"","background-media":"","overlay-type":"","overlay-color":"","overlay-gradient":""}},"ast-content-background-meta":{"desktop":{"background-color":"var(--ast-global-color-5)","background-image":"","background-repeat":"repeat","background-position":"center center","background-size":"auto","background-attachment":"scroll","background-type":"","background-media":"","overlay-type":"","overlay-color":"","overlay-gradient":""},"tablet":{"background-color":"var(--ast-global-color-5)","background-image":"","background-repeat":"repeat","background-position":"center center","background-size":"auto","background-attachment":"scroll","background-type":"","background-media":"","overlay-type":"","overlay-color":"","overlay-gradient":""},"mobile":{"background-color":"var(--ast-global-color-5)","background-image":"","background-repeat":"repeat","background-position":"center center","background-size":"auto","background-attachment":"scroll","background-type":"","background-media":"","overlay-type":"","overlay-color":"","overlay-gradient":""}},"footnotes":""},"class_list":["post-35486","page","type-page","status-publish","hentry"],"yoast_head":"<!-- This site is optimized with the Yoast SEO plugin v21.6 - https:\/\/yoast.com\/wordpress\/plugins\/seo\/ -->\n<title>Th\u00e9rapie LED capillaire - The Essential Clinic<\/title>\n<meta name=\"description\" content=\"La th\u00e9rapie LED capillaire consiste \u00e0 appliquer une lumi\u00e8re LED pour stimuler la production d&#039;\u00e9nergie dans les cellules du cuir chevelu.\" \/>\n<meta name=\"robots\" content=\"index, follow, max-snippet:-1, max-image-preview:large, max-video-preview:-1\" \/>\n<link rel=\"canonical\" href=\"https:\/\/theessentialclinic.com\/fr\/traitements\/therapie-led-capillaire\/\" \/>\n<meta property=\"og:locale\" content=\"fr_FR\" \/>\n<meta property=\"og:type\" content=\"article\" \/>\n<meta property=\"og:title\" content=\"Th\u00e9rapie LED capillaire - The Essential Clinic\" \/>\n<meta property=\"og:description\" content=\"La th\u00e9rapie LED capillaire consiste \u00e0 appliquer une lumi\u00e8re LED pour stimuler la production d&#039;\u00e9nergie dans les cellules du cuir chevelu.\" \/>\n<meta property=\"og:url\" content=\"https:\/\/theessentialclinic.com\/fr\/traitements\/therapie-led-capillaire\/\" \/>\n<meta property=\"og:site_name\" content=\"The Essential Clinic\" \/>\n<meta property=\"article:modified_time\" content=\"2022-12-20T12:26:27+00:00\" \/>\n<meta name=\"twitter:card\" content=\"summary_large_image\" \/>\n<script type=\"application\/ld+json\" class=\"yoast-schema-graph\">{\"@context\":\"https:\/\/schema.org\",\"@graph\":[{\"@type\":\"WebPage\",\"@id\":\"https:\/\/theessentialclinic.com\/fr\/traitements\/therapie-led-capillaire\/\",\"url\":\"https:\/\/theessentialclinic.com\/fr\/traitements\/therapie-led-capillaire\/\",\"name\":\"Th\u00e9rapie LED capillaire - The Essential Clinic\",\"isPartOf\":{\"@id\":\"https:\/\/theessentialclinic.com\/fr\/#website\"},\"datePublished\":\"2022-02-10T15:44:16+00:00\",\"dateModified\":\"2022-12-20T12:26:27+00:00\",\"description\":\"La th\u00e9rapie LED capillaire consiste \u00e0 appliquer une lumi\u00e8re LED pour stimuler la production d'\u00e9nergie dans les cellules du cuir chevelu.\",\"breadcrumb\":{\"@id\":\"https:\/\/theessentialclinic.com\/fr\/traitements\/therapie-led-capillaire\/#breadcrumb\"},\"inLanguage\":\"fr-FR\",\"potentialAction\":[{\"@type\":\"ReadAction\",\"target\":[\"https:\/\/theessentialclinic.com\/fr\/traitements\/therapie-led-capillaire\/\"]}]},{\"@type\":\"BreadcrumbList\",\"@id\":\"https:\/\/theessentialclinic.com\/fr\/traitements\/therapie-led-capillaire\/#breadcrumb\",\"itemListElement\":[{\"@type\":\"ListItem\",\"position\":1,\"name\":\"Accueil\",\"item\":\"https:\/\/theessentialclinic.com\/fr\/acceuil\/\"},{\"@type\":\"ListItem\",\"position\":2,\"name\":\"Traitements\",\"item\":\"https:\/\/theessentialclinic.com\/fr\/traitements\/\"},{\"@type\":\"ListItem\",\"position\":3,\"name\":\"Th\u00e9rapie LED capillaire\"}]},{\"@type\":\"WebSite\",\"@id\":\"https:\/\/theessentialclinic.com\/fr\/#website\",\"url\":\"https:\/\/theessentialclinic.com\/fr\/\",\"name\":\"The Essential Clinic\",\"description\":\"Just another WordPress site\",\"publisher\":{\"@id\":\"https:\/\/theessentialclinic.com\/fr\/#organization\"},\"potentialAction\":[{\"@type\":\"SearchAction\",\"target\":{\"@type\":\"EntryPoint\",\"urlTemplate\":\"https:\/\/theessentialclinic.com\/fr\/?s={search_term_string}\"},\"query-input\":\"required name=search_term_string\"}],\"inLanguage\":\"fr-FR\"},{\"@type\":\"Organization\",\"@id\":\"https:\/\/theessentialclinic.com\/fr\/#organization\",\"name\":\"The Essential Clinic\",\"url\":\"https:\/\/theessentialclinic.com\/fr\/\",\"logo\":{\"@type\":\"ImageObject\",\"inLanguage\":\"fr-FR\",\"@id\":\"https:\/\/theessentialclinic.com\/fr\/#\/schema\/logo\/image\/\",\"url\":\"https:\/\/theessentialclinic.com\/wp-content\/uploads\/2022\/01\/logo_white.svg\",\"contentUrl\":\"https:\/\/theessentialclinic.com\/wp-content\/uploads\/2022\/01\/logo_white.svg\",\"width\":1080,\"height\":1080,\"caption\":\"The Essential Clinic\"},\"image\":{\"@id\":\"https:\/\/theessentialclinic.com\/fr\/#\/schema\/logo\/image\/\"}}]}<\/script>\n<!-- \/ Yoast SEO plugin. -->","yoast_head_json":{"title":"Th\u00e9rapie LED capillaire - The Essential Clinic","description":"La th\u00e9rapie LED capillaire consiste \u00e0 appliquer une lumi\u00e8re LED pour stimuler la production d'\u00e9nergie dans les cellules du cuir chevelu.","robots":{"index":"index","follow":"follow","max-snippet":"max-snippet:-1","max-image-preview":"max-image-preview:large","max-video-preview":"max-video-preview:-1"},"canonical":"https:\/\/theessentialclinic.com\/fr\/traitements\/therapie-led-capillaire\/","og_locale":"fr_FR","og_type":"article","og_title":"Th\u00e9rapie LED capillaire - The Essential Clinic","og_description":"La th\u00e9rapie LED capillaire consiste \u00e0 appliquer une lumi\u00e8re LED pour stimuler la production d'\u00e9nergie dans les cellules du cuir chevelu.","og_url":"https:\/\/theessentialclinic.com\/fr\/traitements\/therapie-led-capillaire\/","og_site_name":"The Essential Clinic","article_modified_time":"2022-12-20T12:26:27+00:00","twitter_card":"summary_large_image","schema":{"@context":"https:\/\/schema.org","@graph":[{"@type":"WebPage","@id":"https:\/\/theessentialclinic.com\/fr\/traitements\/therapie-led-capillaire\/","url":"https:\/\/theessentialclinic.com\/fr\/traitements\/therapie-led-capillaire\/","name":"Th\u00e9rapie LED capillaire - The Essential Clinic","isPartOf":{"@id":"https:\/\/theessentialclinic.com\/fr\/#website"},"datePublished":"2022-02-10T15:44:16+00:00","dateModified":"2022-12-20T12:26:27+00:00","description":"La th\u00e9rapie LED capillaire consiste \u00e0 appliquer une lumi\u00e8re LED pour stimuler la production d'\u00e9nergie dans les cellules du cuir chevelu.","breadcrumb":{"@id":"https:\/\/theessentialclinic.com\/fr\/traitements\/therapie-led-capillaire\/#breadcrumb"},"inLanguage":"fr-FR","potentialAction":[{"@type":"ReadAction","target":["https:\/\/theessentialclinic.com\/fr\/traitements\/therapie-led-capillaire\/"]}]},{"@type":"BreadcrumbList","@id":"https:\/\/theessentialclinic.com\/fr\/traitements\/therapie-led-capillaire\/#breadcrumb","itemListElement":[{"@type":"ListItem","position":1,"name":"Accueil","item":"https:\/\/theessentialclinic.com\/fr\/acceuil\/"},{"@type":"ListItem","position":2,"name":"Traitements","item":"https:\/\/theessentialclinic.com\/fr\/traitements\/"},{"@type":"ListItem","position":3,"name":"Th\u00e9rapie LED capillaire"}]},{"@type":"WebSite","@id":"https:\/\/theessentialclinic.com\/fr\/#website","url":"https:\/\/theessentialclinic.com\/fr\/","name":"The Essential Clinic","description":"Just another WordPress site","publisher":{"@id":"https:\/\/theessentialclinic.com\/fr\/#organization"},"potentialAction":[{"@type":"SearchAction","target":{"@type":"EntryPoint","urlTemplate":"https:\/\/theessentialclinic.com\/fr\/?s={search_term_string}"},"query-input":"required name=search_term_string"}],"inLanguage":"fr-FR"},{"@type":"Organization","@id":"https:\/\/theessentialclinic.com\/fr\/#organization","name":"The Essential Clinic","url":"https:\/\/theessentialclinic.com\/fr\/","logo":{"@type":"ImageObject","inLanguage":"fr-FR","@id":"https:\/\/theessentialclinic.com\/fr\/#\/schema\/logo\/image\/","url":"https:\/\/theessentialclinic.com\/wp-content\/uploads\/2022\/01\/logo_white.svg","contentUrl":"https:\/\/theessentialclinic.com\/wp-content\/uploads\/2022\/01\/logo_white.svg","width":1080,"height":1080,"caption":"The Essential Clinic"},"image":{"@id":"https:\/\/theessentialclinic.com\/fr\/#\/schema\/logo\/image\/"}}]}},"_links":{"self":[{"href":"https:\/\/theessentialclinic.com\/fr\/wp-json\/wp\/v2\/pages\/35486","targetHints":{"allow":["GET"]}}],"collection":[{"href":"https:\/\/theessentialclinic.com\/fr\/wp-json\/wp\/v2\/pages"}],"about":[{"href":"https:\/\/theessentialclinic.com\/fr\/wp-json\/wp\/v2\/types\/page"}],"author":[{"embeddable":true,"href":"https:\/\/theessentialclinic.com\/fr\/wp-json\/wp\/v2\/users\/1"}],"replies":[{"embeddable":true,"href":"https:\/\/theessentialclinic.com\/fr\/wp-json\/wp\/v2\/comments?post=35486"}],"version-history":[{"count":1,"href":"https:\/\/theessentialclinic.com\/fr\/wp-json\/wp\/v2\/pages\/35486\/revisions"}],"predecessor-version":[{"id":35487,"href":"https:\/\/theessentialclinic.com\/fr\/wp-json\/wp\/v2\/pages\/35486\/revisions\/35487"}],"up":[{"embeddable":true,"href":"https:\/\/theessentialclinic.com\/fr\/wp-json\/wp\/v2\/pages\/35015"}],"wp:attachment":[{"href":"https:\/\/theessentialclinic.com\/fr\/wp-json\/wp\/v2\/media?parent=35486"}],"curies":[{"name":"wp","href":"https:\/\/api.w.org\/{rel}","templated":true}]}}