{"id":35382,"date":"2022-02-10T14:08:38","date_gmt":"2022-02-10T13:08:38","guid":{"rendered":"https:\/\/theessentialclinic.com\/traitements\/hydrafacial\/hydrafacial-keravive\/"},"modified":"2023-10-30T12:15:02","modified_gmt":"2023-10-30T11:15:02","slug":"hydrafacial-keravive","status":"publish","type":"page","link":"https:\/\/theessentialclinic.com\/fr\/traitements\/hydrafacial\/hydrafacial-keravive\/","title":{"rendered":"Hydrafacial Keravive"},"content":{"rendered":"\t\t<div data-elementor-type=\"section\" data-elementor-id=\"35519\" class=\"elementor elementor-35519 elementor-30982\" data-elementor-post-type=\"elementor_library\">\n\t\t\t\t\t\t\t\t<section class=\"elementor-section elementor-top-section elementor-element elementor-element-dd810c5 elementor-section-full_width elementor-section-height-default elementor-section-height-default\" data-id=\"dd810c5\" data-element_type=\"section\">\n\t\t\t\t\t\t<div class=\"elementor-container elementor-column-gap-default\">\n\t\t\t\t\t<div class=\"elementor-column elementor-col-100 elementor-top-column elementor-element elementor-element-4ec39c7\" data-id=\"4ec39c7\" data-element_type=\"column\">\n\t\t\t<div class=\"elementor-widget-wrap elementor-element-populated\">\n\t\t\t\t\t\t\t\t<div class=\"elementor-element elementor-element-dd22437 uael-nav-menu__align-center uael-submenu-open-hover uael-submenu-icon-arrow uael-submenu-animation-none uael-link-redirect-child uael-nav-menu__breakpoint-tablet uael-nav-menu-toggle-label-no elementor-widget elementor-widget-uael-nav-menu\" data-id=\"dd22437\" data-element_type=\"widget\" data-settings=\"{&quot;distance_from_menu&quot;:{&quot;unit&quot;:&quot;px&quot;,&quot;size&quot;:&quot;&quot;,&quot;sizes&quot;:[]},&quot;distance_from_menu_tablet&quot;:{&quot;unit&quot;:&quot;px&quot;,&quot;size&quot;:&quot;&quot;,&quot;sizes&quot;:[]},&quot;distance_from_menu_mobile&quot;:{&quot;unit&quot;:&quot;px&quot;,&quot;size&quot;:&quot;&quot;,&quot;sizes&quot;:[]}}\" data-widget_type=\"uael-nav-menu.default\">\n\t\t\t\t<div class=\"elementor-widget-container\">\n\t\t\t\t\t<div class=\"uael-nav-menu uael-layout-horizontal uael-nav-menu-layout uael-pointer__none\" data-layout=\"horizontal\">\n\t\t\t\t<div role=\"button\" class=\"uael-nav-menu__toggle elementor-clickable\">\n\t\t\t\t\t<span class=\"screen-reader-text\">Main Menu<\/span>\n\t\t\t\t\t<div class=\"uael-nav-menu-icon\">\n\t\t\t\t\t\t<i aria-hidden=\"true\" tabindex=\"0\" class=\"fas fa-align-justify\"><\/i>\t\t\t\t\t<\/div>\n\t\t\t\t\t\t\t\t\t<\/div>\n\t\t\t\t\t\t\t\t\t\t<nav class=\"uael-nav-menu__layout-horizontal uael-nav-menu__submenu-arrow\" data-toggle-icon=\"&lt;i aria-hidden=&quot;true&quot; tabindex=&quot;0&quot; class=&quot;fas fa-align-justify&quot;&gt;&lt;\/i&gt;\" data-close-icon=\"&lt;i aria-hidden=&quot;true&quot; tabindex=&quot;0&quot; class=&quot;far fa-window-close&quot;&gt;&lt;\/i&gt;\" data-full-width=\"yes\">\n\t\t\t <ul class=\"uael-nav-menu uael-nav-menu-custom uael-custom-wrapper\"><li class=\"menu-item menu-item-has-children parent parent-has-no-child elementor-repeater-item-7c85528\" data-dropdown-width=\"default\" data-dropdown-pos=\"left\"><a href=\"https:\/\/theessentialclinic.com\/fr\/traitements\/hydrafacial\/\" class='uael-menu-item'>Hydrafacial <span class='uael-menu-toggle sub-arrow parent-item'><i class='fa'><\/i><\/span><\/a><li class=\"menu-item menu-item-has-children parent parent-has-no-child elementor-repeater-item-04e00d5\" data-dropdown-width=\"default\" data-dropdown-pos=\"left\"><a href=\"https:\/\/theessentialclinic.com\/fr\/traitements\/hydrafacial\/hydrafacial-deluxe\/\" class='uael-menu-item'>Hydrafacial Deluxe<span class='uael-menu-toggle sub-arrow parent-item'><i class='fa'><\/i><\/span><\/a><li class=\"menu-item menu-item-has-children parent parent-has-no-child elementor-repeater-item-9f78bc7\" data-dropdown-width=\"default\" data-dropdown-pos=\"left\"><a href=\"https:\/\/theessentialclinic.com\/fr\/traitements\/hydrafacial\/hydrafacial-platinum\/\" class='uael-menu-item'>Hydrafacial Platinum<span class='uael-menu-toggle sub-arrow parent-item'><i class='fa'><\/i><\/span><\/a><li class=\"menu-item menu-item-has-children parent parent-has-no-child elementor-repeater-item-a145a67\" data-dropdown-width=\"default\" data-dropdown-pos=\"left\"><a href=\"https:\/\/theessentialclinic.com\/fr\/?page_id=38846\" class='uael-menu-item'>Hydrafacial JLO<span class='uael-menu-toggle sub-arrow parent-item'><i class='fa'><\/i><\/span><\/a><\/ul>\t\t<\/nav>\n\t\t\t\t\t\t\t<\/div>\n\t\t\t\t\t<\/div>\n\t\t\t\t<\/div>\n\t\t\t\t\t<\/div>\n\t\t<\/div>\n\t\t\t\t\t\t\t<\/div>\n\t\t<\/section>\n\t\t\t\t<section class=\"elementor-section elementor-top-section elementor-element elementor-element-0288f27 elementor-section-boxed elementor-section-height-default elementor-section-height-default\" data-id=\"0288f27\" data-element_type=\"section\">\n\t\t\t\t\t\t<div class=\"elementor-container elementor-column-gap-default\">\n\t\t\t\t\t<div class=\"elementor-column elementor-col-100 elementor-top-column elementor-element elementor-element-5b3e3e2\" data-id=\"5b3e3e2\" data-element_type=\"column\">\n\t\t\t<div class=\"elementor-widget-wrap elementor-element-populated\">\n\t\t\t\t\t\t\t\t<div class=\"elementor-element elementor-element-45dc19d elementor-skin-carousel elementor-arrows-yes elementor-pagination-type-bullets elementor-pagination-position-outside elementor-widget elementor-widget-media-carousel\" data-id=\"45dc19d\" data-element_type=\"widget\" data-settings=\"{&quot;skin&quot;:&quot;carousel&quot;,&quot;effect&quot;:&quot;slide&quot;,&quot;show_arrows&quot;:&quot;yes&quot;,&quot;pagination&quot;:&quot;bullets&quot;,&quot;speed&quot;:500,&quot;autoplay&quot;:&quot;yes&quot;,&quot;autoplay_speed&quot;:5000,&quot;loop&quot;:&quot;yes&quot;,&quot;pause_on_hover&quot;:&quot;yes&quot;,&quot;pause_on_interaction&quot;:&quot;yes&quot;,&quot;space_between&quot;:{&quot;unit&quot;:&quot;px&quot;,&quot;size&quot;:10,&quot;sizes&quot;:[]},&quot;space_between_tablet&quot;:{&quot;unit&quot;:&quot;px&quot;,&quot;size&quot;:10,&quot;sizes&quot;:[]},&quot;space_between_mobile&quot;:{&quot;unit&quot;:&quot;px&quot;,&quot;size&quot;:10,&quot;sizes&quot;:[]}}\" data-widget_type=\"media-carousel.default\">\n\t\t\t\t<div class=\"elementor-widget-container\">\n\t\t\t\t\t<div class=\"elementor-swiper\">\n\t\t\t<div class=\"elementor-main-swiper swiper-container\">\n\t\t\t\t<div class=\"swiper-wrapper\">\n\t\t\t\t\t\t\t\t\t\t\t<div class=\"swiper-slide\">\n\t\t\t\t\t\t\t<a href=\"https:\/\/theessentialclinic.com\/wp-content\/uploads\/2022\/02\/miniature-keravive-1.png\" data-elementor-open-lightbox=\"yes\" data-elementor-lightbox-slideshow=\"45dc19d\" data-elementor-lightbox-title=\"miniature keravive 1\" data-e-action-hash=\"#elementor-action%3Aaction%3Dlightbox%26settings%3DeyJpZCI6MzcwNzAsInVybCI6Imh0dHBzOlwvXC90aGVlc3NlbnRpYWxjbGluaWMuY29tXC93cC1jb250ZW50XC91cGxvYWRzXC8yMDIyXC8wMlwvbWluaWF0dXJlLWtlcmF2aXZlLTEucG5nIiwic2xpZGVzaG93IjoiNDVkYzE5ZCJ9\" data-elementor-lightbox-video=\"https:\/\/www.youtube.com\/embed\/KWsCpHUhBZ0?feature=oembed&amp;autoplay=1&amp;rel=0&amp;controls=0\">\t\t<div class=\"elementor-carousel-image\" role=\"img\" aria-label=\"Hydrafacial Keravive\" style=\"background-image: url(&#039;https:\/\/theessentialclinic.com\/wp-content\/uploads\/2022\/02\/miniature-keravive-1.png&#039;)\">\n\n\t\t\t\n\t\t\t\t\t\t\t<div class=\"elementor-custom-embed-play\">\n\t\t\t\t\t<i aria-hidden=\"true\" class=\"eicon-play\"><\/i>\t\t\t\t\t<span class=\"elementor-screen-only\">Lire<\/span>\n\t\t\t\t<\/div>\n\t\t\t\t\t<\/div>\n\t\t<\/a>\t\t\t\t\t\t<\/div>\n\t\t\t\t\t\t\t\t\t\t\t<div class=\"swiper-slide\">\n\t\t\t\t\t\t\t<a href=\"https:\/\/theessentialclinic.com\/wp-content\/uploads\/2022\/02\/keravive-2-e1664970258256.png\" data-elementor-open-lightbox=\"yes\" data-elementor-lightbox-slideshow=\"45dc19d\" data-elementor-lightbox-title=\"keravive 2\" data-e-action-hash=\"#elementor-action%3Aaction%3Dlightbox%26settings%3DeyJpZCI6MzcwNzQsInVybCI6Imh0dHBzOlwvXC90aGVlc3NlbnRpYWxjbGluaWMuY29tXC93cC1jb250ZW50XC91cGxvYWRzXC8yMDIyXC8wMlwva2VyYXZpdmUtMi1lMTY2NDk3MDI1ODI1Ni5wbmciLCJzbGlkZXNob3ciOiI0NWRjMTlkIn0%3D\" data-elementor-lightbox-video=\"https:\/\/www.youtube.com\/embed\/Ng00SHlu98o?feature=oembed&amp;autoplay=1&amp;rel=0&amp;controls=0\">\t\t<div class=\"elementor-carousel-image\" role=\"img\" aria-label=\"Hydrafacial Keravive\" style=\"background-image: url(&#039;https:\/\/theessentialclinic.com\/wp-content\/uploads\/2022\/02\/keravive-2-e1664970258256.png&#039;)\">\n\n\t\t\t\n\t\t\t\t\t\t\t<div class=\"elementor-custom-embed-play\">\n\t\t\t\t\t<i aria-hidden=\"true\" class=\"eicon-play\"><\/i>\t\t\t\t\t<span class=\"elementor-screen-only\">Lire<\/span>\n\t\t\t\t<\/div>\n\t\t\t\t\t<\/div>\n\t\t<\/a>\t\t\t\t\t\t<\/div>\n\t\t\t\t\t\t\t\t\t\t\t<div class=\"swiper-slide\">\n\t\t\t\t\t\t\t\t\t<div class=\"elementor-carousel-image\" role=\"img\" aria-label=\"Hydrafacial Keravive\" style=\"background-image: url(&#039;https:\/\/theessentialclinic.com\/wp-content\/uploads\/2022\/09\/Keravive-PRODUCT.jpg&#039;)\">\n\n\t\t\t\n\t\t\t\t\t<\/div>\n\t\t\t\t\t\t\t\t<\/div>\n\t\t\t\t\t\t\t\t\t\t\t<div class=\"swiper-slide\">\n\t\t\t\t\t\t\t\t\t<div class=\"elementor-carousel-image\" role=\"img\" aria-label=\"Hydrafacial Keravive\" style=\"background-image: url(&#039;https:\/\/theessentialclinic.com\/wp-content\/uploads\/2022\/09\/KERAVIVE-1.png&#039;)\">\n\n\t\t\t\n\t\t\t\t\t<\/div>\n\t\t\t\t\t\t\t\t<\/div>\n\t\t\t\t\t\t\t\t\t\t\t<div class=\"swiper-slide\">\n\t\t\t\t\t\t\t\t\t<div class=\"elementor-carousel-image\" role=\"img\" aria-label=\"Hydrafacial keravive\" style=\"background-image: url(&#039;https:\/\/theessentialclinic.com\/wp-content\/uploads\/2022\/09\/KERAVIVE-2.jpg&#039;)\">\n\n\t\t\t\n\t\t\t\t\t<\/div>\n\t\t\t\t\t\t\t\t<\/div>\n\t\t\t\t\t\t\t\t\t\t\t<div class=\"swiper-slide\">\n\t\t\t\t\t\t\t\t\t<div class=\"elementor-carousel-image\" role=\"img\" aria-label=\"Hydrafacial keravive\" style=\"background-image: url(&#039;https:\/\/theessentialclinic.com\/wp-content\/uploads\/2022\/09\/KERAVIVE-3.jpg&#039;)\">\n\n\t\t\t\n\t\t\t\t\t<\/div>\n\t\t\t\t\t\t\t\t<\/div>\n\t\t\t\t\t\t\t\t\t<\/div>\n\t\t\t\t\t\t\t\t\t\t\t\t\t\t\t<div class=\"swiper-pagination\"><\/div>\n\t\t\t\t\t\t\t\t\t\t\t\t\t\t\t\t<div class=\"elementor-swiper-button elementor-swiper-button-prev\" role=\"button\" tabindex=\"0\">\n\t\t\t\t\t\t\t<i aria-hidden=\"true\" class=\"eicon-chevron-left\"><\/i>\t\t\t\t\t\t\t<span class=\"elementor-screen-only\">Pr\u00e9c\u00e9dent<\/span>\n\t\t\t\t\t\t<\/div>\n\t\t\t\t\t\t<div class=\"elementor-swiper-button elementor-swiper-button-next\" role=\"button\" tabindex=\"0\">\n\t\t\t\t\t\t\t<i aria-hidden=\"true\" class=\"eicon-chevron-right\"><\/i>\t\t\t\t\t\t\t<span class=\"elementor-screen-only\">Suivant<\/span>\n\t\t\t\t\t\t<\/div>\n\t\t\t\t\t\t\t\t\t\t\t\t<\/div>\n\t\t<\/div>\n\t\t\t\t<\/div>\n\t\t\t\t<\/div>\n\t\t\t\t<div class=\"elementor-element elementor-element-a3cf374 elementor-widget elementor-widget-text-editor\" data-id=\"a3cf374\" data-element_type=\"widget\" id=\"keravive\" data-widget_type=\"text-editor.default\">\n\t\t\t\t<div class=\"elementor-widget-container\">\n\t\t\t\t\t\t\t<p>HydraFacial Keravive est un traitement exclusif et relaxant con\u00e7u pour nettoyer, stimuler, nourrir et hydrater le cuir chevelu, dont le but est d&rsquo;augmenter la quantit\u00e9 et am\u00e9liorer la sant\u00e9 des cheveux. Une sant\u00e9 affaiblie du cuir chevelu se peut caract\u00e9riser par avoir la peau s\u00e8che, les follicules capillaires obstru\u00e9s, des cellules de peau mortes et une mauvaise circulation sanguine, ce qui peut contribuer en grande mesure \u00e0 des cheveux endommag\u00e9s et d\u00e9licats, et inhiber la croissance des cheveux en sant\u00e9. Les principaux probl\u00e8mes qui peuvent se pr\u00e9senter sur le cuir chevelu sont :<\/p>\n<ul>\n<li>Hydratation insuffisante<\/li>\n<li>Follicules obstru\u00e9s<\/li>\n<li>Congestion par peau morte<\/li>\n<li>Mauvaise circulation sanguine<\/li>\n<\/ul>\n<p>Le traitement complet comprend 3 \u00e9tapes, lesquelles nous d\u00e9crivons \u00e0 la suite, et qui incluent un spray que vous devrez appliquer \u00e0 la maison durant 30 jours.<\/p>\n<ol>\n<li><strong>NETTOYAGE + EXFOLIATION<\/strong>\n<p>La technologie HydraFacial Vortex extrait la salet\u00e9, la graisse et les impuret\u00e9s du cuir chevelu et les follicules pileux en m\u00eame temps qu&rsquo;il stimule la circulation sanguine.<\/li>\n<li><strong>STIMULE + NOURRIT<\/strong>\n<p>HydraFacial Keravive proportionne un m\u00e9lange unique de facteurs de croissance et prot\u00e9ines propres de la peau pour promouvoir un cuir chevelu plus en sant\u00e9, des cheveux plus sains et un aspect plus abondant.<\/li>\n<li><strong>\u00c9TEND + REL\u00c8VE<\/strong>\n<p>L&rsquo;usage quotidien du spray HydraFacial Keravive renforce les b\u00e9n\u00e9fices du traitement r\u00e9alis\u00e9 durant la consultation et proportionne une hydratation et nutrition quotidienne du cuir chevelu et des follicules pileux.<\/li>\n<\/ol>\n\t\t\t\t\t\t<\/div>\n\t\t\t\t<\/div>\n\t\t\t\t\t<\/div>\n\t\t<\/div>\n\t\t\t\t\t\t\t<\/div>\n\t\t<\/section>\n\t\t\t\t\t\t<\/div>\n\t\t\n","protected":false},"excerpt":{"rendered":"","protected":false},"author":1,"featured_media":0,"parent":35332,"menu_order":0,"comment_status":"closed","ping_status":"closed","template":"","meta":{"site-sidebar-layout":"default","site-content-layout":"","ast-site-content-layout":"","site-content-style":"default","site-sidebar-style":"default","ast-global-header-display":"","ast-banner-title-visibility":"","ast-main-header-display":"","ast-hfb-above-header-display":"","ast-hfb-below-header-display":"","ast-hfb-mobile-header-display":"","site-post-title":"","ast-breadcrumbs-content":"","ast-featured-img":"","footer-sml-layout":"","theme-transparent-header-meta":"","adv-header-id-meta":"","stick-header-meta":"","header-above-stick-meta":"","header-main-stick-meta":"","header-below-stick-meta":"","astra-migrate-meta-layouts":"","ast-page-background-enabled":"default","ast-page-background-meta":{"desktop":{"background-color":"","background-image":"","background-repeat":"repeat","background-position":"center center","background-size":"auto","background-attachment":"scroll","background-type":"","background-media":"","overlay-type":"","overlay-color":"","overlay-gradient":""},"tablet":{"background-color":"","background-image":"","background-repeat":"repeat","background-position":"center center","background-size":"auto","background-attachment":"scroll","background-type":"","background-media":"","overlay-type":"","overlay-color":"","overlay-gradient":""},"mobile":{"background-color":"","background-image":"","background-repeat":"repeat","background-position":"center center","background-size":"auto","background-attachment":"scroll","background-type":"","background-media":"","overlay-type":"","overlay-color":"","overlay-gradient":""}},"ast-content-background-meta":{"desktop":{"background-color":"var(--ast-global-color-5)","background-image":"","background-repeat":"repeat","background-position":"center center","background-size":"auto","background-attachment":"scroll","background-type":"","background-media":"","overlay-type":"","overlay-color":"","overlay-gradient":""},"tablet":{"background-color":"var(--ast-global-color-5)","background-image":"","background-repeat":"repeat","background-position":"center center","background-size":"auto","background-attachment":"scroll","background-type":"","background-media":"","overlay-type":"","overlay-color":"","overlay-gradient":""},"mobile":{"background-color":"var(--ast-global-color-5)","background-image":"","background-repeat":"repeat","background-position":"center center","background-size":"auto","background-attachment":"scroll","background-type":"","background-media":"","overlay-type":"","overlay-color":"","overlay-gradient":""}},"footnotes":""},"class_list":["post-35382","page","type-page","status-publish","hentry"],"yoast_head":"<!-- This site is optimized with the Yoast SEO plugin v21.6 - https:\/\/yoast.com\/wordpress\/plugins\/seo\/ -->\n<title>Hydrafacial Keravive - The Essential Clinic<\/title>\n<meta name=\"description\" content=\"Hydrafacial Keravive est un traitement visant \u00e0 nettoyer, stimuler, nourrir et hydrater le cuir chevelu pour en augmenter la quantit\u00e9 et la sant\u00e9.\" \/>\n<meta name=\"robots\" content=\"index, follow, max-snippet:-1, max-image-preview:large, max-video-preview:-1\" \/>\n<link rel=\"canonical\" href=\"https:\/\/theessentialclinic.com\/fr\/traitements\/hydrafacial\/hydrafacial-keravive\/\" \/>\n<meta property=\"og:locale\" content=\"fr_FR\" \/>\n<meta property=\"og:type\" content=\"article\" \/>\n<meta property=\"og:title\" content=\"Hydrafacial Keravive - The Essential Clinic\" \/>\n<meta property=\"og:description\" content=\"Hydrafacial Keravive est un traitement visant \u00e0 nettoyer, stimuler, nourrir et hydrater le cuir chevelu pour en augmenter la quantit\u00e9 et la sant\u00e9.\" \/>\n<meta property=\"og:url\" content=\"https:\/\/theessentialclinic.com\/fr\/traitements\/hydrafacial\/hydrafacial-keravive\/\" \/>\n<meta property=\"og:site_name\" content=\"The Essential Clinic\" \/>\n<meta property=\"article:modified_time\" content=\"2023-10-30T11:15:02+00:00\" \/>\n<meta name=\"twitter:card\" content=\"summary_large_image\" \/>\n<script type=\"application\/ld+json\" class=\"yoast-schema-graph\">{\"@context\":\"https:\/\/schema.org\",\"@graph\":[{\"@type\":\"WebPage\",\"@id\":\"https:\/\/theessentialclinic.com\/fr\/traitements\/hydrafacial\/hydrafacial-keravive\/\",\"url\":\"https:\/\/theessentialclinic.com\/fr\/traitements\/hydrafacial\/hydrafacial-keravive\/\",\"name\":\"Hydrafacial Keravive - The Essential Clinic\",\"isPartOf\":{\"@id\":\"https:\/\/theessentialclinic.com\/fr\/#website\"},\"datePublished\":\"2022-02-10T13:08:38+00:00\",\"dateModified\":\"2023-10-30T11:15:02+00:00\",\"description\":\"Hydrafacial Keravive est un traitement visant \u00e0 nettoyer, stimuler, nourrir et hydrater le cuir chevelu pour en augmenter la quantit\u00e9 et la sant\u00e9.\",\"breadcrumb\":{\"@id\":\"https:\/\/theessentialclinic.com\/fr\/traitements\/hydrafacial\/hydrafacial-keravive\/#breadcrumb\"},\"inLanguage\":\"fr-FR\",\"potentialAction\":[{\"@type\":\"ReadAction\",\"target\":[\"https:\/\/theessentialclinic.com\/fr\/traitements\/hydrafacial\/hydrafacial-keravive\/\"]}]},{\"@type\":\"BreadcrumbList\",\"@id\":\"https:\/\/theessentialclinic.com\/fr\/traitements\/hydrafacial\/hydrafacial-keravive\/#breadcrumb\",\"itemListElement\":[{\"@type\":\"ListItem\",\"position\":1,\"name\":\"Accueil\",\"item\":\"https:\/\/theessentialclinic.com\/fr\/acceuil\/\"},{\"@type\":\"ListItem\",\"position\":2,\"name\":\"Traitements\",\"item\":\"https:\/\/theessentialclinic.com\/fr\/traitements\/\"},{\"@type\":\"ListItem\",\"position\":3,\"name\":\"Hydrafacial\",\"item\":\"https:\/\/theessentialclinic.com\/fr\/traitements\/hydrafacial\/\"},{\"@type\":\"ListItem\",\"position\":4,\"name\":\"Hydrafacial Keravive\"}]},{\"@type\":\"WebSite\",\"@id\":\"https:\/\/theessentialclinic.com\/fr\/#website\",\"url\":\"https:\/\/theessentialclinic.com\/fr\/\",\"name\":\"The Essential Clinic\",\"description\":\"Just another WordPress site\",\"publisher\":{\"@id\":\"https:\/\/theessentialclinic.com\/fr\/#organization\"},\"potentialAction\":[{\"@type\":\"SearchAction\",\"target\":{\"@type\":\"EntryPoint\",\"urlTemplate\":\"https:\/\/theessentialclinic.com\/fr\/?s={search_term_string}\"},\"query-input\":\"required name=search_term_string\"}],\"inLanguage\":\"fr-FR\"},{\"@type\":\"Organization\",\"@id\":\"https:\/\/theessentialclinic.com\/fr\/#organization\",\"name\":\"The Essential Clinic\",\"url\":\"https:\/\/theessentialclinic.com\/fr\/\",\"logo\":{\"@type\":\"ImageObject\",\"inLanguage\":\"fr-FR\",\"@id\":\"https:\/\/theessentialclinic.com\/fr\/#\/schema\/logo\/image\/\",\"url\":\"https:\/\/theessentialclinic.com\/wp-content\/uploads\/2022\/01\/logo_white.svg\",\"contentUrl\":\"https:\/\/theessentialclinic.com\/wp-content\/uploads\/2022\/01\/logo_white.svg\",\"width\":1080,\"height\":1080,\"caption\":\"The Essential Clinic\"},\"image\":{\"@id\":\"https:\/\/theessentialclinic.com\/fr\/#\/schema\/logo\/image\/\"}}]}<\/script>\n<!-- \/ Yoast SEO plugin. -->","yoast_head_json":{"title":"Hydrafacial Keravive - The Essential Clinic","description":"Hydrafacial Keravive est un traitement visant \u00e0 nettoyer, stimuler, nourrir et hydrater le cuir chevelu pour en augmenter la quantit\u00e9 et la sant\u00e9.","robots":{"index":"index","follow":"follow","max-snippet":"max-snippet:-1","max-image-preview":"max-image-preview:large","max-video-preview":"max-video-preview:-1"},"canonical":"https:\/\/theessentialclinic.com\/fr\/traitements\/hydrafacial\/hydrafacial-keravive\/","og_locale":"fr_FR","og_type":"article","og_title":"Hydrafacial Keravive - The Essential Clinic","og_description":"Hydrafacial Keravive est un traitement visant \u00e0 nettoyer, stimuler, nourrir et hydrater le cuir chevelu pour en augmenter la quantit\u00e9 et la sant\u00e9.","og_url":"https:\/\/theessentialclinic.com\/fr\/traitements\/hydrafacial\/hydrafacial-keravive\/","og_site_name":"The Essential Clinic","article_modified_time":"2023-10-30T11:15:02+00:00","twitter_card":"summary_large_image","schema":{"@context":"https:\/\/schema.org","@graph":[{"@type":"WebPage","@id":"https:\/\/theessentialclinic.com\/fr\/traitements\/hydrafacial\/hydrafacial-keravive\/","url":"https:\/\/theessentialclinic.com\/fr\/traitements\/hydrafacial\/hydrafacial-keravive\/","name":"Hydrafacial Keravive - The Essential Clinic","isPartOf":{"@id":"https:\/\/theessentialclinic.com\/fr\/#website"},"datePublished":"2022-02-10T13:08:38+00:00","dateModified":"2023-10-30T11:15:02+00:00","description":"Hydrafacial Keravive est un traitement visant \u00e0 nettoyer, stimuler, nourrir et hydrater le cuir chevelu pour en augmenter la quantit\u00e9 et la sant\u00e9.","breadcrumb":{"@id":"https:\/\/theessentialclinic.com\/fr\/traitements\/hydrafacial\/hydrafacial-keravive\/#breadcrumb"},"inLanguage":"fr-FR","potentialAction":[{"@type":"ReadAction","target":["https:\/\/theessentialclinic.com\/fr\/traitements\/hydrafacial\/hydrafacial-keravive\/"]}]},{"@type":"BreadcrumbList","@id":"https:\/\/theessentialclinic.com\/fr\/traitements\/hydrafacial\/hydrafacial-keravive\/#breadcrumb","itemListElement":[{"@type":"ListItem","position":1,"name":"Accueil","item":"https:\/\/theessentialclinic.com\/fr\/acceuil\/"},{"@type":"ListItem","position":2,"name":"Traitements","item":"https:\/\/theessentialclinic.com\/fr\/traitements\/"},{"@type":"ListItem","position":3,"name":"Hydrafacial","item":"https:\/\/theessentialclinic.com\/fr\/traitements\/hydrafacial\/"},{"@type":"ListItem","position":4,"name":"Hydrafacial Keravive"}]},{"@type":"WebSite","@id":"https:\/\/theessentialclinic.com\/fr\/#website","url":"https:\/\/theessentialclinic.com\/fr\/","name":"The Essential Clinic","description":"Just another WordPress site","publisher":{"@id":"https:\/\/theessentialclinic.com\/fr\/#organization"},"potentialAction":[{"@type":"SearchAction","target":{"@type":"EntryPoint","urlTemplate":"https:\/\/theessentialclinic.com\/fr\/?s={search_term_string}"},"query-input":"required name=search_term_string"}],"inLanguage":"fr-FR"},{"@type":"Organization","@id":"https:\/\/theessentialclinic.com\/fr\/#organization","name":"The Essential Clinic","url":"https:\/\/theessentialclinic.com\/fr\/","logo":{"@type":"ImageObject","inLanguage":"fr-FR","@id":"https:\/\/theessentialclinic.com\/fr\/#\/schema\/logo\/image\/","url":"https:\/\/theessentialclinic.com\/wp-content\/uploads\/2022\/01\/logo_white.svg","contentUrl":"https:\/\/theessentialclinic.com\/wp-content\/uploads\/2022\/01\/logo_white.svg","width":1080,"height":1080,"caption":"The Essential Clinic"},"image":{"@id":"https:\/\/theessentialclinic.com\/fr\/#\/schema\/logo\/image\/"}}]}},"_links":{"self":[{"href":"https:\/\/theessentialclinic.com\/fr\/wp-json\/wp\/v2\/pages\/35382","targetHints":{"allow":["GET"]}}],"collection":[{"href":"https:\/\/theessentialclinic.com\/fr\/wp-json\/wp\/v2\/pages"}],"about":[{"href":"https:\/\/theessentialclinic.com\/fr\/wp-json\/wp\/v2\/types\/page"}],"author":[{"embeddable":true,"href":"https:\/\/theessentialclinic.com\/fr\/wp-json\/wp\/v2\/users\/1"}],"replies":[{"embeddable":true,"href":"https:\/\/theessentialclinic.com\/fr\/wp-json\/wp\/v2\/comments?post=35382"}],"version-history":[{"count":2,"href":"https:\/\/theessentialclinic.com\/fr\/wp-json\/wp\/v2\/pages\/35382\/revisions"}],"predecessor-version":[{"id":39519,"href":"https:\/\/theessentialclinic.com\/fr\/wp-json\/wp\/v2\/pages\/35382\/revisions\/39519"}],"up":[{"embeddable":true,"href":"https:\/\/theessentialclinic.com\/fr\/wp-json\/wp\/v2\/pages\/35332"}],"wp:attachment":[{"href":"https:\/\/theessentialclinic.com\/fr\/wp-json\/wp\/v2\/media?parent=35382"}],"curies":[{"name":"wp","href":"https:\/\/api.w.org\/{rel}","templated":true}]}}