{"id":35199,"date":"2022-02-10T16:27:26","date_gmt":"2022-02-10T15:27:26","guid":{"rendered":"https:\/\/theessentialclinic.com\/traitements\/acide-hyaluronique\/rides-pre-ibucales-code-a-barres\/"},"modified":"2023-11-30T14:57:34","modified_gmt":"2023-11-30T13:57:34","slug":"rides-pre-ibucales-code-a-barres","status":"publish","type":"page","link":"https:\/\/theessentialclinic.com\/fr\/traitements\/acide-hyaluronique\/rides-pre-ibucales-code-a-barres\/","title":{"rendered":"Rides p\u00e9ribuccaux &#8211; code barre"},"content":{"rendered":"\t\t<div data-elementor-type=\"wp-page\" data-elementor-id=\"35199\" class=\"elementor elementor-35199 elementor-31281\" data-elementor-post-type=\"page\">\n\t\t\t\t\t\t\t\t\t<section class=\"elementor-section elementor-top-section elementor-element elementor-element-3f9a0b72 elementor-section-boxed elementor-section-height-default elementor-section-height-default\" data-id=\"3f9a0b72\" data-element_type=\"section\">\n\t\t\t\t\t\t<div class=\"elementor-container elementor-column-gap-default\">\n\t\t\t\t\t<div class=\"elementor-column elementor-col-100 elementor-top-column elementor-element elementor-element-2be38e65\" data-id=\"2be38e65\" data-element_type=\"column\">\n\t\t\t<div class=\"elementor-widget-wrap elementor-element-populated\">\n\t\t\t\t\t\t\t\t<div class=\"elementor-element elementor-element-39cb76e elementor-widget elementor-widget-text-editor\" data-id=\"39cb76e\" data-element_type=\"widget\" data-widget_type=\"text-editor.default\">\n\t\t\t\t<div class=\"elementor-widget-container\">\n\t\t\t\t\t\t\t\t\t<div data-elementor-type=\"section\" data-elementor-id=\"35679\" class=\"elementor elementor-35679 elementor-29722\" data-elementor-post-type=\"elementor_library\">\n\t\t\t\t\t\t\t\t<section class=\"elementor-section elementor-top-section elementor-element elementor-element-55e667a elementor-section-boxed elementor-section-height-default elementor-section-height-default\" data-id=\"55e667a\" data-element_type=\"section\" id=\"arrugasperibucales\">\n\t\t\t\t\t\t<div class=\"elementor-container elementor-column-gap-default\">\n\t\t\t\t\t<div class=\"elementor-column elementor-col-100 elementor-top-column elementor-element elementor-element-97ba0f0\" data-id=\"97ba0f0\" data-element_type=\"column\">\n\t\t\t<div class=\"elementor-widget-wrap elementor-element-populated\">\n\t\t\t\t\t\t\t\t<div class=\"elementor-element elementor-element-5ddb367 elementor-skin-carousel elementor-arrows-yes elementor-pagination-type-bullets elementor-pagination-position-outside elementor-widget elementor-widget-media-carousel\" data-id=\"5ddb367\" data-element_type=\"widget\" data-settings=\"{&quot;slides_per_view&quot;:&quot;4&quot;,&quot;skin&quot;:&quot;carousel&quot;,&quot;effect&quot;:&quot;slide&quot;,&quot;show_arrows&quot;:&quot;yes&quot;,&quot;pagination&quot;:&quot;bullets&quot;,&quot;speed&quot;:500,&quot;autoplay&quot;:&quot;yes&quot;,&quot;autoplay_speed&quot;:5000,&quot;loop&quot;:&quot;yes&quot;,&quot;pause_on_hover&quot;:&quot;yes&quot;,&quot;pause_on_interaction&quot;:&quot;yes&quot;,&quot;space_between&quot;:{&quot;unit&quot;:&quot;px&quot;,&quot;size&quot;:10,&quot;sizes&quot;:[]},&quot;space_between_tablet&quot;:{&quot;unit&quot;:&quot;px&quot;,&quot;size&quot;:10,&quot;sizes&quot;:[]},&quot;space_between_mobile&quot;:{&quot;unit&quot;:&quot;px&quot;,&quot;size&quot;:10,&quot;sizes&quot;:[]}}\" data-widget_type=\"media-carousel.default\">\n\t\t\t\t<div class=\"elementor-widget-container\">\n\t\t\t\t\t<div class=\"elementor-swiper\">\n\t\t\t<div class=\"elementor-main-swiper swiper-container\">\n\t\t\t\t<div class=\"swiper-wrapper\">\n\t\t\t\t\t\t\t\t\t\t\t<div class=\"swiper-slide\">\n\t\t\t\t\t\t\t\t\t<div class=\"elementor-carousel-image\" role=\"img\" aria-label=\"Arrugas peribucales, c\u00f3digo de barras\" style=\"background-image: url(&#039;https:\/\/theessentialclinic.com\/wp-content\/uploads\/2022\/03\/ARRUGAS-PERIBUCALES-3.jpg&#039;)\">\n\n\t\t\t\n\t\t\t\t\t<\/div>\n\t\t\t\t\t\t\t\t<\/div>\n\t\t\t\t\t\t\t\t\t\t\t<div class=\"swiper-slide\">\n\t\t\t\t\t\t\t\t\t<div class=\"elementor-carousel-image\" role=\"img\" aria-label=\"Arrugas peribucales, c\u00f3digo de barras\" style=\"background-image: url(&#039;https:\/\/theessentialclinic.com\/wp-content\/uploads\/2022\/03\/ARRUGAS-PERIBUCALES-1-1.jpg&#039;)\">\n\n\t\t\t\n\t\t\t\t\t<\/div>\n\t\t\t\t\t\t\t\t<\/div>\n\t\t\t\t\t\t\t\t\t\t\t<div class=\"swiper-slide\">\n\t\t\t\t\t\t\t\t\t<div class=\"elementor-carousel-image\" role=\"img\" aria-label=\"Arrugas peribucales, c\u00f3digo de barras\" style=\"background-image: url(&#039;https:\/\/theessentialclinic.com\/wp-content\/uploads\/2022\/03\/ARRUGAS-PERIBUCALES-2.jpg&#039;)\">\n\n\t\t\t\n\t\t\t\t\t<\/div>\n\t\t\t\t\t\t\t\t<\/div>\n\t\t\t\t\t\t\t\t\t\t\t<div class=\"swiper-slide\">\n\t\t\t\t\t\t\t\t\t<div class=\"elementor-carousel-image\" role=\"img\" aria-label=\"Acido hialur\u00f3nico para labios\" style=\"background-image: url(&#039;https:\/\/theessentialclinic.com\/wp-content\/uploads\/2022\/09\/CB-1.jpg&#039;)\">\n\n\t\t\t\n\t\t\t\t\t<\/div>\n\t\t\t\t\t\t\t\t<\/div>\n\t\t\t\t\t\t\t\t\t\t\t<div class=\"swiper-slide\">\n\t\t\t\t\t\t\t\t\t<div class=\"elementor-carousel-image\" role=\"img\" aria-label=\"Acido hialur\u00f3nico para labios\" style=\"background-image: url(&#039;https:\/\/theessentialclinic.com\/wp-content\/uploads\/2022\/09\/SNG-4.png&#039;)\">\n\n\t\t\t\n\t\t\t\t\t<\/div>\n\t\t\t\t\t\t\t\t<\/div>\n\t\t\t\t\t\t\t\t\t<\/div>\n\t\t\t\t\t\t\t\t\t\t\t\t\t\t\t<div class=\"swiper-pagination\"><\/div>\n\t\t\t\t\t\t\t\t\t\t\t\t\t\t\t\t<div class=\"elementor-swiper-button elementor-swiper-button-prev\" role=\"button\" tabindex=\"0\">\n\t\t\t\t\t\t\t<i aria-hidden=\"true\" class=\"eicon-chevron-left\"><\/i>\t\t\t\t\t\t\t<span class=\"elementor-screen-only\">Pr\u00e9c\u00e9dent<\/span>\n\t\t\t\t\t\t<\/div>\n\t\t\t\t\t\t<div class=\"elementor-swiper-button elementor-swiper-button-next\" role=\"button\" tabindex=\"0\">\n\t\t\t\t\t\t\t<i aria-hidden=\"true\" class=\"eicon-chevron-right\"><\/i>\t\t\t\t\t\t\t<span class=\"elementor-screen-only\">Suivant<\/span>\n\t\t\t\t\t\t<\/div>\n\t\t\t\t\t\t\t\t\t\t\t\t<\/div>\n\t\t<\/div>\n\t\t\t\t<\/div>\n\t\t\t\t<\/div>\n\t\t\t\t<div class=\"elementor-element elementor-element-872e84c elementor-widget elementor-widget-text-editor\" data-id=\"872e84c\" data-element_type=\"widget\" data-widget_type=\"text-editor.default\">\n\t\t\t\t<div class=\"elementor-widget-container\">\n\t\t\t\t\t\t\t<p>Entre les rides p\u00e9ribuccaux les plus fr\u00e9quents se trouvent : celles du \u00ab\u00a0code de barres\u00a0\u00bb (rides d&rsquo;expression de la l\u00e8vre sup\u00e9rieure), lignes de marionnette et sillons de la commissure. Le traitement est effectu\u00e9 en r\u00e9alisant des petites infiltrations d&rsquo;acide hyaluronique dans la zone \u00e0 traiter. L&rsquo;acide hyaluronique, en plus d&rsquo;apporter du volume, hydrate et stimule la formation de nouveau collag\u00e8ne, ce qui est excellent comme traitement pr\u00e9ventif. Dans certains cas, il sera n\u00e9cessaire de combiner avec un autre type de traitement pour obtenir un meilleur r\u00e9sultat, comme : Neuromodulateurs, Peelings chimiques, Microneedling, Laser fractionnel de CO2.<\/p>\n\t\t\t\t\t\t<\/div>\n\t\t\t\t<\/div>\n\t\t\t\t<div class=\"elementor-element elementor-element-fef4a12 elementor-widget elementor-widget-accordion\" data-id=\"fef4a12\" data-element_type=\"widget\" data-widget_type=\"accordion.default\">\n\t\t\t\t<div class=\"elementor-widget-container\">\n\t\t\t\t\t<div class=\"elementor-accordion\">\n\t\t\t\t\t\t\t<div class=\"elementor-accordion-item\">\n\t\t\t\t\t<div id=\"elementor-tab-title-2671\" class=\"elementor-tab-title\" data-tab=\"1\" role=\"button\" aria-controls=\"elementor-tab-content-2671\" aria-expanded=\"false\">\n\t\t\t\t\t\t\t\t\t\t\t\t\t<span class=\"elementor-accordion-icon elementor-accordion-icon-left\" aria-hidden=\"true\">\n\t\t\t\t\t\t\t\t\t\t\t\t\t\t\t<span class=\"elementor-accordion-icon-closed\"><i class=\"fas fa-angle-down\"><\/i><\/span>\n\t\t\t\t\t\t\t\t<span class=\"elementor-accordion-icon-opened\"><i class=\"fas fa-minus\"><\/i><\/span>\n\t\t\t\t\t\t\t\t\t\t\t\t\t\t<\/span>\n\t\t\t\t\t\t\t\t\t\t\t\t<a class=\"elementor-accordion-title\" tabindex=\"0\">Combien de temps dure la proc\u00e9dure?<\/a>\n\t\t\t\t\t<\/div>\n\t\t\t\t\t<div id=\"elementor-tab-content-2671\" class=\"elementor-tab-content elementor-clearfix\" data-tab=\"1\" role=\"region\" aria-labelledby=\"elementor-tab-title-2671\"><p>30 &#8211; 45 min approximativement.<\/p>\n<\/div>\n\t\t\t\t<\/div>\n\t\t\t\t\t\t\t<div class=\"elementor-accordion-item\">\n\t\t\t\t\t<div id=\"elementor-tab-title-2672\" class=\"elementor-tab-title\" data-tab=\"2\" role=\"button\" aria-controls=\"elementor-tab-content-2672\" aria-expanded=\"false\">\n\t\t\t\t\t\t\t\t\t\t\t\t\t<span class=\"elementor-accordion-icon elementor-accordion-icon-left\" aria-hidden=\"true\">\n\t\t\t\t\t\t\t\t\t\t\t\t\t\t\t<span class=\"elementor-accordion-icon-closed\"><i class=\"fas fa-angle-down\"><\/i><\/span>\n\t\t\t\t\t\t\t\t<span class=\"elementor-accordion-icon-opened\"><i class=\"fas fa-minus\"><\/i><\/span>\n\t\t\t\t\t\t\t\t\t\t\t\t\t\t<\/span>\n\t\t\t\t\t\t\t\t\t\t\t\t<a class=\"elementor-accordion-title\" tabindex=\"0\">La proc\u00e9dure est-elle douloureuse ?<\/a>\n\t\t\t\t\t<\/div>\n\t\t\t\t\t<div id=\"elementor-tab-content-2672\" class=\"elementor-tab-content elementor-clearfix\" data-tab=\"2\" role=\"region\" aria-labelledby=\"elementor-tab-title-2672\"><p>C&rsquo;est totalement supportable. Une cr\u00e8me anesth\u00e9sique locale est appliqu\u00e9e avant le traitement.<\/p>\n<\/div>\n\t\t\t\t<\/div>\n\t\t\t\t\t\t\t<div class=\"elementor-accordion-item\">\n\t\t\t\t\t<div id=\"elementor-tab-title-2673\" class=\"elementor-tab-title\" data-tab=\"3\" role=\"button\" aria-controls=\"elementor-tab-content-2673\" aria-expanded=\"false\">\n\t\t\t\t\t\t\t\t\t\t\t\t\t<span class=\"elementor-accordion-icon elementor-accordion-icon-left\" aria-hidden=\"true\">\n\t\t\t\t\t\t\t\t\t\t\t\t\t\t\t<span class=\"elementor-accordion-icon-closed\"><i class=\"fas fa-angle-down\"><\/i><\/span>\n\t\t\t\t\t\t\t\t<span class=\"elementor-accordion-icon-opened\"><i class=\"fas fa-minus\"><\/i><\/span>\n\t\t\t\t\t\t\t\t\t\t\t\t\t\t<\/span>\n\t\t\t\t\t\t\t\t\t\t\t\t<a class=\"elementor-accordion-title\" tabindex=\"0\">Quand peux-je voir les effets ?<\/a>\n\t\t\t\t\t<\/div>\n\t\t\t\t\t<div id=\"elementor-tab-content-2673\" class=\"elementor-tab-content elementor-clearfix\" data-tab=\"3\" role=\"region\" aria-labelledby=\"elementor-tab-title-2673\"><p>Le r\u00e9sultat est visible imm\u00e9diatement d\u00e8s l&rsquo;application et am\u00e9liore progressivement au cours des jours suivants. Il adoucit et\/ou \u00e9limine les rides superficiels et profonds.<\/p>\n<\/div>\n\t\t\t\t<\/div>\n\t\t\t\t\t\t\t<div class=\"elementor-accordion-item\">\n\t\t\t\t\t<div id=\"elementor-tab-title-2674\" class=\"elementor-tab-title\" data-tab=\"4\" role=\"button\" aria-controls=\"elementor-tab-content-2674\" aria-expanded=\"false\">\n\t\t\t\t\t\t\t\t\t\t\t\t\t<span class=\"elementor-accordion-icon elementor-accordion-icon-left\" aria-hidden=\"true\">\n\t\t\t\t\t\t\t\t\t\t\t\t\t\t\t<span class=\"elementor-accordion-icon-closed\"><i class=\"fas fa-angle-down\"><\/i><\/span>\n\t\t\t\t\t\t\t\t<span class=\"elementor-accordion-icon-opened\"><i class=\"fas fa-minus\"><\/i><\/span>\n\t\t\t\t\t\t\t\t\t\t\t\t\t\t<\/span>\n\t\t\t\t\t\t\t\t\t\t\t\t<a class=\"elementor-accordion-title\" tabindex=\"0\">Combien de temps dure l&rsquo;effet ?<\/a>\n\t\t\t\t\t<\/div>\n\t\t\t\t\t<div id=\"elementor-tab-content-2674\" class=\"elementor-tab-content elementor-clearfix\" data-tab=\"4\" role=\"region\" aria-labelledby=\"elementor-tab-title-2674\"><p>Entre 6 \u00e0 12 mois, par contre, cela peut varier en fonction de la capacit\u00e9 d&rsquo;absorption de l&rsquo;organisme de chaque patient.<\/p>\n<\/div>\n\t\t\t\t<\/div>\n\t\t\t\t\t\t\t<div class=\"elementor-accordion-item\">\n\t\t\t\t\t<div id=\"elementor-tab-title-2675\" class=\"elementor-tab-title\" data-tab=\"5\" role=\"button\" aria-controls=\"elementor-tab-content-2675\" aria-expanded=\"false\">\n\t\t\t\t\t\t\t\t\t\t\t\t\t<span class=\"elementor-accordion-icon elementor-accordion-icon-left\" aria-hidden=\"true\">\n\t\t\t\t\t\t\t\t\t\t\t\t\t\t\t<span class=\"elementor-accordion-icon-closed\"><i class=\"fas fa-angle-down\"><\/i><\/span>\n\t\t\t\t\t\t\t\t<span class=\"elementor-accordion-icon-opened\"><i class=\"fas fa-minus\"><\/i><\/span>\n\t\t\t\t\t\t\t\t\t\t\t\t\t\t<\/span>\n\t\t\t\t\t\t\t\t\t\t\t\t<a class=\"elementor-accordion-title\" tabindex=\"0\">Quels sont les effets adverses\/secondaires ?<\/a>\n\t\t\t\t\t<\/div>\n\t\t\t\t\t<div id=\"elementor-tab-content-2675\" class=\"elementor-tab-content elementor-clearfix\" data-tab=\"5\" role=\"region\" aria-labelledby=\"elementor-tab-title-2675\"><p>Les effets secondaires sont ceux reli\u00e9s aux infiltrations, qui peuvent causer une l\u00e9g\u00e8re g\u00eane ou douleur, inflammation, ou des petits h\u00e9matomes, qui ne durent que quelques jours.<\/p>\n<\/div>\n\t\t\t\t<\/div>\n\t\t\t\t\t\t\t<div class=\"elementor-accordion-item\">\n\t\t\t\t\t<div id=\"elementor-tab-title-2676\" class=\"elementor-tab-title\" data-tab=\"6\" role=\"button\" aria-controls=\"elementor-tab-content-2676\" aria-expanded=\"false\">\n\t\t\t\t\t\t\t\t\t\t\t\t\t<span class=\"elementor-accordion-icon elementor-accordion-icon-left\" aria-hidden=\"true\">\n\t\t\t\t\t\t\t\t\t\t\t\t\t\t\t<span class=\"elementor-accordion-icon-closed\"><i class=\"fas fa-angle-down\"><\/i><\/span>\n\t\t\t\t\t\t\t\t<span class=\"elementor-accordion-icon-opened\"><i class=\"fas fa-minus\"><\/i><\/span>\n\t\t\t\t\t\t\t\t\t\t\t\t\t\t<\/span>\n\t\t\t\t\t\t\t\t\t\t\t\t<a class=\"elementor-accordion-title\" tabindex=\"0\">Quels soins sont recommand\u00e9s de faire \u00e0 la maison apr\u00e8s le traitement ?<\/a>\n\t\t\t\t\t<\/div>\n\t\t\t\t\t<div id=\"elementor-tab-content-2676\" class=\"elementor-tab-content elementor-clearfix\" data-tab=\"6\" role=\"region\" aria-labelledby=\"elementor-tab-title-2676\"><p>\u00c9vitez l&rsquo;alcool, l&rsquo;exercice physique, saunas et piscines durant 24 h. \u00c9vitez les rayons du soleil et UVA si des violets apparaissent, jusqu&rsquo;\u00e0 ce que ceux-si se soient compl\u00e8tement r\u00e9solus. Vous pouvez appliquer Thrombocid ou arnica pour les h\u00e9matomes. Cr\u00e8mes avec un facteur de protection solaire.<\/p>\n<\/div>\n\t\t\t\t<\/div>\n\t\t\t\t\t\t\t\t<\/div>\n\t\t\t\t<\/div>\n\t\t\t\t<\/div>\n\t\t\t\t\t<\/div>\n\t\t<\/div>\n\t\t\t\t\t\t\t<\/div>\n\t\t<\/section>\n\t\t\t\t\t\t<\/div>\n\t\t\r\n\t\t\t\t\t\t<\/div>\n\t\t\t\t<\/div>\n\t\t\t\t\t<\/div>\n\t\t<\/div>\n\t\t\t\t\t\t\t<\/div>\n\t\t<\/section>\n\t\t\t\t\t\t\t<\/div>\n\t\t","protected":false},"excerpt":{"rendered":"","protected":false},"author":1,"featured_media":34670,"parent":35195,"menu_order":0,"comment_status":"closed","ping_status":"closed","template":"","meta":{"site-sidebar-layout":"default","site-content-layout":"","ast-site-content-layout":"","site-content-style":"default","site-sidebar-style":"default","ast-global-header-display":"","ast-banner-title-visibility":"","ast-main-header-display":"","ast-hfb-above-header-display":"","ast-hfb-below-header-display":"","ast-hfb-mobile-header-display":"","site-post-title":"","ast-breadcrumbs-content":"","ast-featured-img":"","footer-sml-layout":"","theme-transparent-header-meta":"","adv-header-id-meta":"","stick-header-meta":"","header-above-stick-meta":"","header-main-stick-meta":"","header-below-stick-meta":"","astra-migrate-meta-layouts":"","ast-page-background-enabled":"default","ast-page-background-meta":{"desktop":{"background-color":"","background-image":"","background-repeat":"repeat","background-position":"center center","background-size":"auto","background-attachment":"scroll","background-type":"","background-media":"","overlay-type":"","overlay-color":"","overlay-gradient":""},"tablet":{"background-color":"","background-image":"","background-repeat":"repeat","background-position":"center center","background-size":"auto","background-attachment":"scroll","background-type":"","background-media":"","overlay-type":"","overlay-color":"","overlay-gradient":""},"mobile":{"background-color":"","background-image":"","background-repeat":"repeat","background-position":"center center","background-size":"auto","background-attachment":"scroll","background-type":"","background-media":"","overlay-type":"","overlay-color":"","overlay-gradient":""}},"ast-content-background-meta":{"desktop":{"background-color":"var(--ast-global-color-5)","background-image":"","background-repeat":"repeat","background-position":"center center","background-size":"auto","background-attachment":"scroll","background-type":"","background-media":"","overlay-type":"","overlay-color":"","overlay-gradient":""},"tablet":{"background-color":"var(--ast-global-color-5)","background-image":"","background-repeat":"repeat","background-position":"center center","background-size":"auto","background-attachment":"scroll","background-type":"","background-media":"","overlay-type":"","overlay-color":"","overlay-gradient":""},"mobile":{"background-color":"var(--ast-global-color-5)","background-image":"","background-repeat":"repeat","background-position":"center center","background-size":"auto","background-attachment":"scroll","background-type":"","background-media":"","overlay-type":"","overlay-color":"","overlay-gradient":""}},"footnotes":""},"class_list":["post-35199","page","type-page","status-publish","has-post-thumbnail","hentry"],"yoast_head":"<!-- This site is optimized with the Yoast SEO plugin v21.6 - https:\/\/yoast.com\/wordpress\/plugins\/seo\/ -->\n<title>Rides p\u00e9ribuccaux - code barre - The Essential Clinic<\/title>\n<meta name=\"description\" content=\"D\u00e9couvrez nos traitements de m\u00e9decine esth\u00e9tique du visage \u00e0 l&#039;acide hyaluronique pour les rides p\u00e9ri-buccales ou les codes-barres.\" \/>\n<meta name=\"robots\" content=\"index, follow, max-snippet:-1, max-image-preview:large, max-video-preview:-1\" \/>\n<link rel=\"canonical\" href=\"https:\/\/theessentialclinic.com\/fr\/traitements\/acide-hyaluronique\/rides-pre-ibucales-code-a-barres\/\" \/>\n<meta property=\"og:locale\" content=\"fr_FR\" \/>\n<meta property=\"og:type\" content=\"article\" \/>\n<meta property=\"og:title\" content=\"Rides p\u00e9ribuccaux - code barre - The Essential Clinic\" \/>\n<meta property=\"og:description\" content=\"D\u00e9couvrez nos traitements de m\u00e9decine esth\u00e9tique du visage \u00e0 l&#039;acide hyaluronique pour les rides p\u00e9ri-buccales ou les codes-barres.\" \/>\n<meta property=\"og:url\" content=\"https:\/\/theessentialclinic.com\/fr\/traitements\/acide-hyaluronique\/rides-pre-ibucales-code-a-barres\/\" \/>\n<meta property=\"og:site_name\" content=\"The Essential Clinic\" \/>\n<meta property=\"article:modified_time\" content=\"2023-11-30T13:57:34+00:00\" \/>\n<meta property=\"og:image\" content=\"https:\/\/theessentialclinic.com\/wp-content\/uploads\/2022\/03\/CABECERA-ARRUGAS-PERIBUCALES-.jpg\" \/>\n\t<meta property=\"og:image:width\" content=\"980\" \/>\n\t<meta property=\"og:image:height\" content=\"490\" \/>\n\t<meta property=\"og:image:type\" content=\"image\/jpeg\" \/>\n<meta name=\"twitter:card\" content=\"summary_large_image\" \/>\n<meta name=\"twitter:label1\" content=\"Dur\u00e9e de lecture estim\u00e9e\" \/>\n\t<meta name=\"twitter:data1\" content=\"1 minute\" \/>\n<script type=\"application\/ld+json\" class=\"yoast-schema-graph\">{\"@context\":\"https:\/\/schema.org\",\"@graph\":[{\"@type\":\"WebPage\",\"@id\":\"https:\/\/theessentialclinic.com\/fr\/traitements\/acide-hyaluronique\/rides-pre-ibucales-code-a-barres\/\",\"url\":\"https:\/\/theessentialclinic.com\/fr\/traitements\/acide-hyaluronique\/rides-pre-ibucales-code-a-barres\/\",\"name\":\"Rides p\u00e9ribuccaux - code barre - The Essential Clinic\",\"isPartOf\":{\"@id\":\"https:\/\/theessentialclinic.com\/fr\/#website\"},\"datePublished\":\"2022-02-10T15:27:26+00:00\",\"dateModified\":\"2023-11-30T13:57:34+00:00\",\"description\":\"D\u00e9couvrez nos traitements de m\u00e9decine esth\u00e9tique du visage \u00e0 l'acide hyaluronique pour les rides p\u00e9ri-buccales ou les codes-barres.\",\"breadcrumb\":{\"@id\":\"https:\/\/theessentialclinic.com\/fr\/traitements\/acide-hyaluronique\/rides-pre-ibucales-code-a-barres\/#breadcrumb\"},\"inLanguage\":\"fr-FR\",\"potentialAction\":[{\"@type\":\"ReadAction\",\"target\":[\"https:\/\/theessentialclinic.com\/fr\/traitements\/acide-hyaluronique\/rides-pre-ibucales-code-a-barres\/\"]}]},{\"@type\":\"BreadcrumbList\",\"@id\":\"https:\/\/theessentialclinic.com\/fr\/traitements\/acide-hyaluronique\/rides-pre-ibucales-code-a-barres\/#breadcrumb\",\"itemListElement\":[{\"@type\":\"ListItem\",\"position\":1,\"name\":\"Accueil\",\"item\":\"https:\/\/theessentialclinic.com\/fr\/acceuil\/\"},{\"@type\":\"ListItem\",\"position\":2,\"name\":\"Traitements\",\"item\":\"https:\/\/theessentialclinic.com\/fr\/traitements\/\"},{\"@type\":\"ListItem\",\"position\":3,\"name\":\"Acide hyaluronique\",\"item\":\"https:\/\/theessentialclinic.com\/fr\/traitements\/acide-hyaluronique\/\"},{\"@type\":\"ListItem\",\"position\":4,\"name\":\"Rides p\u00e9ribuccaux &#8211; code barre\"}]},{\"@type\":\"WebSite\",\"@id\":\"https:\/\/theessentialclinic.com\/fr\/#website\",\"url\":\"https:\/\/theessentialclinic.com\/fr\/\",\"name\":\"The Essential Clinic\",\"description\":\"Just another WordPress site\",\"publisher\":{\"@id\":\"https:\/\/theessentialclinic.com\/fr\/#organization\"},\"potentialAction\":[{\"@type\":\"SearchAction\",\"target\":{\"@type\":\"EntryPoint\",\"urlTemplate\":\"https:\/\/theessentialclinic.com\/fr\/?s={search_term_string}\"},\"query-input\":\"required name=search_term_string\"}],\"inLanguage\":\"fr-FR\"},{\"@type\":\"Organization\",\"@id\":\"https:\/\/theessentialclinic.com\/fr\/#organization\",\"name\":\"The Essential Clinic\",\"url\":\"https:\/\/theessentialclinic.com\/fr\/\",\"logo\":{\"@type\":\"ImageObject\",\"inLanguage\":\"fr-FR\",\"@id\":\"https:\/\/theessentialclinic.com\/fr\/#\/schema\/logo\/image\/\",\"url\":\"https:\/\/theessentialclinic.com\/wp-content\/uploads\/2022\/01\/logo_white.svg\",\"contentUrl\":\"https:\/\/theessentialclinic.com\/wp-content\/uploads\/2022\/01\/logo_white.svg\",\"width\":1080,\"height\":1080,\"caption\":\"The Essential Clinic\"},\"image\":{\"@id\":\"https:\/\/theessentialclinic.com\/fr\/#\/schema\/logo\/image\/\"}}]}<\/script>\n<!-- \/ Yoast SEO plugin. -->","yoast_head_json":{"title":"Rides p\u00e9ribuccaux - code barre - The Essential Clinic","description":"D\u00e9couvrez nos traitements de m\u00e9decine esth\u00e9tique du visage \u00e0 l'acide hyaluronique pour les rides p\u00e9ri-buccales ou les codes-barres.","robots":{"index":"index","follow":"follow","max-snippet":"max-snippet:-1","max-image-preview":"max-image-preview:large","max-video-preview":"max-video-preview:-1"},"canonical":"https:\/\/theessentialclinic.com\/fr\/traitements\/acide-hyaluronique\/rides-pre-ibucales-code-a-barres\/","og_locale":"fr_FR","og_type":"article","og_title":"Rides p\u00e9ribuccaux - code barre - The Essential Clinic","og_description":"D\u00e9couvrez nos traitements de m\u00e9decine esth\u00e9tique du visage \u00e0 l'acide hyaluronique pour les rides p\u00e9ri-buccales ou les codes-barres.","og_url":"https:\/\/theessentialclinic.com\/fr\/traitements\/acide-hyaluronique\/rides-pre-ibucales-code-a-barres\/","og_site_name":"The Essential Clinic","article_modified_time":"2023-11-30T13:57:34+00:00","og_image":[{"width":980,"height":490,"url":"https:\/\/theessentialclinic.com\/wp-content\/uploads\/2022\/03\/CABECERA-ARRUGAS-PERIBUCALES-.jpg","type":"image\/jpeg"}],"twitter_card":"summary_large_image","twitter_misc":{"Dur\u00e9e de lecture estim\u00e9e":"1 minute"},"schema":{"@context":"https:\/\/schema.org","@graph":[{"@type":"WebPage","@id":"https:\/\/theessentialclinic.com\/fr\/traitements\/acide-hyaluronique\/rides-pre-ibucales-code-a-barres\/","url":"https:\/\/theessentialclinic.com\/fr\/traitements\/acide-hyaluronique\/rides-pre-ibucales-code-a-barres\/","name":"Rides p\u00e9ribuccaux - code barre - The Essential Clinic","isPartOf":{"@id":"https:\/\/theessentialclinic.com\/fr\/#website"},"datePublished":"2022-02-10T15:27:26+00:00","dateModified":"2023-11-30T13:57:34+00:00","description":"D\u00e9couvrez nos traitements de m\u00e9decine esth\u00e9tique du visage \u00e0 l'acide hyaluronique pour les rides p\u00e9ri-buccales ou les codes-barres.","breadcrumb":{"@id":"https:\/\/theessentialclinic.com\/fr\/traitements\/acide-hyaluronique\/rides-pre-ibucales-code-a-barres\/#breadcrumb"},"inLanguage":"fr-FR","potentialAction":[{"@type":"ReadAction","target":["https:\/\/theessentialclinic.com\/fr\/traitements\/acide-hyaluronique\/rides-pre-ibucales-code-a-barres\/"]}]},{"@type":"BreadcrumbList","@id":"https:\/\/theessentialclinic.com\/fr\/traitements\/acide-hyaluronique\/rides-pre-ibucales-code-a-barres\/#breadcrumb","itemListElement":[{"@type":"ListItem","position":1,"name":"Accueil","item":"https:\/\/theessentialclinic.com\/fr\/acceuil\/"},{"@type":"ListItem","position":2,"name":"Traitements","item":"https:\/\/theessentialclinic.com\/fr\/traitements\/"},{"@type":"ListItem","position":3,"name":"Acide hyaluronique","item":"https:\/\/theessentialclinic.com\/fr\/traitements\/acide-hyaluronique\/"},{"@type":"ListItem","position":4,"name":"Rides p\u00e9ribuccaux &#8211; code barre"}]},{"@type":"WebSite","@id":"https:\/\/theessentialclinic.com\/fr\/#website","url":"https:\/\/theessentialclinic.com\/fr\/","name":"The Essential Clinic","description":"Just another WordPress site","publisher":{"@id":"https:\/\/theessentialclinic.com\/fr\/#organization"},"potentialAction":[{"@type":"SearchAction","target":{"@type":"EntryPoint","urlTemplate":"https:\/\/theessentialclinic.com\/fr\/?s={search_term_string}"},"query-input":"required name=search_term_string"}],"inLanguage":"fr-FR"},{"@type":"Organization","@id":"https:\/\/theessentialclinic.com\/fr\/#organization","name":"The Essential Clinic","url":"https:\/\/theessentialclinic.com\/fr\/","logo":{"@type":"ImageObject","inLanguage":"fr-FR","@id":"https:\/\/theessentialclinic.com\/fr\/#\/schema\/logo\/image\/","url":"https:\/\/theessentialclinic.com\/wp-content\/uploads\/2022\/01\/logo_white.svg","contentUrl":"https:\/\/theessentialclinic.com\/wp-content\/uploads\/2022\/01\/logo_white.svg","width":1080,"height":1080,"caption":"The Essential Clinic"},"image":{"@id":"https:\/\/theessentialclinic.com\/fr\/#\/schema\/logo\/image\/"}}]}},"_links":{"self":[{"href":"https:\/\/theessentialclinic.com\/fr\/wp-json\/wp\/v2\/pages\/35199","targetHints":{"allow":["GET"]}}],"collection":[{"href":"https:\/\/theessentialclinic.com\/fr\/wp-json\/wp\/v2\/pages"}],"about":[{"href":"https:\/\/theessentialclinic.com\/fr\/wp-json\/wp\/v2\/types\/page"}],"author":[{"embeddable":true,"href":"https:\/\/theessentialclinic.com\/fr\/wp-json\/wp\/v2\/users\/1"}],"replies":[{"embeddable":true,"href":"https:\/\/theessentialclinic.com\/fr\/wp-json\/wp\/v2\/comments?post=35199"}],"version-history":[{"count":4,"href":"https:\/\/theessentialclinic.com\/fr\/wp-json\/wp\/v2\/pages\/35199\/revisions"}],"predecessor-version":[{"id":39750,"href":"https:\/\/theessentialclinic.com\/fr\/wp-json\/wp\/v2\/pages\/35199\/revisions\/39750"}],"up":[{"embeddable":true,"href":"https:\/\/theessentialclinic.com\/fr\/wp-json\/wp\/v2\/pages\/35195"}],"wp:featuredmedia":[{"embeddable":true,"href":"https:\/\/theessentialclinic.com\/fr\/wp-json\/wp\/v2\/media\/34670"}],"wp:attachment":[{"href":"https:\/\/theessentialclinic.com\/fr\/wp-json\/wp\/v2\/media?parent=35199"}],"curies":[{"name":"wp","href":"https:\/\/api.w.org\/{rel}","templated":true}]}}