{"id":35440,"date":"2022-07-26T09:40:51","date_gmt":"2022-07-26T07:40:51","guid":{"rendered":"https:\/\/theessentialclinic.com\/treatments\/rejuvenation-of-the-neck-and-the-decolletage\/"},"modified":"2022-12-20T13:07:46","modified_gmt":"2022-12-20T12:07:46","slug":"rejuvenation-of-the-neck-and-the-decolletage","status":"publish","type":"page","link":"https:\/\/theessentialclinic.com\/en\/treatments\/rejuvenation-of-the-neck-and-the-decolletage\/","title":{"rendered":"Neck and d\u00e9collet\u00e9 rejuvenation"},"content":{"rendered":"\t\t<div data-elementor-type=\"section\" data-elementor-id=\"35508\" class=\"elementor elementor-35508 elementor-33535\" data-elementor-post-type=\"elementor_library\">\n\t\t\t\t\t\t\t\t<section class=\"elementor-section elementor-top-section elementor-element elementor-element-26722f48 elementor-section-boxed elementor-section-height-default elementor-section-height-default\" data-id=\"26722f48\" data-element_type=\"section\" id=\"bruxismo\">\n\t\t\t\t\t\t<div class=\"elementor-container elementor-column-gap-default\">\n\t\t\t\t\t<div class=\"elementor-column elementor-col-100 elementor-top-column elementor-element elementor-element-1f26d174\" data-id=\"1f26d174\" data-element_type=\"column\">\n\t\t\t<div class=\"elementor-widget-wrap elementor-element-populated\">\n\t\t\t\t\t\t\t\t<div class=\"elementor-element elementor-element-19a28a90 elementor-widget elementor-widget-text-editor\" data-id=\"19a28a90\" data-element_type=\"widget\" data-widget_type=\"text-editor.default\">\n\t\t\t\t<div class=\"elementor-widget-container\">\n\t\t\t\t\t\t\t<p><span data-sheets-value=\"{\"1\":2,\"2\":\"El rejuvenecimiento de cuello y escote es un tratamiento que combina distintas t\u00e9cnicas destinadas a la recuperaci\u00f3n de la tersura, vitalidad y color natural de la piel de esta zona del cuerpo. \"}\" data-sheets-userformat=\"{\"2\":963,\"3\":{\"1\":0},\"4\":{\"1\":2,\"2\":16776960},\"9\":1,\"10\":1,\"11\":4,\"12\":0}\">The rejuvenation of the neck and the d\u00e9colletage is a treatment that combines the different techniques destined for recovering the tenderness, vitality and natural color of the skin in this area of the body. <\/span><\/p>\n\t\t\t\t\t\t<\/div>\n\t\t\t\t<\/div>\n\t\t\t\t<div class=\"elementor-element elementor-element-6561bcd8 elementor-widget elementor-widget-gallery\" data-id=\"6561bcd8\" data-element_type=\"widget\" data-settings=\"{&quot;columns&quot;:3,&quot;lazyload&quot;:&quot;yes&quot;,&quot;gallery_layout&quot;:&quot;grid&quot;,&quot;columns_tablet&quot;:2,&quot;columns_mobile&quot;:1,&quot;gap&quot;:{&quot;unit&quot;:&quot;px&quot;,&quot;size&quot;:10,&quot;sizes&quot;:[]},&quot;gap_tablet&quot;:{&quot;unit&quot;:&quot;px&quot;,&quot;size&quot;:10,&quot;sizes&quot;:[]},&quot;gap_mobile&quot;:{&quot;unit&quot;:&quot;px&quot;,&quot;size&quot;:10,&quot;sizes&quot;:[]},&quot;link_to&quot;:&quot;file&quot;,&quot;aspect_ratio&quot;:&quot;3:2&quot;,&quot;overlay_background&quot;:&quot;yes&quot;,&quot;content_hover_animation&quot;:&quot;fade-in&quot;}\" data-widget_type=\"gallery.default\">\n\t\t\t\t<div class=\"elementor-widget-container\">\n\t\t\t\t\t<div class=\"elementor-gallery__container\">\n\t\t\t\t\t\t\t<a class=\"e-gallery-item elementor-gallery-item elementor-animated-content\" href=\"https:\/\/theessentialclinic.com\/wp-content\/uploads\/2022\/09\/REJUVENECIMIENTO-CUELLO-Y-ESCOTE.jpg\" data-elementor-open-lightbox=\"yes\" data-elementor-lightbox-slideshow=\"6561bcd8\" data-elementor-lightbox-title=\"REJUVENECIMIENTO CUELLO Y ESCOTE\" data-e-action-hash=\"#elementor-action%3Aaction%3Dlightbox%26settings%3DeyJpZCI6MzUwNTYsInVybCI6Imh0dHBzOlwvXC90aGVlc3NlbnRpYWxjbGluaWMuY29tXC93cC1jb250ZW50XC91cGxvYWRzXC8yMDIyXC8wOVwvUkVKVVZFTkVDSU1JRU5UTy1DVUVMTE8tWS1FU0NPVEUuanBnIiwic2xpZGVzaG93IjoiNjU2MWJjZDgifQ%3D%3D\">\n\t\t\t\t\t<div class=\"e-gallery-image elementor-gallery-item__image\" data-thumbnail=\"https:\/\/theessentialclinic.com\/wp-content\/uploads\/2022\/09\/REJUVENECIMIENTO-CUELLO-Y-ESCOTE-300x200.jpg\" data-width=\"300\" data-height=\"200\" aria-label=\"Rejuvenecimiento de cuello y escote\" role=\"img\" ><\/div>\n\t\t\t\t\t\t\t\t\t\t\t<div class=\"elementor-gallery-item__overlay\"><\/div>\n\t\t\t\t\t\t\t\t\t\t\t\t\t\t<\/a>\n\t\t\t\t\t\t\t<a class=\"e-gallery-item elementor-gallery-item elementor-animated-content\" href=\"https:\/\/theessentialclinic.com\/wp-content\/uploads\/2022\/09\/REJUVENECIMIENTO-CUELLO-Y-ESCOTE-1.jpg\" data-elementor-open-lightbox=\"yes\" data-elementor-lightbox-slideshow=\"6561bcd8\" data-elementor-lightbox-title=\"REJUVENECIMIENTO CUELLO Y ESCOTE-1\" data-e-action-hash=\"#elementor-action%3Aaction%3Dlightbox%26settings%3DeyJpZCI6MzUwNjAsInVybCI6Imh0dHBzOlwvXC90aGVlc3NlbnRpYWxjbGluaWMuY29tXC93cC1jb250ZW50XC91cGxvYWRzXC8yMDIyXC8wOVwvUkVKVVZFTkVDSU1JRU5UTy1DVUVMTE8tWS1FU0NPVEUtMS5qcGciLCJzbGlkZXNob3ciOiI2NTYxYmNkOCJ9\">\n\t\t\t\t\t<div class=\"e-gallery-image elementor-gallery-item__image\" data-thumbnail=\"https:\/\/theessentialclinic.com\/wp-content\/uploads\/2022\/09\/REJUVENECIMIENTO-CUELLO-Y-ESCOTE-1-300x200.jpg\" data-width=\"300\" data-height=\"200\" aria-label=\"Rejuvenecimiento de cuello y escote\" role=\"img\" ><\/div>\n\t\t\t\t\t\t\t\t\t\t\t<div class=\"elementor-gallery-item__overlay\"><\/div>\n\t\t\t\t\t\t\t\t\t\t\t\t\t\t<\/a>\n\t\t\t\t\t\t\t<a class=\"e-gallery-item elementor-gallery-item elementor-animated-content\" href=\"https:\/\/theessentialclinic.com\/wp-content\/uploads\/2022\/09\/REJUVENECIMIENTO-CUELLO-Y-ESCOTE-2.jpg\" data-elementor-open-lightbox=\"yes\" data-elementor-lightbox-slideshow=\"6561bcd8\" data-elementor-lightbox-title=\"REJUVENECIMIENTO CUELLO Y ESCOTE-2\" data-e-action-hash=\"#elementor-action%3Aaction%3Dlightbox%26settings%3DeyJpZCI6MzUwNjQsInVybCI6Imh0dHBzOlwvXC90aGVlc3NlbnRpYWxjbGluaWMuY29tXC93cC1jb250ZW50XC91cGxvYWRzXC8yMDIyXC8wOVwvUkVKVVZFTkVDSU1JRU5UTy1DVUVMTE8tWS1FU0NPVEUtMi5qcGciLCJzbGlkZXNob3ciOiI2NTYxYmNkOCJ9\">\n\t\t\t\t\t<div class=\"e-gallery-image elementor-gallery-item__image\" data-thumbnail=\"https:\/\/theessentialclinic.com\/wp-content\/uploads\/2022\/09\/REJUVENECIMIENTO-CUELLO-Y-ESCOTE-2-300x200.jpg\" data-width=\"300\" data-height=\"200\" aria-label=\"Rejuvenecimiento de cuello y escote\" role=\"img\" ><\/div>\n\t\t\t\t\t\t\t\t\t\t\t<div class=\"elementor-gallery-item__overlay\"><\/div>\n\t\t\t\t\t\t\t\t\t\t\t\t\t\t<\/a>\n\t\t\t\t\t<\/div>\n\t\t\t<\/div>\n\t\t\t\t<\/div>\n\t\t\t\t<div class=\"elementor-element elementor-element-365030d1 elementor-widget elementor-widget-accordion\" data-id=\"365030d1\" data-element_type=\"widget\" data-widget_type=\"accordion.default\">\n\t\t\t\t<div class=\"elementor-widget-container\">\n\t\t\t\t\t<div class=\"elementor-accordion\">\n\t\t\t\t\t\t\t<div class=\"elementor-accordion-item\">\n\t\t\t\t\t<div id=\"elementor-tab-title-9111\" class=\"elementor-tab-title\" data-tab=\"1\" role=\"button\" aria-controls=\"elementor-tab-content-9111\" aria-expanded=\"false\">\n\t\t\t\t\t\t\t\t\t\t\t\t\t<span class=\"elementor-accordion-icon elementor-accordion-icon-left\" aria-hidden=\"true\">\n\t\t\t\t\t\t\t\t\t\t\t\t\t\t\t<span class=\"elementor-accordion-icon-closed\"><i class=\"fas fa-angle-down\"><\/i><\/span>\n\t\t\t\t\t\t\t\t<span class=\"elementor-accordion-icon-opened\"><i class=\"fas fa-minus\"><\/i><\/span>\n\t\t\t\t\t\t\t\t\t\t\t\t\t\t<\/span>\n\t\t\t\t\t\t\t\t\t\t\t\t<a class=\"elementor-accordion-title\" tabindex=\"0\">What is it?<\/a>\n\t\t\t\t\t<\/div>\n\t\t\t\t\t<div id=\"elementor-tab-content-9111\" class=\"elementor-tab-content elementor-clearfix\" data-tab=\"1\" role=\"region\" aria-labelledby=\"elementor-tab-title-9111\"><p>To reduce wrinkles and folds in the skin, it is possible to turn to different techniques:<\/p>\n<ol>\n<li>1. Hydration with hyaluronic acid: it consists of micro infiltrations in the neck and d\u00e9colletage that produce a hydrating effect and increase the volume of the subdermal tissue.<\/li>\n<li>2. Biostimulation treatment and cellular regeneration through calcium hydroxyapatite injections, a mineral compound based on gel, calcium and water. It is realized under local anesthesia, and the result is immediate.<\/li>\n<li>3. Peelings: reduce the spots that appear on the d\u00e9colletage, caused mainly by sun exposition and ageing of the skin. We differentiate between chemical peelings (which are realized mainly with salicylic acid or glycolic acid, and trichloroactic acid) and physical peelings (IPL laser).<\/li>\n<\/ol>\n<\/div>\n\t\t\t\t<\/div>\n\t\t\t\t\t\t\t<div class=\"elementor-accordion-item\">\n\t\t\t\t\t<div id=\"elementor-tab-title-9112\" class=\"elementor-tab-title\" data-tab=\"2\" role=\"button\" aria-controls=\"elementor-tab-content-9112\" aria-expanded=\"false\">\n\t\t\t\t\t\t\t\t\t\t\t\t\t<span class=\"elementor-accordion-icon elementor-accordion-icon-left\" aria-hidden=\"true\">\n\t\t\t\t\t\t\t\t\t\t\t\t\t\t\t<span class=\"elementor-accordion-icon-closed\"><i class=\"fas fa-angle-down\"><\/i><\/span>\n\t\t\t\t\t\t\t\t<span class=\"elementor-accordion-icon-opened\"><i class=\"fas fa-minus\"><\/i><\/span>\n\t\t\t\t\t\t\t\t\t\t\t\t\t\t<\/span>\n\t\t\t\t\t\t\t\t\t\t\t\t<a class=\"elementor-accordion-title\" tabindex=\"0\">How much time does the procedure take?<\/a>\n\t\t\t\t\t<\/div>\n\t\t\t\t\t<div id=\"elementor-tab-content-9112\" class=\"elementor-tab-content elementor-clearfix\" data-tab=\"2\" role=\"region\" aria-labelledby=\"elementor-tab-title-9112\"><p>Between 15 and 30 min.<\/p>\n<\/div>\n\t\t\t\t<\/div>\n\t\t\t\t\t\t\t<div class=\"elementor-accordion-item\">\n\t\t\t\t\t<div id=\"elementor-tab-title-9113\" class=\"elementor-tab-title\" data-tab=\"3\" role=\"button\" aria-controls=\"elementor-tab-content-9113\" aria-expanded=\"false\">\n\t\t\t\t\t\t\t\t\t\t\t\t\t<span class=\"elementor-accordion-icon elementor-accordion-icon-left\" aria-hidden=\"true\">\n\t\t\t\t\t\t\t\t\t\t\t\t\t\t\t<span class=\"elementor-accordion-icon-closed\"><i class=\"fas fa-angle-down\"><\/i><\/span>\n\t\t\t\t\t\t\t\t<span class=\"elementor-accordion-icon-opened\"><i class=\"fas fa-minus\"><\/i><\/span>\n\t\t\t\t\t\t\t\t\t\t\t\t\t\t<\/span>\n\t\t\t\t\t\t\t\t\t\t\t\t<a class=\"elementor-accordion-title\" tabindex=\"0\">Is the procedure painful or causes discomfort?<\/a>\n\t\t\t\t\t<\/div>\n\t\t\t\t\t<div id=\"elementor-tab-content-9113\" class=\"elementor-tab-content elementor-clearfix\" data-tab=\"3\" role=\"region\" aria-labelledby=\"elementor-tab-title-9113\"><p>Slight discomfort. It is well tolerable.<\/p>\n<\/div>\n\t\t\t\t<\/div>\n\t\t\t\t\t\t\t<div class=\"elementor-accordion-item\">\n\t\t\t\t\t<div id=\"elementor-tab-title-9114\" class=\"elementor-tab-title\" data-tab=\"4\" role=\"button\" aria-controls=\"elementor-tab-content-9114\" aria-expanded=\"false\">\n\t\t\t\t\t\t\t\t\t\t\t\t\t<span class=\"elementor-accordion-icon elementor-accordion-icon-left\" aria-hidden=\"true\">\n\t\t\t\t\t\t\t\t\t\t\t\t\t\t\t<span class=\"elementor-accordion-icon-closed\"><i class=\"fas fa-angle-down\"><\/i><\/span>\n\t\t\t\t\t\t\t\t<span class=\"elementor-accordion-icon-opened\"><i class=\"fas fa-minus\"><\/i><\/span>\n\t\t\t\t\t\t\t\t\t\t\t\t\t\t<\/span>\n\t\t\t\t\t\t\t\t\t\t\t\t<a class=\"elementor-accordion-title\" tabindex=\"0\">When can I see the effects?<\/a>\n\t\t\t\t\t<\/div>\n\t\t\t\t\t<div id=\"elementor-tab-content-9114\" class=\"elementor-tab-content elementor-clearfix\" data-tab=\"4\" role=\"region\" aria-labelledby=\"elementor-tab-title-9114\"><p>The result is immediate and improves during the following days.<\/p>\n<\/div>\n\t\t\t\t<\/div>\n\t\t\t\t\t\t\t<div class=\"elementor-accordion-item\">\n\t\t\t\t\t<div id=\"elementor-tab-title-9115\" class=\"elementor-tab-title\" data-tab=\"5\" role=\"button\" aria-controls=\"elementor-tab-content-9115\" aria-expanded=\"false\">\n\t\t\t\t\t\t\t\t\t\t\t\t\t<span class=\"elementor-accordion-icon elementor-accordion-icon-left\" aria-hidden=\"true\">\n\t\t\t\t\t\t\t\t\t\t\t\t\t\t\t<span class=\"elementor-accordion-icon-closed\"><i class=\"fas fa-angle-down\"><\/i><\/span>\n\t\t\t\t\t\t\t\t<span class=\"elementor-accordion-icon-opened\"><i class=\"fas fa-minus\"><\/i><\/span>\n\t\t\t\t\t\t\t\t\t\t\t\t\t\t<\/span>\n\t\t\t\t\t\t\t\t\t\t\t\t<a class=\"elementor-accordion-title\" tabindex=\"0\">How long does the effect last?<\/a>\n\t\t\t\t\t<\/div>\n\t\t\t\t\t<div id=\"elementor-tab-content-9115\" class=\"elementor-tab-content elementor-clearfix\" data-tab=\"5\" role=\"region\" aria-labelledby=\"elementor-tab-title-9115\"><p>The result usually lasts between 6 to 12 months approximately.<\/p>\n<\/div>\n\t\t\t\t<\/div>\n\t\t\t\t\t\t\t<div class=\"elementor-accordion-item\">\n\t\t\t\t\t<div id=\"elementor-tab-title-9116\" class=\"elementor-tab-title\" data-tab=\"6\" role=\"button\" aria-controls=\"elementor-tab-content-9116\" aria-expanded=\"false\">\n\t\t\t\t\t\t\t\t\t\t\t\t\t<span class=\"elementor-accordion-icon elementor-accordion-icon-left\" aria-hidden=\"true\">\n\t\t\t\t\t\t\t\t\t\t\t\t\t\t\t<span class=\"elementor-accordion-icon-closed\"><i class=\"fas fa-angle-down\"><\/i><\/span>\n\t\t\t\t\t\t\t\t<span class=\"elementor-accordion-icon-opened\"><i class=\"fas fa-minus\"><\/i><\/span>\n\t\t\t\t\t\t\t\t\t\t\t\t\t\t<\/span>\n\t\t\t\t\t\t\t\t\t\t\t\t<a class=\"elementor-accordion-title\" tabindex=\"0\">What are the adverse\/secondary effects?<\/a>\n\t\t\t\t\t<\/div>\n\t\t\t\t\t<div id=\"elementor-tab-content-9116\" class=\"elementor-tab-content elementor-clearfix\" data-tab=\"6\" role=\"region\" aria-labelledby=\"elementor-tab-title-9116\"><p>Slight inflammation, small hematomas may appear, which will only last a few days.<\/p>\n<\/div>\n\t\t\t\t<\/div>\n\t\t\t\t\t\t\t<div class=\"elementor-accordion-item\">\n\t\t\t\t\t<div id=\"elementor-tab-title-9117\" class=\"elementor-tab-title\" data-tab=\"7\" role=\"button\" aria-controls=\"elementor-tab-content-9117\" aria-expanded=\"false\">\n\t\t\t\t\t\t\t\t\t\t\t\t\t<span class=\"elementor-accordion-icon elementor-accordion-icon-left\" aria-hidden=\"true\">\n\t\t\t\t\t\t\t\t\t\t\t\t\t\t\t<span class=\"elementor-accordion-icon-closed\"><i class=\"fas fa-angle-down\"><\/i><\/span>\n\t\t\t\t\t\t\t\t<span class=\"elementor-accordion-icon-opened\"><i class=\"fas fa-minus\"><\/i><\/span>\n\t\t\t\t\t\t\t\t\t\t\t\t\t\t<\/span>\n\t\t\t\t\t\t\t\t\t\t\t\t<a class=\"elementor-accordion-title\" tabindex=\"0\">Which post-treatment home care is recommended?<\/a>\n\t\t\t\t\t<\/div>\n\t\t\t\t\t<div id=\"elementor-tab-content-9117\" class=\"elementor-tab-content elementor-clearfix\" data-tab=\"7\" role=\"region\" aria-labelledby=\"elementor-tab-title-9117\"><p>Avoid alcohol, physical exercice, saunas and swimming pools during 24 h. Cremes with a sun protection factor.<\/p>\n<\/div>\n\t\t\t\t<\/div>\n\t\t\t\t\t\t\t\t<\/div>\n\t\t\t\t<\/div>\n\t\t\t\t<\/div>\n\t\t\t\t\t<\/div>\n\t\t<\/div>\n\t\t\t\t\t\t\t<\/div>\n\t\t<\/section>\n\t\t\t\t\t\t<\/div>\n\t\t\n","protected":false},"excerpt":{"rendered":"","protected":false},"author":1,"featured_media":0,"parent":35017,"menu_order":0,"comment_status":"closed","ping_status":"closed","template":"","meta":{"site-sidebar-layout":"default","site-content-layout":"","ast-site-content-layout":"","site-content-style":"default","site-sidebar-style":"default","ast-global-header-display":"","ast-banner-title-visibility":"","ast-main-header-display":"","ast-hfb-above-header-display":"","ast-hfb-below-header-display":"","ast-hfb-mobile-header-display":"","site-post-title":"","ast-breadcrumbs-content":"","ast-featured-img":"","footer-sml-layout":"","theme-transparent-header-meta":"","adv-header-id-meta":"","stick-header-meta":"","header-above-stick-meta":"","header-main-stick-meta":"","header-below-stick-meta":"","astra-migrate-meta-layouts":"","ast-page-background-enabled":"default","ast-page-background-meta":{"desktop":{"background-color":"","background-image":"","background-repeat":"repeat","background-position":"center center","background-size":"auto","background-attachment":"scroll","background-type":"","background-media":"","overlay-type":"","overlay-color":"","overlay-gradient":""},"tablet":{"background-color":"","background-image":"","background-repeat":"repeat","background-position":"center center","background-size":"auto","background-attachment":"scroll","background-type":"","background-media":"","overlay-type":"","overlay-color":"","overlay-gradient":""},"mobile":{"background-color":"","background-image":"","background-repeat":"repeat","background-position":"center center","background-size":"auto","background-attachment":"scroll","background-type":"","background-media":"","overlay-type":"","overlay-color":"","overlay-gradient":""}},"ast-content-background-meta":{"desktop":{"background-color":"var(--ast-global-color-5)","background-image":"","background-repeat":"repeat","background-position":"center center","background-size":"auto","background-attachment":"scroll","background-type":"","background-media":"","overlay-type":"","overlay-color":"","overlay-gradient":""},"tablet":{"background-color":"var(--ast-global-color-5)","background-image":"","background-repeat":"repeat","background-position":"center center","background-size":"auto","background-attachment":"scroll","background-type":"","background-media":"","overlay-type":"","overlay-color":"","overlay-gradient":""},"mobile":{"background-color":"var(--ast-global-color-5)","background-image":"","background-repeat":"repeat","background-position":"center center","background-size":"auto","background-attachment":"scroll","background-type":"","background-media":"","overlay-type":"","overlay-color":"","overlay-gradient":""}},"footnotes":""},"class_list":["post-35440","page","type-page","status-publish","hentry"],"yoast_head":"<!-- This site is optimized with the Yoast SEO plugin v21.6 - https:\/\/yoast.com\/wordpress\/plugins\/seo\/ -->\n<title>Neck and d\u00e9collet\u00e9 rejuvenation - The Essential Clinic<\/title>\n<meta name=\"description\" content=\"Neck and d\u00e9collet\u00e9 rejuvenation is a treatment aimed at restoring the smoothness, vitality and natural colour of the skin.\" \/>\n<meta name=\"robots\" content=\"index, follow, max-snippet:-1, max-image-preview:large, max-video-preview:-1\" \/>\n<link rel=\"canonical\" href=\"https:\/\/theessentialclinic.com\/en\/treatments\/rejuvenation-of-the-neck-and-the-decolletage\/\" \/>\n<meta property=\"og:locale\" content=\"en_US\" \/>\n<meta property=\"og:type\" content=\"article\" \/>\n<meta property=\"og:title\" content=\"Neck and d\u00e9collet\u00e9 rejuvenation - The Essential Clinic\" \/>\n<meta property=\"og:description\" content=\"Neck and d\u00e9collet\u00e9 rejuvenation is a treatment aimed at restoring the smoothness, vitality and natural colour of the skin.\" \/>\n<meta property=\"og:url\" content=\"https:\/\/theessentialclinic.com\/en\/treatments\/rejuvenation-of-the-neck-and-the-decolletage\/\" \/>\n<meta property=\"og:site_name\" content=\"The Essential Clinic\" \/>\n<meta property=\"article:modified_time\" content=\"2022-12-20T12:07:46+00:00\" \/>\n<meta name=\"twitter:card\" content=\"summary_large_image\" \/>\n<script type=\"application\/ld+json\" class=\"yoast-schema-graph\">{\"@context\":\"https:\/\/schema.org\",\"@graph\":[{\"@type\":\"WebPage\",\"@id\":\"https:\/\/theessentialclinic.com\/en\/treatments\/rejuvenation-of-the-neck-and-the-decolletage\/\",\"url\":\"https:\/\/theessentialclinic.com\/en\/treatments\/rejuvenation-of-the-neck-and-the-decolletage\/\",\"name\":\"Neck and d\u00e9collet\u00e9 rejuvenation - The Essential Clinic\",\"isPartOf\":{\"@id\":\"https:\/\/theessentialclinic.com\/en\/#website\"},\"datePublished\":\"2022-07-26T07:40:51+00:00\",\"dateModified\":\"2022-12-20T12:07:46+00:00\",\"description\":\"Neck and d\u00e9collet\u00e9 rejuvenation is a treatment aimed at restoring the smoothness, vitality and natural colour of the skin.\",\"breadcrumb\":{\"@id\":\"https:\/\/theessentialclinic.com\/en\/treatments\/rejuvenation-of-the-neck-and-the-decolletage\/#breadcrumb\"},\"inLanguage\":\"en-US\",\"potentialAction\":[{\"@type\":\"ReadAction\",\"target\":[\"https:\/\/theessentialclinic.com\/en\/treatments\/rejuvenation-of-the-neck-and-the-decolletage\/\"]}]},{\"@type\":\"BreadcrumbList\",\"@id\":\"https:\/\/theessentialclinic.com\/en\/treatments\/rejuvenation-of-the-neck-and-the-decolletage\/#breadcrumb\",\"itemListElement\":[{\"@type\":\"ListItem\",\"position\":1,\"name\":\"Accueil\",\"item\":\"https:\/\/theessentialclinic.com\/en\/home\/\"},{\"@type\":\"ListItem\",\"position\":2,\"name\":\"Treatments\",\"item\":\"https:\/\/theessentialclinic.com\/en\/treatments\/\"},{\"@type\":\"ListItem\",\"position\":3,\"name\":\"Neck and d\u00e9collet\u00e9 rejuvenation\"}]},{\"@type\":\"WebSite\",\"@id\":\"https:\/\/theessentialclinic.com\/en\/#website\",\"url\":\"https:\/\/theessentialclinic.com\/en\/\",\"name\":\"The Essential Clinic\",\"description\":\"Just another WordPress site\",\"publisher\":{\"@id\":\"https:\/\/theessentialclinic.com\/en\/#organization\"},\"potentialAction\":[{\"@type\":\"SearchAction\",\"target\":{\"@type\":\"EntryPoint\",\"urlTemplate\":\"https:\/\/theessentialclinic.com\/en\/?s={search_term_string}\"},\"query-input\":\"required name=search_term_string\"}],\"inLanguage\":\"en-US\"},{\"@type\":\"Organization\",\"@id\":\"https:\/\/theessentialclinic.com\/en\/#organization\",\"name\":\"The Essential Clinic\",\"url\":\"https:\/\/theessentialclinic.com\/en\/\",\"logo\":{\"@type\":\"ImageObject\",\"inLanguage\":\"en-US\",\"@id\":\"https:\/\/theessentialclinic.com\/en\/#\/schema\/logo\/image\/\",\"url\":\"https:\/\/theessentialclinic.com\/wp-content\/uploads\/2022\/01\/logo_white.svg\",\"contentUrl\":\"https:\/\/theessentialclinic.com\/wp-content\/uploads\/2022\/01\/logo_white.svg\",\"width\":1080,\"height\":1080,\"caption\":\"The Essential Clinic\"},\"image\":{\"@id\":\"https:\/\/theessentialclinic.com\/en\/#\/schema\/logo\/image\/\"}}]}<\/script>\n<!-- \/ Yoast SEO plugin. -->","yoast_head_json":{"title":"Neck and d\u00e9collet\u00e9 rejuvenation - The Essential Clinic","description":"Neck and d\u00e9collet\u00e9 rejuvenation is a treatment aimed at restoring the smoothness, vitality and natural colour of the skin.","robots":{"index":"index","follow":"follow","max-snippet":"max-snippet:-1","max-image-preview":"max-image-preview:large","max-video-preview":"max-video-preview:-1"},"canonical":"https:\/\/theessentialclinic.com\/en\/treatments\/rejuvenation-of-the-neck-and-the-decolletage\/","og_locale":"en_US","og_type":"article","og_title":"Neck and d\u00e9collet\u00e9 rejuvenation - The Essential Clinic","og_description":"Neck and d\u00e9collet\u00e9 rejuvenation is a treatment aimed at restoring the smoothness, vitality and natural colour of the skin.","og_url":"https:\/\/theessentialclinic.com\/en\/treatments\/rejuvenation-of-the-neck-and-the-decolletage\/","og_site_name":"The Essential Clinic","article_modified_time":"2022-12-20T12:07:46+00:00","twitter_card":"summary_large_image","schema":{"@context":"https:\/\/schema.org","@graph":[{"@type":"WebPage","@id":"https:\/\/theessentialclinic.com\/en\/treatments\/rejuvenation-of-the-neck-and-the-decolletage\/","url":"https:\/\/theessentialclinic.com\/en\/treatments\/rejuvenation-of-the-neck-and-the-decolletage\/","name":"Neck and d\u00e9collet\u00e9 rejuvenation - The Essential Clinic","isPartOf":{"@id":"https:\/\/theessentialclinic.com\/en\/#website"},"datePublished":"2022-07-26T07:40:51+00:00","dateModified":"2022-12-20T12:07:46+00:00","description":"Neck and d\u00e9collet\u00e9 rejuvenation is a treatment aimed at restoring the smoothness, vitality and natural colour of the skin.","breadcrumb":{"@id":"https:\/\/theessentialclinic.com\/en\/treatments\/rejuvenation-of-the-neck-and-the-decolletage\/#breadcrumb"},"inLanguage":"en-US","potentialAction":[{"@type":"ReadAction","target":["https:\/\/theessentialclinic.com\/en\/treatments\/rejuvenation-of-the-neck-and-the-decolletage\/"]}]},{"@type":"BreadcrumbList","@id":"https:\/\/theessentialclinic.com\/en\/treatments\/rejuvenation-of-the-neck-and-the-decolletage\/#breadcrumb","itemListElement":[{"@type":"ListItem","position":1,"name":"Accueil","item":"https:\/\/theessentialclinic.com\/en\/home\/"},{"@type":"ListItem","position":2,"name":"Treatments","item":"https:\/\/theessentialclinic.com\/en\/treatments\/"},{"@type":"ListItem","position":3,"name":"Neck and d\u00e9collet\u00e9 rejuvenation"}]},{"@type":"WebSite","@id":"https:\/\/theessentialclinic.com\/en\/#website","url":"https:\/\/theessentialclinic.com\/en\/","name":"The Essential Clinic","description":"Just another WordPress site","publisher":{"@id":"https:\/\/theessentialclinic.com\/en\/#organization"},"potentialAction":[{"@type":"SearchAction","target":{"@type":"EntryPoint","urlTemplate":"https:\/\/theessentialclinic.com\/en\/?s={search_term_string}"},"query-input":"required name=search_term_string"}],"inLanguage":"en-US"},{"@type":"Organization","@id":"https:\/\/theessentialclinic.com\/en\/#organization","name":"The Essential Clinic","url":"https:\/\/theessentialclinic.com\/en\/","logo":{"@type":"ImageObject","inLanguage":"en-US","@id":"https:\/\/theessentialclinic.com\/en\/#\/schema\/logo\/image\/","url":"https:\/\/theessentialclinic.com\/wp-content\/uploads\/2022\/01\/logo_white.svg","contentUrl":"https:\/\/theessentialclinic.com\/wp-content\/uploads\/2022\/01\/logo_white.svg","width":1080,"height":1080,"caption":"The Essential Clinic"},"image":{"@id":"https:\/\/theessentialclinic.com\/en\/#\/schema\/logo\/image\/"}}]}},"_links":{"self":[{"href":"https:\/\/theessentialclinic.com\/en\/wp-json\/wp\/v2\/pages\/35440","targetHints":{"allow":["GET"]}}],"collection":[{"href":"https:\/\/theessentialclinic.com\/en\/wp-json\/wp\/v2\/pages"}],"about":[{"href":"https:\/\/theessentialclinic.com\/en\/wp-json\/wp\/v2\/types\/page"}],"author":[{"embeddable":true,"href":"https:\/\/theessentialclinic.com\/en\/wp-json\/wp\/v2\/users\/1"}],"replies":[{"embeddable":true,"href":"https:\/\/theessentialclinic.com\/en\/wp-json\/wp\/v2\/comments?post=35440"}],"version-history":[{"count":2,"href":"https:\/\/theessentialclinic.com\/en\/wp-json\/wp\/v2\/pages\/35440\/revisions"}],"predecessor-version":[{"id":37592,"href":"https:\/\/theessentialclinic.com\/en\/wp-json\/wp\/v2\/pages\/35440\/revisions\/37592"}],"up":[{"embeddable":true,"href":"https:\/\/theessentialclinic.com\/en\/wp-json\/wp\/v2\/pages\/35017"}],"wp:attachment":[{"href":"https:\/\/theessentialclinic.com\/en\/wp-json\/wp\/v2\/media?parent=35440"}],"curies":[{"name":"wp","href":"https:\/\/api.w.org\/{rel}","templated":true}]}}