{"id":39298,"date":"2023-02-02T15:12:51","date_gmt":"2023-02-02T14:12:51","guid":{"rendered":"https:\/\/theessentialclinic.com\/produit\/tarjeta-de-regalo\/"},"modified":"2023-10-13T11:50:13","modified_gmt":"2023-10-13T09:50:13","slug":"tarjeta-de-regalo","status":"publish","type":"product","link":"https:\/\/theessentialclinic.com\/ca\/produit\/tarjeta-de-regalo\/","title":{"rendered":"Targeta de regal"},"content":{"rendered":"<p style=\"text-align: center;\">\ud83d\udc8c ENVIAMENT<\/p>\n<p style=\"text-align: center;\">L&#8217;E-GIFT CARD s&#8217;envia per email, no t\u00e9 cap cost: al moment de la compra s&#8217;enviar\u00e0 al client un correu electr\u00f2nic de confirmaci\u00f3 que indica l&#8217;import i les condicions generals de l&#8217;e-targeta regal.<\/p>\n<hr \/>\n<p style=\"text-align: center;\">\u21a9\ufe0f DEVOLUCI\u00d3<\/p>\n<p style=\"text-align: center;\">Tens fins a 14 dies per tornar el teu E-GIFT CARD i recuperar totalment l&#8217;import pagat. La devoluci\u00f3 \u00e9s v\u00e0lida nom\u00e9s si l&#8217;E-GIFT CARD encara no ha estat utilitzada.<\/p>\n<hr \/>\n<p style=\"text-align: center;\">CONSULTA LES CONDICIONS COMPLETES<br \/>\nPer a m\u00e9s informaci\u00f3, consulta la nostra POL\u00cdTICA DE PRIVACITAT<\/p>\n","protected":false},"excerpt":{"rendered":"<p>A THE ESSENTIAL CLINIC t&#8217;ho posem f\u00e0cil amb les nostres Targetes Regal Essential per a aquesta ocasi\u00f3 especial com: Noces, Bateigs, Comunions, Aniversaris, Sant Valent\u00ed, Dia de la Mare, Dia del Pare, SANT JORDI, NADAL, REIS i altres esdeveniments especials. Sorpr\u00e8n aquesta persona especial.<\/p>\n<p>Marca la difer\u00e8ncia amb un REGAL original o fes-te un regal i cuida&#8217;t.<\/p>\n","protected":false},"featured_media":39590,"template":"","meta":{"site-sidebar-layout":"default","site-content-layout":"default","ast-site-content-layout":"default","site-content-style":"default","site-sidebar-style":"default","ast-global-header-display":"","ast-banner-title-visibility":"","ast-main-header-display":"","ast-hfb-above-header-display":"","ast-hfb-below-header-display":"","ast-hfb-mobile-header-display":"","site-post-title":"","ast-breadcrumbs-content":"","ast-featured-img":"","footer-sml-layout":"","theme-transparent-header-meta":"default","adv-header-id-meta":"","stick-header-meta":"","header-above-stick-meta":"","header-main-stick-meta":"","header-below-stick-meta":"","astra-migrate-meta-layouts":"set","ast-page-background-enabled":"default","ast-page-background-meta":{"desktop":{"background-color":"","background-image":"","background-repeat":"repeat","background-position":"center center","background-size":"auto","background-attachment":"scroll","background-type":"","background-media":"","overlay-type":"","overlay-color":"","overlay-gradient":""},"tablet":{"background-color":"","background-image":"","background-repeat":"repeat","background-position":"center center","background-size":"auto","background-attachment":"scroll","background-type":"","background-media":"","overlay-type":"","overlay-color":"","overlay-gradient":""},"mobile":{"background-color":"","background-image":"","background-repeat":"repeat","background-position":"center center","background-size":"auto","background-attachment":"scroll","background-type":"","background-media":"","overlay-type":"","overlay-color":"","overlay-gradient":""}},"ast-content-background-meta":{"desktop":{"background-color":"var(--ast-global-color-5)","background-image":"","background-repeat":"repeat","background-position":"center center","background-size":"auto","background-attachment":"scroll","background-type":"","background-media":"","overlay-type":"","overlay-color":"","overlay-gradient":""},"tablet":{"background-color":"var(--ast-global-color-5)","background-image":"","background-repeat":"repeat","background-position":"center center","background-size":"auto","background-attachment":"scroll","background-type":"","background-media":"","overlay-type":"","overlay-color":"","overlay-gradient":""},"mobile":{"background-color":"var(--ast-global-color-5)","background-image":"","background-repeat":"repeat","background-position":"center center","background-size":"auto","background-attachment":"scroll","background-type":"","background-media":"","overlay-type":"","overlay-color":"","overlay-gradient":""}}},"product_cat":[110],"product_tag":[],"giftcard-category":[85,87,91,86,92,93],"class_list":["post-39298","product","type-product","status-publish","has-post-thumbnail","hentry","product_cat-tarjeta-de-regalo-ca","giftcard-category-birthday","giftcard-category-christmass","giftcard-category-dad","giftcard-category-love","giftcard-category-mom","giftcard-category-xmas","desktop-align-left","tablet-align-left","mobile-align-left"],"yoast_head":"<!-- This site is optimized with the Yoast SEO plugin v21.6 - https:\/\/yoast.com\/wordpress\/plugins\/seo\/ -->\n<title>Targeta de regal - The Essential Clinic<\/title>\n<meta name=\"robots\" content=\"index, follow, max-snippet:-1, max-image-preview:large, max-video-preview:-1\" \/>\n<link rel=\"canonical\" href=\"https:\/\/theessentialclinic.com\/ca\/produit\/tarjeta-de-regalo\/\" \/>\n<meta property=\"og:locale\" content=\"ca_ES\" \/>\n<meta property=\"og:type\" content=\"article\" \/>\n<meta property=\"og:title\" content=\"Targeta de regal - The Essential Clinic\" \/>\n<meta property=\"og:description\" content=\"A THE ESSENTIAL CLINIC t&#039;ho posem f\u00e0cil amb les nostres Targetes Regal Essential per a aquesta ocasi\u00f3 especial com: Noces, Bateigs, Comunions, Aniversaris, Sant Valent\u00ed, Dia de la Mare, Dia del Pare, SANT JORDI, NADAL, REIS i altres esdeveniments especials. Sorpr\u00e8n aquesta persona especial.  Marca la difer\u00e8ncia amb un REGAL original o fes-te un regal i cuida&#039;t.\" \/>\n<meta property=\"og:url\" content=\"https:\/\/theessentialclinic.com\/ca\/produit\/tarjeta-de-regalo\/\" \/>\n<meta property=\"og:site_name\" content=\"The Essential Clinic\" \/>\n<meta property=\"article:modified_time\" content=\"2023-10-13T09:50:13+00:00\" \/>\n<meta property=\"og:image\" content=\"https:\/\/theessentialclinic.com\/wp-content\/uploads\/2023\/02\/TheEssentialClinic_CarteCadeau_Tarjeta_1600x1200px-3.jpg\" \/>\n\t<meta property=\"og:image:width\" content=\"1601\" \/>\n\t<meta property=\"og:image:height\" content=\"1201\" \/>\n\t<meta property=\"og:image:type\" content=\"image\/jpeg\" \/>\n<meta name=\"twitter:card\" content=\"summary_large_image\" \/>\n<meta name=\"twitter:label1\" content=\"Temps estimat de lectura\" \/>\n\t<meta name=\"twitter:data1\" content=\"1 minut\" \/>\n<script type=\"application\/ld+json\" class=\"yoast-schema-graph\">{\"@context\":\"https:\/\/schema.org\",\"@graph\":[{\"@type\":\"WebPage\",\"@id\":\"https:\/\/theessentialclinic.com\/ca\/produit\/tarjeta-de-regalo\/\",\"url\":\"https:\/\/theessentialclinic.com\/ca\/produit\/tarjeta-de-regalo\/\",\"name\":\"Targeta de regal - The Essential Clinic\",\"isPartOf\":{\"@id\":\"https:\/\/theessentialclinic.com\/ca\/#website\"},\"datePublished\":\"2023-02-02T14:12:51+00:00\",\"dateModified\":\"2023-10-13T09:50:13+00:00\",\"breadcrumb\":{\"@id\":\"https:\/\/theessentialclinic.com\/ca\/produit\/tarjeta-de-regalo\/#breadcrumb\"},\"inLanguage\":\"ca\",\"potentialAction\":[{\"@type\":\"ReadAction\",\"target\":[\"https:\/\/theessentialclinic.com\/ca\/produit\/tarjeta-de-regalo\/\"]}]},{\"@type\":\"BreadcrumbList\",\"@id\":\"https:\/\/theessentialclinic.com\/ca\/produit\/tarjeta-de-regalo\/#breadcrumb\",\"itemListElement\":[{\"@type\":\"ListItem\",\"position\":1,\"name\":\"Accueil\",\"item\":\"https:\/\/theessentialclinic.com\/ca\/inici\/\"},{\"@type\":\"ListItem\",\"position\":2,\"name\":\"Botiga\",\"item\":\"https:\/\/theessentialclinic.com\/botiga\/\"},{\"@type\":\"ListItem\",\"position\":3,\"name\":\"Targeta de regal\"}]},{\"@type\":\"WebSite\",\"@id\":\"https:\/\/theessentialclinic.com\/ca\/#website\",\"url\":\"https:\/\/theessentialclinic.com\/ca\/\",\"name\":\"The Essential Clinic\",\"description\":\"Just another WordPress site\",\"publisher\":{\"@id\":\"https:\/\/theessentialclinic.com\/ca\/#organization\"},\"potentialAction\":[{\"@type\":\"SearchAction\",\"target\":{\"@type\":\"EntryPoint\",\"urlTemplate\":\"https:\/\/theessentialclinic.com\/ca\/?s={search_term_string}\"},\"query-input\":\"required name=search_term_string\"}],\"inLanguage\":\"ca\"},{\"@type\":\"Organization\",\"@id\":\"https:\/\/theessentialclinic.com\/ca\/#organization\",\"name\":\"The Essential Clinic\",\"url\":\"https:\/\/theessentialclinic.com\/ca\/\",\"logo\":{\"@type\":\"ImageObject\",\"inLanguage\":\"ca\",\"@id\":\"https:\/\/theessentialclinic.com\/ca\/#\/schema\/logo\/image\/\",\"url\":\"https:\/\/theessentialclinic.com\/wp-content\/uploads\/2022\/01\/logo_white.svg\",\"contentUrl\":\"https:\/\/theessentialclinic.com\/wp-content\/uploads\/2022\/01\/logo_white.svg\",\"width\":1080,\"height\":1080,\"caption\":\"The Essential Clinic\"},\"image\":{\"@id\":\"https:\/\/theessentialclinic.com\/ca\/#\/schema\/logo\/image\/\"}}]}<\/script>\n<!-- \/ Yoast SEO plugin. -->","yoast_head_json":{"title":"Targeta de regal - The Essential Clinic","robots":{"index":"index","follow":"follow","max-snippet":"max-snippet:-1","max-image-preview":"max-image-preview:large","max-video-preview":"max-video-preview:-1"},"canonical":"https:\/\/theessentialclinic.com\/ca\/produit\/tarjeta-de-regalo\/","og_locale":"ca_ES","og_type":"article","og_title":"Targeta de regal - The Essential Clinic","og_description":"A THE ESSENTIAL CLINIC t'ho posem f\u00e0cil amb les nostres Targetes Regal Essential per a aquesta ocasi\u00f3 especial com: Noces, Bateigs, Comunions, Aniversaris, Sant Valent\u00ed, Dia de la Mare, Dia del Pare, SANT JORDI, NADAL, REIS i altres esdeveniments especials. Sorpr\u00e8n aquesta persona especial.  Marca la difer\u00e8ncia amb un REGAL original o fes-te un regal i cuida't.","og_url":"https:\/\/theessentialclinic.com\/ca\/produit\/tarjeta-de-regalo\/","og_site_name":"The Essential Clinic","article_modified_time":"2023-10-13T09:50:13+00:00","og_image":[{"width":1601,"height":1201,"url":"https:\/\/theessentialclinic.com\/wp-content\/uploads\/2023\/02\/TheEssentialClinic_CarteCadeau_Tarjeta_1600x1200px-3.jpg","type":"image\/jpeg"}],"twitter_card":"summary_large_image","twitter_misc":{"Temps estimat de lectura":"1 minut"},"schema":{"@context":"https:\/\/schema.org","@graph":[{"@type":"WebPage","@id":"https:\/\/theessentialclinic.com\/ca\/produit\/tarjeta-de-regalo\/","url":"https:\/\/theessentialclinic.com\/ca\/produit\/tarjeta-de-regalo\/","name":"Targeta de regal - The Essential Clinic","isPartOf":{"@id":"https:\/\/theessentialclinic.com\/ca\/#website"},"datePublished":"2023-02-02T14:12:51+00:00","dateModified":"2023-10-13T09:50:13+00:00","breadcrumb":{"@id":"https:\/\/theessentialclinic.com\/ca\/produit\/tarjeta-de-regalo\/#breadcrumb"},"inLanguage":"ca","potentialAction":[{"@type":"ReadAction","target":["https:\/\/theessentialclinic.com\/ca\/produit\/tarjeta-de-regalo\/"]}]},{"@type":"BreadcrumbList","@id":"https:\/\/theessentialclinic.com\/ca\/produit\/tarjeta-de-regalo\/#breadcrumb","itemListElement":[{"@type":"ListItem","position":1,"name":"Accueil","item":"https:\/\/theessentialclinic.com\/ca\/inici\/"},{"@type":"ListItem","position":2,"name":"Botiga","item":"https:\/\/theessentialclinic.com\/botiga\/"},{"@type":"ListItem","position":3,"name":"Targeta de regal"}]},{"@type":"WebSite","@id":"https:\/\/theessentialclinic.com\/ca\/#website","url":"https:\/\/theessentialclinic.com\/ca\/","name":"The Essential Clinic","description":"Just another WordPress site","publisher":{"@id":"https:\/\/theessentialclinic.com\/ca\/#organization"},"potentialAction":[{"@type":"SearchAction","target":{"@type":"EntryPoint","urlTemplate":"https:\/\/theessentialclinic.com\/ca\/?s={search_term_string}"},"query-input":"required name=search_term_string"}],"inLanguage":"ca"},{"@type":"Organization","@id":"https:\/\/theessentialclinic.com\/ca\/#organization","name":"The Essential Clinic","url":"https:\/\/theessentialclinic.com\/ca\/","logo":{"@type":"ImageObject","inLanguage":"ca","@id":"https:\/\/theessentialclinic.com\/ca\/#\/schema\/logo\/image\/","url":"https:\/\/theessentialclinic.com\/wp-content\/uploads\/2022\/01\/logo_white.svg","contentUrl":"https:\/\/theessentialclinic.com\/wp-content\/uploads\/2022\/01\/logo_white.svg","width":1080,"height":1080,"caption":"The Essential Clinic"},"image":{"@id":"https:\/\/theessentialclinic.com\/ca\/#\/schema\/logo\/image\/"}}]}},"_links":{"self":[{"href":"https:\/\/theessentialclinic.com\/ca\/wp-json\/wp\/v2\/product\/39298","targetHints":{"allow":["GET"]}}],"collection":[{"href":"https:\/\/theessentialclinic.com\/ca\/wp-json\/wp\/v2\/product"}],"about":[{"href":"https:\/\/theessentialclinic.com\/ca\/wp-json\/wp\/v2\/types\/product"}],"wp:featuredmedia":[{"embeddable":true,"href":"https:\/\/theessentialclinic.com\/ca\/wp-json\/wp\/v2\/media\/39590"}],"wp:attachment":[{"href":"https:\/\/theessentialclinic.com\/ca\/wp-json\/wp\/v2\/media?parent=39298"}],"wp:term":[{"taxonomy":"product_cat","embeddable":true,"href":"https:\/\/theessentialclinic.com\/ca\/wp-json\/wp\/v2\/product_cat?post=39298"},{"taxonomy":"product_tag","embeddable":true,"href":"https:\/\/theessentialclinic.com\/ca\/wp-json\/wp\/v2\/product_tag?post=39298"},{"taxonomy":"giftcard-category","embeddable":true,"href":"https:\/\/theessentialclinic.com\/ca\/wp-json\/wp\/v2\/giftcard-category?post=39298"}],"curies":[{"name":"wp","href":"https:\/\/api.w.org\/{rel}","templated":true}]}}