{"id":39295,"date":"2023-02-06T12:15:05","date_gmt":"2023-02-06T11:15:05","guid":{"rendered":"https:\/\/theessentialclinic.com\/produit\/hydrafacial-deluxe\/"},"modified":"2023-12-01T10:17:42","modified_gmt":"2023-12-01T09:17:42","slug":"hydrafacial-deluxe","status":"publish","type":"product","link":"https:\/\/theessentialclinic.com\/ca\/produit\/hydrafacial-deluxe\/","title":{"rendered":"Hydrafacial Deluxe"},"content":{"rendered":"<p>L&#8217;Hydrafacial \u00e9s un procediment no invasiu de rejoveniment de la pell que combina la neteja, exfoliaci\u00f3, extracci\u00f3 i hidrataci\u00f3 de la pell en una sola sessi\u00f3. Utilitza una m\u00e0quina especialitzada amb tecnologia patentada que aplica solucions de neteja i suavitza la pell alhora que elimina les c\u00e8l\u00b7lules mortes de la pell i els residus.<\/p>\n<p>El proc\u00e9s general de l&#8217;Hydrafacial implica els passos seg\u00fcents:<\/p>\n<p>1. Neteja i exfoliaci\u00f3: S&#8217;utilitza un s\u00e8rum suau per eliminar les c\u00e8l\u00b7lules mortes de la pell i obrir els porus.<\/p>\n<p>2. Extracci\u00f3: La m\u00e0quina d&#8217;Hydrafacial utilitza succi\u00f3 suau per eliminar impureses i desembussar els porus.<\/p>\n<p>3. Hidrataci\u00f3: S&#8217;infon la pell amb antioxidants i \u00e0cid hialur\u00f2nic per hidratar i nodrir.<\/p>\n<p>4. Protecci\u00f3: S&#8217;aplica protector solar o productes espec\u00edfics per protegir la pell acabada de tractar.<\/p>\n<p>El resultat \u00e9s una pell m\u00e9s suau, m\u00e9s neta i m\u00e9s hidratada. El Hydrafacial \u00e9s conegut per ser un tractament efica\u00e7 per tractar problemes comuns de la pell, com ara l&#8217;envelliment prematur, la hiperpigmentaci\u00f3, les arrugues fines, la congesti\u00f3 i la pell opaca.<\/p>\n<hr \/>\n<p style=\"text-align: center;\">\ud83d\udc8c ENVIAMENT<\/p>\n<p style=\"text-align: center;\">L&#8217;E-GIFT CARD s&#8217;envia per email, no t\u00e9 cap cost: al moment de la compra s&#8217;enviar\u00e0 al client un correu electr\u00f2nic de confirmaci\u00f3 que indica l&#8217;import i les condicions generals de l&#8217;e-targeta regal.<\/p>\n<hr \/>\n<p style=\"text-align: center;\">\u21a9\ufe0f DEVOLUCI\u00d3<\/p>\n<p style=\"text-align: center;\">Tens fins a 14 dies per tornar el teu E-GIFT CARD i recuperar totalment l&#8217;import pagat. La devoluci\u00f3 \u00e9s v\u00e0lida nom\u00e9s si l&#8217;E-GIFT CARD encara no ha estat utilitzada.<\/p>\n<hr \/>\n<p style=\"text-align: center;\">CONSULTA LES CONDICIONS COMPLETES<br \/>\nPer a m\u00e9s informaci\u00f3, consulta la nostra POL\u00cdTICA DE PRIVACITAT<\/p>\n","protected":false},"excerpt":{"rendered":"<p>L&#8217;Hydrafacial \u00e9s un procediment no invasiu de rejoveniment de la pell que combina la neteja, exfoliaci\u00f3, extracci\u00f3 i hidrataci\u00f3 de la pell en una sola sessi\u00f3. Utilitza una m\u00e0quina especialitzada amb tecnologia patentada que aplica solucions de neteja i suavitza la pell alhora que elimina les c\u00e8l\u00b7lules mortes de la pell i els residus.<\/p>\n","protected":false},"featured_media":39252,"template":"","meta":{"site-sidebar-layout":"default","site-content-layout":"default","ast-site-content-layout":"default","site-content-style":"default","site-sidebar-style":"default","ast-global-header-display":"","ast-banner-title-visibility":"","ast-main-header-display":"","ast-hfb-above-header-display":"","ast-hfb-below-header-display":"","ast-hfb-mobile-header-display":"","site-post-title":"","ast-breadcrumbs-content":"","ast-featured-img":"","footer-sml-layout":"","theme-transparent-header-meta":"default","adv-header-id-meta":"","stick-header-meta":"","header-above-stick-meta":"","header-main-stick-meta":"","header-below-stick-meta":"","astra-migrate-meta-layouts":"set","ast-page-background-enabled":"default","ast-page-background-meta":{"desktop":{"background-color":"","background-image":"","background-repeat":"repeat","background-position":"center center","background-size":"auto","background-attachment":"scroll","background-type":"","background-media":"","overlay-type":"","overlay-color":"","overlay-gradient":""},"tablet":{"background-color":"","background-image":"","background-repeat":"repeat","background-position":"center center","background-size":"auto","background-attachment":"scroll","background-type":"","background-media":"","overlay-type":"","overlay-color":"","overlay-gradient":""},"mobile":{"background-color":"","background-image":"","background-repeat":"repeat","background-position":"center center","background-size":"auto","background-attachment":"scroll","background-type":"","background-media":"","overlay-type":"","overlay-color":"","overlay-gradient":""}},"ast-content-background-meta":{"desktop":{"background-color":"var(--ast-global-color-5)","background-image":"","background-repeat":"repeat","background-position":"center center","background-size":"auto","background-attachment":"scroll","background-type":"","background-media":"","overlay-type":"","overlay-color":"","overlay-gradient":""},"tablet":{"background-color":"var(--ast-global-color-5)","background-image":"","background-repeat":"repeat","background-position":"center center","background-size":"auto","background-attachment":"scroll","background-type":"","background-media":"","overlay-type":"","overlay-color":"","overlay-gradient":""},"mobile":{"background-color":"var(--ast-global-color-5)","background-image":"","background-repeat":"repeat","background-position":"center center","background-size":"auto","background-attachment":"scroll","background-type":"","background-media":"","overlay-type":"","overlay-color":"","overlay-gradient":""}}},"product_cat":[110],"product_tag":[],"giftcard-category":[97],"class_list":["post-39295","product","type-product","status-publish","has-post-thumbnail","hentry","product_cat-tarjeta-de-regalo-ca","giftcard-category-deluxe","desktop-align-left","tablet-align-left","mobile-align-left"],"yoast_head":"<!-- This site is optimized with the Yoast SEO plugin v21.6 - https:\/\/yoast.com\/wordpress\/plugins\/seo\/ -->\n<title>Hydrafacial Deluxe - The Essential Clinic<\/title>\n<meta name=\"robots\" content=\"index, follow, max-snippet:-1, max-image-preview:large, max-video-preview:-1\" \/>\n<link rel=\"canonical\" href=\"https:\/\/theessentialclinic.com\/ca\/produit\/hydrafacial-deluxe\/\" \/>\n<meta property=\"og:locale\" content=\"ca_ES\" \/>\n<meta property=\"og:type\" content=\"article\" \/>\n<meta property=\"og:title\" content=\"Hydrafacial Deluxe - The Essential Clinic\" \/>\n<meta property=\"og:description\" content=\"L&#039;Hydrafacial \u00e9s un procediment no invasiu de rejoveniment de la pell que combina la neteja, exfoliaci\u00f3, extracci\u00f3 i hidrataci\u00f3 de la pell en una sola sessi\u00f3. Utilitza una m\u00e0quina especialitzada amb tecnologia patentada que aplica solucions de neteja i suavitza la pell alhora que elimina les c\u00e8l\u00b7lules mortes de la pell i els residus.\" \/>\n<meta property=\"og:url\" content=\"https:\/\/theessentialclinic.com\/ca\/produit\/hydrafacial-deluxe\/\" \/>\n<meta property=\"og:site_name\" content=\"The Essential Clinic\" \/>\n<meta property=\"article:modified_time\" content=\"2023-12-01T09:17:42+00:00\" \/>\n<meta property=\"og:image\" content=\"https:\/\/theessentialclinic.com\/wp-content\/uploads\/2023\/02\/TheEssentialClinic_CarteCadeau_DeluxeH_1600x1200px-2-scaled.jpg\" \/>\n\t<meta property=\"og:image:width\" content=\"2560\" \/>\n\t<meta property=\"og:image:height\" content=\"1920\" \/>\n\t<meta property=\"og:image:type\" content=\"image\/jpeg\" \/>\n<meta name=\"twitter:card\" content=\"summary_large_image\" \/>\n<meta name=\"twitter:label1\" content=\"Temps estimat de lectura\" \/>\n\t<meta name=\"twitter:data1\" content=\"2 minuts\" \/>\n<script type=\"application\/ld+json\" class=\"yoast-schema-graph\">{\"@context\":\"https:\/\/schema.org\",\"@graph\":[{\"@type\":\"WebPage\",\"@id\":\"https:\/\/theessentialclinic.com\/ca\/produit\/hydrafacial-deluxe\/\",\"url\":\"https:\/\/theessentialclinic.com\/ca\/produit\/hydrafacial-deluxe\/\",\"name\":\"Hydrafacial Deluxe - The Essential Clinic\",\"isPartOf\":{\"@id\":\"https:\/\/theessentialclinic.com\/ca\/#website\"},\"datePublished\":\"2023-02-06T11:15:05+00:00\",\"dateModified\":\"2023-12-01T09:17:42+00:00\",\"breadcrumb\":{\"@id\":\"https:\/\/theessentialclinic.com\/ca\/produit\/hydrafacial-deluxe\/#breadcrumb\"},\"inLanguage\":\"ca\",\"potentialAction\":[{\"@type\":\"ReadAction\",\"target\":[\"https:\/\/theessentialclinic.com\/ca\/produit\/hydrafacial-deluxe\/\"]}]},{\"@type\":\"BreadcrumbList\",\"@id\":\"https:\/\/theessentialclinic.com\/ca\/produit\/hydrafacial-deluxe\/#breadcrumb\",\"itemListElement\":[{\"@type\":\"ListItem\",\"position\":1,\"name\":\"Accueil\",\"item\":\"https:\/\/theessentialclinic.com\/ca\/inici\/\"},{\"@type\":\"ListItem\",\"position\":2,\"name\":\"Botiga\",\"item\":\"https:\/\/theessentialclinic.com\/botiga\/\"},{\"@type\":\"ListItem\",\"position\":3,\"name\":\"Hydrafacial Deluxe\"}]},{\"@type\":\"WebSite\",\"@id\":\"https:\/\/theessentialclinic.com\/ca\/#website\",\"url\":\"https:\/\/theessentialclinic.com\/ca\/\",\"name\":\"The Essential Clinic\",\"description\":\"Just another WordPress site\",\"publisher\":{\"@id\":\"https:\/\/theessentialclinic.com\/ca\/#organization\"},\"potentialAction\":[{\"@type\":\"SearchAction\",\"target\":{\"@type\":\"EntryPoint\",\"urlTemplate\":\"https:\/\/theessentialclinic.com\/ca\/?s={search_term_string}\"},\"query-input\":\"required name=search_term_string\"}],\"inLanguage\":\"ca\"},{\"@type\":\"Organization\",\"@id\":\"https:\/\/theessentialclinic.com\/ca\/#organization\",\"name\":\"The Essential Clinic\",\"url\":\"https:\/\/theessentialclinic.com\/ca\/\",\"logo\":{\"@type\":\"ImageObject\",\"inLanguage\":\"ca\",\"@id\":\"https:\/\/theessentialclinic.com\/ca\/#\/schema\/logo\/image\/\",\"url\":\"https:\/\/theessentialclinic.com\/wp-content\/uploads\/2022\/01\/logo_white.svg\",\"contentUrl\":\"https:\/\/theessentialclinic.com\/wp-content\/uploads\/2022\/01\/logo_white.svg\",\"width\":1080,\"height\":1080,\"caption\":\"The Essential Clinic\"},\"image\":{\"@id\":\"https:\/\/theessentialclinic.com\/ca\/#\/schema\/logo\/image\/\"}}]}<\/script>\n<!-- \/ Yoast SEO plugin. -->","yoast_head_json":{"title":"Hydrafacial Deluxe - The Essential Clinic","robots":{"index":"index","follow":"follow","max-snippet":"max-snippet:-1","max-image-preview":"max-image-preview:large","max-video-preview":"max-video-preview:-1"},"canonical":"https:\/\/theessentialclinic.com\/ca\/produit\/hydrafacial-deluxe\/","og_locale":"ca_ES","og_type":"article","og_title":"Hydrafacial Deluxe - The Essential Clinic","og_description":"L'Hydrafacial \u00e9s un procediment no invasiu de rejoveniment de la pell que combina la neteja, exfoliaci\u00f3, extracci\u00f3 i hidrataci\u00f3 de la pell en una sola sessi\u00f3. Utilitza una m\u00e0quina especialitzada amb tecnologia patentada que aplica solucions de neteja i suavitza la pell alhora que elimina les c\u00e8l\u00b7lules mortes de la pell i els residus.","og_url":"https:\/\/theessentialclinic.com\/ca\/produit\/hydrafacial-deluxe\/","og_site_name":"The Essential Clinic","article_modified_time":"2023-12-01T09:17:42+00:00","og_image":[{"width":2560,"height":1920,"url":"https:\/\/theessentialclinic.com\/wp-content\/uploads\/2023\/02\/TheEssentialClinic_CarteCadeau_DeluxeH_1600x1200px-2-scaled.jpg","type":"image\/jpeg"}],"twitter_card":"summary_large_image","twitter_misc":{"Temps estimat de lectura":"2 minuts"},"schema":{"@context":"https:\/\/schema.org","@graph":[{"@type":"WebPage","@id":"https:\/\/theessentialclinic.com\/ca\/produit\/hydrafacial-deluxe\/","url":"https:\/\/theessentialclinic.com\/ca\/produit\/hydrafacial-deluxe\/","name":"Hydrafacial Deluxe - The Essential Clinic","isPartOf":{"@id":"https:\/\/theessentialclinic.com\/ca\/#website"},"datePublished":"2023-02-06T11:15:05+00:00","dateModified":"2023-12-01T09:17:42+00:00","breadcrumb":{"@id":"https:\/\/theessentialclinic.com\/ca\/produit\/hydrafacial-deluxe\/#breadcrumb"},"inLanguage":"ca","potentialAction":[{"@type":"ReadAction","target":["https:\/\/theessentialclinic.com\/ca\/produit\/hydrafacial-deluxe\/"]}]},{"@type":"BreadcrumbList","@id":"https:\/\/theessentialclinic.com\/ca\/produit\/hydrafacial-deluxe\/#breadcrumb","itemListElement":[{"@type":"ListItem","position":1,"name":"Accueil","item":"https:\/\/theessentialclinic.com\/ca\/inici\/"},{"@type":"ListItem","position":2,"name":"Botiga","item":"https:\/\/theessentialclinic.com\/botiga\/"},{"@type":"ListItem","position":3,"name":"Hydrafacial Deluxe"}]},{"@type":"WebSite","@id":"https:\/\/theessentialclinic.com\/ca\/#website","url":"https:\/\/theessentialclinic.com\/ca\/","name":"The Essential Clinic","description":"Just another WordPress site","publisher":{"@id":"https:\/\/theessentialclinic.com\/ca\/#organization"},"potentialAction":[{"@type":"SearchAction","target":{"@type":"EntryPoint","urlTemplate":"https:\/\/theessentialclinic.com\/ca\/?s={search_term_string}"},"query-input":"required name=search_term_string"}],"inLanguage":"ca"},{"@type":"Organization","@id":"https:\/\/theessentialclinic.com\/ca\/#organization","name":"The Essential Clinic","url":"https:\/\/theessentialclinic.com\/ca\/","logo":{"@type":"ImageObject","inLanguage":"ca","@id":"https:\/\/theessentialclinic.com\/ca\/#\/schema\/logo\/image\/","url":"https:\/\/theessentialclinic.com\/wp-content\/uploads\/2022\/01\/logo_white.svg","contentUrl":"https:\/\/theessentialclinic.com\/wp-content\/uploads\/2022\/01\/logo_white.svg","width":1080,"height":1080,"caption":"The Essential Clinic"},"image":{"@id":"https:\/\/theessentialclinic.com\/ca\/#\/schema\/logo\/image\/"}}]}},"_links":{"self":[{"href":"https:\/\/theessentialclinic.com\/ca\/wp-json\/wp\/v2\/product\/39295","targetHints":{"allow":["GET"]}}],"collection":[{"href":"https:\/\/theessentialclinic.com\/ca\/wp-json\/wp\/v2\/product"}],"about":[{"href":"https:\/\/theessentialclinic.com\/ca\/wp-json\/wp\/v2\/types\/product"}],"wp:featuredmedia":[{"embeddable":true,"href":"https:\/\/theessentialclinic.com\/ca\/wp-json\/wp\/v2\/media\/39252"}],"wp:attachment":[{"href":"https:\/\/theessentialclinic.com\/ca\/wp-json\/wp\/v2\/media?parent=39295"}],"wp:term":[{"taxonomy":"product_cat","embeddable":true,"href":"https:\/\/theessentialclinic.com\/ca\/wp-json\/wp\/v2\/product_cat?post=39295"},{"taxonomy":"product_tag","embeddable":true,"href":"https:\/\/theessentialclinic.com\/ca\/wp-json\/wp\/v2\/product_tag?post=39295"},{"taxonomy":"giftcard-category","embeddable":true,"href":"https:\/\/theessentialclinic.com\/ca\/wp-json\/wp\/v2\/giftcard-category?post=39295"}],"curies":[{"name":"wp","href":"https:\/\/api.w.org\/{rel}","templated":true}]}}