{"id":39292,"date":"2023-02-06T14:06:15","date_gmt":"2023-02-06T13:06:15","guid":{"rendered":"https:\/\/theessentialclinic.com\/produit\/hydrafacial-platinium\/"},"modified":"2023-10-30T12:18:55","modified_gmt":"2023-10-30T11:18:55","slug":"hydrafacial-platinium","status":"publish","type":"product","link":"https:\/\/theessentialclinic.com\/ca\/produit\/hydrafacial-platinium\/","title":{"rendered":"Hydrafacial Platinum"},"content":{"rendered":"<p>Els beneficis del tractament amb Hydrafacial s\u00f3n m\u00faltiples, per una banda ajuda a tenir una pell m\u00e9s suau, m\u00e9s neta i m\u00e9s radiant. Tamb\u00e9 millora l&#8217;aparen\u00e7a dels porus, les arrugues fines i la textura irregular. Finalment, aconsegueix una hidrataci\u00f3 profunda i un aspecte general m\u00e9s saludable.<\/p>\n<p>A m\u00e9s dels 3 passos essencials (neteja + extracci\u00f3 + hidrataci\u00f3), tenim 3 passos addicionals que s&#8217;alternen amb els b\u00e0sics complementant i maximitzant tot el potencial de Hydrafacial, es tracta de la seva versi\u00f3 Platinum i els 6 passos s\u00f3n:<\/p>\n<p>Pas 1 &#8211; Desintoxicaci\u00f3: Aquesta t\u00e8cnica de drenatge limf\u00e0tic especialment formulada ajuda a augmentar la circulaci\u00f3, eliminant toxines.<\/p>\n<p>Pas 2 &#8211; Neteja i exfoliaci\u00f3: Les c\u00e8l\u00b7lules mortes de la pell i les impureses s&#8217;eliminen suaument per obtenir un resultat de neteja profunda.<\/p>\n<p>Pas 3 &#8211; Extracci\u00f3: Els punts negres i les impureses de les zones congestionades s&#8217;extreuen amb \u00e0cid salic\u00edlic i exfoliaci\u00f3 mec\u00e0nica de les puntes Hydropeel.<\/p>\n<p>Pas 4 &#8211; Il\u00b7luminaci\u00f3: Una suau soluci\u00f3 glic\u00f2lica i salic\u00edlica ajuda a desprendre la brut\u00edcia dels porus, il\u00b7luminant la pell.<\/p>\n<p>Pas 5 &#8211; Hidrataci\u00f3: s&#8217;aplica una combinaci\u00f3 de s\u00e8rums i boosters personalitzats segons la necessitat de cada tipus de pell. Entre ells \u00e0cid hialur\u00f2nic, antioxidants i p\u00e8ptids.<\/p>\n<p>Pas 6 &#8211; Rejoveniment: La llum LED estimula el col\u00b7lagen i redueix les vermellors, deixant la pell resplendent.<\/p>\n<p style=\"text-align: center;\">\ud83d\udc8c ENVIAMENT<\/p>\n<p style=\"text-align: center;\">L&#8217;E-GIFT CARD s&#8217;envia per email, no t\u00e9 cap cost: al moment de la compra s&#8217;enviar\u00e0 al client un correu electr\u00f2nic de confirmaci\u00f3 que indica l&#8217;import i les condicions generals de l&#8217;e-targeta regal.<\/p>\n<hr \/>\n<p style=\"text-align: center;\">\u21a9\ufe0f DEVOLUCI\u00d3<\/p>\n<p style=\"text-align: center;\">Tens fins a 14 dies per tornar el teu E-GIFT CARD i recuperar totalment l&#8217;import pagat. La devoluci\u00f3 \u00e9s v\u00e0lida nom\u00e9s si l&#8217;E-GIFT CARD encara no ha estat utilitzada.<\/p>\n<hr \/>\n<p style=\"text-align: center;\">CONSULTA LES CONDICIONS COMPLETES<br \/>\nPer a m\u00e9s informaci\u00f3, consulta la nostra POL\u00cdTICA DE PRIVACITAT<\/p>\n","protected":false},"excerpt":{"rendered":"<p>L&#8217;Hydrafacial Platinum \u00e9s una versi\u00f3 avan\u00e7ada i completa del tractament Hydrafacial. \u00c9s un procediment no invasiu que segueix una s\u00e8rie de passos amb l&#8217;objectiu de millorar l&#8217;aparen\u00e7a i la salut de la pell.<\/p>\n<p>A m\u00e9s dels 3 passos essencials (neteja + extracci\u00f3 + hidrataci\u00f3), tenim 3 passos addicionals que s&#8217;alternen amb els passos b\u00e0sics complementant i maximitzant tot el potencial de Hydrafacial.<\/p>\n","protected":false},"featured_media":39570,"template":"","meta":{"site-sidebar-layout":"default","site-content-layout":"default","ast-site-content-layout":"default","site-content-style":"default","site-sidebar-style":"default","ast-global-header-display":"","ast-banner-title-visibility":"","ast-main-header-display":"","ast-hfb-above-header-display":"","ast-hfb-below-header-display":"","ast-hfb-mobile-header-display":"","site-post-title":"","ast-breadcrumbs-content":"","ast-featured-img":"","footer-sml-layout":"","theme-transparent-header-meta":"default","adv-header-id-meta":"","stick-header-meta":"","header-above-stick-meta":"","header-main-stick-meta":"","header-below-stick-meta":"","astra-migrate-meta-layouts":"set","ast-page-background-enabled":"default","ast-page-background-meta":{"desktop":{"background-color":"","background-image":"","background-repeat":"repeat","background-position":"center center","background-size":"auto","background-attachment":"scroll","background-type":"","background-media":"","overlay-type":"","overlay-color":"","overlay-gradient":""},"tablet":{"background-color":"","background-image":"","background-repeat":"repeat","background-position":"center center","background-size":"auto","background-attachment":"scroll","background-type":"","background-media":"","overlay-type":"","overlay-color":"","overlay-gradient":""},"mobile":{"background-color":"","background-image":"","background-repeat":"repeat","background-position":"center center","background-size":"auto","background-attachment":"scroll","background-type":"","background-media":"","overlay-type":"","overlay-color":"","overlay-gradient":""}},"ast-content-background-meta":{"desktop":{"background-color":"var(--ast-global-color-5)","background-image":"","background-repeat":"repeat","background-position":"center center","background-size":"auto","background-attachment":"scroll","background-type":"","background-media":"","overlay-type":"","overlay-color":"","overlay-gradient":""},"tablet":{"background-color":"var(--ast-global-color-5)","background-image":"","background-repeat":"repeat","background-position":"center center","background-size":"auto","background-attachment":"scroll","background-type":"","background-media":"","overlay-type":"","overlay-color":"","overlay-gradient":""},"mobile":{"background-color":"var(--ast-global-color-5)","background-image":"","background-repeat":"repeat","background-position":"center center","background-size":"auto","background-attachment":"scroll","background-type":"","background-media":"","overlay-type":"","overlay-color":"","overlay-gradient":""}}},"product_cat":[110],"product_tag":[],"giftcard-category":[98],"class_list":["post-39292","product","type-product","status-publish","has-post-thumbnail","hentry","product_cat-tarjeta-de-regalo-ca","giftcard-category-platinium","desktop-align-left","tablet-align-left","mobile-align-left"],"yoast_head":"<!-- This site is optimized with the Yoast SEO plugin v21.6 - https:\/\/yoast.com\/wordpress\/plugins\/seo\/ -->\n<title>Hydrafacial Platinum - The Essential Clinic<\/title>\n<meta name=\"robots\" content=\"index, follow, max-snippet:-1, max-image-preview:large, max-video-preview:-1\" \/>\n<link rel=\"canonical\" href=\"https:\/\/theessentialclinic.com\/ca\/produit\/hydrafacial-platinium\/\" \/>\n<meta property=\"og:locale\" content=\"ca_ES\" \/>\n<meta property=\"og:type\" content=\"article\" \/>\n<meta property=\"og:title\" content=\"Hydrafacial Platinum - The Essential Clinic\" \/>\n<meta property=\"og:description\" content=\"L&#039;Hydrafacial Platinum \u00e9s una versi\u00f3 avan\u00e7ada i completa del tractament Hydrafacial. \u00c9s un procediment no invasiu que segueix una s\u00e8rie de passos amb l&#039;objectiu de millorar l&#039;aparen\u00e7a i la salut de la pell.  A m\u00e9s dels 3 passos essencials (neteja + extracci\u00f3 + hidrataci\u00f3), tenim 3 passos addicionals que s&#039;alternen amb els passos b\u00e0sics complementant i maximitzant tot el potencial de Hydrafacial.\" \/>\n<meta property=\"og:url\" content=\"https:\/\/theessentialclinic.com\/ca\/produit\/hydrafacial-platinium\/\" \/>\n<meta property=\"og:site_name\" content=\"The Essential Clinic\" \/>\n<meta property=\"article:modified_time\" content=\"2023-10-30T11:18:55+00:00\" \/>\n<meta property=\"og:image\" content=\"https:\/\/theessentialclinic.com\/wp-content\/uploads\/2023\/10\/TheEssentialClinic_CarteCadeau_PlatiniumF_1600x1200px-scaled.jpg\" \/>\n\t<meta property=\"og:image:width\" content=\"2560\" \/>\n\t<meta property=\"og:image:height\" content=\"1920\" \/>\n\t<meta property=\"og:image:type\" content=\"image\/jpeg\" \/>\n<meta name=\"twitter:card\" content=\"summary_large_image\" \/>\n<meta name=\"twitter:label1\" content=\"Temps estimat de lectura\" \/>\n\t<meta name=\"twitter:data1\" content=\"2 minuts\" \/>\n<script type=\"application\/ld+json\" class=\"yoast-schema-graph\">{\"@context\":\"https:\/\/schema.org\",\"@graph\":[{\"@type\":\"WebPage\",\"@id\":\"https:\/\/theessentialclinic.com\/ca\/produit\/hydrafacial-platinium\/\",\"url\":\"https:\/\/theessentialclinic.com\/ca\/produit\/hydrafacial-platinium\/\",\"name\":\"Hydrafacial Platinum - The Essential Clinic\",\"isPartOf\":{\"@id\":\"https:\/\/theessentialclinic.com\/ca\/#website\"},\"datePublished\":\"2023-02-06T13:06:15+00:00\",\"dateModified\":\"2023-10-30T11:18:55+00:00\",\"breadcrumb\":{\"@id\":\"https:\/\/theessentialclinic.com\/ca\/produit\/hydrafacial-platinium\/#breadcrumb\"},\"inLanguage\":\"ca\",\"potentialAction\":[{\"@type\":\"ReadAction\",\"target\":[\"https:\/\/theessentialclinic.com\/ca\/produit\/hydrafacial-platinium\/\"]}]},{\"@type\":\"BreadcrumbList\",\"@id\":\"https:\/\/theessentialclinic.com\/ca\/produit\/hydrafacial-platinium\/#breadcrumb\",\"itemListElement\":[{\"@type\":\"ListItem\",\"position\":1,\"name\":\"Accueil\",\"item\":\"https:\/\/theessentialclinic.com\/ca\/inici\/\"},{\"@type\":\"ListItem\",\"position\":2,\"name\":\"Botiga\",\"item\":\"https:\/\/theessentialclinic.com\/botiga\/\"},{\"@type\":\"ListItem\",\"position\":3,\"name\":\"Hydrafacial Platinum\"}]},{\"@type\":\"WebSite\",\"@id\":\"https:\/\/theessentialclinic.com\/ca\/#website\",\"url\":\"https:\/\/theessentialclinic.com\/ca\/\",\"name\":\"The Essential Clinic\",\"description\":\"Just another WordPress site\",\"publisher\":{\"@id\":\"https:\/\/theessentialclinic.com\/ca\/#organization\"},\"potentialAction\":[{\"@type\":\"SearchAction\",\"target\":{\"@type\":\"EntryPoint\",\"urlTemplate\":\"https:\/\/theessentialclinic.com\/ca\/?s={search_term_string}\"},\"query-input\":\"required name=search_term_string\"}],\"inLanguage\":\"ca\"},{\"@type\":\"Organization\",\"@id\":\"https:\/\/theessentialclinic.com\/ca\/#organization\",\"name\":\"The Essential Clinic\",\"url\":\"https:\/\/theessentialclinic.com\/ca\/\",\"logo\":{\"@type\":\"ImageObject\",\"inLanguage\":\"ca\",\"@id\":\"https:\/\/theessentialclinic.com\/ca\/#\/schema\/logo\/image\/\",\"url\":\"https:\/\/theessentialclinic.com\/wp-content\/uploads\/2022\/01\/logo_white.svg\",\"contentUrl\":\"https:\/\/theessentialclinic.com\/wp-content\/uploads\/2022\/01\/logo_white.svg\",\"width\":1080,\"height\":1080,\"caption\":\"The Essential Clinic\"},\"image\":{\"@id\":\"https:\/\/theessentialclinic.com\/ca\/#\/schema\/logo\/image\/\"}}]}<\/script>\n<!-- \/ Yoast SEO plugin. -->","yoast_head_json":{"title":"Hydrafacial Platinum - The Essential Clinic","robots":{"index":"index","follow":"follow","max-snippet":"max-snippet:-1","max-image-preview":"max-image-preview:large","max-video-preview":"max-video-preview:-1"},"canonical":"https:\/\/theessentialclinic.com\/ca\/produit\/hydrafacial-platinium\/","og_locale":"ca_ES","og_type":"article","og_title":"Hydrafacial Platinum - The Essential Clinic","og_description":"L'Hydrafacial Platinum \u00e9s una versi\u00f3 avan\u00e7ada i completa del tractament Hydrafacial. \u00c9s un procediment no invasiu que segueix una s\u00e8rie de passos amb l'objectiu de millorar l'aparen\u00e7a i la salut de la pell.  A m\u00e9s dels 3 passos essencials (neteja + extracci\u00f3 + hidrataci\u00f3), tenim 3 passos addicionals que s'alternen amb els passos b\u00e0sics complementant i maximitzant tot el potencial de Hydrafacial.","og_url":"https:\/\/theessentialclinic.com\/ca\/produit\/hydrafacial-platinium\/","og_site_name":"The Essential Clinic","article_modified_time":"2023-10-30T11:18:55+00:00","og_image":[{"width":2560,"height":1920,"url":"https:\/\/theessentialclinic.com\/wp-content\/uploads\/2023\/10\/TheEssentialClinic_CarteCadeau_PlatiniumF_1600x1200px-scaled.jpg","type":"image\/jpeg"}],"twitter_card":"summary_large_image","twitter_misc":{"Temps estimat de lectura":"2 minuts"},"schema":{"@context":"https:\/\/schema.org","@graph":[{"@type":"WebPage","@id":"https:\/\/theessentialclinic.com\/ca\/produit\/hydrafacial-platinium\/","url":"https:\/\/theessentialclinic.com\/ca\/produit\/hydrafacial-platinium\/","name":"Hydrafacial Platinum - The Essential Clinic","isPartOf":{"@id":"https:\/\/theessentialclinic.com\/ca\/#website"},"datePublished":"2023-02-06T13:06:15+00:00","dateModified":"2023-10-30T11:18:55+00:00","breadcrumb":{"@id":"https:\/\/theessentialclinic.com\/ca\/produit\/hydrafacial-platinium\/#breadcrumb"},"inLanguage":"ca","potentialAction":[{"@type":"ReadAction","target":["https:\/\/theessentialclinic.com\/ca\/produit\/hydrafacial-platinium\/"]}]},{"@type":"BreadcrumbList","@id":"https:\/\/theessentialclinic.com\/ca\/produit\/hydrafacial-platinium\/#breadcrumb","itemListElement":[{"@type":"ListItem","position":1,"name":"Accueil","item":"https:\/\/theessentialclinic.com\/ca\/inici\/"},{"@type":"ListItem","position":2,"name":"Botiga","item":"https:\/\/theessentialclinic.com\/botiga\/"},{"@type":"ListItem","position":3,"name":"Hydrafacial Platinum"}]},{"@type":"WebSite","@id":"https:\/\/theessentialclinic.com\/ca\/#website","url":"https:\/\/theessentialclinic.com\/ca\/","name":"The Essential Clinic","description":"Just another WordPress site","publisher":{"@id":"https:\/\/theessentialclinic.com\/ca\/#organization"},"potentialAction":[{"@type":"SearchAction","target":{"@type":"EntryPoint","urlTemplate":"https:\/\/theessentialclinic.com\/ca\/?s={search_term_string}"},"query-input":"required name=search_term_string"}],"inLanguage":"ca"},{"@type":"Organization","@id":"https:\/\/theessentialclinic.com\/ca\/#organization","name":"The Essential Clinic","url":"https:\/\/theessentialclinic.com\/ca\/","logo":{"@type":"ImageObject","inLanguage":"ca","@id":"https:\/\/theessentialclinic.com\/ca\/#\/schema\/logo\/image\/","url":"https:\/\/theessentialclinic.com\/wp-content\/uploads\/2022\/01\/logo_white.svg","contentUrl":"https:\/\/theessentialclinic.com\/wp-content\/uploads\/2022\/01\/logo_white.svg","width":1080,"height":1080,"caption":"The Essential Clinic"},"image":{"@id":"https:\/\/theessentialclinic.com\/ca\/#\/schema\/logo\/image\/"}}]}},"_links":{"self":[{"href":"https:\/\/theessentialclinic.com\/ca\/wp-json\/wp\/v2\/product\/39292","targetHints":{"allow":["GET"]}}],"collection":[{"href":"https:\/\/theessentialclinic.com\/ca\/wp-json\/wp\/v2\/product"}],"about":[{"href":"https:\/\/theessentialclinic.com\/ca\/wp-json\/wp\/v2\/types\/product"}],"wp:featuredmedia":[{"embeddable":true,"href":"https:\/\/theessentialclinic.com\/ca\/wp-json\/wp\/v2\/media\/39570"}],"wp:attachment":[{"href":"https:\/\/theessentialclinic.com\/ca\/wp-json\/wp\/v2\/media?parent=39292"}],"wp:term":[{"taxonomy":"product_cat","embeddable":true,"href":"https:\/\/theessentialclinic.com\/ca\/wp-json\/wp\/v2\/product_cat?post=39292"},{"taxonomy":"product_tag","embeddable":true,"href":"https:\/\/theessentialclinic.com\/ca\/wp-json\/wp\/v2\/product_tag?post=39292"},{"taxonomy":"giftcard-category","embeddable":true,"href":"https:\/\/theessentialclinic.com\/ca\/wp-json\/wp\/v2\/giftcard-category?post=39292"}],"curies":[{"name":"wp","href":"https:\/\/api.w.org\/{rel}","templated":true}]}}