{"id":39289,"date":"2023-02-06T14:08:11","date_gmt":"2023-02-06T13:08:11","guid":{"rendered":"https:\/\/theessentialclinic.com\/produit\/hydrafacial-keravive\/"},"modified":"2023-12-01T10:05:31","modified_gmt":"2023-12-01T09:05:31","slug":"hydrafacial-keravive","status":"publish","type":"product","link":"https:\/\/theessentialclinic.com\/ca\/produit\/hydrafacial-keravive\/","title":{"rendered":"Hydrafacial Keravive"},"content":{"rendered":"<p>HydraFacial Keravive \u00e9s un tractament dissenyat per millorar la salut i l&#8217;aparen\u00e7a del cuir cabellut i els cabells. Alguns dels beneficis que s&#8217;associen a aquest tractament inclouen:<\/p>\n<p>1. Millora la salut del cuir cabellut: HydraFacial Keravive ajuda a netejar i exfoliar el cuir cabellut, eliminant c\u00e8l\u00b7lules mortes de la pell, residus i obstruccions que poden contribuir a problemes com la sequedat, la picor i la caspa.<\/p>\n<p>2. Estimula el creixement del cabell: La soluci\u00f3 especialitzada utilitzada en el tractament cont\u00e9 ingredients com p\u00e8ptids i nutrients que poden ajudar a enfortir els fol\u00b7licles capil\u00b7lars i promoure el creixement saludable del cabell.<\/p>\n<p>3. Hidrataci\u00f3: El tractament inclou la infusi\u00f3 d&#8217;una soluci\u00f3 hidratant al cuir cabellut, cosa que pot ajudar a combatre la sequedat i millorar l&#8217;aparen\u00e7a dels cabells.<\/p>\n<p>4. Millora l&#8217;aparen\u00e7a del cabell: HydraFacial Keravive pot fer que el cabell es vegi m\u00e9s brillant, suau i saludable en abordar problemes subjacents al cuir cabellut.<\/p>\n<p>5. Tractament no invasiu: HydraFacial Keravive \u00e9s no invasiu i generalment no requereix temps de recuperaci\u00f3.<\/p>\n<p>6. Personalitzaci\u00f3: El tractament es pot adaptar a les necessitats individuals del cuir cabellut i el cabell, cosa que permet als professionals de l&#8217;est\u00e8tica personalitzar-lo per a cada pacient.<\/p>\n<p>7. Relaxaci\u00f3: Igual que amb els tractaments facials de HydraFacial, molts pacients troben que el proc\u00e9s \u00e9s relaxant i gaudeixen de lexperi\u00e8ncia en si.<\/p>\n<hr \/>\n<p style=\"text-align: center;\">\ud83d\udc8c ENVIAMENT<\/p>\n<p style=\"text-align: center;\">L&#8217;E-GIFT CARD s&#8217;envia per email, no t\u00e9 cap cost: al moment de la compra s&#8217;enviar\u00e0 al client un correu electr\u00f2nic de confirmaci\u00f3 que indica l&#8217;import i les condicions generals de l&#8217;e-targeta regal.<\/p>\n<hr \/>\n<p style=\"text-align: center;\">\u21a9\ufe0f DEVOLUCI\u00d3<\/p>\n<p style=\"text-align: center;\">Tens fins a 14 dies per tornar el teu E-GIFT CARD i recuperar totalment l&#8217;import pagat. La devoluci\u00f3 \u00e9s v\u00e0lida nom\u00e9s si l&#8217;E-GIFT CARD encara no ha estat utilitzada.<\/p>\n<hr \/>\n<p style=\"text-align: center;\">CONSULTA LES CONDICIONS COMPLETES<br \/>\nPer a m\u00e9s informaci\u00f3, consulta la nostra POL\u00cdTICA DE PRIVACITAT<\/p>\n","protected":false},"excerpt":{"rendered":"<p>HydraFacial Keravive \u00e9s un tractament espec\u00edfic de Hydrafacial dissenyat per abordar problemes relacionats amb el cuir cabellut i el cabell. Se centra a millorar la salut i l&#8217;aspecte del cuir cabellut i obtenir un impacte positiu en la qualitat dels cabells.<\/p>\n<p>Utilitza la tecnologia de la m\u00e0quina d&#8217;Hydrafacial per exfoliar suaument el cuir cabellut, eliminar les impureses i aplicar un s\u00e8rum especialitzat que cont\u00e9 ingredients beneficiosos per al cabell i el cuir cabellut<\/p>\n","protected":false},"featured_media":39598,"template":"","meta":{"site-sidebar-layout":"default","site-content-layout":"default","ast-site-content-layout":"default","site-content-style":"default","site-sidebar-style":"default","ast-global-header-display":"","ast-banner-title-visibility":"","ast-main-header-display":"","ast-hfb-above-header-display":"","ast-hfb-below-header-display":"","ast-hfb-mobile-header-display":"","site-post-title":"","ast-breadcrumbs-content":"","ast-featured-img":"","footer-sml-layout":"","theme-transparent-header-meta":"default","adv-header-id-meta":"","stick-header-meta":"","header-above-stick-meta":"","header-main-stick-meta":"","header-below-stick-meta":"","astra-migrate-meta-layouts":"set","ast-page-background-enabled":"default","ast-page-background-meta":{"desktop":{"background-color":"","background-image":"","background-repeat":"repeat","background-position":"center center","background-size":"auto","background-attachment":"scroll","background-type":"","background-media":"","overlay-type":"","overlay-color":"","overlay-gradient":""},"tablet":{"background-color":"","background-image":"","background-repeat":"repeat","background-position":"center center","background-size":"auto","background-attachment":"scroll","background-type":"","background-media":"","overlay-type":"","overlay-color":"","overlay-gradient":""},"mobile":{"background-color":"","background-image":"","background-repeat":"repeat","background-position":"center center","background-size":"auto","background-attachment":"scroll","background-type":"","background-media":"","overlay-type":"","overlay-color":"","overlay-gradient":""}},"ast-content-background-meta":{"desktop":{"background-color":"var(--ast-global-color-5)","background-image":"","background-repeat":"repeat","background-position":"center center","background-size":"auto","background-attachment":"scroll","background-type":"","background-media":"","overlay-type":"","overlay-color":"","overlay-gradient":""},"tablet":{"background-color":"var(--ast-global-color-5)","background-image":"","background-repeat":"repeat","background-position":"center center","background-size":"auto","background-attachment":"scroll","background-type":"","background-media":"","overlay-type":"","overlay-color":"","overlay-gradient":""},"mobile":{"background-color":"var(--ast-global-color-5)","background-image":"","background-repeat":"repeat","background-position":"center center","background-size":"auto","background-attachment":"scroll","background-type":"","background-media":"","overlay-type":"","overlay-color":"","overlay-gradient":""}}},"product_cat":[110],"product_tag":[],"giftcard-category":[96],"class_list":["post-39289","product","type-product","status-publish","has-post-thumbnail","hentry","product_cat-tarjeta-de-regalo-ca","giftcard-category-keravive","desktop-align-left","tablet-align-left","mobile-align-left"],"yoast_head":"<!-- This site is optimized with the Yoast SEO plugin v21.6 - https:\/\/yoast.com\/wordpress\/plugins\/seo\/ -->\n<title>Hydrafacial Keravive - The Essential Clinic<\/title>\n<meta name=\"robots\" content=\"index, follow, max-snippet:-1, max-image-preview:large, max-video-preview:-1\" \/>\n<link rel=\"canonical\" href=\"https:\/\/theessentialclinic.com\/ca\/produit\/hydrafacial-keravive\/\" \/>\n<meta property=\"og:locale\" content=\"ca_ES\" \/>\n<meta property=\"og:type\" content=\"article\" \/>\n<meta property=\"og:title\" content=\"Hydrafacial Keravive - The Essential Clinic\" \/>\n<meta property=\"og:description\" content=\"HydraFacial Keravive \u00e9s un tractament espec\u00edfic de Hydrafacial dissenyat per abordar problemes relacionats amb el cuir cabellut i el cabell. Se centra a millorar la salut i l&#039;aspecte del cuir cabellut i obtenir un impacte positiu en la qualitat dels cabells.  Utilitza la tecnologia de la m\u00e0quina d&#039;Hydrafacial per exfoliar suaument el cuir cabellut, eliminar les impureses i aplicar un s\u00e8rum especialitzat que cont\u00e9 ingredients beneficiosos per al cabell i el cuir cabellut\" \/>\n<meta property=\"og:url\" content=\"https:\/\/theessentialclinic.com\/ca\/produit\/hydrafacial-keravive\/\" \/>\n<meta property=\"og:site_name\" content=\"The Essential Clinic\" \/>\n<meta property=\"article:modified_time\" content=\"2023-12-01T09:05:31+00:00\" \/>\n<meta property=\"og:image\" content=\"https:\/\/theessentialclinic.com\/wp-content\/uploads\/2023\/11\/TheEssentialClinic_CarteCadeau_KeraviveH_1600x1200px.jpg\" \/>\n\t<meta property=\"og:image:width\" content=\"1601\" \/>\n\t<meta property=\"og:image:height\" content=\"1201\" \/>\n\t<meta property=\"og:image:type\" content=\"image\/jpeg\" \/>\n<meta name=\"twitter:card\" content=\"summary_large_image\" \/>\n<meta name=\"twitter:label1\" content=\"Temps estimat de lectura\" \/>\n\t<meta name=\"twitter:data1\" content=\"2 minuts\" \/>\n<script type=\"application\/ld+json\" class=\"yoast-schema-graph\">{\"@context\":\"https:\/\/schema.org\",\"@graph\":[{\"@type\":\"WebPage\",\"@id\":\"https:\/\/theessentialclinic.com\/ca\/produit\/hydrafacial-keravive\/\",\"url\":\"https:\/\/theessentialclinic.com\/ca\/produit\/hydrafacial-keravive\/\",\"name\":\"Hydrafacial Keravive - The Essential Clinic\",\"isPartOf\":{\"@id\":\"https:\/\/theessentialclinic.com\/ca\/#website\"},\"datePublished\":\"2023-02-06T13:08:11+00:00\",\"dateModified\":\"2023-12-01T09:05:31+00:00\",\"breadcrumb\":{\"@id\":\"https:\/\/theessentialclinic.com\/ca\/produit\/hydrafacial-keravive\/#breadcrumb\"},\"inLanguage\":\"ca\",\"potentialAction\":[{\"@type\":\"ReadAction\",\"target\":[\"https:\/\/theessentialclinic.com\/ca\/produit\/hydrafacial-keravive\/\"]}]},{\"@type\":\"BreadcrumbList\",\"@id\":\"https:\/\/theessentialclinic.com\/ca\/produit\/hydrafacial-keravive\/#breadcrumb\",\"itemListElement\":[{\"@type\":\"ListItem\",\"position\":1,\"name\":\"Accueil\",\"item\":\"https:\/\/theessentialclinic.com\/ca\/inici\/\"},{\"@type\":\"ListItem\",\"position\":2,\"name\":\"Botiga\",\"item\":\"https:\/\/theessentialclinic.com\/botiga\/\"},{\"@type\":\"ListItem\",\"position\":3,\"name\":\"Hydrafacial Keravive\"}]},{\"@type\":\"WebSite\",\"@id\":\"https:\/\/theessentialclinic.com\/ca\/#website\",\"url\":\"https:\/\/theessentialclinic.com\/ca\/\",\"name\":\"The Essential Clinic\",\"description\":\"Just another WordPress site\",\"publisher\":{\"@id\":\"https:\/\/theessentialclinic.com\/ca\/#organization\"},\"potentialAction\":[{\"@type\":\"SearchAction\",\"target\":{\"@type\":\"EntryPoint\",\"urlTemplate\":\"https:\/\/theessentialclinic.com\/ca\/?s={search_term_string}\"},\"query-input\":\"required name=search_term_string\"}],\"inLanguage\":\"ca\"},{\"@type\":\"Organization\",\"@id\":\"https:\/\/theessentialclinic.com\/ca\/#organization\",\"name\":\"The Essential Clinic\",\"url\":\"https:\/\/theessentialclinic.com\/ca\/\",\"logo\":{\"@type\":\"ImageObject\",\"inLanguage\":\"ca\",\"@id\":\"https:\/\/theessentialclinic.com\/ca\/#\/schema\/logo\/image\/\",\"url\":\"https:\/\/theessentialclinic.com\/wp-content\/uploads\/2022\/01\/logo_white.svg\",\"contentUrl\":\"https:\/\/theessentialclinic.com\/wp-content\/uploads\/2022\/01\/logo_white.svg\",\"width\":1080,\"height\":1080,\"caption\":\"The Essential Clinic\"},\"image\":{\"@id\":\"https:\/\/theessentialclinic.com\/ca\/#\/schema\/logo\/image\/\"}}]}<\/script>\n<!-- \/ Yoast SEO plugin. -->","yoast_head_json":{"title":"Hydrafacial Keravive - The Essential Clinic","robots":{"index":"index","follow":"follow","max-snippet":"max-snippet:-1","max-image-preview":"max-image-preview:large","max-video-preview":"max-video-preview:-1"},"canonical":"https:\/\/theessentialclinic.com\/ca\/produit\/hydrafacial-keravive\/","og_locale":"ca_ES","og_type":"article","og_title":"Hydrafacial Keravive - The Essential Clinic","og_description":"HydraFacial Keravive \u00e9s un tractament espec\u00edfic de Hydrafacial dissenyat per abordar problemes relacionats amb el cuir cabellut i el cabell. Se centra a millorar la salut i l'aspecte del cuir cabellut i obtenir un impacte positiu en la qualitat dels cabells.  Utilitza la tecnologia de la m\u00e0quina d'Hydrafacial per exfoliar suaument el cuir cabellut, eliminar les impureses i aplicar un s\u00e8rum especialitzat que cont\u00e9 ingredients beneficiosos per al cabell i el cuir cabellut","og_url":"https:\/\/theessentialclinic.com\/ca\/produit\/hydrafacial-keravive\/","og_site_name":"The Essential Clinic","article_modified_time":"2023-12-01T09:05:31+00:00","og_image":[{"width":1601,"height":1201,"url":"https:\/\/theessentialclinic.com\/wp-content\/uploads\/2023\/11\/TheEssentialClinic_CarteCadeau_KeraviveH_1600x1200px.jpg","type":"image\/jpeg"}],"twitter_card":"summary_large_image","twitter_misc":{"Temps estimat de lectura":"2 minuts"},"schema":{"@context":"https:\/\/schema.org","@graph":[{"@type":"WebPage","@id":"https:\/\/theessentialclinic.com\/ca\/produit\/hydrafacial-keravive\/","url":"https:\/\/theessentialclinic.com\/ca\/produit\/hydrafacial-keravive\/","name":"Hydrafacial Keravive - The Essential Clinic","isPartOf":{"@id":"https:\/\/theessentialclinic.com\/ca\/#website"},"datePublished":"2023-02-06T13:08:11+00:00","dateModified":"2023-12-01T09:05:31+00:00","breadcrumb":{"@id":"https:\/\/theessentialclinic.com\/ca\/produit\/hydrafacial-keravive\/#breadcrumb"},"inLanguage":"ca","potentialAction":[{"@type":"ReadAction","target":["https:\/\/theessentialclinic.com\/ca\/produit\/hydrafacial-keravive\/"]}]},{"@type":"BreadcrumbList","@id":"https:\/\/theessentialclinic.com\/ca\/produit\/hydrafacial-keravive\/#breadcrumb","itemListElement":[{"@type":"ListItem","position":1,"name":"Accueil","item":"https:\/\/theessentialclinic.com\/ca\/inici\/"},{"@type":"ListItem","position":2,"name":"Botiga","item":"https:\/\/theessentialclinic.com\/botiga\/"},{"@type":"ListItem","position":3,"name":"Hydrafacial Keravive"}]},{"@type":"WebSite","@id":"https:\/\/theessentialclinic.com\/ca\/#website","url":"https:\/\/theessentialclinic.com\/ca\/","name":"The Essential Clinic","description":"Just another WordPress site","publisher":{"@id":"https:\/\/theessentialclinic.com\/ca\/#organization"},"potentialAction":[{"@type":"SearchAction","target":{"@type":"EntryPoint","urlTemplate":"https:\/\/theessentialclinic.com\/ca\/?s={search_term_string}"},"query-input":"required name=search_term_string"}],"inLanguage":"ca"},{"@type":"Organization","@id":"https:\/\/theessentialclinic.com\/ca\/#organization","name":"The Essential Clinic","url":"https:\/\/theessentialclinic.com\/ca\/","logo":{"@type":"ImageObject","inLanguage":"ca","@id":"https:\/\/theessentialclinic.com\/ca\/#\/schema\/logo\/image\/","url":"https:\/\/theessentialclinic.com\/wp-content\/uploads\/2022\/01\/logo_white.svg","contentUrl":"https:\/\/theessentialclinic.com\/wp-content\/uploads\/2022\/01\/logo_white.svg","width":1080,"height":1080,"caption":"The Essential Clinic"},"image":{"@id":"https:\/\/theessentialclinic.com\/ca\/#\/schema\/logo\/image\/"}}]}},"_links":{"self":[{"href":"https:\/\/theessentialclinic.com\/ca\/wp-json\/wp\/v2\/product\/39289","targetHints":{"allow":["GET"]}}],"collection":[{"href":"https:\/\/theessentialclinic.com\/ca\/wp-json\/wp\/v2\/product"}],"about":[{"href":"https:\/\/theessentialclinic.com\/ca\/wp-json\/wp\/v2\/types\/product"}],"wp:featuredmedia":[{"embeddable":true,"href":"https:\/\/theessentialclinic.com\/ca\/wp-json\/wp\/v2\/media\/39598"}],"wp:attachment":[{"href":"https:\/\/theessentialclinic.com\/ca\/wp-json\/wp\/v2\/media?parent=39289"}],"wp:term":[{"taxonomy":"product_cat","embeddable":true,"href":"https:\/\/theessentialclinic.com\/ca\/wp-json\/wp\/v2\/product_cat?post=39289"},{"taxonomy":"product_tag","embeddable":true,"href":"https:\/\/theessentialclinic.com\/ca\/wp-json\/wp\/v2\/product_tag?post=39289"},{"taxonomy":"giftcard-category","embeddable":true,"href":"https:\/\/theessentialclinic.com\/ca\/wp-json\/wp\/v2\/giftcard-category?post=39289"}],"curies":[{"name":"wp","href":"https:\/\/api.w.org\/{rel}","templated":true}]}}