{"id":39286,"date":"2023-02-06T14:22:11","date_gmt":"2023-02-06T13:22:11","guid":{"rendered":"https:\/\/theessentialclinic.com\/produit\/consulta-medica\/"},"modified":"2023-10-13T12:08:54","modified_gmt":"2023-10-13T10:08:54","slug":"consulta-medica","status":"publish","type":"product","link":"https:\/\/theessentialclinic.com\/ca\/produit\/consulta-medica\/","title":{"rendered":"Consulta m\u00e8dica"},"content":{"rendered":"<p>Una consulta m\u00e8dico-est\u00e8tica \u00e9s una cita amb un professional m\u00e8dic especialitzat en tractaments i procediments est\u00e8tics amb el prop\u00f2sit d&#8217;abordar preocupacions relacionades amb l&#8217;aparen\u00e7a f\u00edsica i el benestar del pacient. Aquestes consultes se centren en tractaments no quir\u00fargics i procediments medicoest\u00e8tics que busquen millorar l&#8217;aparen\u00e7a, l&#8217;autoestima i la confian\u00e7a del pacient, aqu\u00ed et descric en qu\u00e8 consisteix generalment una consulta m\u00e8dico-est\u00e8tica:<\/p>\n<p>1. Avaluaci\u00f3 inicial: A la consulta m\u00e8dico-est\u00e8tica, es dur\u00e0 a terme una avaluaci\u00f3 detallada del pacient. Aix\u00f2 inclour\u00e0 una revisi\u00f3 de la hist\u00f2ria m\u00e8dica i una discussi\u00f3 de les preocupacions i els objectius est\u00e8tics del pacient.<\/p>\n<p>2. Examen f\u00edsic: El metge far\u00e0 un examen f\u00edsic, centrant-se en les \u00e0rees espec\u00edfiques que preocupen el pacient. Aix\u00f2 pot incloure la pell, textura, elasticitat, arrugues, greix localitzat i altres aspectes relacionats amb l&#8217;aparen\u00e7a.<\/p>\n<p>3. Diagn\u00f2stic i recomanacions: Despr\u00e9s de l&#8217;avaluaci\u00f3, el metge proporcionar\u00e0 un diagn\u00f2stic basat en les troballes i les preocupacions del pacient. Despr\u00e9s discutir\u00e0 opcions de tractament i recomanacions espec\u00edfiques. Aix\u00f2 pot incloure tractaments amb farcits d\u00e8rmics, toxina botul\u00ednica, procediments l\u00e0ser, procediments de rejoveniment facial, tractaments per a la p\u00e8rdua de greix localitzat, entre d&#8217;altres.<\/p>\n<p>4. Pla de tractament: Un cop el pacient i el metge hagin discutit les opcions disponibles, s&#8217;establir\u00e0 un pla de tractament personalitzat. Aix\u00f2 inclour\u00e0 detalls sobre el procediment, les expectatives de resultats, els costos i qualsevol preparaci\u00f3 necess\u00e0ria.<\/p>\n<hr \/>\n<p style=\"text-align: center;\">\ud83d\udc8c ENVIAMENT<\/p>\n<p style=\"text-align: center;\">L&#8217;E-GIFT CARD s&#8217;envia per email, no t\u00e9 cap cost: al moment de la compra s&#8217;enviar\u00e0 al client un correu electr\u00f2nic de confirmaci\u00f3 que indica l&#8217;import i les condicions generals de l&#8217;e-targeta regal.<\/p>\n<hr \/>\n<p style=\"text-align: center;\">\u21a9\ufe0f DEVOLUCI\u00d3<\/p>\n<p style=\"text-align: center;\">Tens fins a 14 dies per tornar el teu E-GIFT CARD i recuperar totalment l&#8217;import pagat. La devoluci\u00f3 \u00e9s v\u00e0lida nom\u00e9s si l&#8217;E-GIFT CARD encara no ha estat utilitzada.<\/p>\n<hr \/>\n<p style=\"text-align: center;\">CONSULTA LES CONDICIONS COMPLETES<br \/>\nPer a m\u00e9s informaci\u00f3, consulta la nostra POL\u00cdTICA DE PRIVACITAT<\/p>\n","protected":false},"excerpt":{"rendered":"<p>Una consulta m\u00e8dico-est\u00e8tica \u00e9s una cita amb un professional m\u00e8dic especialitzat en tractaments i procediments est\u00e8tics amb l&#8217;objectiu d&#8217;abordar preocupacions relacionades amb l&#8217;aparen\u00e7a f\u00edsica i el benestar del pacient. Aquestes consultes se centren en tractaments no quir\u00fargics que busquen millorar l&#8217;aparen\u00e7a, l&#8217;autoestima i la confian\u00e7a del pacient.<\/p>\n<p>Abans de sotmetre&#8217;s a qualsevol procediment est\u00e8tic, \u00e9s essencial programar una consulta m\u00e8dica per discutir les vostres necessitats i expectatives, aix\u00ed com comprendre els possibles riscos i beneficis dels tractaments.<\/p>\n","protected":false},"featured_media":38071,"template":"","meta":{"site-sidebar-layout":"default","site-content-layout":"default","ast-site-content-layout":"default","site-content-style":"default","site-sidebar-style":"default","ast-global-header-display":"","ast-banner-title-visibility":"","ast-main-header-display":"","ast-hfb-above-header-display":"","ast-hfb-below-header-display":"","ast-hfb-mobile-header-display":"","site-post-title":"","ast-breadcrumbs-content":"","ast-featured-img":"","footer-sml-layout":"","theme-transparent-header-meta":"default","adv-header-id-meta":"","stick-header-meta":"","header-above-stick-meta":"","header-main-stick-meta":"","header-below-stick-meta":"","astra-migrate-meta-layouts":"set","ast-page-background-enabled":"default","ast-page-background-meta":{"desktop":{"background-color":"","background-image":"","background-repeat":"repeat","background-position":"center center","background-size":"auto","background-attachment":"scroll","background-type":"","background-media":"","overlay-type":"","overlay-color":"","overlay-gradient":""},"tablet":{"background-color":"","background-image":"","background-repeat":"repeat","background-position":"center center","background-size":"auto","background-attachment":"scroll","background-type":"","background-media":"","overlay-type":"","overlay-color":"","overlay-gradient":""},"mobile":{"background-color":"","background-image":"","background-repeat":"repeat","background-position":"center center","background-size":"auto","background-attachment":"scroll","background-type":"","background-media":"","overlay-type":"","overlay-color":"","overlay-gradient":""}},"ast-content-background-meta":{"desktop":{"background-color":"var(--ast-global-color-5)","background-image":"","background-repeat":"repeat","background-position":"center center","background-size":"auto","background-attachment":"scroll","background-type":"","background-media":"","overlay-type":"","overlay-color":"","overlay-gradient":""},"tablet":{"background-color":"var(--ast-global-color-5)","background-image":"","background-repeat":"repeat","background-position":"center center","background-size":"auto","background-attachment":"scroll","background-type":"","background-media":"","overlay-type":"","overlay-color":"","overlay-gradient":""},"mobile":{"background-color":"var(--ast-global-color-5)","background-image":"","background-repeat":"repeat","background-position":"center center","background-size":"auto","background-attachment":"scroll","background-type":"","background-media":"","overlay-type":"","overlay-color":"","overlay-gradient":""}}},"product_cat":[110],"product_tag":[],"giftcard-category":[82],"class_list":["post-39286","product","type-product","status-publish","has-post-thumbnail","hentry","product_cat-tarjeta-de-regalo-ca","giftcard-category-none","desktop-align-left","tablet-align-left","mobile-align-left"],"yoast_head":"<!-- This site is optimized with the Yoast SEO plugin v21.6 - https:\/\/yoast.com\/wordpress\/plugins\/seo\/ -->\n<title>Consulta m\u00e8dica - The Essential Clinic<\/title>\n<meta name=\"robots\" content=\"index, follow, max-snippet:-1, max-image-preview:large, max-video-preview:-1\" \/>\n<link rel=\"canonical\" href=\"https:\/\/theessentialclinic.com\/ca\/produit\/consulta-medica\/\" \/>\n<meta property=\"og:locale\" content=\"ca_ES\" \/>\n<meta property=\"og:type\" content=\"article\" \/>\n<meta property=\"og:title\" content=\"Consulta m\u00e8dica - The Essential Clinic\" \/>\n<meta property=\"og:description\" content=\"Una consulta m\u00e8dico-est\u00e8tica \u00e9s una cita amb un professional m\u00e8dic especialitzat en tractaments i procediments est\u00e8tics amb l&#039;objectiu d&#039;abordar preocupacions relacionades amb l&#039;aparen\u00e7a f\u00edsica i el benestar del pacient. Aquestes consultes se centren en tractaments no quir\u00fargics que busquen millorar l&#039;aparen\u00e7a, l&#039;autoestima i la confian\u00e7a del pacient.  Abans de sotmetre&#039;s a qualsevol procediment est\u00e8tic, \u00e9s essencial programar una consulta m\u00e8dica per discutir les vostres necessitats i expectatives, aix\u00ed com comprendre els possibles riscos i beneficis dels tractaments.\" \/>\n<meta property=\"og:url\" content=\"https:\/\/theessentialclinic.com\/ca\/produit\/consulta-medica\/\" \/>\n<meta property=\"og:site_name\" content=\"The Essential Clinic\" \/>\n<meta property=\"article:modified_time\" content=\"2023-10-13T10:08:54+00:00\" \/>\n<meta property=\"og:image\" content=\"https:\/\/theessentialclinic.com\/wp-content\/uploads\/2023\/10\/TheEssentialClinic_CarteCadeau_Consulta_1600x1200px_CAT-1.jpg\" \/>\n\t<meta property=\"og:image:width\" content=\"1601\" \/>\n\t<meta property=\"og:image:height\" content=\"1201\" \/>\n\t<meta property=\"og:image:type\" content=\"image\/jpeg\" \/>\n<meta name=\"twitter:card\" content=\"summary_large_image\" \/>\n<meta name=\"twitter:label1\" content=\"Temps estimat de lectura\" \/>\n\t<meta name=\"twitter:data1\" content=\"2 minuts\" \/>\n<script type=\"application\/ld+json\" class=\"yoast-schema-graph\">{\"@context\":\"https:\/\/schema.org\",\"@graph\":[{\"@type\":\"WebPage\",\"@id\":\"https:\/\/theessentialclinic.com\/ca\/produit\/consulta-medica\/\",\"url\":\"https:\/\/theessentialclinic.com\/ca\/produit\/consulta-medica\/\",\"name\":\"Consulta m\u00e8dica - The Essential Clinic\",\"isPartOf\":{\"@id\":\"https:\/\/theessentialclinic.com\/ca\/#website\"},\"datePublished\":\"2023-02-06T13:22:11+00:00\",\"dateModified\":\"2023-10-13T10:08:54+00:00\",\"breadcrumb\":{\"@id\":\"https:\/\/theessentialclinic.com\/ca\/produit\/consulta-medica\/#breadcrumb\"},\"inLanguage\":\"ca\",\"potentialAction\":[{\"@type\":\"ReadAction\",\"target\":[\"https:\/\/theessentialclinic.com\/ca\/produit\/consulta-medica\/\"]}]},{\"@type\":\"BreadcrumbList\",\"@id\":\"https:\/\/theessentialclinic.com\/ca\/produit\/consulta-medica\/#breadcrumb\",\"itemListElement\":[{\"@type\":\"ListItem\",\"position\":1,\"name\":\"Accueil\",\"item\":\"https:\/\/theessentialclinic.com\/ca\/inici\/\"},{\"@type\":\"ListItem\",\"position\":2,\"name\":\"Botiga\",\"item\":\"https:\/\/theessentialclinic.com\/botiga\/\"},{\"@type\":\"ListItem\",\"position\":3,\"name\":\"Consulta m\u00e8dica\"}]},{\"@type\":\"WebSite\",\"@id\":\"https:\/\/theessentialclinic.com\/ca\/#website\",\"url\":\"https:\/\/theessentialclinic.com\/ca\/\",\"name\":\"The Essential Clinic\",\"description\":\"Just another WordPress site\",\"publisher\":{\"@id\":\"https:\/\/theessentialclinic.com\/ca\/#organization\"},\"potentialAction\":[{\"@type\":\"SearchAction\",\"target\":{\"@type\":\"EntryPoint\",\"urlTemplate\":\"https:\/\/theessentialclinic.com\/ca\/?s={search_term_string}\"},\"query-input\":\"required name=search_term_string\"}],\"inLanguage\":\"ca\"},{\"@type\":\"Organization\",\"@id\":\"https:\/\/theessentialclinic.com\/ca\/#organization\",\"name\":\"The Essential Clinic\",\"url\":\"https:\/\/theessentialclinic.com\/ca\/\",\"logo\":{\"@type\":\"ImageObject\",\"inLanguage\":\"ca\",\"@id\":\"https:\/\/theessentialclinic.com\/ca\/#\/schema\/logo\/image\/\",\"url\":\"https:\/\/theessentialclinic.com\/wp-content\/uploads\/2022\/01\/logo_white.svg\",\"contentUrl\":\"https:\/\/theessentialclinic.com\/wp-content\/uploads\/2022\/01\/logo_white.svg\",\"width\":1080,\"height\":1080,\"caption\":\"The Essential Clinic\"},\"image\":{\"@id\":\"https:\/\/theessentialclinic.com\/ca\/#\/schema\/logo\/image\/\"}}]}<\/script>\n<!-- \/ Yoast SEO plugin. -->","yoast_head_json":{"title":"Consulta m\u00e8dica - The Essential Clinic","robots":{"index":"index","follow":"follow","max-snippet":"max-snippet:-1","max-image-preview":"max-image-preview:large","max-video-preview":"max-video-preview:-1"},"canonical":"https:\/\/theessentialclinic.com\/ca\/produit\/consulta-medica\/","og_locale":"ca_ES","og_type":"article","og_title":"Consulta m\u00e8dica - The Essential Clinic","og_description":"Una consulta m\u00e8dico-est\u00e8tica \u00e9s una cita amb un professional m\u00e8dic especialitzat en tractaments i procediments est\u00e8tics amb l'objectiu d'abordar preocupacions relacionades amb l'aparen\u00e7a f\u00edsica i el benestar del pacient. Aquestes consultes se centren en tractaments no quir\u00fargics que busquen millorar l'aparen\u00e7a, l'autoestima i la confian\u00e7a del pacient.  Abans de sotmetre's a qualsevol procediment est\u00e8tic, \u00e9s essencial programar una consulta m\u00e8dica per discutir les vostres necessitats i expectatives, aix\u00ed com comprendre els possibles riscos i beneficis dels tractaments.","og_url":"https:\/\/theessentialclinic.com\/ca\/produit\/consulta-medica\/","og_site_name":"The Essential Clinic","article_modified_time":"2023-10-13T10:08:54+00:00","og_image":[{"width":1601,"height":1201,"url":"https:\/\/theessentialclinic.com\/wp-content\/uploads\/2023\/10\/TheEssentialClinic_CarteCadeau_Consulta_1600x1200px_CAT-1.jpg","type":"image\/jpeg"}],"twitter_card":"summary_large_image","twitter_misc":{"Temps estimat de lectura":"2 minuts"},"schema":{"@context":"https:\/\/schema.org","@graph":[{"@type":"WebPage","@id":"https:\/\/theessentialclinic.com\/ca\/produit\/consulta-medica\/","url":"https:\/\/theessentialclinic.com\/ca\/produit\/consulta-medica\/","name":"Consulta m\u00e8dica - The Essential Clinic","isPartOf":{"@id":"https:\/\/theessentialclinic.com\/ca\/#website"},"datePublished":"2023-02-06T13:22:11+00:00","dateModified":"2023-10-13T10:08:54+00:00","breadcrumb":{"@id":"https:\/\/theessentialclinic.com\/ca\/produit\/consulta-medica\/#breadcrumb"},"inLanguage":"ca","potentialAction":[{"@type":"ReadAction","target":["https:\/\/theessentialclinic.com\/ca\/produit\/consulta-medica\/"]}]},{"@type":"BreadcrumbList","@id":"https:\/\/theessentialclinic.com\/ca\/produit\/consulta-medica\/#breadcrumb","itemListElement":[{"@type":"ListItem","position":1,"name":"Accueil","item":"https:\/\/theessentialclinic.com\/ca\/inici\/"},{"@type":"ListItem","position":2,"name":"Botiga","item":"https:\/\/theessentialclinic.com\/botiga\/"},{"@type":"ListItem","position":3,"name":"Consulta m\u00e8dica"}]},{"@type":"WebSite","@id":"https:\/\/theessentialclinic.com\/ca\/#website","url":"https:\/\/theessentialclinic.com\/ca\/","name":"The Essential Clinic","description":"Just another WordPress site","publisher":{"@id":"https:\/\/theessentialclinic.com\/ca\/#organization"},"potentialAction":[{"@type":"SearchAction","target":{"@type":"EntryPoint","urlTemplate":"https:\/\/theessentialclinic.com\/ca\/?s={search_term_string}"},"query-input":"required name=search_term_string"}],"inLanguage":"ca"},{"@type":"Organization","@id":"https:\/\/theessentialclinic.com\/ca\/#organization","name":"The Essential Clinic","url":"https:\/\/theessentialclinic.com\/ca\/","logo":{"@type":"ImageObject","inLanguage":"ca","@id":"https:\/\/theessentialclinic.com\/ca\/#\/schema\/logo\/image\/","url":"https:\/\/theessentialclinic.com\/wp-content\/uploads\/2022\/01\/logo_white.svg","contentUrl":"https:\/\/theessentialclinic.com\/wp-content\/uploads\/2022\/01\/logo_white.svg","width":1080,"height":1080,"caption":"The Essential Clinic"},"image":{"@id":"https:\/\/theessentialclinic.com\/ca\/#\/schema\/logo\/image\/"}}]}},"_links":{"self":[{"href":"https:\/\/theessentialclinic.com\/ca\/wp-json\/wp\/v2\/product\/39286","targetHints":{"allow":["GET"]}}],"collection":[{"href":"https:\/\/theessentialclinic.com\/ca\/wp-json\/wp\/v2\/product"}],"about":[{"href":"https:\/\/theessentialclinic.com\/ca\/wp-json\/wp\/v2\/types\/product"}],"wp:featuredmedia":[{"embeddable":true,"href":"https:\/\/theessentialclinic.com\/ca\/wp-json\/wp\/v2\/media\/38071"}],"wp:attachment":[{"href":"https:\/\/theessentialclinic.com\/ca\/wp-json\/wp\/v2\/media?parent=39286"}],"wp:term":[{"taxonomy":"product_cat","embeddable":true,"href":"https:\/\/theessentialclinic.com\/ca\/wp-json\/wp\/v2\/product_cat?post=39286"},{"taxonomy":"product_tag","embeddable":true,"href":"https:\/\/theessentialclinic.com\/ca\/wp-json\/wp\/v2\/product_tag?post=39286"},{"taxonomy":"giftcard-category","embeddable":true,"href":"https:\/\/theessentialclinic.com\/ca\/wp-json\/wp\/v2\/giftcard-category?post=39286"}],"curies":[{"name":"wp","href":"https:\/\/api.w.org\/{rel}","templated":true}]}}