{"id":39117,"date":"2023-08-28T12:17:41","date_gmt":"2023-08-28T10:17:41","guid":{"rendered":"https:\/\/theessentialclinic.com\/politica-de-privacitat-xarxes-socials\/"},"modified":"2023-08-28T12:21:36","modified_gmt":"2023-08-28T10:21:36","slug":"politica-de-privacitat-xarxes-socials","status":"publish","type":"page","link":"https:\/\/theessentialclinic.com\/ca\/politica-de-privacitat-xarxes-socials\/","title":{"rendered":"Pol\u00edtica de privacitat xarxes socials"},"content":{"rendered":"\n<p>De conformitat amb all\u00f2 establert a la Llei 34\/2002, d&#8217;11 de juliol, de Serveis de la Societat de la Informaci\u00f3 i de Comer\u00e7 Electr\u00f2nic (LSSI-CE) i la normativa vigent i aplicable de protecci\u00f3 de dades de car\u00e0cter personal, l&#8217;empresa Responsable indicada a la pol\u00edtica de privadesa informa els usuaris que ha creat un perfil a la Xarxa Social Instagram, amb la finalitat de promocionar les seves instal\u00b7lacions, activitats i esdeveniments.<\/p>\n\n<p>L&#8217;usuari que disposa d&#8217;un perfil a la mateixa Xarxa Social i ha decidit unir-se a la p\u00e0gina creada pel Responsable mostra aix\u00ed inter\u00e8s en la informaci\u00f3 que es publiciti a la Xarxa. En unir-se a la nostra p\u00e0gina, ens facilita el seu consentiment per a la visualitzaci\u00f3 de aquelles dades personals publicades al seu perfil. L&#8217;usuari pot accedir en tot moment a les pol\u00edtiques de privadesa de la pr\u00f2pia Xarxa Social, aix\u00ed com configurar el seu perfil per garantir-ne la privadesa.<\/p>\n\n<p>En el cas de WhatsApp, us informem que \u00fanicament utilitzarem el vostre contacte per atendre la vostra sol\u00b7licitud d&#8217;informaci\u00f3 concreta, i exclusivament en el cas que ens contacteu primer mitjan\u00e7ant l&#8217;enlla\u00e7 incorporat a la web, que es representa amb el logotip de WhastApp .<\/p>\n\n<p>Per facilitar el coneixement a l&#8217;usuari, indiquem l&#8217;enlla\u00e7 a la pol\u00edtica de privadesa de la Xarxa Social:<\/p>\n\n<ul class=\"wp-block-list\">\n<li>Instagram: <a href=\"http:\/\/instagram.com\/about\/legal\/privacy\/\">http:\/\/instagram.com\/about\/legal\/privacy\/<\/a>\u00a0<\/li>\n\n\n\n<li>Facebook: <a href=\"https:\/\/www.facebook.com\/help\/323540651073243\/\">https:\/\/www.facebook.com\/help\/323540651073243\/<\/a>\u00a0<\/li>\n\n\n\n<li>TikTok: <a href=\"https:\/\/www.tiktok.com\/legal\/page\/eea\/privacy-policy\/es\">https:\/\/www.tiktok.com\/legal\/page\/eea\/privacy-policy\/es<\/a>\u00a0\u00a0<\/li>\n\n\n\n<li>WhatsApp: https:\/\/www.whatsapp.com\/legal\/privacy-policy?lang=ca\u00a0\u00a0<\/li>\n<\/ul>\n\n<p>Aix\u00ed mateix, qualsevol persona t\u00e9 dret a accedir, rectificar, limitar, oposar-se, portar i suprimir les seves dades. Trobareu m\u00e9s informaci\u00f3 sobre aquests drets i com exercir-los en la pol\u00edtica de privacitat d&#8217;aquest mateix web.<\/p>\n\n<p>El Responsable, a trav\u00e9s del seu perfil a l&#8217;esmentada xarxa social, realitzaran les actuacions seg\u00fcents:<\/p>\n\n<ul class=\"wp-block-list\">\n<li>Enviar missatges personals i individuals a trav\u00e9s dels canals de la Xarxa Social, sobretot en cas de contacte inicial per part de l\u2019usuari.<\/li>\n\n\n\n<li>Acc\u00e9s a la informaci\u00f3 p\u00fablica del perfil de l\u2019usuari.<\/li>\n\n\n\n<li>Actualitzacions de l&#8217;estat i realitzaci\u00f3 de publicacions a la p\u00e0gina del Responsable, que podreu apar\u00e8ixer al perfil de l&#8217;usuari.<\/li>\n<\/ul>\n\n<p>El Responsable hi t\u00e9 acc\u00e9s i tracta aquella informaci\u00f3 p\u00fablica de l&#8217;usuari. Aquestes dades nom\u00e9s s\u00f3n utilitzades dins de la pr\u00f2pia Xarxa Social. No s\u00f3n incorporats a cap sistema de tractament.<\/p>\n\n<p>L&#8217;usuari sempre pot controlar les connexions, eliminar els continguts que deixin d&#8217;interessar-li i restringir amb qui comparteix les connexions, per a aix\u00f2 haur\u00e0 d&#8217;accedir a la seva configuraci\u00f3 de privadesa.<\/p>\n","protected":false},"excerpt":{"rendered":"<p>De conformitat amb all\u00f2 establert a la Llei 34\/2002, d&#8217;11 de juliol, de Serveis de la Societat de la Informaci\u00f3 i de Comer\u00e7 Electr\u00f2nic (LSSI-CE) i la normativa vigent i aplicable de protecci\u00f3 de dades de car\u00e0cter personal, l&#8217;empresa Responsable indicada a la pol\u00edtica de privadesa informa els usuaris que ha creat un perfil a &hellip;<\/p>\n<p class=\"read-more\"> <a class=\"\" href=\"https:\/\/theessentialclinic.com\/ca\/politica-de-privacitat-xarxes-socials\/\"> <span class=\"screen-reader-text\">Pol\u00edtica de privacitat xarxes socials<\/span> Llegeix m\u00e9s &raquo;<\/a><\/p>\n","protected":false},"author":1,"featured_media":0,"parent":0,"menu_order":0,"comment_status":"closed","ping_status":"closed","template":"","meta":{"site-sidebar-layout":"default","site-content-layout":"","ast-site-content-layout":"","site-content-style":"default","site-sidebar-style":"default","ast-global-header-display":"","ast-banner-title-visibility":"","ast-main-header-display":"","ast-hfb-above-header-display":"","ast-hfb-below-header-display":"","ast-hfb-mobile-header-display":"","site-post-title":"","ast-breadcrumbs-content":"","ast-featured-img":"","footer-sml-layout":"","theme-transparent-header-meta":"","adv-header-id-meta":"","stick-header-meta":"","header-above-stick-meta":"","header-main-stick-meta":"","header-below-stick-meta":"","astra-migrate-meta-layouts":"","ast-page-background-enabled":"default","ast-page-background-meta":{"desktop":{"background-color":"","background-image":"","background-repeat":"repeat","background-position":"center center","background-size":"auto","background-attachment":"scroll","background-type":"","background-media":"","overlay-type":"","overlay-color":"","overlay-gradient":""},"tablet":{"background-color":"","background-image":"","background-repeat":"repeat","background-position":"center center","background-size":"auto","background-attachment":"scroll","background-type":"","background-media":"","overlay-type":"","overlay-color":"","overlay-gradient":""},"mobile":{"background-color":"","background-image":"","background-repeat":"repeat","background-position":"center center","background-size":"auto","background-attachment":"scroll","background-type":"","background-media":"","overlay-type":"","overlay-color":"","overlay-gradient":""}},"ast-content-background-meta":{"desktop":{"background-color":"var(--ast-global-color-5)","background-image":"","background-repeat":"repeat","background-position":"center center","background-size":"auto","background-attachment":"scroll","background-type":"","background-media":"","overlay-type":"","overlay-color":"","overlay-gradient":""},"tablet":{"background-color":"var(--ast-global-color-5)","background-image":"","background-repeat":"repeat","background-position":"center center","background-size":"auto","background-attachment":"scroll","background-type":"","background-media":"","overlay-type":"","overlay-color":"","overlay-gradient":""},"mobile":{"background-color":"var(--ast-global-color-5)","background-image":"","background-repeat":"repeat","background-position":"center center","background-size":"auto","background-attachment":"scroll","background-type":"","background-media":"","overlay-type":"","overlay-color":"","overlay-gradient":""}},"footnotes":""},"class_list":["post-39117","page","type-page","status-publish","hentry"],"yoast_head":"<!-- This site is optimized with the Yoast SEO plugin v21.6 - https:\/\/yoast.com\/wordpress\/plugins\/seo\/ -->\n<title>Pol\u00edtica de privacitat xarxes socials - The Essential Clinic<\/title>\n<meta name=\"robots\" content=\"index, follow, max-snippet:-1, max-image-preview:large, max-video-preview:-1\" \/>\n<link rel=\"canonical\" href=\"https:\/\/theessentialclinic.com\/ca\/politica-de-privacitat-xarxes-socials\/\" \/>\n<meta property=\"og:locale\" content=\"ca_ES\" \/>\n<meta property=\"og:type\" content=\"article\" \/>\n<meta property=\"og:title\" content=\"Pol\u00edtica de privacitat xarxes socials - The Essential Clinic\" \/>\n<meta property=\"og:description\" content=\"De conformitat amb all\u00f2 establert a la Llei 34\/2002, d&#8217;11 de juliol, de Serveis de la Societat de la Informaci\u00f3 i de Comer\u00e7 Electr\u00f2nic (LSSI-CE) i la normativa vigent i aplicable de protecci\u00f3 de dades de car\u00e0cter personal, l&#8217;empresa Responsable indicada a la pol\u00edtica de privadesa informa els usuaris que ha creat un perfil a &hellip; Pol\u00edtica de privacitat xarxes socials Llegeix m\u00e9s &raquo;\" \/>\n<meta property=\"og:url\" content=\"https:\/\/theessentialclinic.com\/ca\/politica-de-privacitat-xarxes-socials\/\" \/>\n<meta property=\"og:site_name\" content=\"The Essential Clinic\" \/>\n<meta property=\"article:modified_time\" content=\"2023-08-28T10:21:36+00:00\" \/>\n<meta name=\"twitter:card\" content=\"summary_large_image\" \/>\n<meta name=\"twitter:label1\" content=\"Temps estimat de lectura\" \/>\n\t<meta name=\"twitter:data1\" content=\"2 minuts\" \/>\n<script type=\"application\/ld+json\" class=\"yoast-schema-graph\">{\"@context\":\"https:\/\/schema.org\",\"@graph\":[{\"@type\":\"WebPage\",\"@id\":\"https:\/\/theessentialclinic.com\/ca\/politica-de-privacitat-xarxes-socials\/\",\"url\":\"https:\/\/theessentialclinic.com\/ca\/politica-de-privacitat-xarxes-socials\/\",\"name\":\"Pol\u00edtica de privacitat xarxes socials - The Essential Clinic\",\"isPartOf\":{\"@id\":\"https:\/\/theessentialclinic.com\/ca\/#website\"},\"datePublished\":\"2023-08-28T10:17:41+00:00\",\"dateModified\":\"2023-08-28T10:21:36+00:00\",\"breadcrumb\":{\"@id\":\"https:\/\/theessentialclinic.com\/ca\/politica-de-privacitat-xarxes-socials\/#breadcrumb\"},\"inLanguage\":\"ca\",\"potentialAction\":[{\"@type\":\"ReadAction\",\"target\":[\"https:\/\/theessentialclinic.com\/ca\/politica-de-privacitat-xarxes-socials\/\"]}]},{\"@type\":\"BreadcrumbList\",\"@id\":\"https:\/\/theessentialclinic.com\/ca\/politica-de-privacitat-xarxes-socials\/#breadcrumb\",\"itemListElement\":[{\"@type\":\"ListItem\",\"position\":1,\"name\":\"Accueil\",\"item\":\"https:\/\/theessentialclinic.com\/ca\/inici\/\"},{\"@type\":\"ListItem\",\"position\":2,\"name\":\"Pol\u00edtica de privacitat xarxes socials\"}]},{\"@type\":\"WebSite\",\"@id\":\"https:\/\/theessentialclinic.com\/ca\/#website\",\"url\":\"https:\/\/theessentialclinic.com\/ca\/\",\"name\":\"The Essential Clinic\",\"description\":\"Just another WordPress site\",\"publisher\":{\"@id\":\"https:\/\/theessentialclinic.com\/ca\/#organization\"},\"potentialAction\":[{\"@type\":\"SearchAction\",\"target\":{\"@type\":\"EntryPoint\",\"urlTemplate\":\"https:\/\/theessentialclinic.com\/ca\/?s={search_term_string}\"},\"query-input\":\"required name=search_term_string\"}],\"inLanguage\":\"ca\"},{\"@type\":\"Organization\",\"@id\":\"https:\/\/theessentialclinic.com\/ca\/#organization\",\"name\":\"The Essential Clinic\",\"url\":\"https:\/\/theessentialclinic.com\/ca\/\",\"logo\":{\"@type\":\"ImageObject\",\"inLanguage\":\"ca\",\"@id\":\"https:\/\/theessentialclinic.com\/ca\/#\/schema\/logo\/image\/\",\"url\":\"https:\/\/theessentialclinic.com\/wp-content\/uploads\/2022\/01\/logo_white.svg\",\"contentUrl\":\"https:\/\/theessentialclinic.com\/wp-content\/uploads\/2022\/01\/logo_white.svg\",\"width\":1080,\"height\":1080,\"caption\":\"The Essential Clinic\"},\"image\":{\"@id\":\"https:\/\/theessentialclinic.com\/ca\/#\/schema\/logo\/image\/\"}}]}<\/script>\n<!-- \/ Yoast SEO plugin. -->","yoast_head_json":{"title":"Pol\u00edtica de privacitat xarxes socials - The Essential Clinic","robots":{"index":"index","follow":"follow","max-snippet":"max-snippet:-1","max-image-preview":"max-image-preview:large","max-video-preview":"max-video-preview:-1"},"canonical":"https:\/\/theessentialclinic.com\/ca\/politica-de-privacitat-xarxes-socials\/","og_locale":"ca_ES","og_type":"article","og_title":"Pol\u00edtica de privacitat xarxes socials - The Essential Clinic","og_description":"De conformitat amb all\u00f2 establert a la Llei 34\/2002, d&#8217;11 de juliol, de Serveis de la Societat de la Informaci\u00f3 i de Comer\u00e7 Electr\u00f2nic (LSSI-CE) i la normativa vigent i aplicable de protecci\u00f3 de dades de car\u00e0cter personal, l&#8217;empresa Responsable indicada a la pol\u00edtica de privadesa informa els usuaris que ha creat un perfil a &hellip; Pol\u00edtica de privacitat xarxes socials Llegeix m\u00e9s &raquo;","og_url":"https:\/\/theessentialclinic.com\/ca\/politica-de-privacitat-xarxes-socials\/","og_site_name":"The Essential Clinic","article_modified_time":"2023-08-28T10:21:36+00:00","twitter_card":"summary_large_image","twitter_misc":{"Temps estimat de lectura":"2 minuts"},"schema":{"@context":"https:\/\/schema.org","@graph":[{"@type":"WebPage","@id":"https:\/\/theessentialclinic.com\/ca\/politica-de-privacitat-xarxes-socials\/","url":"https:\/\/theessentialclinic.com\/ca\/politica-de-privacitat-xarxes-socials\/","name":"Pol\u00edtica de privacitat xarxes socials - The Essential Clinic","isPartOf":{"@id":"https:\/\/theessentialclinic.com\/ca\/#website"},"datePublished":"2023-08-28T10:17:41+00:00","dateModified":"2023-08-28T10:21:36+00:00","breadcrumb":{"@id":"https:\/\/theessentialclinic.com\/ca\/politica-de-privacitat-xarxes-socials\/#breadcrumb"},"inLanguage":"ca","potentialAction":[{"@type":"ReadAction","target":["https:\/\/theessentialclinic.com\/ca\/politica-de-privacitat-xarxes-socials\/"]}]},{"@type":"BreadcrumbList","@id":"https:\/\/theessentialclinic.com\/ca\/politica-de-privacitat-xarxes-socials\/#breadcrumb","itemListElement":[{"@type":"ListItem","position":1,"name":"Accueil","item":"https:\/\/theessentialclinic.com\/ca\/inici\/"},{"@type":"ListItem","position":2,"name":"Pol\u00edtica de privacitat xarxes socials"}]},{"@type":"WebSite","@id":"https:\/\/theessentialclinic.com\/ca\/#website","url":"https:\/\/theessentialclinic.com\/ca\/","name":"The Essential Clinic","description":"Just another WordPress site","publisher":{"@id":"https:\/\/theessentialclinic.com\/ca\/#organization"},"potentialAction":[{"@type":"SearchAction","target":{"@type":"EntryPoint","urlTemplate":"https:\/\/theessentialclinic.com\/ca\/?s={search_term_string}"},"query-input":"required name=search_term_string"}],"inLanguage":"ca"},{"@type":"Organization","@id":"https:\/\/theessentialclinic.com\/ca\/#organization","name":"The Essential Clinic","url":"https:\/\/theessentialclinic.com\/ca\/","logo":{"@type":"ImageObject","inLanguage":"ca","@id":"https:\/\/theessentialclinic.com\/ca\/#\/schema\/logo\/image\/","url":"https:\/\/theessentialclinic.com\/wp-content\/uploads\/2022\/01\/logo_white.svg","contentUrl":"https:\/\/theessentialclinic.com\/wp-content\/uploads\/2022\/01\/logo_white.svg","width":1080,"height":1080,"caption":"The Essential Clinic"},"image":{"@id":"https:\/\/theessentialclinic.com\/ca\/#\/schema\/logo\/image\/"}}]}},"_links":{"self":[{"href":"https:\/\/theessentialclinic.com\/ca\/wp-json\/wp\/v2\/pages\/39117","targetHints":{"allow":["GET"]}}],"collection":[{"href":"https:\/\/theessentialclinic.com\/ca\/wp-json\/wp\/v2\/pages"}],"about":[{"href":"https:\/\/theessentialclinic.com\/ca\/wp-json\/wp\/v2\/types\/page"}],"author":[{"embeddable":true,"href":"https:\/\/theessentialclinic.com\/ca\/wp-json\/wp\/v2\/users\/1"}],"replies":[{"embeddable":true,"href":"https:\/\/theessentialclinic.com\/ca\/wp-json\/wp\/v2\/comments?post=39117"}],"version-history":[{"count":3,"href":"https:\/\/theessentialclinic.com\/ca\/wp-json\/wp\/v2\/pages\/39117\/revisions"}],"predecessor-version":[{"id":39120,"href":"https:\/\/theessentialclinic.com\/ca\/wp-json\/wp\/v2\/pages\/39117\/revisions\/39120"}],"wp:attachment":[{"href":"https:\/\/theessentialclinic.com\/ca\/wp-json\/wp\/v2\/media?parent=39117"}],"curies":[{"name":"wp","href":"https:\/\/api.w.org\/{rel}","templated":true}]}}