{"id":38182,"date":"2023-02-09T11:20:44","date_gmt":"2023-02-09T10:20:44","guid":{"rendered":"https:\/\/theessentialclinic.com\/condicions-de-venda\/"},"modified":"2023-02-20T11:42:02","modified_gmt":"2023-02-20T10:42:02","slug":"condicions-de-venda","status":"publish","type":"page","link":"https:\/\/theessentialclinic.com\/ca\/condicions-de-venda\/","title":{"rendered":"Condicions de venda"},"content":{"rendered":"\n<pre id=\"tw-target-text\" class=\"wp-block-preformatted\"> Condicions de venda<\/pre>\n\n\n\n<p id=\"giftcardcgv\"><strong>E-Giftcard Regulaci\u00f3 \u2013 The Essential Clinic<\/strong><\/p>\n\n\n\n<p><strong>Termes i Condicions<\/strong><\/p>\n\n\n\n<p><strong>TERMES I CONDICIONS E-GIFT CARD THE ESSENTIAL CLINIC <\/strong><strong>ACTUALITZADES FEBRER 2023<\/strong><\/p>\n\n\n\n<p>1. L&#8217;E-GIFT CARD es pot comprar a la botiga online www.theessentialclinic.com. \u00c9s una targeta no personal emesa i activada a la web, i que pot ser utilitzada per a futures compres o com a regal per a familiars o amics. Tots els articles comprats amb una targeta de regal no es reemborsaran en efectiu.<\/p>\n\n\n\n<p>2. L&#8217;E-GIFT CARD s&#8217;enviar\u00e0 per correu electr\u00f2nic al destinatari indicat pel comprador en el moment de fer la compra, i es pot utilitzar immediatament per comprar productes a la botiga on-line www.theessentialclinic.com oa les instal\u00b7lacions f\u00edsiques de The Essential Clinic ubicada a Rambla Catalunya 16, 2-2, Barcelona &#8211; Espanya, de conformitat amb les normes que figuren a continuaci\u00f3.<\/p>\n\n\n\n<p>3. CADUCITAT: L&#8217;E-GIFT CARD t\u00e9 data de caducitat de 6 mesos per ser utilitzada des del moment de la compra.<\/p>\n\n\n\n<p>4. El saldo inicial de l&#8217;E-GIFT CARD ser\u00e0 variable a decisi\u00f3 del consumidor, i haur\u00e0 de ser com a m\u00ednim de 100,00\u20ac, fins a un m\u00e0xim de 2.000\u20ac. El saldo existent a l&#8217;EGIFT CARD no es reemborsar\u00e0 ni canviar\u00e0 per diners.<\/p>\n\n\n\n<p>5. L&#8217;E-GIFT CARD \u00e9s estrictament per a \u00fas privat i amb prop\u00f2sit ali\u00e8 a l&#8217;activitat comercial, empresarial, ofici o professi\u00f3.<\/p>\n\n\n\n<p>6. No t\u00e9 costos dactivaci\u00f3 i no pot ser recarregada.<\/p>\n\n\n\n<p>7. S&#8217;activa online, mitjan\u00e7ant el pagament de la quantitat corresponent usant un dels m\u00e8todes de pagament acceptats al lloc web: (Targeta de cr\u00e8dit\/d\u00e8bit).<\/p>\n\n\n\n<p>8. En el moment de la compra, al client se li enviar\u00e0 una confirmaci\u00f3 de la mateixa per correu electr\u00f2nic, indicant la quantitat carregada a l&#8217;E-GIFT CARD i amb les condicions d&#8217;\u00fas de la targeta que pr\u00e8viament se us han informat i ha acceptat.<\/p>\n\n\n\n<p>9. L&#8217;E-GIFT CARD podr\u00e0 ser utilitzada (totalment o parcialment, en una o m\u00e9s ocasions fins a esgotar el saldo disponible):<\/p>\n\n\n\n<p>&#8211; On-line, a la p\u00e0gina web www.theessentialclinic.com.<\/p>\n\n\n\n<p>&#8211; A les instal\u00b7lacions f\u00edsiques de The Essential Clinic ubicada a Rambla Catalunya 16,<\/p>\n\n\n\n<p>&nbsp;&nbsp; 2-2, Barcelona \u2013 Espanya.<\/p>\n\n\n\n<p>10. A cada compra, l&#8217;import corresponent es deduir\u00e0 del cr\u00e8dit restant associat a l&#8217;E-GIFT CARD. El saldo disponible a l&#8217;E-GIFT CARD \u00e9s la difer\u00e8ncia entre el saldo disponible immediatament anterior a fer una compra i l&#8217;import utilitzat per al pagament d&#8217;aquesta compra. Si l&#8217;import de la compra \u00e9s superior al saldo disponible a l&#8217;E-GIFT CARD, la difer\u00e8ncia es podr\u00e0 pagar a trav\u00e9s de qualsevol forma de pagament acceptada a la Cl\u00ednica F\u00edsica de The Essential Clinic o online a www.theessentialclinic.com.<\/p>\n\n\n\n<p>11. El portador de l&#8217;E-GIFT CARD podr\u00e0 consultar el saldo i les transaccions d&#8217;est\u00e0 en qualsevol moment. Si el saldo de la targeta no \u00e9s esgotat, el client no tindr\u00e0 dret a obtenir reemborsament de cap tipus. El saldo de l&#8217;E-Gift Card no \u00e9s convertible en diners.<\/p>\n\n\n\n<p>12. L&#8217;E-GIFT CARD no es pot utilitzar per comprar altres E-GIFT CARD. L&#8217;import associat a l&#8217;E-GIFT CARD no merita interessos i no podr\u00e0 ser cedit a cap altra E-GIFT CARD de qualsevol tipus.<\/p>\n\n\n\n<p>13. L&#8217;E-GIFT CARD no ser\u00e0 acceptada si no s&#8217;ha activat o si s&#8217;ha alterat, manipulat o cont\u00e9 m\u00e9s indicacions que les indicacions preimpreses. No s&#8217;acceptaran addicions manuscrites.<\/p>\n\n\n\n<p>14. L&#8217;E-GIFT CARD s\u00f3n un mitj\u00e0 de pagament al portador. Si s&#8217;utilitza de forma inadequada, es perd o \u00e9s robada, no es pot reempla\u00e7ar o tornar. Us recomanem que el conserveu com si es tract\u00e9s de diners en efectiu. L&#8217;emissor declina tota responsabilitat per l&#8217;\u00fas indegut o fraudulent de les targetes de regal.<\/p>\n\n\n\n<p>15. Amb la compra i \u00fas de l&#8217;E-GIFT CARD, el consumidor accepta aquestes condicions, que figuren al lloc web www.theessentialclinic.com<\/p>\n\n\n\n<p>16. Aquesta empresa es reserva el dret de modificar els presents termes i condicions d&#8217;\u00fas de l&#8217;E-GIFT CARD sense efectes retroactius per als consumidors que hagin adquirit l&#8217;E-GIFT CARD abans de la modificaci\u00f3 esmentada. Els termes i condicions d&#8217;\u00fas de l&#8217;E-GIFT CARD aplicables seran els vigents i facilitats a la informaci\u00f3 precontractual en el moment d&#8217;adquirir l&#8217;E-GIFT CARD. Es considerar\u00e0 que l&#8217;adquisici\u00f3 comercial es produeix a la data de la recepci\u00f3 del correu electr\u00f2nic amb la targeta E-GIFT CARD.<\/p>\n\n\n\n<p>17. L&#8217;emissor es reserva el dret de verificar la utilitzaci\u00f3 correcta de l&#8217;E-GIFT CARD, i en el cas de violaci\u00f3 de la normativa, podr\u00e0 sol\u00b7licitar-ne la devoluci\u00f3 immediata. Els drets als serveis relacionats amb l&#8217;E-GIFT CARD seran suspesos immediatament en cas de mal \u00fas de l&#8217;E-GIFT CARD per part del titular.<\/p>\n\n\n\n<p>18. El consumidor o usuari podr\u00e0 exercir el dret de desistiment de la compra de la targeta regal E-GIFT CARD en el termini de 14 dies naturals despr\u00e9s de la compra duna targeta de regal sense necessitat dindicar el motiu. El c\u00f2mput del termini anterior s&#8217;iniciar\u00e0 el dia de la recepci\u00f3 de la targeta al correu electr\u00f2nic indicat pel consumidor o usuari.<\/p>\n\n\n\n<p>Per determinar lobservan\u00e7a del termini per desistir es tindr\u00e0 en compte la data dexpedici\u00f3 de la declaraci\u00f3 de desistiment. L&#8217;exercici del dret es podr\u00e0 fer mitjan\u00e7ant l&#8217;enviament de la declaraci\u00f3 inequ\u00edvoca de voler desistir a trav\u00e9s del formulari de devoluci\u00f3 (veure formulari de devoluci\u00f3) link formulari reclamaci\u00f3 o condicions. Link condicions \u00fas GIFT Card www.theessentialclinic.com\/egift-card.<\/p>\n\n\n\n<p>L&#8217;exercici del dret de desistiment no implicar\u00e0 cap despesa per al consumidor i usuari. Com a conseq\u00fc\u00e8ncia del dret de desistiment, les parts es restituiran rec\u00edprocament les prestacions realitzades. Al consumidor se li tornaran les sumes abonades sense retenci\u00f3 de despeses en un termini m\u00e0xim de 14 dies naturals des de la data en qu\u00e8 hagi estat informat de la decisi\u00f3 de desistiment del contracte pel consumidor i usuari.<\/p>\n\n\n\n<p>Tingues en compte que The Essential Clinic no est\u00e0 obligada a tornar l&#8217;import de la teva devoluci\u00f3 en efectiu, es realitzar\u00e0 la devoluci\u00f3 pel m\u00e8tode de pagament acceptat al lloc web oa les instal\u00b7lacions f\u00edsiques The Essential Clinic (Targeta de cr\u00e8dit\/d\u00e8bit).<\/p>\n\n\n\n<p>19. L&#8217;exercici del dret de desistiment per als productes conformes comprats mitjan\u00e7ant E-GIFT CARD a www.theessentialclinic.com comportar\u00e0 que l&#8217;import de la compra ser\u00e0 retornat mitjan\u00e7ant una targeta abonament o de devoluci\u00f3 que podr\u00e0 ser utilitzada pel consumidor per pagar futures compres a The Essential Clinic instal\u00b7lacions f\u00edsiques o online.<\/p>\n\n\n\n<p>20. Tractament de les dades personals: L&#8217;adquisici\u00f3 de l&#8217;E-GIFT CARD implica la comunicaci\u00f3 de la informaci\u00f3 personal de la persona que fa la compra, que ser\u00e0 tractada pel propietari de l&#8217;empresa de conformitat amb la legislaci\u00f3 vigent en mat\u00e8ria de protecci\u00f3 de dades de car\u00e0cter personal, com s&#8217;especifica a la informaci\u00f3 proporcionada a l&#8217;apartat \u201cPrivadesa\u201d.<\/p>\n\n\n\n<p>21. Les notificacions i\/o queixes sobre l&#8217;\u00fas de l&#8217;E-GIFT CARD, es poden enviar per correu electr\u00f2nic a info@theessentialcilnic.com.<\/p>\n\n\n\n<p>22. Qualsevol controv\u00e8rsia suscitada per l\u00fas de la targeta regal E-GIFT CARD es regir\u00e0 per la legislaci\u00f3 estatal vigent.<\/p>\n","protected":false},"excerpt":{"rendered":"<p>Condicions de venda E-Giftcard Regulaci\u00f3 \u2013 The Essential Clinic Termes i Condicions TERMES I CONDICIONS E-GIFT CARD THE ESSENTIAL CLINIC ACTUALITZADES FEBRER 2023 1. L&#8217;E-GIFT CARD es pot comprar a la botiga online www.theessentialclinic.com. \u00c9s una targeta no personal emesa i activada a la web, i que pot ser utilitzada per a futures compres o &hellip;<\/p>\n<p class=\"read-more\"> <a class=\"\" href=\"https:\/\/theessentialclinic.com\/ca\/condicions-de-venda\/\"> <span class=\"screen-reader-text\">Condicions de venda<\/span> Llegeix m\u00e9s &raquo;<\/a><\/p>\n","protected":false},"author":1,"featured_media":0,"parent":0,"menu_order":0,"comment_status":"closed","ping_status":"closed","template":"","meta":{"site-sidebar-layout":"default","site-content-layout":"","ast-site-content-layout":"","site-content-style":"default","site-sidebar-style":"default","ast-global-header-display":"","ast-banner-title-visibility":"","ast-main-header-display":"","ast-hfb-above-header-display":"","ast-hfb-below-header-display":"","ast-hfb-mobile-header-display":"","site-post-title":"","ast-breadcrumbs-content":"","ast-featured-img":"","footer-sml-layout":"","theme-transparent-header-meta":"","adv-header-id-meta":"","stick-header-meta":"","header-above-stick-meta":"","header-main-stick-meta":"","header-below-stick-meta":"","astra-migrate-meta-layouts":"","ast-page-background-enabled":"default","ast-page-background-meta":{"desktop":{"background-color":"","background-image":"","background-repeat":"repeat","background-position":"center center","background-size":"auto","background-attachment":"scroll","background-type":"","background-media":"","overlay-type":"","overlay-color":"","overlay-gradient":""},"tablet":{"background-color":"","background-image":"","background-repeat":"repeat","background-position":"center center","background-size":"auto","background-attachment":"scroll","background-type":"","background-media":"","overlay-type":"","overlay-color":"","overlay-gradient":""},"mobile":{"background-color":"","background-image":"","background-repeat":"repeat","background-position":"center center","background-size":"auto","background-attachment":"scroll","background-type":"","background-media":"","overlay-type":"","overlay-color":"","overlay-gradient":""}},"ast-content-background-meta":{"desktop":{"background-color":"var(--ast-global-color-5)","background-image":"","background-repeat":"repeat","background-position":"center center","background-size":"auto","background-attachment":"scroll","background-type":"","background-media":"","overlay-type":"","overlay-color":"","overlay-gradient":""},"tablet":{"background-color":"var(--ast-global-color-5)","background-image":"","background-repeat":"repeat","background-position":"center center","background-size":"auto","background-attachment":"scroll","background-type":"","background-media":"","overlay-type":"","overlay-color":"","overlay-gradient":""},"mobile":{"background-color":"var(--ast-global-color-5)","background-image":"","background-repeat":"repeat","background-position":"center center","background-size":"auto","background-attachment":"scroll","background-type":"","background-media":"","overlay-type":"","overlay-color":"","overlay-gradient":""}},"footnotes":""},"class_list":["post-38182","page","type-page","status-publish","hentry"],"yoast_head":"<!-- This site is optimized with the Yoast SEO plugin v21.6 - https:\/\/yoast.com\/wordpress\/plugins\/seo\/ -->\n<title>Condicions de venda - The Essential Clinic<\/title>\n<meta name=\"description\" content=\"Termes i condicions E-Gift card de The Essential Clinic, actualitzades al febrer de 2023. Si tens algun dubte, consulta amb nosaltres.\" \/>\n<meta name=\"robots\" content=\"index, follow, max-snippet:-1, max-image-preview:large, max-video-preview:-1\" \/>\n<link rel=\"canonical\" href=\"https:\/\/theessentialclinic.com\/ca\/condicions-de-venda\/\" \/>\n<meta property=\"og:locale\" content=\"ca_ES\" \/>\n<meta property=\"og:type\" content=\"article\" \/>\n<meta property=\"og:title\" content=\"Condicions de venda - The Essential Clinic\" \/>\n<meta property=\"og:description\" content=\"Termes i condicions E-Gift card de The Essential Clinic, actualitzades al febrer de 2023. Si tens algun dubte, consulta amb nosaltres.\" \/>\n<meta property=\"og:url\" content=\"https:\/\/theessentialclinic.com\/ca\/condicions-de-venda\/\" \/>\n<meta property=\"og:site_name\" content=\"The Essential Clinic\" \/>\n<meta property=\"article:modified_time\" content=\"2023-02-20T10:42:02+00:00\" \/>\n<meta name=\"twitter:card\" content=\"summary_large_image\" \/>\n<meta name=\"twitter:label1\" content=\"Temps estimat de lectura\" \/>\n\t<meta name=\"twitter:data1\" content=\"6 minuts\" \/>\n<script type=\"application\/ld+json\" class=\"yoast-schema-graph\">{\"@context\":\"https:\/\/schema.org\",\"@graph\":[{\"@type\":\"WebPage\",\"@id\":\"https:\/\/theessentialclinic.com\/ca\/condicions-de-venda\/\",\"url\":\"https:\/\/theessentialclinic.com\/ca\/condicions-de-venda\/\",\"name\":\"Condicions de venda - The Essential Clinic\",\"isPartOf\":{\"@id\":\"https:\/\/theessentialclinic.com\/ca\/#website\"},\"datePublished\":\"2023-02-09T10:20:44+00:00\",\"dateModified\":\"2023-02-20T10:42:02+00:00\",\"description\":\"Termes i condicions E-Gift card de The Essential Clinic, actualitzades al febrer de 2023. Si tens algun dubte, consulta amb nosaltres.\",\"breadcrumb\":{\"@id\":\"https:\/\/theessentialclinic.com\/ca\/condicions-de-venda\/#breadcrumb\"},\"inLanguage\":\"ca\",\"potentialAction\":[{\"@type\":\"ReadAction\",\"target\":[\"https:\/\/theessentialclinic.com\/ca\/condicions-de-venda\/\"]}]},{\"@type\":\"BreadcrumbList\",\"@id\":\"https:\/\/theessentialclinic.com\/ca\/condicions-de-venda\/#breadcrumb\",\"itemListElement\":[{\"@type\":\"ListItem\",\"position\":1,\"name\":\"Accueil\",\"item\":\"https:\/\/theessentialclinic.com\/ca\/inici\/\"},{\"@type\":\"ListItem\",\"position\":2,\"name\":\"Condicions de venda\"}]},{\"@type\":\"WebSite\",\"@id\":\"https:\/\/theessentialclinic.com\/ca\/#website\",\"url\":\"https:\/\/theessentialclinic.com\/ca\/\",\"name\":\"The Essential Clinic\",\"description\":\"Just another WordPress site\",\"publisher\":{\"@id\":\"https:\/\/theessentialclinic.com\/ca\/#organization\"},\"potentialAction\":[{\"@type\":\"SearchAction\",\"target\":{\"@type\":\"EntryPoint\",\"urlTemplate\":\"https:\/\/theessentialclinic.com\/ca\/?s={search_term_string}\"},\"query-input\":\"required name=search_term_string\"}],\"inLanguage\":\"ca\"},{\"@type\":\"Organization\",\"@id\":\"https:\/\/theessentialclinic.com\/ca\/#organization\",\"name\":\"The Essential Clinic\",\"url\":\"https:\/\/theessentialclinic.com\/ca\/\",\"logo\":{\"@type\":\"ImageObject\",\"inLanguage\":\"ca\",\"@id\":\"https:\/\/theessentialclinic.com\/ca\/#\/schema\/logo\/image\/\",\"url\":\"https:\/\/theessentialclinic.com\/wp-content\/uploads\/2022\/01\/logo_white.svg\",\"contentUrl\":\"https:\/\/theessentialclinic.com\/wp-content\/uploads\/2022\/01\/logo_white.svg\",\"width\":1080,\"height\":1080,\"caption\":\"The Essential Clinic\"},\"image\":{\"@id\":\"https:\/\/theessentialclinic.com\/ca\/#\/schema\/logo\/image\/\"}}]}<\/script>\n<!-- \/ Yoast SEO plugin. -->","yoast_head_json":{"title":"Condicions de venda - The Essential Clinic","description":"Termes i condicions E-Gift card de The Essential Clinic, actualitzades al febrer de 2023. Si tens algun dubte, consulta amb nosaltres.","robots":{"index":"index","follow":"follow","max-snippet":"max-snippet:-1","max-image-preview":"max-image-preview:large","max-video-preview":"max-video-preview:-1"},"canonical":"https:\/\/theessentialclinic.com\/ca\/condicions-de-venda\/","og_locale":"ca_ES","og_type":"article","og_title":"Condicions de venda - The Essential Clinic","og_description":"Termes i condicions E-Gift card de The Essential Clinic, actualitzades al febrer de 2023. Si tens algun dubte, consulta amb nosaltres.","og_url":"https:\/\/theessentialclinic.com\/ca\/condicions-de-venda\/","og_site_name":"The Essential Clinic","article_modified_time":"2023-02-20T10:42:02+00:00","twitter_card":"summary_large_image","twitter_misc":{"Temps estimat de lectura":"6 minuts"},"schema":{"@context":"https:\/\/schema.org","@graph":[{"@type":"WebPage","@id":"https:\/\/theessentialclinic.com\/ca\/condicions-de-venda\/","url":"https:\/\/theessentialclinic.com\/ca\/condicions-de-venda\/","name":"Condicions de venda - The Essential Clinic","isPartOf":{"@id":"https:\/\/theessentialclinic.com\/ca\/#website"},"datePublished":"2023-02-09T10:20:44+00:00","dateModified":"2023-02-20T10:42:02+00:00","description":"Termes i condicions E-Gift card de The Essential Clinic, actualitzades al febrer de 2023. Si tens algun dubte, consulta amb nosaltres.","breadcrumb":{"@id":"https:\/\/theessentialclinic.com\/ca\/condicions-de-venda\/#breadcrumb"},"inLanguage":"ca","potentialAction":[{"@type":"ReadAction","target":["https:\/\/theessentialclinic.com\/ca\/condicions-de-venda\/"]}]},{"@type":"BreadcrumbList","@id":"https:\/\/theessentialclinic.com\/ca\/condicions-de-venda\/#breadcrumb","itemListElement":[{"@type":"ListItem","position":1,"name":"Accueil","item":"https:\/\/theessentialclinic.com\/ca\/inici\/"},{"@type":"ListItem","position":2,"name":"Condicions de venda"}]},{"@type":"WebSite","@id":"https:\/\/theessentialclinic.com\/ca\/#website","url":"https:\/\/theessentialclinic.com\/ca\/","name":"The Essential Clinic","description":"Just another WordPress site","publisher":{"@id":"https:\/\/theessentialclinic.com\/ca\/#organization"},"potentialAction":[{"@type":"SearchAction","target":{"@type":"EntryPoint","urlTemplate":"https:\/\/theessentialclinic.com\/ca\/?s={search_term_string}"},"query-input":"required name=search_term_string"}],"inLanguage":"ca"},{"@type":"Organization","@id":"https:\/\/theessentialclinic.com\/ca\/#organization","name":"The Essential Clinic","url":"https:\/\/theessentialclinic.com\/ca\/","logo":{"@type":"ImageObject","inLanguage":"ca","@id":"https:\/\/theessentialclinic.com\/ca\/#\/schema\/logo\/image\/","url":"https:\/\/theessentialclinic.com\/wp-content\/uploads\/2022\/01\/logo_white.svg","contentUrl":"https:\/\/theessentialclinic.com\/wp-content\/uploads\/2022\/01\/logo_white.svg","width":1080,"height":1080,"caption":"The Essential Clinic"},"image":{"@id":"https:\/\/theessentialclinic.com\/ca\/#\/schema\/logo\/image\/"}}]}},"_links":{"self":[{"href":"https:\/\/theessentialclinic.com\/ca\/wp-json\/wp\/v2\/pages\/38182","targetHints":{"allow":["GET"]}}],"collection":[{"href":"https:\/\/theessentialclinic.com\/ca\/wp-json\/wp\/v2\/pages"}],"about":[{"href":"https:\/\/theessentialclinic.com\/ca\/wp-json\/wp\/v2\/types\/page"}],"author":[{"embeddable":true,"href":"https:\/\/theessentialclinic.com\/ca\/wp-json\/wp\/v2\/users\/1"}],"replies":[{"embeddable":true,"href":"https:\/\/theessentialclinic.com\/ca\/wp-json\/wp\/v2\/comments?post=38182"}],"version-history":[{"count":2,"href":"https:\/\/theessentialclinic.com\/ca\/wp-json\/wp\/v2\/pages\/38182\/revisions"}],"predecessor-version":[{"id":38528,"href":"https:\/\/theessentialclinic.com\/ca\/wp-json\/wp\/v2\/pages\/38182\/revisions\/38528"}],"wp:attachment":[{"href":"https:\/\/theessentialclinic.com\/ca\/wp-json\/wp\/v2\/media?parent=38182"}],"curies":[{"name":"wp","href":"https:\/\/api.w.org\/{rel}","templated":true}]}}