{"id":35360,"date":"2022-02-10T16:44:16","date_gmt":"2022-02-10T15:44:16","guid":{"rendered":"https:\/\/theessentialclinic.com\/tractaments\/terapia-led-capillar\/"},"modified":"2022-12-20T13:25:35","modified_gmt":"2022-12-20T12:25:35","slug":"terapia-led-capillar","status":"publish","type":"page","link":"https:\/\/theessentialclinic.com\/ca\/tractaments\/terapia-led-capillar\/","title":{"rendered":"Ter\u00e0pia led capil\u00b7lar"},"content":{"rendered":"\t\t<div data-elementor-type=\"section\" data-elementor-id=\"35376\" class=\"elementor elementor-35376 elementor-31305\" data-elementor-post-type=\"elementor_library\">\n\t\t\t\t\t<section class=\"elementor-section elementor-top-section elementor-element elementor-element-ed2ca2e elementor-section-boxed elementor-section-height-default elementor-section-height-default\" data-id=\"ed2ca2e\" data-element_type=\"section\" data-e-type=\"section\" id=\"mesoterapiacapilar\">\n\t\t\t\t\t\t<div class=\"elementor-container elementor-column-gap-default\">\n\t\t\t\t\t<div class=\"elementor-column elementor-col-100 elementor-top-column elementor-element elementor-element-199c7d56\" data-id=\"199c7d56\" data-element_type=\"column\" data-e-type=\"column\">\n\t\t\t<div class=\"elementor-widget-wrap elementor-element-populated\">\n\t\t\t\t\t\t<div class=\"elementor-element elementor-element-ba48682 uael-img-grid__column-4 uael-img-grid-tablet__column-3 uael-img-grid-mobile__column-2 uael-ins-normal elementor-widget elementor-widget-uael-image-gallery\" data-id=\"ba48682\" data-element_type=\"widget\" data-e-type=\"widget\" data-settings=\"{&quot;gallery_columns&quot;:&quot;4&quot;,&quot;gallery_columns_tablet&quot;:&quot;3&quot;,&quot;gallery_columns_mobile&quot;:&quot;2&quot;,&quot;column_gap&quot;:{&quot;unit&quot;:&quot;px&quot;,&quot;size&quot;:20,&quot;sizes&quot;:[]},&quot;column_gap_tablet&quot;:{&quot;unit&quot;:&quot;px&quot;,&quot;size&quot;:&quot;&quot;,&quot;sizes&quot;:[]},&quot;column_gap_mobile&quot;:{&quot;unit&quot;:&quot;px&quot;,&quot;size&quot;:&quot;&quot;,&quot;sizes&quot;:[]},&quot;row_gap&quot;:{&quot;unit&quot;:&quot;px&quot;,&quot;size&quot;:20,&quot;sizes&quot;:[]},&quot;row_gap_tablet&quot;:{&quot;unit&quot;:&quot;px&quot;,&quot;size&quot;:&quot;&quot;,&quot;sizes&quot;:[]},&quot;row_gap_mobile&quot;:{&quot;unit&quot;:&quot;px&quot;,&quot;size&quot;:&quot;&quot;,&quot;sizes&quot;:[]},&quot;images_valign&quot;:&quot;flex-start&quot;}\" data-widget_type=\"uael-image-gallery.default\">\n\t\t\t\t<div class=\"elementor-widget-container\">\n\t\t\t\t\t<div class=\"uael-gallery-parent uael-caption- uael-gallery-unjustified\"><div class=\"uael-img-gallery-wrap uael-img-grid-wrap uael-img-grid-masonry-wrap\" data-filter-default=\"All\"><div class=\"uael-grid-item  uael-img-gallery-item-1\"><div class=\"uael-grid-item-content\"><a class=\"uael-grid-img uael-grid-gallery-img uael-ins-hover elementor-clickable\" target=\"_blank\" rel=\"dofollow\" href=\"https:\/\/theessentialclinic.com\/wp-content\/uploads\/2022\/09\/LED-CAPILAR--scaled.jpg\" data-elementor-open-lightbox=\"no\"><div class=\"uael-grid-img-thumbnail uael-ins-target\"><img fetchpriority=\"high\" decoding=\"async\" width=\"257\" height=\"300\" src=\"https:\/\/theessentialclinic.com\/wp-content\/uploads\/2022\/09\/LED-CAPILAR--257x300.jpg\" class=\"attachment-medium size-medium wp-image-36365\" alt=\"Terapia LED capilar\" srcset=\"https:\/\/theessentialclinic.com\/wp-content\/uploads\/2022\/09\/LED-CAPILAR--257x300.jpg 257w, https:\/\/theessentialclinic.com\/wp-content\/uploads\/2022\/09\/LED-CAPILAR--877x1024.jpg 877w, https:\/\/theessentialclinic.com\/wp-content\/uploads\/2022\/09\/LED-CAPILAR--768x897.jpg 768w, https:\/\/theessentialclinic.com\/wp-content\/uploads\/2022\/09\/LED-CAPILAR--1315x1536.jpg 1315w, https:\/\/theessentialclinic.com\/wp-content\/uploads\/2022\/09\/LED-CAPILAR--1754x2048.jpg 1754w, https:\/\/theessentialclinic.com\/wp-content\/uploads\/2022\/09\/LED-CAPILAR--600x701.jpg 600w\" sizes=\"(max-width: 257px) 100vw, 257px\" \/><\/div><div class=\"uael-grid-img-overlay\"><\/div><\/a><\/div><\/div><div class=\"uael-grid-item  uael-img-gallery-item-2\"><div class=\"uael-grid-item-content\"><a class=\"uael-grid-img uael-grid-gallery-img uael-ins-hover elementor-clickable\" target=\"_blank\" rel=\"dofollow\" href=\"https:\/\/theessentialclinic.com\/wp-content\/uploads\/2022\/09\/TERAPIA-LED-.png\" data-elementor-open-lightbox=\"no\"><div class=\"uael-grid-img-thumbnail uael-ins-target\"><img decoding=\"async\" width=\"300\" height=\"117\" data-src=\"https:\/\/theessentialclinic.com\/wp-content\/uploads\/2022\/09\/TERAPIA-LED--300x117.png\" class=\"attachment-medium size-medium wp-image-36369 lazyload\" alt=\"Terapia LED\" data-srcset=\"https:\/\/theessentialclinic.com\/wp-content\/uploads\/2022\/09\/TERAPIA-LED--300x117.png 300w, https:\/\/theessentialclinic.com\/wp-content\/uploads\/2022\/09\/TERAPIA-LED--1024x400.png 1024w, https:\/\/theessentialclinic.com\/wp-content\/uploads\/2022\/09\/TERAPIA-LED--768x300.png 768w, https:\/\/theessentialclinic.com\/wp-content\/uploads\/2022\/09\/TERAPIA-LED--1536x599.png 1536w, https:\/\/theessentialclinic.com\/wp-content\/uploads\/2022\/09\/TERAPIA-LED--2048x799.png 2048w, https:\/\/theessentialclinic.com\/wp-content\/uploads\/2022\/09\/TERAPIA-LED--600x234.png 600w\" data-sizes=\"(max-width: 300px) 100vw, 300px\" src=\"data:image\/svg+xml;base64,PHN2ZyB3aWR0aD0iMSIgaGVpZ2h0PSIxIiB4bWxucz0iaHR0cDovL3d3dy53My5vcmcvMjAwMC9zdmciPjwvc3ZnPg==\" style=\"--smush-placeholder-width: 300px; --smush-placeholder-aspect-ratio: 300\/117;\" \/><\/div><div class=\"uael-grid-img-overlay\"><\/div><\/a><\/div><\/div><\/div><\/div>\t\t\t\t<\/div>\n\t\t\t\t<\/div>\n\t\t\t\t<div class=\"elementor-element elementor-element-64b96c64 elementor-widget elementor-widget-text-editor\" data-id=\"64b96c64\" data-element_type=\"widget\" data-e-type=\"widget\" data-widget_type=\"text-editor.default\">\n\t\t\t\t<div class=\"elementor-widget-container\">\n\t\t\t\t\t\t\t\t\t<p>Aquesta t\u00e8cnica nova consisteix a aplicar una llum led per estimular la producci\u00f3 d&#8217;energia de les c\u00e8l\u00b7lules que componen el cuir cabellut.<\/p>\n<p>La llum \u00e9s una energia que pot funcionar per reactivar les c\u00e8l\u00b7lules capil\u00b7lars. \u00c9s una tecnologia que utilitza impulsos electromagn\u00e8tics que provenen de la mateixa llum i que descontracturen el cuir cabellut permetent una irrigaci\u00f3 sangu\u00ednia molt millor i aix\u00ed generant el creixement de nou cabell de millor qualitat. La llum transmet oxigen a la sang i genera energia a cada c\u00e8l\u00b7lula del cabell.<\/p>\n<p>\u00c9s un tractament avan\u00e7at dins de la ter\u00e0pia capil\u00b7lar i est\u00e0 dissenyat tant per a homes i dones que tenen p\u00e8rdua dels cabells per malaltia, per medicaments o per motius hereditaris. A m\u00e9s, aquesta t\u00e8cnica ajuda a millorar els resultats despr\u00e9s de fer un empelt capil\u00b7lar. \u00c9s un procediment totalment indolor.<\/p>\n<p>\u00c9s important destacar que abans de sotmetre&#8217;s a aquesta t\u00e8cnica farem un diagn\u00f2stic previ.<\/p>\n\t\t\t\t\t\t\t\t<\/div>\n\t\t\t\t<\/div>\n\t\t\t\t\t<\/div>\n\t\t<\/div>\n\t\t\t\t\t<\/div>\n\t\t<\/section>\n\t\t\t\t<\/div>\n\t\t\n","protected":false},"excerpt":{"rendered":"","protected":false},"author":1,"featured_media":0,"parent":35258,"menu_order":0,"comment_status":"closed","ping_status":"closed","template":"","meta":{"site-sidebar-layout":"default","site-content-layout":"","ast-site-content-layout":"default","site-content-style":"default","site-sidebar-style":"default","ast-global-header-display":"","ast-banner-title-visibility":"","ast-main-header-display":"","ast-hfb-above-header-display":"","ast-hfb-below-header-display":"","ast-hfb-mobile-header-display":"","site-post-title":"","ast-breadcrumbs-content":"","ast-featured-img":"","footer-sml-layout":"","ast-disable-related-posts":"","theme-transparent-header-meta":"","adv-header-id-meta":"","stick-header-meta":"","header-above-stick-meta":"","header-main-stick-meta":"","header-below-stick-meta":"","astra-migrate-meta-layouts":"default","ast-page-background-enabled":"default","ast-page-background-meta":{"desktop":{"background-color":"","background-image":"","background-repeat":"repeat","background-position":"center center","background-size":"auto","background-attachment":"scroll","background-type":"","background-media":"","overlay-type":"","overlay-color":"","overlay-opacity":"","overlay-gradient":""},"tablet":{"background-color":"","background-image":"","background-repeat":"repeat","background-position":"center center","background-size":"auto","background-attachment":"scroll","background-type":"","background-media":"","overlay-type":"","overlay-color":"","overlay-opacity":"","overlay-gradient":""},"mobile":{"background-color":"","background-image":"","background-repeat":"repeat","background-position":"center center","background-size":"auto","background-attachment":"scroll","background-type":"","background-media":"","overlay-type":"","overlay-color":"","overlay-opacity":"","overlay-gradient":""}},"ast-content-background-meta":{"desktop":{"background-color":"var(--ast-global-color-5)","background-image":"","background-repeat":"repeat","background-position":"center center","background-size":"auto","background-attachment":"scroll","background-type":"","background-media":"","overlay-type":"","overlay-color":"","overlay-opacity":"","overlay-gradient":""},"tablet":{"background-color":"var(--ast-global-color-5)","background-image":"","background-repeat":"repeat","background-position":"center center","background-size":"auto","background-attachment":"scroll","background-type":"","background-media":"","overlay-type":"","overlay-color":"","overlay-opacity":"","overlay-gradient":""},"mobile":{"background-color":"var(--ast-global-color-5)","background-image":"","background-repeat":"repeat","background-position":"center center","background-size":"auto","background-attachment":"scroll","background-type":"","background-media":"","overlay-type":"","overlay-color":"","overlay-opacity":"","overlay-gradient":""}},"footnotes":""},"class_list":["post-35360","page","type-page","status-publish","hentry"],"yoast_head":"<!-- This site is optimized with the Yoast SEO plugin v27.4 - https:\/\/yoast.com\/product\/yoast-seo-wordpress\/ -->\n<title>Ter\u00e0pia led capil\u00b7lar - The Essential Clinic<\/title>\n<meta name=\"description\" content=\"La ter\u00e0pia LED capil\u00b7lar consisteix a aplicar una llum led per estimular la producci\u00f3 denergia de les c\u00e8l\u00b7lules del cuir cabellut.\" \/>\n<meta name=\"robots\" content=\"index, follow, max-snippet:-1, max-image-preview:large, max-video-preview:-1\" \/>\n<link rel=\"canonical\" href=\"https:\/\/theessentialclinic.com\/ca\/tractaments\/terapia-led-capillar\/\" \/>\n<meta property=\"og:locale\" content=\"ca_ES\" \/>\n<meta property=\"og:type\" content=\"article\" \/>\n<meta property=\"og:title\" content=\"Ter\u00e0pia led capil\u00b7lar - The Essential Clinic\" \/>\n<meta property=\"og:description\" content=\"La ter\u00e0pia LED capil\u00b7lar consisteix a aplicar una llum led per estimular la producci\u00f3 denergia de les c\u00e8l\u00b7lules del cuir cabellut.\" \/>\n<meta property=\"og:url\" content=\"https:\/\/theessentialclinic.com\/ca\/tractaments\/terapia-led-capillar\/\" \/>\n<meta property=\"og:site_name\" content=\"The Essential Clinic\" \/>\n<meta property=\"article:modified_time\" content=\"2022-12-20T12:25:35+00:00\" \/>\n<meta name=\"twitter:card\" content=\"summary_large_image\" \/>\n<script type=\"application\/ld+json\" class=\"yoast-schema-graph\">{\"@context\":\"https:\\\/\\\/schema.org\",\"@graph\":[{\"@type\":\"WebPage\",\"@id\":\"https:\\\/\\\/theessentialclinic.com\\\/ca\\\/tractaments\\\/terapia-led-capillar\\\/\",\"url\":\"https:\\\/\\\/theessentialclinic.com\\\/ca\\\/tractaments\\\/terapia-led-capillar\\\/\",\"name\":\"Ter\u00e0pia led capil\u00b7lar - The Essential Clinic\",\"isPartOf\":{\"@id\":\"https:\\\/\\\/theessentialclinic.com\\\/ca\\\/#website\"},\"datePublished\":\"2022-02-10T15:44:16+00:00\",\"dateModified\":\"2022-12-20T12:25:35+00:00\",\"description\":\"La ter\u00e0pia LED capil\u00b7lar consisteix a aplicar una llum led per estimular la producci\u00f3 denergia de les c\u00e8l\u00b7lules del cuir cabellut.\",\"breadcrumb\":{\"@id\":\"https:\\\/\\\/theessentialclinic.com\\\/ca\\\/tractaments\\\/terapia-led-capillar\\\/#breadcrumb\"},\"inLanguage\":\"ca\",\"potentialAction\":[{\"@type\":\"ReadAction\",\"target\":[\"https:\\\/\\\/theessentialclinic.com\\\/ca\\\/tractaments\\\/terapia-led-capillar\\\/\"]}]},{\"@type\":\"BreadcrumbList\",\"@id\":\"https:\\\/\\\/theessentialclinic.com\\\/ca\\\/tractaments\\\/terapia-led-capillar\\\/#breadcrumb\",\"itemListElement\":[{\"@type\":\"ListItem\",\"position\":1,\"name\":\"Accueil\",\"item\":\"https:\\\/\\\/theessentialclinic.com\\\/ca\\\/inici\\\/\"},{\"@type\":\"ListItem\",\"position\":2,\"name\":\"Tractaments\",\"item\":\"https:\\\/\\\/theessentialclinic.com\\\/ca\\\/tractaments\\\/\"},{\"@type\":\"ListItem\",\"position\":3,\"name\":\"Ter\u00e0pia led capil\u00b7lar\"}]},{\"@type\":\"WebSite\",\"@id\":\"https:\\\/\\\/theessentialclinic.com\\\/ca\\\/#website\",\"url\":\"https:\\\/\\\/theessentialclinic.com\\\/ca\\\/\",\"name\":\"The Essential Clinic\",\"description\":\"Just another WordPress site\",\"publisher\":{\"@id\":\"https:\\\/\\\/theessentialclinic.com\\\/ca\\\/#organization\"},\"potentialAction\":[{\"@type\":\"SearchAction\",\"target\":{\"@type\":\"EntryPoint\",\"urlTemplate\":\"https:\\\/\\\/theessentialclinic.com\\\/ca\\\/?s={search_term_string}\"},\"query-input\":{\"@type\":\"PropertyValueSpecification\",\"valueRequired\":true,\"valueName\":\"search_term_string\"}}],\"inLanguage\":\"ca\"},{\"@type\":\"Organization\",\"@id\":\"https:\\\/\\\/theessentialclinic.com\\\/ca\\\/#organization\",\"name\":\"The Essential Clinic\",\"url\":\"https:\\\/\\\/theessentialclinic.com\\\/ca\\\/\",\"logo\":{\"@type\":\"ImageObject\",\"inLanguage\":\"ca\",\"@id\":\"https:\\\/\\\/theessentialclinic.com\\\/ca\\\/#\\\/schema\\\/logo\\\/image\\\/\",\"url\":\"https:\\\/\\\/theessentialclinic.com\\\/wp-content\\\/uploads\\\/2022\\\/01\\\/logo_white.svg\",\"contentUrl\":\"https:\\\/\\\/theessentialclinic.com\\\/wp-content\\\/uploads\\\/2022\\\/01\\\/logo_white.svg\",\"width\":1080,\"height\":1080,\"caption\":\"The Essential Clinic\"},\"image\":{\"@id\":\"https:\\\/\\\/theessentialclinic.com\\\/ca\\\/#\\\/schema\\\/logo\\\/image\\\/\"}}]}<\/script>\n<!-- \/ Yoast SEO plugin. -->","yoast_head_json":{"title":"Ter\u00e0pia led capil\u00b7lar - The Essential Clinic","description":"La ter\u00e0pia LED capil\u00b7lar consisteix a aplicar una llum led per estimular la producci\u00f3 denergia de les c\u00e8l\u00b7lules del cuir cabellut.","robots":{"index":"index","follow":"follow","max-snippet":"max-snippet:-1","max-image-preview":"max-image-preview:large","max-video-preview":"max-video-preview:-1"},"canonical":"https:\/\/theessentialclinic.com\/ca\/tractaments\/terapia-led-capillar\/","og_locale":"ca_ES","og_type":"article","og_title":"Ter\u00e0pia led capil\u00b7lar - The Essential Clinic","og_description":"La ter\u00e0pia LED capil\u00b7lar consisteix a aplicar una llum led per estimular la producci\u00f3 denergia de les c\u00e8l\u00b7lules del cuir cabellut.","og_url":"https:\/\/theessentialclinic.com\/ca\/tractaments\/terapia-led-capillar\/","og_site_name":"The Essential Clinic","article_modified_time":"2022-12-20T12:25:35+00:00","twitter_card":"summary_large_image","schema":{"@context":"https:\/\/schema.org","@graph":[{"@type":"WebPage","@id":"https:\/\/theessentialclinic.com\/ca\/tractaments\/terapia-led-capillar\/","url":"https:\/\/theessentialclinic.com\/ca\/tractaments\/terapia-led-capillar\/","name":"Ter\u00e0pia led capil\u00b7lar - The Essential Clinic","isPartOf":{"@id":"https:\/\/theessentialclinic.com\/ca\/#website"},"datePublished":"2022-02-10T15:44:16+00:00","dateModified":"2022-12-20T12:25:35+00:00","description":"La ter\u00e0pia LED capil\u00b7lar consisteix a aplicar una llum led per estimular la producci\u00f3 denergia de les c\u00e8l\u00b7lules del cuir cabellut.","breadcrumb":{"@id":"https:\/\/theessentialclinic.com\/ca\/tractaments\/terapia-led-capillar\/#breadcrumb"},"inLanguage":"ca","potentialAction":[{"@type":"ReadAction","target":["https:\/\/theessentialclinic.com\/ca\/tractaments\/terapia-led-capillar\/"]}]},{"@type":"BreadcrumbList","@id":"https:\/\/theessentialclinic.com\/ca\/tractaments\/terapia-led-capillar\/#breadcrumb","itemListElement":[{"@type":"ListItem","position":1,"name":"Accueil","item":"https:\/\/theessentialclinic.com\/ca\/inici\/"},{"@type":"ListItem","position":2,"name":"Tractaments","item":"https:\/\/theessentialclinic.com\/ca\/tractaments\/"},{"@type":"ListItem","position":3,"name":"Ter\u00e0pia led capil\u00b7lar"}]},{"@type":"WebSite","@id":"https:\/\/theessentialclinic.com\/ca\/#website","url":"https:\/\/theessentialclinic.com\/ca\/","name":"The Essential Clinic","description":"Just another WordPress site","publisher":{"@id":"https:\/\/theessentialclinic.com\/ca\/#organization"},"potentialAction":[{"@type":"SearchAction","target":{"@type":"EntryPoint","urlTemplate":"https:\/\/theessentialclinic.com\/ca\/?s={search_term_string}"},"query-input":{"@type":"PropertyValueSpecification","valueRequired":true,"valueName":"search_term_string"}}],"inLanguage":"ca"},{"@type":"Organization","@id":"https:\/\/theessentialclinic.com\/ca\/#organization","name":"The Essential Clinic","url":"https:\/\/theessentialclinic.com\/ca\/","logo":{"@type":"ImageObject","inLanguage":"ca","@id":"https:\/\/theessentialclinic.com\/ca\/#\/schema\/logo\/image\/","url":"https:\/\/theessentialclinic.com\/wp-content\/uploads\/2022\/01\/logo_white.svg","contentUrl":"https:\/\/theessentialclinic.com\/wp-content\/uploads\/2022\/01\/logo_white.svg","width":1080,"height":1080,"caption":"The Essential Clinic"},"image":{"@id":"https:\/\/theessentialclinic.com\/ca\/#\/schema\/logo\/image\/"}}]}},"_links":{"self":[{"href":"https:\/\/theessentialclinic.com\/ca\/wp-json\/wp\/v2\/pages\/35360","targetHints":{"allow":["GET"]}}],"collection":[{"href":"https:\/\/theessentialclinic.com\/ca\/wp-json\/wp\/v2\/pages"}],"about":[{"href":"https:\/\/theessentialclinic.com\/ca\/wp-json\/wp\/v2\/types\/page"}],"author":[{"embeddable":true,"href":"https:\/\/theessentialclinic.com\/ca\/wp-json\/wp\/v2\/users\/1"}],"replies":[{"embeddable":true,"href":"https:\/\/theessentialclinic.com\/ca\/wp-json\/wp\/v2\/comments?post=35360"}],"version-history":[{"count":1,"href":"https:\/\/theessentialclinic.com\/ca\/wp-json\/wp\/v2\/pages\/35360\/revisions"}],"predecessor-version":[{"id":35361,"href":"https:\/\/theessentialclinic.com\/ca\/wp-json\/wp\/v2\/pages\/35360\/revisions\/35361"}],"up":[{"embeddable":true,"href":"https:\/\/theessentialclinic.com\/ca\/wp-json\/wp\/v2\/pages\/35258"}],"wp:attachment":[{"href":"https:\/\/theessentialclinic.com\/ca\/wp-json\/wp\/v2\/media?parent=35360"}],"curies":[{"name":"wp","href":"https:\/\/api.w.org\/{rel}","templated":true}]}}