{"id":35358,"date":"2022-02-15T11:10:09","date_gmt":"2022-02-15T10:10:09","guid":{"rendered":"https:\/\/theessentialclinic.com\/tractaments\/sudoracio-excessiva-hiperhidrosi\/"},"modified":"2022-12-20T13:22:39","modified_gmt":"2022-12-20T12:22:39","slug":"sudoracio-excessiva-hiperhidrosi","status":"publish","type":"page","link":"https:\/\/theessentialclinic.com\/ca\/tractaments\/sudoracio-excessiva-hiperhidrosi\/","title":{"rendered":"Sudoraci\u00f3 excessiva-hiperhidrosi"},"content":{"rendered":"\t\t<div data-elementor-type=\"section\" data-elementor-id=\"35466\" class=\"elementor elementor-35466 elementor-29809\" data-elementor-post-type=\"elementor_library\">\n\t\t\t\t\t\t\t\t<section class=\"elementor-section elementor-top-section elementor-element elementor-element-7c6f01a elementor-section-boxed elementor-section-height-default elementor-section-height-default\" data-id=\"7c6f01a\" data-element_type=\"section\">\n\t\t\t\t\t\t<div class=\"elementor-container elementor-column-gap-default\">\n\t\t\t\t\t<div class=\"elementor-column elementor-col-100 elementor-top-column elementor-element elementor-element-5e8f001\" data-id=\"5e8f001\" data-element_type=\"column\">\n\t\t\t<div class=\"elementor-widget-wrap elementor-element-populated\">\n\t\t\t\t\t\t\t\t<div class=\"elementor-element elementor-element-6ccd57b elementor-widget elementor-widget-text-editor\" data-id=\"6ccd57b\" data-element_type=\"widget\" data-widget_type=\"text-editor.default\">\n\t\t\t\t<div class=\"elementor-widget-container\">\n\t\t\t\t\t\t\t<p>La hiperhidrosi o exc\u00e9s de sudoraci\u00f3 a les aixelles i mans, \u00e9s un tractament simple i efectiu. El tractament es fa mitjan\u00e7ant la infiltraci\u00f3 d&#8217;un medicament Neuromodulador a la zona a tractar.<\/p>\n\t\t\t\t\t\t<\/div>\n\t\t\t\t<\/div>\n\t\t\t\t<div class=\"elementor-element elementor-element-43896a2 elementor-widget elementor-widget-gallery\" data-id=\"43896a2\" data-element_type=\"widget\" data-settings=\"{&quot;lazyload&quot;:&quot;yes&quot;,&quot;gallery_layout&quot;:&quot;grid&quot;,&quot;columns&quot;:4,&quot;columns_tablet&quot;:2,&quot;columns_mobile&quot;:1,&quot;gap&quot;:{&quot;unit&quot;:&quot;px&quot;,&quot;size&quot;:10,&quot;sizes&quot;:[]},&quot;gap_tablet&quot;:{&quot;unit&quot;:&quot;px&quot;,&quot;size&quot;:10,&quot;sizes&quot;:[]},&quot;gap_mobile&quot;:{&quot;unit&quot;:&quot;px&quot;,&quot;size&quot;:10,&quot;sizes&quot;:[]},&quot;link_to&quot;:&quot;file&quot;,&quot;aspect_ratio&quot;:&quot;3:2&quot;,&quot;overlay_background&quot;:&quot;yes&quot;,&quot;content_hover_animation&quot;:&quot;fade-in&quot;}\" data-widget_type=\"gallery.default\">\n\t\t\t\t<div class=\"elementor-widget-container\">\n\t\t\t\t\t<div class=\"elementor-gallery__container\">\n\t\t\t\t\t\t\t<a class=\"e-gallery-item elementor-gallery-item elementor-animated-content\" href=\"https:\/\/theessentialclinic.com\/wp-content\/uploads\/2022\/03\/SUDORACION-EXCESIVA-HIPERDROSIS-PIES.jpg\" data-elementor-open-lightbox=\"yes\" data-elementor-lightbox-slideshow=\"43896a2\" data-elementor-lightbox-title=\"SUDORACI\u00d3N EXCESIVA-HIPERDROSIS PIES\" data-e-action-hash=\"#elementor-action%3Aaction%3Dlightbox%26settings%3DeyJpZCI6MzQ3MjUsInVybCI6Imh0dHBzOlwvXC90aGVlc3NlbnRpYWxjbGluaWMuY29tXC93cC1jb250ZW50XC91cGxvYWRzXC8yMDIyXC8wM1wvU1VET1JBQ0lPTi1FWENFU0lWQS1ISVBFUkRST1NJUy1QSUVTLmpwZyIsInNsaWRlc2hvdyI6IjQzODk2YTIifQ%3D%3D\">\n\t\t\t\t\t<div class=\"e-gallery-image elementor-gallery-item__image\" data-thumbnail=\"https:\/\/theessentialclinic.com\/wp-content\/uploads\/2022\/03\/SUDORACION-EXCESIVA-HIPERDROSIS-PIES-230x300.jpg\" data-width=\"230\" data-height=\"300\" aria-label=\"Sudoraci\u00f3n excesiva Hiperhidrosis pies\" role=\"img\" ><\/div>\n\t\t\t\t\t\t\t\t\t\t\t<div class=\"elementor-gallery-item__overlay\"><\/div>\n\t\t\t\t\t\t\t\t\t\t\t\t\t\t<\/a>\n\t\t\t\t\t\t\t<a class=\"e-gallery-item elementor-gallery-item elementor-animated-content\" href=\"https:\/\/theessentialclinic.com\/wp-content\/uploads\/2022\/03\/SUDORACION-EXCESIVA-HIPERHIDROSIS-AXILAR-2.jpg\" data-elementor-open-lightbox=\"yes\" data-elementor-lightbox-slideshow=\"43896a2\" data-elementor-lightbox-title=\"SUDORACI\u00d3N EXCESIVA-HIPERHIDROSIS AXILAR 2\" data-e-action-hash=\"#elementor-action%3Aaction%3Dlightbox%26settings%3DeyJpZCI6MzQ3MjgsInVybCI6Imh0dHBzOlwvXC90aGVlc3NlbnRpYWxjbGluaWMuY29tXC93cC1jb250ZW50XC91cGxvYWRzXC8yMDIyXC8wM1wvU1VET1JBQ0lPTi1FWENFU0lWQS1ISVBFUkhJRFJPU0lTLUFYSUxBUi0yLmpwZyIsInNsaWRlc2hvdyI6IjQzODk2YTIifQ%3D%3D\">\n\t\t\t\t\t<div class=\"e-gallery-image elementor-gallery-item__image\" data-thumbnail=\"https:\/\/theessentialclinic.com\/wp-content\/uploads\/2022\/03\/SUDORACION-EXCESIVA-HIPERHIDROSIS-AXILAR-2-300x169.jpg\" data-width=\"300\" data-height=\"169\" aria-label=\"Sudoraci\u00f3n excesiva Hiperhidrosis axilas\" role=\"img\" ><\/div>\n\t\t\t\t\t\t\t\t\t\t\t<div class=\"elementor-gallery-item__overlay\"><\/div>\n\t\t\t\t\t\t\t\t\t\t\t\t\t\t<\/a>\n\t\t\t\t\t\t\t<a class=\"e-gallery-item elementor-gallery-item elementor-animated-content\" href=\"https:\/\/theessentialclinic.com\/wp-content\/uploads\/2022\/03\/SUDORACION-EXCESIVA-HIPERHIDROSIS-AXILAR.webp\" data-elementor-open-lightbox=\"yes\" data-elementor-lightbox-slideshow=\"43896a2\" data-elementor-lightbox-title=\"SUDORACI\u00d3N EXCESIVA-HIPERHIDROSIS AXILAR\" data-e-action-hash=\"#elementor-action%3Aaction%3Dlightbox%26settings%3DeyJpZCI6MzQ3MzEsInVybCI6Imh0dHBzOlwvXC90aGVlc3NlbnRpYWxjbGluaWMuY29tXC93cC1jb250ZW50XC91cGxvYWRzXC8yMDIyXC8wM1wvU1VET1JBQ0lPTi1FWENFU0lWQS1ISVBFUkhJRFJPU0lTLUFYSUxBUi53ZWJwIiwic2xpZGVzaG93IjoiNDM4OTZhMiJ9\">\n\t\t\t\t\t<div class=\"e-gallery-image elementor-gallery-item__image\" data-thumbnail=\"https:\/\/theessentialclinic.com\/wp-content\/uploads\/2022\/03\/SUDORACION-EXCESIVA-HIPERHIDROSIS-AXILAR-300x169.webp\" data-width=\"300\" data-height=\"169\" aria-label=\"Sudoraci\u00f3n excesiva Hiperhidrosis axilas\" role=\"img\" ><\/div>\n\t\t\t\t\t\t\t\t\t\t\t<div class=\"elementor-gallery-item__overlay\"><\/div>\n\t\t\t\t\t\t\t\t\t\t\t\t\t\t<\/a>\n\t\t\t\t\t\t\t<a class=\"e-gallery-item elementor-gallery-item elementor-animated-content\" href=\"https:\/\/theessentialclinic.com\/wp-content\/uploads\/2022\/03\/SUDORACION-EXCESIVA-HIPERHIDROSIS-MANOS.jpg\" data-elementor-open-lightbox=\"yes\" data-elementor-lightbox-slideshow=\"43896a2\" data-elementor-lightbox-title=\"SUDORACI\u00d3N EXCESIVA-HIPERHIDROSIS MANOS\" data-e-action-hash=\"#elementor-action%3Aaction%3Dlightbox%26settings%3DeyJpZCI6MzQ3MzQsInVybCI6Imh0dHBzOlwvXC90aGVlc3NlbnRpYWxjbGluaWMuY29tXC93cC1jb250ZW50XC91cGxvYWRzXC8yMDIyXC8wM1wvU1VET1JBQ0lPTi1FWENFU0lWQS1ISVBFUkhJRFJPU0lTLU1BTk9TLmpwZyIsInNsaWRlc2hvdyI6IjQzODk2YTIifQ%3D%3D\">\n\t\t\t\t\t<div class=\"e-gallery-image elementor-gallery-item__image\" data-thumbnail=\"https:\/\/theessentialclinic.com\/wp-content\/uploads\/2022\/03\/SUDORACION-EXCESIVA-HIPERHIDROSIS-MANOS-300x210.jpg\" data-width=\"300\" data-height=\"210\" aria-label=\"Sudoraci\u00f3n excesiva Hiperhidrosis manos\" role=\"img\" ><\/div>\n\t\t\t\t\t\t\t\t\t\t\t<div class=\"elementor-gallery-item__overlay\"><\/div>\n\t\t\t\t\t\t\t\t\t\t\t\t\t\t<\/a>\n\t\t\t\t\t<\/div>\n\t\t\t<\/div>\n\t\t\t\t<\/div>\n\t\t\t\t\t<\/div>\n\t\t<\/div>\n\t\t\t\t\t\t\t<\/div>\n\t\t<\/section>\n\t\t\t\t<section class=\"elementor-section elementor-top-section elementor-element elementor-element-a8dac82 elementor-section-boxed elementor-section-height-default elementor-section-height-default\" data-id=\"a8dac82\" data-element_type=\"section\">\n\t\t\t\t\t\t<div class=\"elementor-container elementor-column-gap-default\">\n\t\t\t\t\t<div class=\"elementor-column elementor-col-100 elementor-top-column elementor-element elementor-element-a008722\" data-id=\"a008722\" data-element_type=\"column\">\n\t\t\t<div class=\"elementor-widget-wrap elementor-element-populated\">\n\t\t\t\t\t\t\t\t<div class=\"elementor-element elementor-element-2b76d03 elementor-widget elementor-widget-accordion\" data-id=\"2b76d03\" data-element_type=\"widget\" data-widget_type=\"accordion.default\">\n\t\t\t\t<div class=\"elementor-widget-container\">\n\t\t\t\t\t<div class=\"elementor-accordion\">\n\t\t\t\t\t\t\t<div class=\"elementor-accordion-item\">\n\t\t\t\t\t<div id=\"elementor-tab-title-4551\" class=\"elementor-tab-title\" data-tab=\"1\" role=\"button\" aria-controls=\"elementor-tab-content-4551\" aria-expanded=\"false\">\n\t\t\t\t\t\t\t\t\t\t\t\t\t<span class=\"elementor-accordion-icon elementor-accordion-icon-left\" aria-hidden=\"true\">\n\t\t\t\t\t\t\t\t\t\t\t\t\t\t\t<span class=\"elementor-accordion-icon-closed\"><i class=\"fas fa-angle-right\"><\/i><\/span>\n\t\t\t\t\t\t\t\t<span class=\"elementor-accordion-icon-opened\"><i class=\"fas fa-angle-up\"><\/i><\/span>\n\t\t\t\t\t\t\t\t\t\t\t\t\t\t<\/span>\n\t\t\t\t\t\t\t\t\t\t\t\t<a class=\"elementor-accordion-title\" tabindex=\"0\">Quant de temps dura el procediment?<\/a>\n\t\t\t\t\t<\/div>\n\t\t\t\t\t<div id=\"elementor-tab-content-4551\" class=\"elementor-tab-content elementor-clearfix\" data-tab=\"1\" role=\"region\" aria-labelledby=\"elementor-tab-title-4551\"><p>Entre 15 i 30 minuts. Es fa en una sola sessi\u00f3.<\/p>\n<\/div>\n\t\t\t\t<\/div>\n\t\t\t\t\t\t\t<div class=\"elementor-accordion-item\">\n\t\t\t\t\t<div id=\"elementor-tab-title-4552\" class=\"elementor-tab-title\" data-tab=\"2\" role=\"button\" aria-controls=\"elementor-tab-content-4552\" aria-expanded=\"false\">\n\t\t\t\t\t\t\t\t\t\t\t\t\t<span class=\"elementor-accordion-icon elementor-accordion-icon-left\" aria-hidden=\"true\">\n\t\t\t\t\t\t\t\t\t\t\t\t\t\t\t<span class=\"elementor-accordion-icon-closed\"><i class=\"fas fa-angle-right\"><\/i><\/span>\n\t\t\t\t\t\t\t\t<span class=\"elementor-accordion-icon-opened\"><i class=\"fas fa-angle-up\"><\/i><\/span>\n\t\t\t\t\t\t\t\t\t\t\t\t\t\t<\/span>\n\t\t\t\t\t\t\t\t\t\t\t\t<a class=\"elementor-accordion-title\" tabindex=\"0\">El procediment \u00e9s dolor\u00f3s o hi ha mol\u00e8stia?<\/a>\n\t\t\t\t\t<\/div>\n\t\t\t\t\t<div id=\"elementor-tab-content-4552\" class=\"elementor-tab-content elementor-clearfix\" data-tab=\"2\" role=\"region\" aria-labelledby=\"elementor-tab-title-4552\"><p>Lleu mol\u00e8stia. Es tolera molt b\u00e9.<\/p>\n<\/div>\n\t\t\t\t<\/div>\n\t\t\t\t\t\t\t<div class=\"elementor-accordion-item\">\n\t\t\t\t\t<div id=\"elementor-tab-title-4553\" class=\"elementor-tab-title\" data-tab=\"3\" role=\"button\" aria-controls=\"elementor-tab-content-4553\" aria-expanded=\"false\">\n\t\t\t\t\t\t\t\t\t\t\t\t\t<span class=\"elementor-accordion-icon elementor-accordion-icon-left\" aria-hidden=\"true\">\n\t\t\t\t\t\t\t\t\t\t\t\t\t\t\t<span class=\"elementor-accordion-icon-closed\"><i class=\"fas fa-angle-right\"><\/i><\/span>\n\t\t\t\t\t\t\t\t<span class=\"elementor-accordion-icon-opened\"><i class=\"fas fa-angle-up\"><\/i><\/span>\n\t\t\t\t\t\t\t\t\t\t\t\t\t\t<\/span>\n\t\t\t\t\t\t\t\t\t\t\t\t<a class=\"elementor-accordion-title\" tabindex=\"0\">Quan veig els efectes?<\/a>\n\t\t\t\t\t<\/div>\n\t\t\t\t\t<div id=\"elementor-tab-content-4553\" class=\"elementor-tab-content elementor-clearfix\" data-tab=\"3\" role=\"region\" aria-labelledby=\"elementor-tab-title-4553\"><p>Entre els 3 i els 10 dies posteriors a la infiltraci\u00f3.<\/p>\n<\/div>\n\t\t\t\t<\/div>\n\t\t\t\t\t\t\t<div class=\"elementor-accordion-item\">\n\t\t\t\t\t<div id=\"elementor-tab-title-4554\" class=\"elementor-tab-title\" data-tab=\"4\" role=\"button\" aria-controls=\"elementor-tab-content-4554\" aria-expanded=\"false\">\n\t\t\t\t\t\t\t\t\t\t\t\t\t<span class=\"elementor-accordion-icon elementor-accordion-icon-left\" aria-hidden=\"true\">\n\t\t\t\t\t\t\t\t\t\t\t\t\t\t\t<span class=\"elementor-accordion-icon-closed\"><i class=\"fas fa-angle-right\"><\/i><\/span>\n\t\t\t\t\t\t\t\t<span class=\"elementor-accordion-icon-opened\"><i class=\"fas fa-angle-up\"><\/i><\/span>\n\t\t\t\t\t\t\t\t\t\t\t\t\t\t<\/span>\n\t\t\t\t\t\t\t\t\t\t\t\t<a class=\"elementor-accordion-title\" tabindex=\"0\">Quan duren els efectes?<\/a>\n\t\t\t\t\t<\/div>\n\t\t\t\t\t<div id=\"elementor-tab-content-4554\" class=\"elementor-tab-content elementor-clearfix\" data-tab=\"4\" role=\"region\" aria-labelledby=\"elementor-tab-title-4554\"><p>Els efectes solen durar entre 6 i 8 mesos aproximadament.<\/p>\n<\/div>\n\t\t\t\t<\/div>\n\t\t\t\t\t\t\t<div class=\"elementor-accordion-item\">\n\t\t\t\t\t<div id=\"elementor-tab-title-4555\" class=\"elementor-tab-title\" data-tab=\"5\" role=\"button\" aria-controls=\"elementor-tab-content-4555\" aria-expanded=\"false\">\n\t\t\t\t\t\t\t\t\t\t\t\t\t<span class=\"elementor-accordion-icon elementor-accordion-icon-left\" aria-hidden=\"true\">\n\t\t\t\t\t\t\t\t\t\t\t\t\t\t\t<span class=\"elementor-accordion-icon-closed\"><i class=\"fas fa-angle-right\"><\/i><\/span>\n\t\t\t\t\t\t\t\t<span class=\"elementor-accordion-icon-opened\"><i class=\"fas fa-angle-up\"><\/i><\/span>\n\t\t\t\t\t\t\t\t\t\t\t\t\t\t<\/span>\n\t\t\t\t\t\t\t\t\t\t\t\t<a class=\"elementor-accordion-title\" tabindex=\"0\">Quins s\u00f3n els efectes adversos\/secundaris?<\/a>\n\t\t\t\t\t<\/div>\n\t\t\t\t\t<div id=\"elementor-tab-content-4555\" class=\"elementor-tab-content elementor-clearfix\" data-tab=\"5\" role=\"region\" aria-labelledby=\"elementor-tab-title-4555\"><p>S\u00f3n els que estan relacionats amb les puncions, per la qual cosa poden apar\u00e8ixer alguns hematomes.<\/p>\n<\/div>\n\t\t\t\t<\/div>\n\t\t\t\t\t\t\t<div class=\"elementor-accordion-item\">\n\t\t\t\t\t<div id=\"elementor-tab-title-4556\" class=\"elementor-tab-title\" data-tab=\"6\" role=\"button\" aria-controls=\"elementor-tab-content-4556\" aria-expanded=\"false\">\n\t\t\t\t\t\t\t\t\t\t\t\t\t<span class=\"elementor-accordion-icon elementor-accordion-icon-left\" aria-hidden=\"true\">\n\t\t\t\t\t\t\t\t\t\t\t\t\t\t\t<span class=\"elementor-accordion-icon-closed\"><i class=\"fas fa-angle-right\"><\/i><\/span>\n\t\t\t\t\t\t\t\t<span class=\"elementor-accordion-icon-opened\"><i class=\"fas fa-angle-up\"><\/i><\/span>\n\t\t\t\t\t\t\t\t\t\t\t\t\t\t<\/span>\n\t\t\t\t\t\t\t\t\t\t\t\t<a class=\"elementor-accordion-title\" tabindex=\"0\">Cures post-tractament \/ Recomanacions domicili\u00e0ries?<\/a>\n\t\t\t\t\t<\/div>\n\t\t\t\t\t<div id=\"elementor-tab-content-4556\" class=\"elementor-tab-content elementor-clearfix\" data-tab=\"6\" role=\"region\" aria-labelledby=\"elementor-tab-title-4556\"><p>Evitar l&#8217;exercici f\u00edsic, sauna i piscina durant 24 hores.<\/p>\n<\/div>\n\t\t\t\t<\/div>\n\t\t\t\t\t\t\t\t<\/div>\n\t\t\t\t<\/div>\n\t\t\t\t<\/div>\n\t\t\t\t\t<\/div>\n\t\t<\/div>\n\t\t\t\t\t\t\t<\/div>\n\t\t<\/section>\n\t\t\t\t\t\t<\/div>\n\t\t\n","protected":false},"excerpt":{"rendered":"","protected":false},"author":1,"featured_media":34722,"parent":35258,"menu_order":0,"comment_status":"closed","ping_status":"closed","template":"","meta":{"site-sidebar-layout":"default","site-content-layout":"","ast-site-content-layout":"","site-content-style":"default","site-sidebar-style":"default","ast-global-header-display":"","ast-banner-title-visibility":"","ast-main-header-display":"","ast-hfb-above-header-display":"","ast-hfb-below-header-display":"","ast-hfb-mobile-header-display":"","site-post-title":"","ast-breadcrumbs-content":"","ast-featured-img":"","footer-sml-layout":"","theme-transparent-header-meta":"","adv-header-id-meta":"","stick-header-meta":"","header-above-stick-meta":"","header-main-stick-meta":"","header-below-stick-meta":"","astra-migrate-meta-layouts":"","ast-page-background-enabled":"default","ast-page-background-meta":{"desktop":{"background-color":"","background-image":"","background-repeat":"repeat","background-position":"center center","background-size":"auto","background-attachment":"scroll","background-type":"","background-media":"","overlay-type":"","overlay-color":"","overlay-gradient":""},"tablet":{"background-color":"","background-image":"","background-repeat":"repeat","background-position":"center center","background-size":"auto","background-attachment":"scroll","background-type":"","background-media":"","overlay-type":"","overlay-color":"","overlay-gradient":""},"mobile":{"background-color":"","background-image":"","background-repeat":"repeat","background-position":"center center","background-size":"auto","background-attachment":"scroll","background-type":"","background-media":"","overlay-type":"","overlay-color":"","overlay-gradient":""}},"ast-content-background-meta":{"desktop":{"background-color":"var(--ast-global-color-5)","background-image":"","background-repeat":"repeat","background-position":"center center","background-size":"auto","background-attachment":"scroll","background-type":"","background-media":"","overlay-type":"","overlay-color":"","overlay-gradient":""},"tablet":{"background-color":"var(--ast-global-color-5)","background-image":"","background-repeat":"repeat","background-position":"center center","background-size":"auto","background-attachment":"scroll","background-type":"","background-media":"","overlay-type":"","overlay-color":"","overlay-gradient":""},"mobile":{"background-color":"var(--ast-global-color-5)","background-image":"","background-repeat":"repeat","background-position":"center center","background-size":"auto","background-attachment":"scroll","background-type":"","background-media":"","overlay-type":"","overlay-color":"","overlay-gradient":""}},"footnotes":""},"class_list":["post-35358","page","type-page","status-publish","has-post-thumbnail","hentry"],"yoast_head":"<!-- This site is optimized with the Yoast SEO plugin v21.6 - https:\/\/yoast.com\/wordpress\/plugins\/seo\/ -->\n<title>Sudoraci\u00f3 excessiva-hiperhidrosi - The Essential Clinic<\/title>\n<meta name=\"description\" content=\"La hiperhidrosi o exc\u00e9s de sudoraci\u00f3 a les aixelles i mans \u00e9s un tractament que es realitza mitjan\u00e7ant la infiltraci\u00f3 d&#039;un euromodulador.\" \/>\n<meta name=\"robots\" content=\"index, follow, max-snippet:-1, max-image-preview:large, max-video-preview:-1\" \/>\n<link rel=\"canonical\" href=\"https:\/\/theessentialclinic.com\/ca\/tractaments\/sudoracio-excessiva-hiperhidrosi\/\" \/>\n<meta property=\"og:locale\" content=\"ca_ES\" \/>\n<meta property=\"og:type\" content=\"article\" \/>\n<meta property=\"og:title\" content=\"Sudoraci\u00f3 excessiva-hiperhidrosi - The Essential Clinic\" \/>\n<meta property=\"og:description\" content=\"La hiperhidrosi o exc\u00e9s de sudoraci\u00f3 a les aixelles i mans \u00e9s un tractament que es realitza mitjan\u00e7ant la infiltraci\u00f3 d&#039;un euromodulador.\" \/>\n<meta property=\"og:url\" content=\"https:\/\/theessentialclinic.com\/ca\/tractaments\/sudoracio-excessiva-hiperhidrosi\/\" \/>\n<meta property=\"og:site_name\" content=\"The Essential Clinic\" \/>\n<meta property=\"article:modified_time\" content=\"2022-12-20T12:22:39+00:00\" \/>\n<meta property=\"og:image\" content=\"https:\/\/theessentialclinic.com\/wp-content\/uploads\/2022\/03\/CABECERA-SUDORACION-EXCESIVA-HIPERHIDROSIS.webp\" \/>\n\t<meta property=\"og:image:width\" content=\"1200\" \/>\n\t<meta property=\"og:image:height\" content=\"675\" \/>\n\t<meta property=\"og:image:type\" content=\"image\/webp\" \/>\n<meta name=\"twitter:card\" content=\"summary_large_image\" \/>\n<script type=\"application\/ld+json\" class=\"yoast-schema-graph\">{\"@context\":\"https:\/\/schema.org\",\"@graph\":[{\"@type\":\"WebPage\",\"@id\":\"https:\/\/theessentialclinic.com\/ca\/tractaments\/sudoracio-excessiva-hiperhidrosi\/\",\"url\":\"https:\/\/theessentialclinic.com\/ca\/tractaments\/sudoracio-excessiva-hiperhidrosi\/\",\"name\":\"Sudoraci\u00f3 excessiva-hiperhidrosi - The Essential Clinic\",\"isPartOf\":{\"@id\":\"https:\/\/theessentialclinic.com\/ca\/#website\"},\"datePublished\":\"2022-02-15T10:10:09+00:00\",\"dateModified\":\"2022-12-20T12:22:39+00:00\",\"description\":\"La hiperhidrosi o exc\u00e9s de sudoraci\u00f3 a les aixelles i mans \u00e9s un tractament que es realitza mitjan\u00e7ant la infiltraci\u00f3 d'un euromodulador.\",\"breadcrumb\":{\"@id\":\"https:\/\/theessentialclinic.com\/ca\/tractaments\/sudoracio-excessiva-hiperhidrosi\/#breadcrumb\"},\"inLanguage\":\"ca\",\"potentialAction\":[{\"@type\":\"ReadAction\",\"target\":[\"https:\/\/theessentialclinic.com\/ca\/tractaments\/sudoracio-excessiva-hiperhidrosi\/\"]}]},{\"@type\":\"BreadcrumbList\",\"@id\":\"https:\/\/theessentialclinic.com\/ca\/tractaments\/sudoracio-excessiva-hiperhidrosi\/#breadcrumb\",\"itemListElement\":[{\"@type\":\"ListItem\",\"position\":1,\"name\":\"Accueil\",\"item\":\"https:\/\/theessentialclinic.com\/ca\/inici\/\"},{\"@type\":\"ListItem\",\"position\":2,\"name\":\"Tractaments\",\"item\":\"https:\/\/theessentialclinic.com\/ca\/tractaments\/\"},{\"@type\":\"ListItem\",\"position\":3,\"name\":\"Sudoraci\u00f3 excessiva-hiperhidrosi\"}]},{\"@type\":\"WebSite\",\"@id\":\"https:\/\/theessentialclinic.com\/ca\/#website\",\"url\":\"https:\/\/theessentialclinic.com\/ca\/\",\"name\":\"The Essential Clinic\",\"description\":\"Just another WordPress site\",\"publisher\":{\"@id\":\"https:\/\/theessentialclinic.com\/ca\/#organization\"},\"potentialAction\":[{\"@type\":\"SearchAction\",\"target\":{\"@type\":\"EntryPoint\",\"urlTemplate\":\"https:\/\/theessentialclinic.com\/ca\/?s={search_term_string}\"},\"query-input\":\"required name=search_term_string\"}],\"inLanguage\":\"ca\"},{\"@type\":\"Organization\",\"@id\":\"https:\/\/theessentialclinic.com\/ca\/#organization\",\"name\":\"The Essential Clinic\",\"url\":\"https:\/\/theessentialclinic.com\/ca\/\",\"logo\":{\"@type\":\"ImageObject\",\"inLanguage\":\"ca\",\"@id\":\"https:\/\/theessentialclinic.com\/ca\/#\/schema\/logo\/image\/\",\"url\":\"https:\/\/theessentialclinic.com\/wp-content\/uploads\/2022\/01\/logo_white.svg\",\"contentUrl\":\"https:\/\/theessentialclinic.com\/wp-content\/uploads\/2022\/01\/logo_white.svg\",\"width\":1080,\"height\":1080,\"caption\":\"The Essential Clinic\"},\"image\":{\"@id\":\"https:\/\/theessentialclinic.com\/ca\/#\/schema\/logo\/image\/\"}}]}<\/script>\n<!-- \/ Yoast SEO plugin. -->","yoast_head_json":{"title":"Sudoraci\u00f3 excessiva-hiperhidrosi - The Essential Clinic","description":"La hiperhidrosi o exc\u00e9s de sudoraci\u00f3 a les aixelles i mans \u00e9s un tractament que es realitza mitjan\u00e7ant la infiltraci\u00f3 d'un euromodulador.","robots":{"index":"index","follow":"follow","max-snippet":"max-snippet:-1","max-image-preview":"max-image-preview:large","max-video-preview":"max-video-preview:-1"},"canonical":"https:\/\/theessentialclinic.com\/ca\/tractaments\/sudoracio-excessiva-hiperhidrosi\/","og_locale":"ca_ES","og_type":"article","og_title":"Sudoraci\u00f3 excessiva-hiperhidrosi - The Essential Clinic","og_description":"La hiperhidrosi o exc\u00e9s de sudoraci\u00f3 a les aixelles i mans \u00e9s un tractament que es realitza mitjan\u00e7ant la infiltraci\u00f3 d'un euromodulador.","og_url":"https:\/\/theessentialclinic.com\/ca\/tractaments\/sudoracio-excessiva-hiperhidrosi\/","og_site_name":"The Essential Clinic","article_modified_time":"2022-12-20T12:22:39+00:00","og_image":[{"width":1200,"height":675,"url":"https:\/\/theessentialclinic.com\/wp-content\/uploads\/2022\/03\/CABECERA-SUDORACION-EXCESIVA-HIPERHIDROSIS.webp","type":"image\/webp"}],"twitter_card":"summary_large_image","schema":{"@context":"https:\/\/schema.org","@graph":[{"@type":"WebPage","@id":"https:\/\/theessentialclinic.com\/ca\/tractaments\/sudoracio-excessiva-hiperhidrosi\/","url":"https:\/\/theessentialclinic.com\/ca\/tractaments\/sudoracio-excessiva-hiperhidrosi\/","name":"Sudoraci\u00f3 excessiva-hiperhidrosi - The Essential Clinic","isPartOf":{"@id":"https:\/\/theessentialclinic.com\/ca\/#website"},"datePublished":"2022-02-15T10:10:09+00:00","dateModified":"2022-12-20T12:22:39+00:00","description":"La hiperhidrosi o exc\u00e9s de sudoraci\u00f3 a les aixelles i mans \u00e9s un tractament que es realitza mitjan\u00e7ant la infiltraci\u00f3 d'un euromodulador.","breadcrumb":{"@id":"https:\/\/theessentialclinic.com\/ca\/tractaments\/sudoracio-excessiva-hiperhidrosi\/#breadcrumb"},"inLanguage":"ca","potentialAction":[{"@type":"ReadAction","target":["https:\/\/theessentialclinic.com\/ca\/tractaments\/sudoracio-excessiva-hiperhidrosi\/"]}]},{"@type":"BreadcrumbList","@id":"https:\/\/theessentialclinic.com\/ca\/tractaments\/sudoracio-excessiva-hiperhidrosi\/#breadcrumb","itemListElement":[{"@type":"ListItem","position":1,"name":"Accueil","item":"https:\/\/theessentialclinic.com\/ca\/inici\/"},{"@type":"ListItem","position":2,"name":"Tractaments","item":"https:\/\/theessentialclinic.com\/ca\/tractaments\/"},{"@type":"ListItem","position":3,"name":"Sudoraci\u00f3 excessiva-hiperhidrosi"}]},{"@type":"WebSite","@id":"https:\/\/theessentialclinic.com\/ca\/#website","url":"https:\/\/theessentialclinic.com\/ca\/","name":"The Essential Clinic","description":"Just another WordPress site","publisher":{"@id":"https:\/\/theessentialclinic.com\/ca\/#organization"},"potentialAction":[{"@type":"SearchAction","target":{"@type":"EntryPoint","urlTemplate":"https:\/\/theessentialclinic.com\/ca\/?s={search_term_string}"},"query-input":"required name=search_term_string"}],"inLanguage":"ca"},{"@type":"Organization","@id":"https:\/\/theessentialclinic.com\/ca\/#organization","name":"The Essential Clinic","url":"https:\/\/theessentialclinic.com\/ca\/","logo":{"@type":"ImageObject","inLanguage":"ca","@id":"https:\/\/theessentialclinic.com\/ca\/#\/schema\/logo\/image\/","url":"https:\/\/theessentialclinic.com\/wp-content\/uploads\/2022\/01\/logo_white.svg","contentUrl":"https:\/\/theessentialclinic.com\/wp-content\/uploads\/2022\/01\/logo_white.svg","width":1080,"height":1080,"caption":"The Essential Clinic"},"image":{"@id":"https:\/\/theessentialclinic.com\/ca\/#\/schema\/logo\/image\/"}}]}},"_links":{"self":[{"href":"https:\/\/theessentialclinic.com\/ca\/wp-json\/wp\/v2\/pages\/35358","targetHints":{"allow":["GET"]}}],"collection":[{"href":"https:\/\/theessentialclinic.com\/ca\/wp-json\/wp\/v2\/pages"}],"about":[{"href":"https:\/\/theessentialclinic.com\/ca\/wp-json\/wp\/v2\/types\/page"}],"author":[{"embeddable":true,"href":"https:\/\/theessentialclinic.com\/ca\/wp-json\/wp\/v2\/users\/1"}],"replies":[{"embeddable":true,"href":"https:\/\/theessentialclinic.com\/ca\/wp-json\/wp\/v2\/comments?post=35358"}],"version-history":[{"count":1,"href":"https:\/\/theessentialclinic.com\/ca\/wp-json\/wp\/v2\/pages\/35358\/revisions"}],"predecessor-version":[{"id":35359,"href":"https:\/\/theessentialclinic.com\/ca\/wp-json\/wp\/v2\/pages\/35358\/revisions\/35359"}],"up":[{"embeddable":true,"href":"https:\/\/theessentialclinic.com\/ca\/wp-json\/wp\/v2\/pages\/35258"}],"wp:featuredmedia":[{"embeddable":true,"href":"https:\/\/theessentialclinic.com\/ca\/wp-json\/wp\/v2\/media\/34722"}],"wp:attachment":[{"href":"https:\/\/theessentialclinic.com\/ca\/wp-json\/wp\/v2\/media?parent=35358"}],"curies":[{"name":"wp","href":"https:\/\/api.w.org\/{rel}","templated":true}]}}