{"id":35324,"date":"2022-02-10T16:35:50","date_gmt":"2022-02-10T15:35:50","guid":{"rendered":"https:\/\/theessentialclinic.com\/tractaments\/hydrafacial\/hydrafacial-deluxe\/"},"modified":"2023-10-30T12:12:42","modified_gmt":"2023-10-30T11:12:42","slug":"hydrafacial-deluxe","status":"publish","type":"page","link":"https:\/\/theessentialclinic.com\/ca\/tractaments\/hydrafacial\/hydrafacial-deluxe\/","title":{"rendered":"Hydrafacial Deluxe"},"content":{"rendered":"\t\t<div data-elementor-type=\"section\" data-elementor-id=\"35557\" class=\"elementor elementor-35557 elementor-29750\" data-elementor-post-type=\"elementor_library\">\n\t\t\t\t\t<section class=\"elementor-section elementor-top-section elementor-element elementor-element-74823f3 elementor-section-full_width elementor-section-height-default elementor-section-height-default\" data-id=\"74823f3\" data-element_type=\"section\" data-e-type=\"section\">\n\t\t\t\t\t\t<div class=\"elementor-container elementor-column-gap-default\">\n\t\t\t\t\t<div class=\"elementor-column elementor-col-100 elementor-top-column elementor-element elementor-element-81a8611\" data-id=\"81a8611\" data-element_type=\"column\" data-e-type=\"column\">\n\t\t\t<div class=\"elementor-widget-wrap elementor-element-populated\">\n\t\t\t\t\t\t<div class=\"elementor-element elementor-element-552198d uael-nav-menu__align-center uael-submenu-open-hover uael-submenu-icon-arrow uael-submenu-animation-none uael-link-redirect-child uael-nav-menu__breakpoint-tablet uael-nav-menu-toggle-label-no elementor-widget elementor-widget-uael-nav-menu\" data-id=\"552198d\" data-element_type=\"widget\" data-e-type=\"widget\" data-settings=\"{&quot;distance_from_menu&quot;:{&quot;unit&quot;:&quot;px&quot;,&quot;size&quot;:&quot;&quot;,&quot;sizes&quot;:[]},&quot;distance_from_menu_tablet&quot;:{&quot;unit&quot;:&quot;px&quot;,&quot;size&quot;:&quot;&quot;,&quot;sizes&quot;:[]},&quot;distance_from_menu_mobile&quot;:{&quot;unit&quot;:&quot;px&quot;,&quot;size&quot;:&quot;&quot;,&quot;sizes&quot;:[]}}\" data-widget_type=\"uael-nav-menu.default\">\n\t\t\t\t<div class=\"elementor-widget-container\">\n\t\t\t\t\t\t\t<div class=\"uael-nav-menu uael-layout-horizontal uael-nav-menu-layout uael-pointer__none\" data-layout=\"horizontal\">\n\t\t\t\t<div role=\"button\" class=\"uael-nav-menu__toggle elementor-clickable\">\n\t\t\t\t\t<span class=\"screen-reader-text\">Main Menu<\/span>\n\t\t\t\t\t<div class=\"uael-nav-menu-icon\">\n\t\t\t\t\t\t<i aria-hidden=\"true\" class=\"fas fa-align-justify\"><\/i>\t\t\t\t\t<\/div>\n\t\t\t\t\t\t\t\t\t<\/div>\n\t\t\t\t\t\t\t\t\t\t<nav class=\"uael-nav-menu__layout-horizontal uael-nav-menu__submenu-arrow\" data-toggle-icon=\"&lt;i aria-hidden=&quot;true&quot; class=&quot;fas fa-align-justify&quot;&gt;&lt;\/i&gt;\" data-close-icon=\"&lt;i aria-hidden=&quot;true&quot; class=&quot;far fa-window-close&quot;&gt;&lt;\/i&gt;\" data-full-width=\"yes\">\n\t\t\t <ul class=\"uael-nav-menu uael-nav-menu-custom uael-custom-wrapper\"><li class=\"menu-item menu-item-has-children parent parent-has-no-child elementor-repeater-item-04e00d5\" data-dropdown-width=\"default\" data-dropdown-pos=\"left\"><a href=\"https:\/\/theessentialclinic.com\/ca\/tractaments\/hydrafacial\/\" class='uael-menu-item'>Hydrafacial<span class='uael-menu-toggle sub-arrow parent-item'><i class='fa'><\/i><\/span><\/a><li class=\"menu-item menu-item-has-children parent parent-has-no-child elementor-repeater-item-9f78bc7\" data-dropdown-width=\"default\" data-dropdown-pos=\"left\"><a href=\"https:\/\/theessentialclinic.com\/ca\/tractaments\/hydrafacial\/hydrafacial-platinium\/\" class='uael-menu-item'>Hydrafacial Platinum<span class='uael-menu-toggle sub-arrow parent-item'><i class='fa'><\/i><\/span><\/a><li class=\"menu-item menu-item-has-children parent parent-has-no-child elementor-repeater-item-7c85528\" data-dropdown-width=\"default\" data-dropdown-pos=\"left\"><a href=\"https:\/\/theessentialclinic.com\/ca\/tractaments\/hydrafacial\/hydrafacial-keravive\/\" class='uael-menu-item'>Hydrafacial Keravive<span class='uael-menu-toggle sub-arrow parent-item'><i class='fa'><\/i><\/span><\/a><li class=\"menu-item menu-item-has-children parent parent-has-no-child elementor-repeater-item-c04cacf\" data-dropdown-width=\"default\" data-dropdown-pos=\"left\"><a href=\"https:\/\/theessentialclinic.com\/ca\/tractaments\/hydrafacial\/%e2%ad%90-hydrafacial-jlo\/\" class='uael-menu-item'>Hydrafacial JLO<span class='uael-menu-toggle sub-arrow parent-item'><i class='fa'><\/i><\/span><\/a><\/ul>\t\t<\/nav>\n\t\t\t\t\t\t\t<\/div>\n\t\t\t\t\t\t\t<\/div>\n\t\t\t\t<\/div>\n\t\t\t\t\t<\/div>\n\t\t<\/div>\n\t\t\t\t\t<\/div>\n\t\t<\/section>\n\t\t\t\t<section class=\"elementor-section elementor-top-section elementor-element elementor-element-53f581b elementor-section-boxed elementor-section-height-default elementor-section-height-default\" data-id=\"53f581b\" data-element_type=\"section\" data-e-type=\"section\" id=\"deluxe\">\n\t\t\t\t\t\t<div class=\"elementor-container elementor-column-gap-default\">\n\t\t\t\t\t<div class=\"elementor-column elementor-col-100 elementor-top-column elementor-element elementor-element-4124ef4\" data-id=\"4124ef4\" data-element_type=\"column\" data-e-type=\"column\">\n\t\t\t<div class=\"elementor-widget-wrap elementor-element-populated\">\n\t\t\t\t\t\t<div class=\"elementor-element elementor-element-0e64aa3 elementor-skin-carousel elementor-arrows-yes elementor-pagination-type-bullets elementor-pagination-position-outside elementor-widget elementor-widget-media-carousel\" data-id=\"0e64aa3\" data-element_type=\"widget\" data-e-type=\"widget\" data-settings=\"{&quot;skin&quot;:&quot;carousel&quot;,&quot;effect&quot;:&quot;slide&quot;,&quot;show_arrows&quot;:&quot;yes&quot;,&quot;pagination&quot;:&quot;bullets&quot;,&quot;speed&quot;:500,&quot;autoplay&quot;:&quot;yes&quot;,&quot;autoplay_speed&quot;:5000,&quot;loop&quot;:&quot;yes&quot;,&quot;pause_on_hover&quot;:&quot;yes&quot;,&quot;pause_on_interaction&quot;:&quot;yes&quot;,&quot;space_between&quot;:{&quot;unit&quot;:&quot;px&quot;,&quot;size&quot;:10,&quot;sizes&quot;:[]},&quot;space_between_tablet&quot;:{&quot;unit&quot;:&quot;px&quot;,&quot;size&quot;:10,&quot;sizes&quot;:[]},&quot;space_between_mobile&quot;:{&quot;unit&quot;:&quot;px&quot;,&quot;size&quot;:10,&quot;sizes&quot;:[]}}\" data-widget_type=\"media-carousel.default\">\n\t\t\t\t<div class=\"elementor-widget-container\">\n\t\t\t\t\t\t\t\t\t<div class=\"elementor-swiper\">\n\t\t\t\t\t<div class=\"elementor-main-swiper swiper\" role=\"region\" aria-roledescription=\"carousel\" aria-label=\"Diapositives\">\n\t\t\t\t<div class=\"swiper-wrapper\">\n\t\t\t\t\t\t\t\t\t\t\t<div class=\"swiper-slide\" role=\"group\" aria-roledescription=\"slide\">\n\t\t\t\t\t\t\t<a href=\"https:\/\/theessentialclinic.com\/wp-content\/uploads\/2022\/01\/hydracial-miniature-1.png\" data-elementor-open-lightbox=\"yes\" data-elementor-lightbox-slideshow=\"0e64aa3\" data-elementor-lightbox-title=\"hydracial miniature 1\" data-e-action-hash=\"#elementor-action%3Aaction%3Dlightbox%26settings%3DeyJpZCI6MzcwODgsInVybCI6Imh0dHBzOlwvXC90aGVlc3NlbnRpYWxjbGluaWMuY29tXC93cC1jb250ZW50XC91cGxvYWRzXC8yMDIyXC8wMVwvaHlkcmFjaWFsLW1pbmlhdHVyZS0xLnBuZyIsInNsaWRlc2hvdyI6IjBlNjRhYTMifQ%3D%3D\" data-elementor-lightbox-video=\"https:\/\/www.youtube.com\/embed\/HIVtOwglPuw?feature=oembed&amp;autoplay=1&amp;rel=0&amp;controls=0\">\t\t<div class=\"elementor-carousel-image lazyload\" role=\"img\" aria-label=\"Hydrafacial Deluxe\" style=\"background-image:inherit\" data-bg-image=\"url(&#039;https:\/\/theessentialclinic.com\/wp-content\/uploads\/2022\/01\/hydracial-miniature-1.png&#039;)\">\n\n\t\t\t\n\t\t\t\t\t\t\t<div class=\"elementor-custom-embed-play\">\n\t\t\t\t\t<i aria-hidden=\"true\" class=\"eicon-play\"><\/i>\t\t\t\t\t<span class=\"elementor-screen-only\">Reprodueix<\/span>\n\t\t\t\t<\/div>\n\t\t\t\t\t<\/div>\n\t\t<\/a>\t\t\t\t\t\t<\/div>\n\t\t\t\t\t\t\t\t\t\t\t<div class=\"swiper-slide\" role=\"group\" aria-roledescription=\"slide\">\n\t\t\t\t\t\t\t<a href=\"https:\/\/theessentialclinic.com\/wp-content\/uploads\/2022\/01\/miniature-deluxe-2.png\" data-elementor-open-lightbox=\"yes\" data-elementor-lightbox-slideshow=\"0e64aa3\" data-elementor-lightbox-title=\"miniature deluxe 2\" data-e-action-hash=\"#elementor-action%3Aaction%3Dlightbox%26settings%3DeyJpZCI6MzcwODAsInVybCI6Imh0dHBzOlwvXC90aGVlc3NlbnRpYWxjbGluaWMuY29tXC93cC1jb250ZW50XC91cGxvYWRzXC8yMDIyXC8wMVwvbWluaWF0dXJlLWRlbHV4ZS0yLnBuZyIsInNsaWRlc2hvdyI6IjBlNjRhYTMifQ%3D%3D\" data-elementor-lightbox-video=\"https:\/\/www.youtube.com\/embed\/QpKBTonUJU0?feature=oembed&amp;autoplay=1&amp;rel=0&amp;controls=0\">\t\t<div class=\"elementor-carousel-image lazyload\" role=\"img\" aria-label=\"Hydrafacial Deluxe\" style=\"background-image:inherit\" data-bg-image=\"url(&#039;https:\/\/theessentialclinic.com\/wp-content\/uploads\/2022\/01\/miniature-deluxe-2.png&#039;)\">\n\n\t\t\t\n\t\t\t\t\t\t\t<div class=\"elementor-custom-embed-play\">\n\t\t\t\t\t<i aria-hidden=\"true\" class=\"eicon-play\"><\/i>\t\t\t\t\t<span class=\"elementor-screen-only\">Reprodueix<\/span>\n\t\t\t\t<\/div>\n\t\t\t\t\t<\/div>\n\t\t<\/a>\t\t\t\t\t\t<\/div>\n\t\t\t\t\t\t\t\t\t\t\t<div class=\"swiper-slide\" role=\"group\" aria-roledescription=\"slide\">\n\t\t\t\t\t\t\t\t\t<div class=\"elementor-carousel-image lazyload\" role=\"img\" aria-label=\"NASSIF MD\" style=\"background-image:inherit\" data-bg-image=\"url(&#039;https:\/\/theessentialclinic.com\/wp-content\/uploads\/2022\/01\/NASSIF-MD.png&#039;)\">\n\n\t\t\t\n\t\t\t\t\t<\/div>\n\t\t\t\t\t\t\t\t<\/div>\n\t\t\t\t\t\t\t\t\t\t\t<div class=\"swiper-slide\" role=\"group\" aria-roledescription=\"slide\">\n\t\t\t\t\t\t\t\t\t<div class=\"elementor-carousel-image lazyload\" role=\"img\" aria-label=\"JLO\" style=\"background-image:inherit\" data-bg-image=\"url(&#039;https:\/\/theessentialclinic.com\/wp-content\/uploads\/2022\/01\/JLO.png&#039;)\">\n\n\t\t\t\n\t\t\t\t\t<\/div>\n\t\t\t\t\t\t\t\t<\/div>\n\t\t\t\t\t\t\t\t\t<\/div>\n\t\t\t\t\t\t\t\t\t\t\t\t\t\t\t<div class=\"elementor-swiper-button elementor-swiper-button-prev\" role=\"button\" tabindex=\"0\" aria-label=\"Previous\">\n\t\t\t\t\t\t\t<i aria-hidden=\"true\" class=\"eicon-chevron-left\"><\/i>\t\t\t\t\t\t<\/div>\n\t\t\t\t\t\t<div class=\"elementor-swiper-button elementor-swiper-button-next\" role=\"button\" tabindex=\"0\" aria-label=\"Next\">\n\t\t\t\t\t\t\t<i aria-hidden=\"true\" class=\"eicon-chevron-right\"><\/i>\t\t\t\t\t\t<\/div>\n\t\t\t\t\t\t\t\t\t\t\t\t\t\t\t\t<div class=\"swiper-pagination\"><\/div>\n\t\t\t\t\t\t\t\t\t\t\t\t<\/div>\n\t\t\t\t<\/div>\n\t\t\t\t\t\t\t\t<\/div>\n\t\t\t\t<\/div>\n\t\t\t\t<div class=\"elementor-element elementor-element-d85dd09 elementor-widget elementor-widget-text-editor\" data-id=\"d85dd09\" data-element_type=\"widget\" data-e-type=\"widget\" data-widget_type=\"text-editor.default\">\n\t\t\t\t<div class=\"elementor-widget-container\">\n\t\t\t\t\t\t\t\t\t<p>Nom\u00e9s HydraFacial utilitza tecnologia patentada per netejar, extreure i hidratar. Els Booster&#8217;s de HydraFacial contenen ingredients nutritius que proporcionen una lluminositat instant\u00e0nia i molt gratificant, el procediment dura 45 minuts i consisteix en 5 passos:<\/p>\n<ol>\n<li> <strong>NETEJA + PEELING<br \/><\/strong>Renova la pell mitjan\u00e7ant una exfoliaci\u00f3 suau i un relaxant proc\u00e9s de regeneraci\u00f3.<\/li>\n<li><strong>EXTRACCI\u00d3 + HIDRATACI\u00d3 <br \/><\/strong>Elimina les impureses dels porus mitjan\u00e7ant una succi\u00f3 indolora. Nodreix la pell amb una intensa hidrataci\u00f3.<\/li>\n<li><strong><strong><strong><strong>POTENCIADOR PERSONALITZAT: DERMABUILDER, BRITENOL, REGEN GF, HYDRAGLUCAN (NassifMD).<\/strong><\/strong><\/strong><\/strong><\/li>\n<li><strong>TER\u00c0PIA LED: LED BLAU:<\/strong>T\u00e9 propietats antibacterianes. Es fa servir contra l&#8217;acne, per purificar la pell, regular les gl\u00e0ndules seb\u00e0cies i calmar la inflamaci\u00f3.<strong>LED VERMELLA:<\/strong> Estimula la producci\u00f3n de col\u00e1geno y promueve la circulaci\u00f3n. Indicat per disminuir els signes d&#8217;envelliment.<\/li>\n<li> <strong>FUSI\u00d3 + PROTECI\u00d3<\/strong><br \/>Repara la superf\u00edcie de la pell amb antioxidants i p\u00e8ptids per aconseguir una m\u00e0xima lluminositat.<\/li>\n<\/ol>\n\t\t\t\t\t\t\t\t<\/div>\n\t\t\t\t<\/div>\n\t\t\t\t\t<\/div>\n\t\t<\/div>\n\t\t\t\t\t<\/div>\n\t\t<\/section>\n\t\t\t\t<section class=\"elementor-section elementor-top-section elementor-element elementor-element-aa4b6a5 elementor-section-boxed elementor-section-height-default elementor-section-height-default\" data-id=\"aa4b6a5\" data-element_type=\"section\" data-e-type=\"section\">\n\t\t\t\t\t\t<div class=\"elementor-container elementor-column-gap-default\">\n\t\t\t\t\t<div class=\"elementor-column elementor-col-100 elementor-top-column elementor-element elementor-element-1efde2c\" data-id=\"1efde2c\" data-element_type=\"column\" data-e-type=\"column\">\n\t\t\t<div class=\"elementor-widget-wrap elementor-element-populated\">\n\t\t\t\t\t\t<div class=\"elementor-element elementor-element-97ee193 elementor-align-justify elementor-widget elementor-widget-button\" data-id=\"97ee193\" data-element_type=\"widget\" data-e-type=\"widget\" data-widget_type=\"button.default\">\n\t\t\t\t<div class=\"elementor-widget-container\">\n\t\t\t\t\t\t\t\t\t<div class=\"elementor-button-wrapper\">\n\t\t\t\t\t<a class=\"elementor-button elementor-button-link elementor-size-md\" href=\"http:\/\/www.hydrafacial.es\" target=\"_blank\">\n\t\t\t\t\t\t<span class=\"elementor-button-content-wrapper\">\n\t\t\t\t\t\t\t\t\t<span class=\"elementor-button-text\">descobrir HYDRAFACIAL a www.hydrafacial.es<\/span>\n\t\t\t\t\t<\/span>\n\t\t\t\t\t<\/a>\n\t\t\t\t<\/div>\n\t\t\t\t\t\t\t\t<\/div>\n\t\t\t\t<\/div>\n\t\t\t\t\t<\/div>\n\t\t<\/div>\n\t\t\t\t\t<\/div>\n\t\t<\/section>\n\t\t\t\t<\/div>\n\t\t\n","protected":false},"excerpt":{"rendered":"","protected":false},"author":1,"featured_media":0,"parent":35310,"menu_order":0,"comment_status":"closed","ping_status":"closed","template":"","meta":{"site-sidebar-layout":"default","site-content-layout":"","ast-site-content-layout":"default","site-content-style":"default","site-sidebar-style":"default","ast-global-header-display":"","ast-banner-title-visibility":"","ast-main-header-display":"","ast-hfb-above-header-display":"","ast-hfb-below-header-display":"","ast-hfb-mobile-header-display":"","site-post-title":"","ast-breadcrumbs-content":"","ast-featured-img":"","footer-sml-layout":"","ast-disable-related-posts":"","theme-transparent-header-meta":"","adv-header-id-meta":"","stick-header-meta":"","header-above-stick-meta":"","header-main-stick-meta":"","header-below-stick-meta":"","astra-migrate-meta-layouts":"default","ast-page-background-enabled":"default","ast-page-background-meta":{"desktop":{"background-color":"","background-image":"","background-repeat":"repeat","background-position":"center center","background-size":"auto","background-attachment":"scroll","background-type":"","background-media":"","overlay-type":"","overlay-color":"","overlay-opacity":"","overlay-gradient":""},"tablet":{"background-color":"","background-image":"","background-repeat":"repeat","background-position":"center center","background-size":"auto","background-attachment":"scroll","background-type":"","background-media":"","overlay-type":"","overlay-color":"","overlay-opacity":"","overlay-gradient":""},"mobile":{"background-color":"","background-image":"","background-repeat":"repeat","background-position":"center center","background-size":"auto","background-attachment":"scroll","background-type":"","background-media":"","overlay-type":"","overlay-color":"","overlay-opacity":"","overlay-gradient":""}},"ast-content-background-meta":{"desktop":{"background-color":"var(--ast-global-color-5)","background-image":"","background-repeat":"repeat","background-position":"center center","background-size":"auto","background-attachment":"scroll","background-type":"","background-media":"","overlay-type":"","overlay-color":"","overlay-opacity":"","overlay-gradient":""},"tablet":{"background-color":"var(--ast-global-color-5)","background-image":"","background-repeat":"repeat","background-position":"center center","background-size":"auto","background-attachment":"scroll","background-type":"","background-media":"","overlay-type":"","overlay-color":"","overlay-opacity":"","overlay-gradient":""},"mobile":{"background-color":"var(--ast-global-color-5)","background-image":"","background-repeat":"repeat","background-position":"center center","background-size":"auto","background-attachment":"scroll","background-type":"","background-media":"","overlay-type":"","overlay-color":"","overlay-opacity":"","overlay-gradient":""}},"footnotes":""},"class_list":["post-35324","page","type-page","status-publish","hentry"],"yoast_head":"<!-- This site is optimized with the Yoast SEO plugin v27.4 - https:\/\/yoast.com\/product\/yoast-seo-wordpress\/ -->\n<title>Hydrafacial Deluxe - The Essential Clinic<\/title>\n<meta name=\"description\" content=\"Hydrafacial Deluxe consisteix en una neteja profunda, p\u00edling i hidrataci\u00f3 que proporciona una lluminositat instant\u00e0nia a la pell.\" \/>\n<meta name=\"robots\" content=\"index, follow, max-snippet:-1, max-image-preview:large, max-video-preview:-1\" \/>\n<link rel=\"canonical\" href=\"https:\/\/theessentialclinic.com\/ca\/tractaments\/hydrafacial\/hydrafacial-deluxe\/\" \/>\n<meta property=\"og:locale\" content=\"ca_ES\" \/>\n<meta property=\"og:type\" content=\"article\" \/>\n<meta property=\"og:title\" content=\"Hydrafacial Deluxe - The Essential Clinic\" \/>\n<meta property=\"og:description\" content=\"Hydrafacial Deluxe consisteix en una neteja profunda, p\u00edling i hidrataci\u00f3 que proporciona una lluminositat instant\u00e0nia a la pell.\" \/>\n<meta property=\"og:url\" content=\"https:\/\/theessentialclinic.com\/ca\/tractaments\/hydrafacial\/hydrafacial-deluxe\/\" \/>\n<meta property=\"og:site_name\" content=\"The Essential Clinic\" \/>\n<meta property=\"article:modified_time\" content=\"2023-10-30T11:12:42+00:00\" \/>\n<meta name=\"twitter:card\" content=\"summary_large_image\" \/>\n<script type=\"application\/ld+json\" class=\"yoast-schema-graph\">{\"@context\":\"https:\\\/\\\/schema.org\",\"@graph\":[{\"@type\":\"WebPage\",\"@id\":\"https:\\\/\\\/theessentialclinic.com\\\/ca\\\/tractaments\\\/hydrafacial\\\/hydrafacial-deluxe\\\/\",\"url\":\"https:\\\/\\\/theessentialclinic.com\\\/ca\\\/tractaments\\\/hydrafacial\\\/hydrafacial-deluxe\\\/\",\"name\":\"Hydrafacial Deluxe - The Essential Clinic\",\"isPartOf\":{\"@id\":\"https:\\\/\\\/theessentialclinic.com\\\/ca\\\/#website\"},\"datePublished\":\"2022-02-10T15:35:50+00:00\",\"dateModified\":\"2023-10-30T11:12:42+00:00\",\"description\":\"Hydrafacial Deluxe consisteix en una neteja profunda, p\u00edling i hidrataci\u00f3 que proporciona una lluminositat instant\u00e0nia a la pell.\",\"breadcrumb\":{\"@id\":\"https:\\\/\\\/theessentialclinic.com\\\/ca\\\/tractaments\\\/hydrafacial\\\/hydrafacial-deluxe\\\/#breadcrumb\"},\"inLanguage\":\"ca\",\"potentialAction\":[{\"@type\":\"ReadAction\",\"target\":[\"https:\\\/\\\/theessentialclinic.com\\\/ca\\\/tractaments\\\/hydrafacial\\\/hydrafacial-deluxe\\\/\"]}]},{\"@type\":\"BreadcrumbList\",\"@id\":\"https:\\\/\\\/theessentialclinic.com\\\/ca\\\/tractaments\\\/hydrafacial\\\/hydrafacial-deluxe\\\/#breadcrumb\",\"itemListElement\":[{\"@type\":\"ListItem\",\"position\":1,\"name\":\"Accueil\",\"item\":\"https:\\\/\\\/theessentialclinic.com\\\/ca\\\/inici\\\/\"},{\"@type\":\"ListItem\",\"position\":2,\"name\":\"Tractaments\",\"item\":\"https:\\\/\\\/theessentialclinic.com\\\/ca\\\/tractaments\\\/\"},{\"@type\":\"ListItem\",\"position\":3,\"name\":\"Hydrafacial\",\"item\":\"https:\\\/\\\/theessentialclinic.com\\\/ca\\\/tractaments\\\/hydrafacial\\\/\"},{\"@type\":\"ListItem\",\"position\":4,\"name\":\"Hydrafacial Deluxe\"}]},{\"@type\":\"WebSite\",\"@id\":\"https:\\\/\\\/theessentialclinic.com\\\/ca\\\/#website\",\"url\":\"https:\\\/\\\/theessentialclinic.com\\\/ca\\\/\",\"name\":\"The Essential Clinic\",\"description\":\"Just another WordPress site\",\"publisher\":{\"@id\":\"https:\\\/\\\/theessentialclinic.com\\\/ca\\\/#organization\"},\"potentialAction\":[{\"@type\":\"SearchAction\",\"target\":{\"@type\":\"EntryPoint\",\"urlTemplate\":\"https:\\\/\\\/theessentialclinic.com\\\/ca\\\/?s={search_term_string}\"},\"query-input\":{\"@type\":\"PropertyValueSpecification\",\"valueRequired\":true,\"valueName\":\"search_term_string\"}}],\"inLanguage\":\"ca\"},{\"@type\":\"Organization\",\"@id\":\"https:\\\/\\\/theessentialclinic.com\\\/ca\\\/#organization\",\"name\":\"The Essential Clinic\",\"url\":\"https:\\\/\\\/theessentialclinic.com\\\/ca\\\/\",\"logo\":{\"@type\":\"ImageObject\",\"inLanguage\":\"ca\",\"@id\":\"https:\\\/\\\/theessentialclinic.com\\\/ca\\\/#\\\/schema\\\/logo\\\/image\\\/\",\"url\":\"https:\\\/\\\/theessentialclinic.com\\\/wp-content\\\/uploads\\\/2022\\\/01\\\/logo_white.svg\",\"contentUrl\":\"https:\\\/\\\/theessentialclinic.com\\\/wp-content\\\/uploads\\\/2022\\\/01\\\/logo_white.svg\",\"width\":1080,\"height\":1080,\"caption\":\"The Essential Clinic\"},\"image\":{\"@id\":\"https:\\\/\\\/theessentialclinic.com\\\/ca\\\/#\\\/schema\\\/logo\\\/image\\\/\"}}]}<\/script>\n<!-- \/ Yoast SEO plugin. -->","yoast_head_json":{"title":"Hydrafacial Deluxe - The Essential Clinic","description":"Hydrafacial Deluxe consisteix en una neteja profunda, p\u00edling i hidrataci\u00f3 que proporciona una lluminositat instant\u00e0nia a la pell.","robots":{"index":"index","follow":"follow","max-snippet":"max-snippet:-1","max-image-preview":"max-image-preview:large","max-video-preview":"max-video-preview:-1"},"canonical":"https:\/\/theessentialclinic.com\/ca\/tractaments\/hydrafacial\/hydrafacial-deluxe\/","og_locale":"ca_ES","og_type":"article","og_title":"Hydrafacial Deluxe - The Essential Clinic","og_description":"Hydrafacial Deluxe consisteix en una neteja profunda, p\u00edling i hidrataci\u00f3 que proporciona una lluminositat instant\u00e0nia a la pell.","og_url":"https:\/\/theessentialclinic.com\/ca\/tractaments\/hydrafacial\/hydrafacial-deluxe\/","og_site_name":"The Essential Clinic","article_modified_time":"2023-10-30T11:12:42+00:00","twitter_card":"summary_large_image","schema":{"@context":"https:\/\/schema.org","@graph":[{"@type":"WebPage","@id":"https:\/\/theessentialclinic.com\/ca\/tractaments\/hydrafacial\/hydrafacial-deluxe\/","url":"https:\/\/theessentialclinic.com\/ca\/tractaments\/hydrafacial\/hydrafacial-deluxe\/","name":"Hydrafacial Deluxe - The Essential Clinic","isPartOf":{"@id":"https:\/\/theessentialclinic.com\/ca\/#website"},"datePublished":"2022-02-10T15:35:50+00:00","dateModified":"2023-10-30T11:12:42+00:00","description":"Hydrafacial Deluxe consisteix en una neteja profunda, p\u00edling i hidrataci\u00f3 que proporciona una lluminositat instant\u00e0nia a la pell.","breadcrumb":{"@id":"https:\/\/theessentialclinic.com\/ca\/tractaments\/hydrafacial\/hydrafacial-deluxe\/#breadcrumb"},"inLanguage":"ca","potentialAction":[{"@type":"ReadAction","target":["https:\/\/theessentialclinic.com\/ca\/tractaments\/hydrafacial\/hydrafacial-deluxe\/"]}]},{"@type":"BreadcrumbList","@id":"https:\/\/theessentialclinic.com\/ca\/tractaments\/hydrafacial\/hydrafacial-deluxe\/#breadcrumb","itemListElement":[{"@type":"ListItem","position":1,"name":"Accueil","item":"https:\/\/theessentialclinic.com\/ca\/inici\/"},{"@type":"ListItem","position":2,"name":"Tractaments","item":"https:\/\/theessentialclinic.com\/ca\/tractaments\/"},{"@type":"ListItem","position":3,"name":"Hydrafacial","item":"https:\/\/theessentialclinic.com\/ca\/tractaments\/hydrafacial\/"},{"@type":"ListItem","position":4,"name":"Hydrafacial Deluxe"}]},{"@type":"WebSite","@id":"https:\/\/theessentialclinic.com\/ca\/#website","url":"https:\/\/theessentialclinic.com\/ca\/","name":"The Essential Clinic","description":"Just another WordPress site","publisher":{"@id":"https:\/\/theessentialclinic.com\/ca\/#organization"},"potentialAction":[{"@type":"SearchAction","target":{"@type":"EntryPoint","urlTemplate":"https:\/\/theessentialclinic.com\/ca\/?s={search_term_string}"},"query-input":{"@type":"PropertyValueSpecification","valueRequired":true,"valueName":"search_term_string"}}],"inLanguage":"ca"},{"@type":"Organization","@id":"https:\/\/theessentialclinic.com\/ca\/#organization","name":"The Essential Clinic","url":"https:\/\/theessentialclinic.com\/ca\/","logo":{"@type":"ImageObject","inLanguage":"ca","@id":"https:\/\/theessentialclinic.com\/ca\/#\/schema\/logo\/image\/","url":"https:\/\/theessentialclinic.com\/wp-content\/uploads\/2022\/01\/logo_white.svg","contentUrl":"https:\/\/theessentialclinic.com\/wp-content\/uploads\/2022\/01\/logo_white.svg","width":1080,"height":1080,"caption":"The Essential Clinic"},"image":{"@id":"https:\/\/theessentialclinic.com\/ca\/#\/schema\/logo\/image\/"}}]}},"_links":{"self":[{"href":"https:\/\/theessentialclinic.com\/ca\/wp-json\/wp\/v2\/pages\/35324","targetHints":{"allow":["GET"]}}],"collection":[{"href":"https:\/\/theessentialclinic.com\/ca\/wp-json\/wp\/v2\/pages"}],"about":[{"href":"https:\/\/theessentialclinic.com\/ca\/wp-json\/wp\/v2\/types\/page"}],"author":[{"embeddable":true,"href":"https:\/\/theessentialclinic.com\/ca\/wp-json\/wp\/v2\/users\/1"}],"replies":[{"embeddable":true,"href":"https:\/\/theessentialclinic.com\/ca\/wp-json\/wp\/v2\/comments?post=35324"}],"version-history":[{"count":2,"href":"https:\/\/theessentialclinic.com\/ca\/wp-json\/wp\/v2\/pages\/35324\/revisions"}],"predecessor-version":[{"id":39515,"href":"https:\/\/theessentialclinic.com\/ca\/wp-json\/wp\/v2\/pages\/35324\/revisions\/39515"}],"up":[{"embeddable":true,"href":"https:\/\/theessentialclinic.com\/ca\/wp-json\/wp\/v2\/pages\/35310"}],"wp:attachment":[{"href":"https:\/\/theessentialclinic.com\/ca\/wp-json\/wp\/v2\/media?parent=35324"}],"curies":[{"name":"wp","href":"https:\/\/api.w.org\/{rel}","templated":true}]}}