{"id":35282,"date":"2022-02-10T16:27:52","date_gmt":"2022-02-10T15:27:52","guid":{"rendered":"https:\/\/theessentialclinic.com\/tractaments\/acid-hialuronic\/projeccio-de-pomuls\/"},"modified":"2022-12-20T11:26:51","modified_gmt":"2022-12-20T10:26:51","slug":"projeccio-de-pomuls","status":"publish","type":"page","link":"https:\/\/theessentialclinic.com\/ca\/tractaments\/acid-hialuronic\/projeccio-de-pomuls\/","title":{"rendered":"Projecci\u00f3 de p\u00f2muls"},"content":{"rendered":"\t\t<div data-elementor-type=\"section\" data-elementor-id=\"35565\" class=\"elementor elementor-35565 elementor-29728\" data-elementor-post-type=\"elementor_library\">\n\t\t\t\t\t\t\t\t<section class=\"elementor-section elementor-top-section elementor-element elementor-element-92331f5 elementor-section-boxed elementor-section-height-default elementor-section-height-default\" data-id=\"92331f5\" data-element_type=\"section\" id=\"preyeccion\">\n\t\t\t\t\t\t<div class=\"elementor-container elementor-column-gap-default\">\n\t\t\t\t\t<div class=\"elementor-column elementor-col-100 elementor-top-column elementor-element elementor-element-ffe5b27\" data-id=\"ffe5b27\" data-element_type=\"column\">\n\t\t\t<div class=\"elementor-widget-wrap elementor-element-populated\">\n\t\t\t\t\t\t\t\t<div class=\"elementor-element elementor-element-ca03ae4 elementor-widget elementor-widget-text-editor\" data-id=\"ca03ae4\" data-element_type=\"widget\" data-widget_type=\"text-editor.default\">\n\t\t\t\t<div class=\"elementor-widget-container\">\n\t\t\t\t\t\t\t<p>La projecci\u00f3 dels p\u00f2muls es realitza mitjan\u00e7ant la infiltraci\u00f3 d&#8217;\u00e0cid hialur\u00f2nic d&#8217;alta densitat per sobre de l&#8217;estructura \u00f2ssia fent que els teixits m\u00e9s superficials es projectin recuperant el volum perdut i harmonitzant el perfil. L&#8217;\u00c0cid Hialur\u00f2nic, a m\u00e9s d&#8217;aportar volum, hidrata i estimula la formaci\u00f3 de nou col\u00b7lagen, la qual cosa \u00e9s fant\u00e0stic com a tractament preventiu de l&#8217;envelliment fisiol\u00f2gic.<\/p>\n\t\t\t\t\t\t<\/div>\n\t\t\t\t<\/div>\n\t\t\t\t<div class=\"elementor-element elementor-element-3eb08f7 elementor-widget elementor-widget-gallery\" data-id=\"3eb08f7\" data-element_type=\"widget\" data-settings=\"{&quot;columns&quot;:3,&quot;lazyload&quot;:&quot;yes&quot;,&quot;gallery_layout&quot;:&quot;grid&quot;,&quot;columns_tablet&quot;:2,&quot;columns_mobile&quot;:1,&quot;gap&quot;:{&quot;unit&quot;:&quot;px&quot;,&quot;size&quot;:10,&quot;sizes&quot;:[]},&quot;gap_tablet&quot;:{&quot;unit&quot;:&quot;px&quot;,&quot;size&quot;:10,&quot;sizes&quot;:[]},&quot;gap_mobile&quot;:{&quot;unit&quot;:&quot;px&quot;,&quot;size&quot;:10,&quot;sizes&quot;:[]},&quot;link_to&quot;:&quot;file&quot;,&quot;aspect_ratio&quot;:&quot;3:2&quot;,&quot;overlay_background&quot;:&quot;yes&quot;,&quot;content_hover_animation&quot;:&quot;fade-in&quot;}\" data-widget_type=\"gallery.default\">\n\t\t\t\t<div class=\"elementor-widget-container\">\n\t\t\t\t\t<div class=\"elementor-gallery__container\">\n\t\t\t\t\t\t\t<a class=\"e-gallery-item elementor-gallery-item elementor-animated-content\" href=\"https:\/\/theessentialclinic.com\/wp-content\/uploads\/2022\/03\/PROYECCION-DE-POMULOS-3.jpg\" data-elementor-open-lightbox=\"yes\" data-elementor-lightbox-slideshow=\"3eb08f7\" data-elementor-lightbox-title=\"PROYECCI\u00d3N DE P\u00d3MULOS 3\" data-e-action-hash=\"#elementor-action%3Aaction%3Dlightbox%26settings%3DeyJpZCI6MzQ2ODYsInVybCI6Imh0dHBzOlwvXC90aGVlc3NlbnRpYWxjbGluaWMuY29tXC93cC1jb250ZW50XC91cGxvYWRzXC8yMDIyXC8wM1wvUFJPWUVDQ0lPTi1ERS1QT01VTE9TLTMuanBnIiwic2xpZGVzaG93IjoiM2ViMDhmNyJ9\">\n\t\t\t\t\t<div class=\"e-gallery-image elementor-gallery-item__image\" data-thumbnail=\"https:\/\/theessentialclinic.com\/wp-content\/uploads\/2022\/03\/PROYECCION-DE-POMULOS-3-240x300.jpg\" data-width=\"240\" data-height=\"300\" aria-label=\"Proyecci\u00f3n de p\u00f3mulos\" role=\"img\" ><\/div>\n\t\t\t\t\t\t\t\t\t\t\t<div class=\"elementor-gallery-item__overlay\"><\/div>\n\t\t\t\t\t\t\t\t\t\t\t\t\t\t<\/a>\n\t\t\t\t\t\t\t<a class=\"e-gallery-item elementor-gallery-item elementor-animated-content\" href=\"https:\/\/theessentialclinic.com\/wp-content\/uploads\/2022\/03\/PROYECCION-DE-POMULOS-1.jpg\" data-elementor-open-lightbox=\"yes\" data-elementor-lightbox-slideshow=\"3eb08f7\" data-elementor-lightbox-title=\"PROYECCI\u00d3N DE P\u00d3MULOS 1\" data-e-action-hash=\"#elementor-action%3Aaction%3Dlightbox%26settings%3DeyJpZCI6MzQ2ODksInVybCI6Imh0dHBzOlwvXC90aGVlc3NlbnRpYWxjbGluaWMuY29tXC93cC1jb250ZW50XC91cGxvYWRzXC8yMDIyXC8wM1wvUFJPWUVDQ0lPTi1ERS1QT01VTE9TLTEuanBnIiwic2xpZGVzaG93IjoiM2ViMDhmNyJ9\">\n\t\t\t\t\t<div class=\"e-gallery-image elementor-gallery-item__image\" data-thumbnail=\"https:\/\/theessentialclinic.com\/wp-content\/uploads\/2022\/03\/PROYECCION-DE-POMULOS-1-300x171.jpg\" data-width=\"300\" data-height=\"171\" aria-label=\"Proyecci\u00f3n de p\u00f3mulos\" role=\"img\" ><\/div>\n\t\t\t\t\t\t\t\t\t\t\t<div class=\"elementor-gallery-item__overlay\"><\/div>\n\t\t\t\t\t\t\t\t\t\t\t\t\t\t<\/a>\n\t\t\t\t\t\t\t<a class=\"e-gallery-item elementor-gallery-item elementor-animated-content\" href=\"https:\/\/theessentialclinic.com\/wp-content\/uploads\/2022\/03\/PROYECCION-DE-POMULOS-2.jpg\" data-elementor-open-lightbox=\"yes\" data-elementor-lightbox-slideshow=\"3eb08f7\" data-elementor-lightbox-title=\"PROYECCI\u00d3N DE P\u00d3MULOS 2\" data-e-action-hash=\"#elementor-action%3Aaction%3Dlightbox%26settings%3DeyJpZCI6MzQ2OTIsInVybCI6Imh0dHBzOlwvXC90aGVlc3NlbnRpYWxjbGluaWMuY29tXC93cC1jb250ZW50XC91cGxvYWRzXC8yMDIyXC8wM1wvUFJPWUVDQ0lPTi1ERS1QT01VTE9TLTIuanBnIiwic2xpZGVzaG93IjoiM2ViMDhmNyJ9\">\n\t\t\t\t\t<div class=\"e-gallery-image elementor-gallery-item__image\" data-thumbnail=\"https:\/\/theessentialclinic.com\/wp-content\/uploads\/2022\/03\/PROYECCION-DE-POMULOS-2-300x200.jpg\" data-width=\"300\" data-height=\"200\" aria-label=\"Proyecci\u00f3n de p\u00f3mulos\" role=\"img\" ><\/div>\n\t\t\t\t\t\t\t\t\t\t\t<div class=\"elementor-gallery-item__overlay\"><\/div>\n\t\t\t\t\t\t\t\t\t\t\t\t\t\t<\/a>\n\t\t\t\t\t<\/div>\n\t\t\t<\/div>\n\t\t\t\t<\/div>\n\t\t\t\t<div class=\"elementor-element elementor-element-2583c41 elementor-widget elementor-widget-accordion\" data-id=\"2583c41\" data-element_type=\"widget\" data-widget_type=\"accordion.default\">\n\t\t\t\t<div class=\"elementor-widget-container\">\n\t\t\t\t\t<div class=\"elementor-accordion\">\n\t\t\t\t\t\t\t<div class=\"elementor-accordion-item\">\n\t\t\t\t\t<div id=\"elementor-tab-title-3931\" class=\"elementor-tab-title\" data-tab=\"1\" role=\"button\" aria-controls=\"elementor-tab-content-3931\" aria-expanded=\"false\">\n\t\t\t\t\t\t\t\t\t\t\t\t\t<span class=\"elementor-accordion-icon elementor-accordion-icon-left\" aria-hidden=\"true\">\n\t\t\t\t\t\t\t\t\t\t\t\t\t\t\t<span class=\"elementor-accordion-icon-closed\"><i class=\"fas fa-angle-down\"><\/i><\/span>\n\t\t\t\t\t\t\t\t<span class=\"elementor-accordion-icon-opened\"><i class=\"fas fa-minus\"><\/i><\/span>\n\t\t\t\t\t\t\t\t\t\t\t\t\t\t<\/span>\n\t\t\t\t\t\t\t\t\t\t\t\t<a class=\"elementor-accordion-title\" tabindex=\"0\">Per qu\u00e8 serveix?<\/a>\n\t\t\t\t\t<\/div>\n\t\t\t\t\t<div id=\"elementor-tab-content-3931\" class=\"elementor-tab-content elementor-clearfix\" data-tab=\"1\" role=\"region\" aria-labelledby=\"elementor-tab-title-3931\"><p>Per tornar el volum i la posici\u00f3 dels teixits que han disminu\u00eft o s&#8217;han despla\u00e7at amb els anys oa causa de la p\u00e8rdua de pes.<\/p>\n<\/div>\n\t\t\t\t<\/div>\n\t\t\t\t\t\t\t<div class=\"elementor-accordion-item\">\n\t\t\t\t\t<div id=\"elementor-tab-title-3932\" class=\"elementor-tab-title\" data-tab=\"2\" role=\"button\" aria-controls=\"elementor-tab-content-3932\" aria-expanded=\"false\">\n\t\t\t\t\t\t\t\t\t\t\t\t\t<span class=\"elementor-accordion-icon elementor-accordion-icon-left\" aria-hidden=\"true\">\n\t\t\t\t\t\t\t\t\t\t\t\t\t\t\t<span class=\"elementor-accordion-icon-closed\"><i class=\"fas fa-angle-down\"><\/i><\/span>\n\t\t\t\t\t\t\t\t<span class=\"elementor-accordion-icon-opened\"><i class=\"fas fa-minus\"><\/i><\/span>\n\t\t\t\t\t\t\t\t\t\t\t\t\t\t<\/span>\n\t\t\t\t\t\t\t\t\t\t\t\t<a class=\"elementor-accordion-title\" tabindex=\"0\">Quant de temps dura el procediment?<\/a>\n\t\t\t\t\t<\/div>\n\t\t\t\t\t<div id=\"elementor-tab-content-3932\" class=\"elementor-tab-content elementor-clearfix\" data-tab=\"2\" role=\"region\" aria-labelledby=\"elementor-tab-title-3932\"><p>20 i 30 min aproximadament.<\/p>\n<\/div>\n\t\t\t\t<\/div>\n\t\t\t\t\t\t\t<div class=\"elementor-accordion-item\">\n\t\t\t\t\t<div id=\"elementor-tab-title-3933\" class=\"elementor-tab-title\" data-tab=\"3\" role=\"button\" aria-controls=\"elementor-tab-content-3933\" aria-expanded=\"false\">\n\t\t\t\t\t\t\t\t\t\t\t\t\t<span class=\"elementor-accordion-icon elementor-accordion-icon-left\" aria-hidden=\"true\">\n\t\t\t\t\t\t\t\t\t\t\t\t\t\t\t<span class=\"elementor-accordion-icon-closed\"><i class=\"fas fa-angle-down\"><\/i><\/span>\n\t\t\t\t\t\t\t\t<span class=\"elementor-accordion-icon-opened\"><i class=\"fas fa-minus\"><\/i><\/span>\n\t\t\t\t\t\t\t\t\t\t\t\t\t\t<\/span>\n\t\t\t\t\t\t\t\t\t\t\t\t<a class=\"elementor-accordion-title\" tabindex=\"0\">El procediment \u00e9s dolor\u00f3s?<\/a>\n\t\t\t\t\t<\/div>\n\t\t\t\t\t<div id=\"elementor-tab-content-3933\" class=\"elementor-tab-content elementor-clearfix\" data-tab=\"3\" role=\"region\" aria-labelledby=\"elementor-tab-title-3933\"><p>Lleu mol\u00e8stia. \u00c9s totalment tolerable.<\/p>\n<\/div>\n\t\t\t\t<\/div>\n\t\t\t\t\t\t\t<div class=\"elementor-accordion-item\">\n\t\t\t\t\t<div id=\"elementor-tab-title-3934\" class=\"elementor-tab-title\" data-tab=\"4\" role=\"button\" aria-controls=\"elementor-tab-content-3934\" aria-expanded=\"false\">\n\t\t\t\t\t\t\t\t\t\t\t\t\t<span class=\"elementor-accordion-icon elementor-accordion-icon-left\" aria-hidden=\"true\">\n\t\t\t\t\t\t\t\t\t\t\t\t\t\t\t<span class=\"elementor-accordion-icon-closed\"><i class=\"fas fa-angle-down\"><\/i><\/span>\n\t\t\t\t\t\t\t\t<span class=\"elementor-accordion-icon-opened\"><i class=\"fas fa-minus\"><\/i><\/span>\n\t\t\t\t\t\t\t\t\t\t\t\t\t\t<\/span>\n\t\t\t\t\t\t\t\t\t\t\t\t<a class=\"elementor-accordion-title\" tabindex=\"0\">Quan veig els efectes?<\/a>\n\t\t\t\t\t<\/div>\n\t\t\t\t\t<div id=\"elementor-tab-content-3934\" class=\"elementor-tab-content elementor-clearfix\" data-tab=\"4\" role=\"region\" aria-labelledby=\"elementor-tab-title-3934\"><p>El resultat \u00e9s visible immediatament des de laplicaci\u00f3, millorant progressivament amb el transcurs dels dies.<\/p>\n<\/div>\n\t\t\t\t<\/div>\n\t\t\t\t\t\t\t<div class=\"elementor-accordion-item\">\n\t\t\t\t\t<div id=\"elementor-tab-title-3935\" class=\"elementor-tab-title\" data-tab=\"5\" role=\"button\" aria-controls=\"elementor-tab-content-3935\" aria-expanded=\"false\">\n\t\t\t\t\t\t\t\t\t\t\t\t\t<span class=\"elementor-accordion-icon elementor-accordion-icon-left\" aria-hidden=\"true\">\n\t\t\t\t\t\t\t\t\t\t\t\t\t\t\t<span class=\"elementor-accordion-icon-closed\"><i class=\"fas fa-angle-down\"><\/i><\/span>\n\t\t\t\t\t\t\t\t<span class=\"elementor-accordion-icon-opened\"><i class=\"fas fa-minus\"><\/i><\/span>\n\t\t\t\t\t\t\t\t\t\t\t\t\t\t<\/span>\n\t\t\t\t\t\t\t\t\t\t\t\t<a class=\"elementor-accordion-title\" tabindex=\"0\">Quant de temps duren els efectes?<\/a>\n\t\t\t\t\t<\/div>\n\t\t\t\t\t<div id=\"elementor-tab-content-3935\" class=\"elementor-tab-content elementor-clearfix\" data-tab=\"5\" role=\"region\" aria-labelledby=\"elementor-tab-title-3935\"><p>Entre 6 i 12 mesos, per\u00f2 aix\u00f2 pot variar en funci\u00f3 de la capacitat d&#8217;absorci\u00f3 de l&#8217;organisme de cada pacient.<\/p>\n<\/div>\n\t\t\t\t<\/div>\n\t\t\t\t\t\t\t<div class=\"elementor-accordion-item\">\n\t\t\t\t\t<div id=\"elementor-tab-title-3936\" class=\"elementor-tab-title\" data-tab=\"6\" role=\"button\" aria-controls=\"elementor-tab-content-3936\" aria-expanded=\"false\">\n\t\t\t\t\t\t\t\t\t\t\t\t\t<span class=\"elementor-accordion-icon elementor-accordion-icon-left\" aria-hidden=\"true\">\n\t\t\t\t\t\t\t\t\t\t\t\t\t\t\t<span class=\"elementor-accordion-icon-closed\"><i class=\"fas fa-angle-down\"><\/i><\/span>\n\t\t\t\t\t\t\t\t<span class=\"elementor-accordion-icon-opened\"><i class=\"fas fa-minus\"><\/i><\/span>\n\t\t\t\t\t\t\t\t\t\t\t\t\t\t<\/span>\n\t\t\t\t\t\t\t\t\t\t\t\t<a class=\"elementor-accordion-title\" tabindex=\"0\">Quins s\u00f3n els efectes adversos\/secundaris?<\/a>\n\t\t\t\t\t<\/div>\n\t\t\t\t\t<div id=\"elementor-tab-content-3936\" class=\"elementor-tab-content elementor-clearfix\" data-tab=\"6\" role=\"region\" aria-labelledby=\"elementor-tab-title-3936\"><p>S\u00f3n els relacionats a les infiltracions, que poden ser lleu mol\u00e8stia o dolor, inflamaci\u00f3, petits hematomes, s\u00f3n temporals i se&#8217;n van en pocs dies.<\/p>\n<\/div>\n\t\t\t\t<\/div>\n\t\t\t\t\t\t\t<div class=\"elementor-accordion-item\">\n\t\t\t\t\t<div id=\"elementor-tab-title-3937\" class=\"elementor-tab-title\" data-tab=\"7\" role=\"button\" aria-controls=\"elementor-tab-content-3937\" aria-expanded=\"false\">\n\t\t\t\t\t\t\t\t\t\t\t\t\t<span class=\"elementor-accordion-icon elementor-accordion-icon-left\" aria-hidden=\"true\">\n\t\t\t\t\t\t\t\t\t\t\t\t\t\t\t<span class=\"elementor-accordion-icon-closed\"><i class=\"fas fa-angle-down\"><\/i><\/span>\n\t\t\t\t\t\t\t\t<span class=\"elementor-accordion-icon-opened\"><i class=\"fas fa-minus\"><\/i><\/span>\n\t\t\t\t\t\t\t\t\t\t\t\t\t\t<\/span>\n\t\t\t\t\t\t\t\t\t\t\t\t<a class=\"elementor-accordion-title\" tabindex=\"0\">Cures post-tractament \/ Recomanacions domicili\u00e0ries?<\/a>\n\t\t\t\t\t<\/div>\n\t\t\t\t\t<div id=\"elementor-tab-content-3937\" class=\"elementor-tab-content elementor-clearfix\" data-tab=\"7\" role=\"region\" aria-labelledby=\"elementor-tab-title-3937\"><p>Evitar l&#8217;alcohol, exercici f\u00edsic, sauna i piscina durant 24 hores. Eviteu els raigs del sol i UVA si hi ha morats, fins que aquests s&#8217;hagin resolt completament. Es pot aplicar Thrombocid o arnica per als hematomes. Cremes amb factor de protecci\u00f3 solar.<\/p>\n<\/div>\n\t\t\t\t<\/div>\n\t\t\t\t\t\t\t\t<\/div>\n\t\t\t\t<\/div>\n\t\t\t\t<\/div>\n\t\t\t\t\t<\/div>\n\t\t<\/div>\n\t\t\t\t\t\t\t<\/div>\n\t\t<\/section>\n\t\t\t\t\t\t<\/div>\n\t\t\n","protected":false},"excerpt":{"rendered":"","protected":false},"author":1,"featured_media":34683,"parent":35262,"menu_order":0,"comment_status":"closed","ping_status":"closed","template":"","meta":{"site-sidebar-layout":"default","site-content-layout":"","ast-site-content-layout":"","site-content-style":"default","site-sidebar-style":"default","ast-global-header-display":"","ast-banner-title-visibility":"","ast-main-header-display":"","ast-hfb-above-header-display":"","ast-hfb-below-header-display":"","ast-hfb-mobile-header-display":"","site-post-title":"","ast-breadcrumbs-content":"","ast-featured-img":"","footer-sml-layout":"","theme-transparent-header-meta":"","adv-header-id-meta":"","stick-header-meta":"","header-above-stick-meta":"","header-main-stick-meta":"","header-below-stick-meta":"","astra-migrate-meta-layouts":"","ast-page-background-enabled":"default","ast-page-background-meta":{"desktop":{"background-color":"","background-image":"","background-repeat":"repeat","background-position":"center center","background-size":"auto","background-attachment":"scroll","background-type":"","background-media":"","overlay-type":"","overlay-color":"","overlay-gradient":""},"tablet":{"background-color":"","background-image":"","background-repeat":"repeat","background-position":"center center","background-size":"auto","background-attachment":"scroll","background-type":"","background-media":"","overlay-type":"","overlay-color":"","overlay-gradient":""},"mobile":{"background-color":"","background-image":"","background-repeat":"repeat","background-position":"center center","background-size":"auto","background-attachment":"scroll","background-type":"","background-media":"","overlay-type":"","overlay-color":"","overlay-gradient":""}},"ast-content-background-meta":{"desktop":{"background-color":"var(--ast-global-color-5)","background-image":"","background-repeat":"repeat","background-position":"center center","background-size":"auto","background-attachment":"scroll","background-type":"","background-media":"","overlay-type":"","overlay-color":"","overlay-gradient":""},"tablet":{"background-color":"var(--ast-global-color-5)","background-image":"","background-repeat":"repeat","background-position":"center center","background-size":"auto","background-attachment":"scroll","background-type":"","background-media":"","overlay-type":"","overlay-color":"","overlay-gradient":""},"mobile":{"background-color":"var(--ast-global-color-5)","background-image":"","background-repeat":"repeat","background-position":"center center","background-size":"auto","background-attachment":"scroll","background-type":"","background-media":"","overlay-type":"","overlay-color":"","overlay-gradient":""}},"footnotes":""},"class_list":["post-35282","page","type-page","status-publish","has-post-thumbnail","hentry"],"yoast_head":"<!-- This site is optimized with the Yoast SEO plugin v21.6 - https:\/\/yoast.com\/wordpress\/plugins\/seo\/ -->\n<title>Projecci\u00f3 de p\u00f2muls - The Essential Clinic<\/title>\n<meta name=\"description\" content=\"Projecci\u00f3 de p\u00f2muls amb \u00e0cid hialur\u00f2nic per recuperar volum, harmonitzar el perfil, hidratar i estimular la formaci\u00f3 de col\u00b7lagen.\" \/>\n<meta name=\"robots\" content=\"index, follow, max-snippet:-1, max-image-preview:large, max-video-preview:-1\" \/>\n<link rel=\"canonical\" href=\"https:\/\/theessentialclinic.com\/ca\/tractaments\/acid-hialuronic\/projeccio-de-pomuls\/\" \/>\n<meta property=\"og:locale\" content=\"ca_ES\" \/>\n<meta property=\"og:type\" content=\"article\" \/>\n<meta property=\"og:title\" content=\"Projecci\u00f3 de p\u00f2muls - The Essential Clinic\" \/>\n<meta property=\"og:description\" content=\"Projecci\u00f3 de p\u00f2muls amb \u00e0cid hialur\u00f2nic per recuperar volum, harmonitzar el perfil, hidratar i estimular la formaci\u00f3 de col\u00b7lagen.\" \/>\n<meta property=\"og:url\" content=\"https:\/\/theessentialclinic.com\/ca\/tractaments\/acid-hialuronic\/projeccio-de-pomuls\/\" \/>\n<meta property=\"og:site_name\" content=\"The Essential Clinic\" \/>\n<meta property=\"article:modified_time\" content=\"2022-12-20T10:26:51+00:00\" \/>\n<meta property=\"og:image\" content=\"https:\/\/theessentialclinic.com\/wp-content\/uploads\/2022\/03\/CABECERA-PROYECCION-DE-POMULOS-.jpg\" \/>\n\t<meta property=\"og:image:width\" content=\"2560\" \/>\n\t<meta property=\"og:image:height\" content=\"1862\" \/>\n\t<meta property=\"og:image:type\" content=\"image\/jpeg\" \/>\n<meta name=\"twitter:card\" content=\"summary_large_image\" \/>\n<script type=\"application\/ld+json\" class=\"yoast-schema-graph\">{\"@context\":\"https:\/\/schema.org\",\"@graph\":[{\"@type\":\"WebPage\",\"@id\":\"https:\/\/theessentialclinic.com\/ca\/tractaments\/acid-hialuronic\/projeccio-de-pomuls\/\",\"url\":\"https:\/\/theessentialclinic.com\/ca\/tractaments\/acid-hialuronic\/projeccio-de-pomuls\/\",\"name\":\"Projecci\u00f3 de p\u00f2muls - The Essential Clinic\",\"isPartOf\":{\"@id\":\"https:\/\/theessentialclinic.com\/ca\/#website\"},\"datePublished\":\"2022-02-10T15:27:52+00:00\",\"dateModified\":\"2022-12-20T10:26:51+00:00\",\"description\":\"Projecci\u00f3 de p\u00f2muls amb \u00e0cid hialur\u00f2nic per recuperar volum, harmonitzar el perfil, hidratar i estimular la formaci\u00f3 de col\u00b7lagen.\",\"breadcrumb\":{\"@id\":\"https:\/\/theessentialclinic.com\/ca\/tractaments\/acid-hialuronic\/projeccio-de-pomuls\/#breadcrumb\"},\"inLanguage\":\"ca\",\"potentialAction\":[{\"@type\":\"ReadAction\",\"target\":[\"https:\/\/theessentialclinic.com\/ca\/tractaments\/acid-hialuronic\/projeccio-de-pomuls\/\"]}]},{\"@type\":\"BreadcrumbList\",\"@id\":\"https:\/\/theessentialclinic.com\/ca\/tractaments\/acid-hialuronic\/projeccio-de-pomuls\/#breadcrumb\",\"itemListElement\":[{\"@type\":\"ListItem\",\"position\":1,\"name\":\"Accueil\",\"item\":\"https:\/\/theessentialclinic.com\/ca\/inici\/\"},{\"@type\":\"ListItem\",\"position\":2,\"name\":\"Tractaments\",\"item\":\"https:\/\/theessentialclinic.com\/ca\/tractaments\/\"},{\"@type\":\"ListItem\",\"position\":3,\"name\":\"\u00c0cid hialur\u00f2nic\",\"item\":\"https:\/\/theessentialclinic.com\/ca\/tractaments\/acid-hialuronic\/\"},{\"@type\":\"ListItem\",\"position\":4,\"name\":\"Projecci\u00f3 de p\u00f2muls\"}]},{\"@type\":\"WebSite\",\"@id\":\"https:\/\/theessentialclinic.com\/ca\/#website\",\"url\":\"https:\/\/theessentialclinic.com\/ca\/\",\"name\":\"The Essential Clinic\",\"description\":\"Just another WordPress site\",\"publisher\":{\"@id\":\"https:\/\/theessentialclinic.com\/ca\/#organization\"},\"potentialAction\":[{\"@type\":\"SearchAction\",\"target\":{\"@type\":\"EntryPoint\",\"urlTemplate\":\"https:\/\/theessentialclinic.com\/ca\/?s={search_term_string}\"},\"query-input\":\"required name=search_term_string\"}],\"inLanguage\":\"ca\"},{\"@type\":\"Organization\",\"@id\":\"https:\/\/theessentialclinic.com\/ca\/#organization\",\"name\":\"The Essential Clinic\",\"url\":\"https:\/\/theessentialclinic.com\/ca\/\",\"logo\":{\"@type\":\"ImageObject\",\"inLanguage\":\"ca\",\"@id\":\"https:\/\/theessentialclinic.com\/ca\/#\/schema\/logo\/image\/\",\"url\":\"https:\/\/theessentialclinic.com\/wp-content\/uploads\/2022\/01\/logo_white.svg\",\"contentUrl\":\"https:\/\/theessentialclinic.com\/wp-content\/uploads\/2022\/01\/logo_white.svg\",\"width\":1080,\"height\":1080,\"caption\":\"The Essential Clinic\"},\"image\":{\"@id\":\"https:\/\/theessentialclinic.com\/ca\/#\/schema\/logo\/image\/\"}}]}<\/script>\n<!-- \/ Yoast SEO plugin. -->","yoast_head_json":{"title":"Projecci\u00f3 de p\u00f2muls - The Essential Clinic","description":"Projecci\u00f3 de p\u00f2muls amb \u00e0cid hialur\u00f2nic per recuperar volum, harmonitzar el perfil, hidratar i estimular la formaci\u00f3 de col\u00b7lagen.","robots":{"index":"index","follow":"follow","max-snippet":"max-snippet:-1","max-image-preview":"max-image-preview:large","max-video-preview":"max-video-preview:-1"},"canonical":"https:\/\/theessentialclinic.com\/ca\/tractaments\/acid-hialuronic\/projeccio-de-pomuls\/","og_locale":"ca_ES","og_type":"article","og_title":"Projecci\u00f3 de p\u00f2muls - The Essential Clinic","og_description":"Projecci\u00f3 de p\u00f2muls amb \u00e0cid hialur\u00f2nic per recuperar volum, harmonitzar el perfil, hidratar i estimular la formaci\u00f3 de col\u00b7lagen.","og_url":"https:\/\/theessentialclinic.com\/ca\/tractaments\/acid-hialuronic\/projeccio-de-pomuls\/","og_site_name":"The Essential Clinic","article_modified_time":"2022-12-20T10:26:51+00:00","og_image":[{"width":2560,"height":1862,"url":"https:\/\/theessentialclinic.com\/wp-content\/uploads\/2022\/03\/CABECERA-PROYECCION-DE-POMULOS-.jpg","type":"image\/jpeg"}],"twitter_card":"summary_large_image","schema":{"@context":"https:\/\/schema.org","@graph":[{"@type":"WebPage","@id":"https:\/\/theessentialclinic.com\/ca\/tractaments\/acid-hialuronic\/projeccio-de-pomuls\/","url":"https:\/\/theessentialclinic.com\/ca\/tractaments\/acid-hialuronic\/projeccio-de-pomuls\/","name":"Projecci\u00f3 de p\u00f2muls - The Essential Clinic","isPartOf":{"@id":"https:\/\/theessentialclinic.com\/ca\/#website"},"datePublished":"2022-02-10T15:27:52+00:00","dateModified":"2022-12-20T10:26:51+00:00","description":"Projecci\u00f3 de p\u00f2muls amb \u00e0cid hialur\u00f2nic per recuperar volum, harmonitzar el perfil, hidratar i estimular la formaci\u00f3 de col\u00b7lagen.","breadcrumb":{"@id":"https:\/\/theessentialclinic.com\/ca\/tractaments\/acid-hialuronic\/projeccio-de-pomuls\/#breadcrumb"},"inLanguage":"ca","potentialAction":[{"@type":"ReadAction","target":["https:\/\/theessentialclinic.com\/ca\/tractaments\/acid-hialuronic\/projeccio-de-pomuls\/"]}]},{"@type":"BreadcrumbList","@id":"https:\/\/theessentialclinic.com\/ca\/tractaments\/acid-hialuronic\/projeccio-de-pomuls\/#breadcrumb","itemListElement":[{"@type":"ListItem","position":1,"name":"Accueil","item":"https:\/\/theessentialclinic.com\/ca\/inici\/"},{"@type":"ListItem","position":2,"name":"Tractaments","item":"https:\/\/theessentialclinic.com\/ca\/tractaments\/"},{"@type":"ListItem","position":3,"name":"\u00c0cid hialur\u00f2nic","item":"https:\/\/theessentialclinic.com\/ca\/tractaments\/acid-hialuronic\/"},{"@type":"ListItem","position":4,"name":"Projecci\u00f3 de p\u00f2muls"}]},{"@type":"WebSite","@id":"https:\/\/theessentialclinic.com\/ca\/#website","url":"https:\/\/theessentialclinic.com\/ca\/","name":"The Essential Clinic","description":"Just another WordPress site","publisher":{"@id":"https:\/\/theessentialclinic.com\/ca\/#organization"},"potentialAction":[{"@type":"SearchAction","target":{"@type":"EntryPoint","urlTemplate":"https:\/\/theessentialclinic.com\/ca\/?s={search_term_string}"},"query-input":"required name=search_term_string"}],"inLanguage":"ca"},{"@type":"Organization","@id":"https:\/\/theessentialclinic.com\/ca\/#organization","name":"The Essential Clinic","url":"https:\/\/theessentialclinic.com\/ca\/","logo":{"@type":"ImageObject","inLanguage":"ca","@id":"https:\/\/theessentialclinic.com\/ca\/#\/schema\/logo\/image\/","url":"https:\/\/theessentialclinic.com\/wp-content\/uploads\/2022\/01\/logo_white.svg","contentUrl":"https:\/\/theessentialclinic.com\/wp-content\/uploads\/2022\/01\/logo_white.svg","width":1080,"height":1080,"caption":"The Essential Clinic"},"image":{"@id":"https:\/\/theessentialclinic.com\/ca\/#\/schema\/logo\/image\/"}}]}},"_links":{"self":[{"href":"https:\/\/theessentialclinic.com\/ca\/wp-json\/wp\/v2\/pages\/35282","targetHints":{"allow":["GET"]}}],"collection":[{"href":"https:\/\/theessentialclinic.com\/ca\/wp-json\/wp\/v2\/pages"}],"about":[{"href":"https:\/\/theessentialclinic.com\/ca\/wp-json\/wp\/v2\/types\/page"}],"author":[{"embeddable":true,"href":"https:\/\/theessentialclinic.com\/ca\/wp-json\/wp\/v2\/users\/1"}],"replies":[{"embeddable":true,"href":"https:\/\/theessentialclinic.com\/ca\/wp-json\/wp\/v2\/comments?post=35282"}],"version-history":[{"count":1,"href":"https:\/\/theessentialclinic.com\/ca\/wp-json\/wp\/v2\/pages\/35282\/revisions"}],"predecessor-version":[{"id":35283,"href":"https:\/\/theessentialclinic.com\/ca\/wp-json\/wp\/v2\/pages\/35282\/revisions\/35283"}],"up":[{"embeddable":true,"href":"https:\/\/theessentialclinic.com\/ca\/wp-json\/wp\/v2\/pages\/35262"}],"wp:featuredmedia":[{"embeddable":true,"href":"https:\/\/theessentialclinic.com\/ca\/wp-json\/wp\/v2\/media\/34683"}],"wp:attachment":[{"href":"https:\/\/theessentialclinic.com\/ca\/wp-json\/wp\/v2\/media?parent=35282"}],"curies":[{"name":"wp","href":"https:\/\/api.w.org\/{rel}","templated":true}]}}