{"id":35278,"date":"2022-02-10T16:28:17","date_gmt":"2022-02-10T15:28:17","guid":{"rendered":"https:\/\/theessentialclinic.com\/tractaments\/acid-hialuronic\/marcacio-mandibular\/"},"modified":"2022-12-20T11:19:01","modified_gmt":"2022-12-20T10:19:01","slug":"marcacio-mandibular","status":"publish","type":"page","link":"https:\/\/theessentialclinic.com\/ca\/tractaments\/acid-hialuronic\/marcacio-mandibular\/","title":{"rendered":"Marcaci\u00f3 mandibular"},"content":{"rendered":"\t\t<div data-elementor-type=\"section\" data-elementor-id=\"35563\" class=\"elementor elementor-35563 elementor-29731\" data-elementor-post-type=\"elementor_library\">\n\t\t\t\t\t\t\t\t<section class=\"elementor-section elementor-top-section elementor-element elementor-element-ec587bc elementor-section-boxed elementor-section-height-default elementor-section-height-default\" data-id=\"ec587bc\" data-element_type=\"section\" id=\"marcacionmandibular\">\n\t\t\t\t\t\t<div class=\"elementor-container elementor-column-gap-default\">\n\t\t\t\t\t<div class=\"elementor-column elementor-col-100 elementor-top-column elementor-element elementor-element-e7d835f\" data-id=\"e7d835f\" data-element_type=\"column\">\n\t\t\t<div class=\"elementor-widget-wrap elementor-element-populated\">\n\t\t\t\t\t\t\t\t<div class=\"elementor-element elementor-element-36cc56e elementor-widget elementor-widget-text-editor\" data-id=\"36cc56e\" data-element_type=\"widget\" data-widget_type=\"text-editor.default\">\n\t\t\t\t<div class=\"elementor-widget-container\">\n\t\t\t\t\t\t\t<p>El tractament de marcatge mandibular consisteix en petites infiltracions d&#8217;\u00e0cid hialur\u00f2nic per tal de corregir els angles facials per tornar harmonia a la cara i a l&#8217;oval facial. Aquest tractament tamb\u00e9 aconsegueix una cara m\u00e9s prima i definida restaurant volums perduts i harmonitzant el perfil. L&#8217;\u00e0cid hialur\u00f2nic utilitzat per marcar i perfilar la mand\u00edbula tamb\u00e9 millora l&#8217;aspecte de la pell, ja que estimula la producci\u00f3 natural de col\u00b7lagen i elastina.<\/p>\n\t\t\t\t\t\t<\/div>\n\t\t\t\t<\/div>\n\t\t\t\t<div class=\"elementor-element elementor-element-f58297c elementor-widget elementor-widget-gallery\" data-id=\"f58297c\" data-element_type=\"widget\" data-settings=\"{&quot;columns&quot;:3,&quot;lazyload&quot;:&quot;yes&quot;,&quot;gallery_layout&quot;:&quot;grid&quot;,&quot;columns_tablet&quot;:2,&quot;columns_mobile&quot;:1,&quot;gap&quot;:{&quot;unit&quot;:&quot;px&quot;,&quot;size&quot;:10,&quot;sizes&quot;:[]},&quot;gap_tablet&quot;:{&quot;unit&quot;:&quot;px&quot;,&quot;size&quot;:10,&quot;sizes&quot;:[]},&quot;gap_mobile&quot;:{&quot;unit&quot;:&quot;px&quot;,&quot;size&quot;:10,&quot;sizes&quot;:[]},&quot;link_to&quot;:&quot;file&quot;,&quot;aspect_ratio&quot;:&quot;3:2&quot;,&quot;overlay_background&quot;:&quot;yes&quot;,&quot;content_hover_animation&quot;:&quot;fade-in&quot;}\" data-widget_type=\"gallery.default\">\n\t\t\t\t<div class=\"elementor-widget-container\">\n\t\t\t\t\t<div class=\"elementor-gallery__container\">\n\t\t\t\t\t\t\t<a class=\"e-gallery-item elementor-gallery-item elementor-animated-content\" href=\"https:\/\/theessentialclinic.com\/wp-content\/uploads\/2022\/03\/MANDIBULA-2.jpg\" data-elementor-open-lightbox=\"yes\" data-elementor-lightbox-slideshow=\"f58297c\" data-elementor-lightbox-title=\"MANDIBULA 2\" data-e-action-hash=\"#elementor-action%3Aaction%3Dlightbox%26settings%3DeyJpZCI6MzQ2MTQsInVybCI6Imh0dHBzOlwvXC90aGVlc3NlbnRpYWxjbGluaWMuY29tXC93cC1jb250ZW50XC91cGxvYWRzXC8yMDIyXC8wM1wvTUFORElCVUxBLTIuanBnIiwic2xpZGVzaG93IjoiZjU4Mjk3YyJ9\">\n\t\t\t\t\t<div class=\"e-gallery-image elementor-gallery-item__image\" data-thumbnail=\"https:\/\/theessentialclinic.com\/wp-content\/uploads\/2022\/03\/MANDIBULA-2-300x225.jpg\" data-width=\"300\" data-height=\"225\" aria-label=\"Marcaci\u00f3n mandibular\" role=\"img\" ><\/div>\n\t\t\t\t\t\t\t\t\t\t\t<div class=\"elementor-gallery-item__overlay\"><\/div>\n\t\t\t\t\t\t\t\t\t\t\t\t\t\t<\/a>\n\t\t\t\t\t\t\t<a class=\"e-gallery-item elementor-gallery-item elementor-animated-content\" href=\"https:\/\/theessentialclinic.com\/wp-content\/uploads\/2022\/03\/MANDIBULA-3.jpg\" data-elementor-open-lightbox=\"yes\" data-elementor-lightbox-slideshow=\"f58297c\" data-elementor-lightbox-title=\"MANDIBULA 3\" data-e-action-hash=\"#elementor-action%3Aaction%3Dlightbox%26settings%3DeyJpZCI6MzQ2MTcsInVybCI6Imh0dHBzOlwvXC90aGVlc3NlbnRpYWxjbGluaWMuY29tXC93cC1jb250ZW50XC91cGxvYWRzXC8yMDIyXC8wM1wvTUFORElCVUxBLTMuanBnIiwic2xpZGVzaG93IjoiZjU4Mjk3YyJ9\">\n\t\t\t\t\t<div class=\"e-gallery-image elementor-gallery-item__image\" data-thumbnail=\"https:\/\/theessentialclinic.com\/wp-content\/uploads\/2022\/03\/MANDIBULA-3-300x196.jpg\" data-width=\"300\" data-height=\"196\" aria-label=\"Marcaci\u00f3n mandibular\" role=\"img\" ><\/div>\n\t\t\t\t\t\t\t\t\t\t\t<div class=\"elementor-gallery-item__overlay\"><\/div>\n\t\t\t\t\t\t\t\t\t\t\t\t\t\t<\/a>\n\t\t\t\t\t\t\t<a class=\"e-gallery-item elementor-gallery-item elementor-animated-content\" href=\"https:\/\/theessentialclinic.com\/wp-content\/uploads\/2022\/03\/MARCACION-MANDIBULAR-1.jpg\" data-elementor-open-lightbox=\"yes\" data-elementor-lightbox-slideshow=\"f58297c\" data-elementor-lightbox-title=\"MARCACION MANDIBULAR 1\" data-e-action-hash=\"#elementor-action%3Aaction%3Dlightbox%26settings%3DeyJpZCI6MzQ2MjAsInVybCI6Imh0dHBzOlwvXC90aGVlc3NlbnRpYWxjbGluaWMuY29tXC93cC1jb250ZW50XC91cGxvYWRzXC8yMDIyXC8wM1wvTUFSQ0FDSU9OLU1BTkRJQlVMQVItMS5qcGciLCJzbGlkZXNob3ciOiJmNTgyOTdjIn0%3D\">\n\t\t\t\t\t<div class=\"e-gallery-image elementor-gallery-item__image\" data-thumbnail=\"https:\/\/theessentialclinic.com\/wp-content\/uploads\/2022\/03\/MARCACION-MANDIBULAR-1-300x200.jpg\" data-width=\"300\" data-height=\"200\" aria-label=\"Marcaci\u00f3n mandibular\" role=\"img\" ><\/div>\n\t\t\t\t\t\t\t\t\t\t\t<div class=\"elementor-gallery-item__overlay\"><\/div>\n\t\t\t\t\t\t\t\t\t\t\t\t\t\t<\/a>\n\t\t\t\t\t<\/div>\n\t\t\t<\/div>\n\t\t\t\t<\/div>\n\t\t\t\t<div class=\"elementor-element elementor-element-310ee25 elementor-widget elementor-widget-accordion\" data-id=\"310ee25\" data-element_type=\"widget\" data-widget_type=\"accordion.default\">\n\t\t\t\t<div class=\"elementor-widget-container\">\n\t\t\t\t\t<div class=\"elementor-accordion\">\n\t\t\t\t\t\t\t<div class=\"elementor-accordion-item\">\n\t\t\t\t\t<div id=\"elementor-tab-title-5141\" class=\"elementor-tab-title\" data-tab=\"1\" role=\"button\" aria-controls=\"elementor-tab-content-5141\" aria-expanded=\"false\">\n\t\t\t\t\t\t\t\t\t\t\t\t\t<span class=\"elementor-accordion-icon elementor-accordion-icon-left\" aria-hidden=\"true\">\n\t\t\t\t\t\t\t\t\t\t\t\t\t\t\t<span class=\"elementor-accordion-icon-closed\"><i class=\"fas fa-angle-down\"><\/i><\/span>\n\t\t\t\t\t\t\t\t<span class=\"elementor-accordion-icon-opened\"><i class=\"fas fa-minus\"><\/i><\/span>\n\t\t\t\t\t\t\t\t\t\t\t\t\t\t<\/span>\n\t\t\t\t\t\t\t\t\t\t\t\t<a class=\"elementor-accordion-title\" tabindex=\"0\">Quant de temps dura el procediment?<\/a>\n\t\t\t\t\t<\/div>\n\t\t\t\t\t<div id=\"elementor-tab-content-5141\" class=\"elementor-tab-content elementor-clearfix\" data-tab=\"1\" role=\"region\" aria-labelledby=\"elementor-tab-title-5141\"><p>20 i 30 min aproximadament.<\/p>\n<\/div>\n\t\t\t\t<\/div>\n\t\t\t\t\t\t\t<div class=\"elementor-accordion-item\">\n\t\t\t\t\t<div id=\"elementor-tab-title-5142\" class=\"elementor-tab-title\" data-tab=\"2\" role=\"button\" aria-controls=\"elementor-tab-content-5142\" aria-expanded=\"false\">\n\t\t\t\t\t\t\t\t\t\t\t\t\t<span class=\"elementor-accordion-icon elementor-accordion-icon-left\" aria-hidden=\"true\">\n\t\t\t\t\t\t\t\t\t\t\t\t\t\t\t<span class=\"elementor-accordion-icon-closed\"><i class=\"fas fa-angle-down\"><\/i><\/span>\n\t\t\t\t\t\t\t\t<span class=\"elementor-accordion-icon-opened\"><i class=\"fas fa-minus\"><\/i><\/span>\n\t\t\t\t\t\t\t\t\t\t\t\t\t\t<\/span>\n\t\t\t\t\t\t\t\t\t\t\t\t<a class=\"elementor-accordion-title\" tabindex=\"0\">El procediment \u00e9s dolor\u00f3s?<\/a>\n\t\t\t\t\t<\/div>\n\t\t\t\t\t<div id=\"elementor-tab-content-5142\" class=\"elementor-tab-content elementor-clearfix\" data-tab=\"2\" role=\"region\" aria-labelledby=\"elementor-tab-title-5142\"><p>Lleu mol\u00e8stia. \u00c9s totalment tolerable.<\/p>\n<\/div>\n\t\t\t\t<\/div>\n\t\t\t\t\t\t\t<div class=\"elementor-accordion-item\">\n\t\t\t\t\t<div id=\"elementor-tab-title-5143\" class=\"elementor-tab-title\" data-tab=\"3\" role=\"button\" aria-controls=\"elementor-tab-content-5143\" aria-expanded=\"false\">\n\t\t\t\t\t\t\t\t\t\t\t\t\t<span class=\"elementor-accordion-icon elementor-accordion-icon-left\" aria-hidden=\"true\">\n\t\t\t\t\t\t\t\t\t\t\t\t\t\t\t<span class=\"elementor-accordion-icon-closed\"><i class=\"fas fa-angle-down\"><\/i><\/span>\n\t\t\t\t\t\t\t\t<span class=\"elementor-accordion-icon-opened\"><i class=\"fas fa-minus\"><\/i><\/span>\n\t\t\t\t\t\t\t\t\t\t\t\t\t\t<\/span>\n\t\t\t\t\t\t\t\t\t\t\t\t<a class=\"elementor-accordion-title\" tabindex=\"0\">Quan veig els efectes?<\/a>\n\t\t\t\t\t<\/div>\n\t\t\t\t\t<div id=\"elementor-tab-content-5143\" class=\"elementor-tab-content elementor-clearfix\" data-tab=\"3\" role=\"region\" aria-labelledby=\"elementor-tab-title-5143\"><p>Els resultats s\u00f3n immediats despr\u00e9s de finalitzar el tractament. Redefineix l&#8217;oval facial sense rec\u00f3rrer a la cirurgia.<\/p>\n<\/div>\n\t\t\t\t<\/div>\n\t\t\t\t\t\t\t<div class=\"elementor-accordion-item\">\n\t\t\t\t\t<div id=\"elementor-tab-title-5144\" class=\"elementor-tab-title\" data-tab=\"4\" role=\"button\" aria-controls=\"elementor-tab-content-5144\" aria-expanded=\"false\">\n\t\t\t\t\t\t\t\t\t\t\t\t\t<span class=\"elementor-accordion-icon elementor-accordion-icon-left\" aria-hidden=\"true\">\n\t\t\t\t\t\t\t\t\t\t\t\t\t\t\t<span class=\"elementor-accordion-icon-closed\"><i class=\"fas fa-angle-down\"><\/i><\/span>\n\t\t\t\t\t\t\t\t<span class=\"elementor-accordion-icon-opened\"><i class=\"fas fa-minus\"><\/i><\/span>\n\t\t\t\t\t\t\t\t\t\t\t\t\t\t<\/span>\n\t\t\t\t\t\t\t\t\t\t\t\t<a class=\"elementor-accordion-title\" tabindex=\"0\">Quant de temps duren els efectes?<\/a>\n\t\t\t\t\t<\/div>\n\t\t\t\t\t<div id=\"elementor-tab-content-5144\" class=\"elementor-tab-content elementor-clearfix\" data-tab=\"4\" role=\"region\" aria-labelledby=\"elementor-tab-title-5144\"><p>Entre 10 i 18 mesos, per\u00f2 aix\u00f2 pot variar en funci\u00f3 de la capacitat d&#8217;absorci\u00f3 de l&#8217;organisme de cada pacient.<\/p>\n<\/div>\n\t\t\t\t<\/div>\n\t\t\t\t\t\t\t<div class=\"elementor-accordion-item\">\n\t\t\t\t\t<div id=\"elementor-tab-title-5145\" class=\"elementor-tab-title\" data-tab=\"5\" role=\"button\" aria-controls=\"elementor-tab-content-5145\" aria-expanded=\"false\">\n\t\t\t\t\t\t\t\t\t\t\t\t\t<span class=\"elementor-accordion-icon elementor-accordion-icon-left\" aria-hidden=\"true\">\n\t\t\t\t\t\t\t\t\t\t\t\t\t\t\t<span class=\"elementor-accordion-icon-closed\"><i class=\"fas fa-angle-down\"><\/i><\/span>\n\t\t\t\t\t\t\t\t<span class=\"elementor-accordion-icon-opened\"><i class=\"fas fa-minus\"><\/i><\/span>\n\t\t\t\t\t\t\t\t\t\t\t\t\t\t<\/span>\n\t\t\t\t\t\t\t\t\t\t\t\t<a class=\"elementor-accordion-title\" tabindex=\"0\">Quins s\u00f3n els efectes adversos\/secundaris?<\/a>\n\t\t\t\t\t<\/div>\n\t\t\t\t\t<div id=\"elementor-tab-content-5145\" class=\"elementor-tab-content elementor-clearfix\" data-tab=\"5\" role=\"region\" aria-labelledby=\"elementor-tab-title-5145\"><p>S\u00f3n els relacionats a les infiltracions, que poden ser lleu mol\u00e8stia o dolor, inflamaci\u00f3, petits hematomes, s\u00f3n temporals i se&#8217;n van en pocs dies.<\/p>\n<\/div>\n\t\t\t\t<\/div>\n\t\t\t\t\t\t\t<div class=\"elementor-accordion-item\">\n\t\t\t\t\t<div id=\"elementor-tab-title-5146\" class=\"elementor-tab-title\" data-tab=\"6\" role=\"button\" aria-controls=\"elementor-tab-content-5146\" aria-expanded=\"false\">\n\t\t\t\t\t\t\t\t\t\t\t\t\t<span class=\"elementor-accordion-icon elementor-accordion-icon-left\" aria-hidden=\"true\">\n\t\t\t\t\t\t\t\t\t\t\t\t\t\t\t<span class=\"elementor-accordion-icon-closed\"><i class=\"fas fa-angle-down\"><\/i><\/span>\n\t\t\t\t\t\t\t\t<span class=\"elementor-accordion-icon-opened\"><i class=\"fas fa-minus\"><\/i><\/span>\n\t\t\t\t\t\t\t\t\t\t\t\t\t\t<\/span>\n\t\t\t\t\t\t\t\t\t\t\t\t<a class=\"elementor-accordion-title\" tabindex=\"0\">Cures post-tractament Recomanacions domicili\u00e0ries?<\/a>\n\t\t\t\t\t<\/div>\n\t\t\t\t\t<div id=\"elementor-tab-content-5146\" class=\"elementor-tab-content elementor-clearfix\" data-tab=\"6\" role=\"region\" aria-labelledby=\"elementor-tab-title-5146\"><p>Evitar l&#8217;alcohol, exercici f\u00edsic, sauna i piscina durant 24 hores. Eviteu els raigs del sol i UVA si hi ha morats, fins que aquests s&#8217;hagin resolt completament. Es pot aplicar Thrombocid o arnica per als hematomes. Cremes amb factor de protecci\u00f3 solar.<\/p>\n<\/div>\n\t\t\t\t<\/div>\n\t\t\t\t\t\t\t\t<\/div>\n\t\t\t\t<\/div>\n\t\t\t\t<\/div>\n\t\t\t\t\t<\/div>\n\t\t<\/div>\n\t\t\t\t\t\t\t<\/div>\n\t\t<\/section>\n\t\t\t\t\t\t<\/div>\n\t\t\n","protected":false},"excerpt":{"rendered":"","protected":false},"author":1,"featured_media":34611,"parent":35262,"menu_order":0,"comment_status":"closed","ping_status":"closed","template":"","meta":{"site-sidebar-layout":"default","site-content-layout":"","ast-site-content-layout":"","site-content-style":"default","site-sidebar-style":"default","ast-global-header-display":"","ast-banner-title-visibility":"","ast-main-header-display":"","ast-hfb-above-header-display":"","ast-hfb-below-header-display":"","ast-hfb-mobile-header-display":"","site-post-title":"","ast-breadcrumbs-content":"","ast-featured-img":"","footer-sml-layout":"","theme-transparent-header-meta":"","adv-header-id-meta":"","stick-header-meta":"","header-above-stick-meta":"","header-main-stick-meta":"","header-below-stick-meta":"","astra-migrate-meta-layouts":"","ast-page-background-enabled":"default","ast-page-background-meta":{"desktop":{"background-color":"","background-image":"","background-repeat":"repeat","background-position":"center center","background-size":"auto","background-attachment":"scroll","background-type":"","background-media":"","overlay-type":"","overlay-color":"","overlay-gradient":""},"tablet":{"background-color":"","background-image":"","background-repeat":"repeat","background-position":"center center","background-size":"auto","background-attachment":"scroll","background-type":"","background-media":"","overlay-type":"","overlay-color":"","overlay-gradient":""},"mobile":{"background-color":"","background-image":"","background-repeat":"repeat","background-position":"center center","background-size":"auto","background-attachment":"scroll","background-type":"","background-media":"","overlay-type":"","overlay-color":"","overlay-gradient":""}},"ast-content-background-meta":{"desktop":{"background-color":"var(--ast-global-color-5)","background-image":"","background-repeat":"repeat","background-position":"center center","background-size":"auto","background-attachment":"scroll","background-type":"","background-media":"","overlay-type":"","overlay-color":"","overlay-gradient":""},"tablet":{"background-color":"var(--ast-global-color-5)","background-image":"","background-repeat":"repeat","background-position":"center center","background-size":"auto","background-attachment":"scroll","background-type":"","background-media":"","overlay-type":"","overlay-color":"","overlay-gradient":""},"mobile":{"background-color":"var(--ast-global-color-5)","background-image":"","background-repeat":"repeat","background-position":"center center","background-size":"auto","background-attachment":"scroll","background-type":"","background-media":"","overlay-type":"","overlay-color":"","overlay-gradient":""}},"footnotes":""},"class_list":["post-35278","page","type-page","status-publish","has-post-thumbnail","hentry"],"yoast_head":"<!-- This site is optimized with the Yoast SEO plugin v21.6 - https:\/\/yoast.com\/wordpress\/plugins\/seo\/ -->\n<title>Marcaci\u00f3 mandibular - The Essential Clinic<\/title>\n<meta name=\"description\" content=\"Marcaci\u00f3 mandibular amb \u00e0cid hialur\u00f2nic per corregir els angles facials, tornar harmonia a la cara i millorar l&#039;aspecte de la pell.\" \/>\n<meta name=\"robots\" content=\"index, follow, max-snippet:-1, max-image-preview:large, max-video-preview:-1\" \/>\n<link rel=\"canonical\" href=\"https:\/\/theessentialclinic.com\/ca\/tractaments\/acid-hialuronic\/marcacio-mandibular\/\" \/>\n<meta property=\"og:locale\" content=\"ca_ES\" \/>\n<meta property=\"og:type\" content=\"article\" \/>\n<meta property=\"og:title\" content=\"Marcaci\u00f3 mandibular - The Essential Clinic\" \/>\n<meta property=\"og:description\" content=\"Marcaci\u00f3 mandibular amb \u00e0cid hialur\u00f2nic per corregir els angles facials, tornar harmonia a la cara i millorar l&#039;aspecte de la pell.\" \/>\n<meta property=\"og:url\" content=\"https:\/\/theessentialclinic.com\/ca\/tractaments\/acid-hialuronic\/marcacio-mandibular\/\" \/>\n<meta property=\"og:site_name\" content=\"The Essential Clinic\" \/>\n<meta property=\"article:modified_time\" content=\"2022-12-20T10:19:01+00:00\" \/>\n<meta property=\"og:image\" content=\"https:\/\/theessentialclinic.com\/wp-content\/uploads\/2022\/03\/CABECERA-MARCACION-MANDIBULAR.jpg\" \/>\n\t<meta property=\"og:image:width\" content=\"1200\" \/>\n\t<meta property=\"og:image:height\" content=\"700\" \/>\n\t<meta property=\"og:image:type\" content=\"image\/jpeg\" \/>\n<meta name=\"twitter:card\" content=\"summary_large_image\" \/>\n<script type=\"application\/ld+json\" class=\"yoast-schema-graph\">{\"@context\":\"https:\/\/schema.org\",\"@graph\":[{\"@type\":\"WebPage\",\"@id\":\"https:\/\/theessentialclinic.com\/ca\/tractaments\/acid-hialuronic\/marcacio-mandibular\/\",\"url\":\"https:\/\/theessentialclinic.com\/ca\/tractaments\/acid-hialuronic\/marcacio-mandibular\/\",\"name\":\"Marcaci\u00f3 mandibular - The Essential Clinic\",\"isPartOf\":{\"@id\":\"https:\/\/theessentialclinic.com\/ca\/#website\"},\"datePublished\":\"2022-02-10T15:28:17+00:00\",\"dateModified\":\"2022-12-20T10:19:01+00:00\",\"description\":\"Marcaci\u00f3 mandibular amb \u00e0cid hialur\u00f2nic per corregir els angles facials, tornar harmonia a la cara i millorar l'aspecte de la pell.\",\"breadcrumb\":{\"@id\":\"https:\/\/theessentialclinic.com\/ca\/tractaments\/acid-hialuronic\/marcacio-mandibular\/#breadcrumb\"},\"inLanguage\":\"ca\",\"potentialAction\":[{\"@type\":\"ReadAction\",\"target\":[\"https:\/\/theessentialclinic.com\/ca\/tractaments\/acid-hialuronic\/marcacio-mandibular\/\"]}]},{\"@type\":\"BreadcrumbList\",\"@id\":\"https:\/\/theessentialclinic.com\/ca\/tractaments\/acid-hialuronic\/marcacio-mandibular\/#breadcrumb\",\"itemListElement\":[{\"@type\":\"ListItem\",\"position\":1,\"name\":\"Accueil\",\"item\":\"https:\/\/theessentialclinic.com\/ca\/inici\/\"},{\"@type\":\"ListItem\",\"position\":2,\"name\":\"Tractaments\",\"item\":\"https:\/\/theessentialclinic.com\/ca\/tractaments\/\"},{\"@type\":\"ListItem\",\"position\":3,\"name\":\"\u00c0cid hialur\u00f2nic\",\"item\":\"https:\/\/theessentialclinic.com\/ca\/tractaments\/acid-hialuronic\/\"},{\"@type\":\"ListItem\",\"position\":4,\"name\":\"Marcaci\u00f3 mandibular\"}]},{\"@type\":\"WebSite\",\"@id\":\"https:\/\/theessentialclinic.com\/ca\/#website\",\"url\":\"https:\/\/theessentialclinic.com\/ca\/\",\"name\":\"The Essential Clinic\",\"description\":\"Just another WordPress site\",\"publisher\":{\"@id\":\"https:\/\/theessentialclinic.com\/ca\/#organization\"},\"potentialAction\":[{\"@type\":\"SearchAction\",\"target\":{\"@type\":\"EntryPoint\",\"urlTemplate\":\"https:\/\/theessentialclinic.com\/ca\/?s={search_term_string}\"},\"query-input\":\"required name=search_term_string\"}],\"inLanguage\":\"ca\"},{\"@type\":\"Organization\",\"@id\":\"https:\/\/theessentialclinic.com\/ca\/#organization\",\"name\":\"The Essential Clinic\",\"url\":\"https:\/\/theessentialclinic.com\/ca\/\",\"logo\":{\"@type\":\"ImageObject\",\"inLanguage\":\"ca\",\"@id\":\"https:\/\/theessentialclinic.com\/ca\/#\/schema\/logo\/image\/\",\"url\":\"https:\/\/theessentialclinic.com\/wp-content\/uploads\/2022\/01\/logo_white.svg\",\"contentUrl\":\"https:\/\/theessentialclinic.com\/wp-content\/uploads\/2022\/01\/logo_white.svg\",\"width\":1080,\"height\":1080,\"caption\":\"The Essential Clinic\"},\"image\":{\"@id\":\"https:\/\/theessentialclinic.com\/ca\/#\/schema\/logo\/image\/\"}}]}<\/script>\n<!-- \/ Yoast SEO plugin. -->","yoast_head_json":{"title":"Marcaci\u00f3 mandibular - The Essential Clinic","description":"Marcaci\u00f3 mandibular amb \u00e0cid hialur\u00f2nic per corregir els angles facials, tornar harmonia a la cara i millorar l'aspecte de la pell.","robots":{"index":"index","follow":"follow","max-snippet":"max-snippet:-1","max-image-preview":"max-image-preview:large","max-video-preview":"max-video-preview:-1"},"canonical":"https:\/\/theessentialclinic.com\/ca\/tractaments\/acid-hialuronic\/marcacio-mandibular\/","og_locale":"ca_ES","og_type":"article","og_title":"Marcaci\u00f3 mandibular - The Essential Clinic","og_description":"Marcaci\u00f3 mandibular amb \u00e0cid hialur\u00f2nic per corregir els angles facials, tornar harmonia a la cara i millorar l'aspecte de la pell.","og_url":"https:\/\/theessentialclinic.com\/ca\/tractaments\/acid-hialuronic\/marcacio-mandibular\/","og_site_name":"The Essential Clinic","article_modified_time":"2022-12-20T10:19:01+00:00","og_image":[{"width":1200,"height":700,"url":"https:\/\/theessentialclinic.com\/wp-content\/uploads\/2022\/03\/CABECERA-MARCACION-MANDIBULAR.jpg","type":"image\/jpeg"}],"twitter_card":"summary_large_image","schema":{"@context":"https:\/\/schema.org","@graph":[{"@type":"WebPage","@id":"https:\/\/theessentialclinic.com\/ca\/tractaments\/acid-hialuronic\/marcacio-mandibular\/","url":"https:\/\/theessentialclinic.com\/ca\/tractaments\/acid-hialuronic\/marcacio-mandibular\/","name":"Marcaci\u00f3 mandibular - The Essential Clinic","isPartOf":{"@id":"https:\/\/theessentialclinic.com\/ca\/#website"},"datePublished":"2022-02-10T15:28:17+00:00","dateModified":"2022-12-20T10:19:01+00:00","description":"Marcaci\u00f3 mandibular amb \u00e0cid hialur\u00f2nic per corregir els angles facials, tornar harmonia a la cara i millorar l'aspecte de la pell.","breadcrumb":{"@id":"https:\/\/theessentialclinic.com\/ca\/tractaments\/acid-hialuronic\/marcacio-mandibular\/#breadcrumb"},"inLanguage":"ca","potentialAction":[{"@type":"ReadAction","target":["https:\/\/theessentialclinic.com\/ca\/tractaments\/acid-hialuronic\/marcacio-mandibular\/"]}]},{"@type":"BreadcrumbList","@id":"https:\/\/theessentialclinic.com\/ca\/tractaments\/acid-hialuronic\/marcacio-mandibular\/#breadcrumb","itemListElement":[{"@type":"ListItem","position":1,"name":"Accueil","item":"https:\/\/theessentialclinic.com\/ca\/inici\/"},{"@type":"ListItem","position":2,"name":"Tractaments","item":"https:\/\/theessentialclinic.com\/ca\/tractaments\/"},{"@type":"ListItem","position":3,"name":"\u00c0cid hialur\u00f2nic","item":"https:\/\/theessentialclinic.com\/ca\/tractaments\/acid-hialuronic\/"},{"@type":"ListItem","position":4,"name":"Marcaci\u00f3 mandibular"}]},{"@type":"WebSite","@id":"https:\/\/theessentialclinic.com\/ca\/#website","url":"https:\/\/theessentialclinic.com\/ca\/","name":"The Essential Clinic","description":"Just another WordPress site","publisher":{"@id":"https:\/\/theessentialclinic.com\/ca\/#organization"},"potentialAction":[{"@type":"SearchAction","target":{"@type":"EntryPoint","urlTemplate":"https:\/\/theessentialclinic.com\/ca\/?s={search_term_string}"},"query-input":"required name=search_term_string"}],"inLanguage":"ca"},{"@type":"Organization","@id":"https:\/\/theessentialclinic.com\/ca\/#organization","name":"The Essential Clinic","url":"https:\/\/theessentialclinic.com\/ca\/","logo":{"@type":"ImageObject","inLanguage":"ca","@id":"https:\/\/theessentialclinic.com\/ca\/#\/schema\/logo\/image\/","url":"https:\/\/theessentialclinic.com\/wp-content\/uploads\/2022\/01\/logo_white.svg","contentUrl":"https:\/\/theessentialclinic.com\/wp-content\/uploads\/2022\/01\/logo_white.svg","width":1080,"height":1080,"caption":"The Essential Clinic"},"image":{"@id":"https:\/\/theessentialclinic.com\/ca\/#\/schema\/logo\/image\/"}}]}},"_links":{"self":[{"href":"https:\/\/theessentialclinic.com\/ca\/wp-json\/wp\/v2\/pages\/35278","targetHints":{"allow":["GET"]}}],"collection":[{"href":"https:\/\/theessentialclinic.com\/ca\/wp-json\/wp\/v2\/pages"}],"about":[{"href":"https:\/\/theessentialclinic.com\/ca\/wp-json\/wp\/v2\/types\/page"}],"author":[{"embeddable":true,"href":"https:\/\/theessentialclinic.com\/ca\/wp-json\/wp\/v2\/users\/1"}],"replies":[{"embeddable":true,"href":"https:\/\/theessentialclinic.com\/ca\/wp-json\/wp\/v2\/comments?post=35278"}],"version-history":[{"count":1,"href":"https:\/\/theessentialclinic.com\/ca\/wp-json\/wp\/v2\/pages\/35278\/revisions"}],"predecessor-version":[{"id":35279,"href":"https:\/\/theessentialclinic.com\/ca\/wp-json\/wp\/v2\/pages\/35278\/revisions\/35279"}],"up":[{"embeddable":true,"href":"https:\/\/theessentialclinic.com\/ca\/wp-json\/wp\/v2\/pages\/35262"}],"wp:featuredmedia":[{"embeddable":true,"href":"https:\/\/theessentialclinic.com\/ca\/wp-json\/wp\/v2\/media\/34611"}],"wp:attachment":[{"href":"https:\/\/theessentialclinic.com\/ca\/wp-json\/wp\/v2\/media?parent=35278"}],"curies":[{"name":"wp","href":"https:\/\/api.w.org\/{rel}","templated":true}]}}